{"id":251355,"date":"2023-06-27T20:30:18","date_gmt":"2023-06-27T19:30:18","guid":{"rendered":"https:\/\/www.moskito.cz\/?post_type=product&#038;p=251355"},"modified":"2025-06-10T16:02:52","modified_gmt":"2025-06-10T15:02:52","slug":"zaviraci-nuz-spyderco-delica-4-lightweight-thin-red-c11fpsbkrd","status":"publish","type":"product","link":"https:\/\/www.moskito.cz\/it\/produkt\/zaviraci-nuz-spyderco-delica-4-lightweight-thin-red-c11fpsbkrd\/","title":{"rendered":"Zav\u00edrac\u00ed N\u016f\u017e Spyderco Delica 4 Lightweight Thin Red C11FPSBKRD"},"content":{"rendered":"<p>Zav\u00edrac\u00ed N\u016f\u017e <strong>Spyderco<\/strong> Delica 4 Lightweight Thin Red C11FPSBKRD<\/p>\n<p>No\u017ee Spyderco \u201eThin Red Line\u201c, vytvo\u0159en\u00e9 jako pocta odv\u00e1\u017en\u00fdm hasi\u010d\u016fm na\u0161eho n\u00e1roda. Jejich charakteristick\u00fdm rysem je jejich jedine\u010dn\u00fd design rukojeti, kter\u00fd p\u0159edv\u00e1d\u00ed \u010dern\u00e9 \u0161upiny rukojeti vyztu\u017een\u00e9 sklen\u011bn\u00fdmi vl\u00e1kny (FRN) zv\u00fdrazn\u011bn\u00e9 jasn\u011b \u010dervenou pod\u0161\u00edvkou a odpov\u00eddaj\u00edc\u00edm \u010derven\u00fdm backspacerem. Toto barevn\u00e9 t\u00e9ma symbolizuje \u201etenkou \u010dervenou \u010d\u00e1ru\u201c, kterou p\u0159edstavuj\u00ed prvn\u00ed zasahuj\u00edc\u00ed pracovn\u00edci mezi norm\u00e1lnost\u00ed na\u0161eho ka\u017edodenn\u00edho sv\u011bta a chaosem \u017eivot ohro\u017euj\u00edc\u00edch mimo\u0159\u00e1dn\u00fdch ud\u00e1lost\u00ed. \u010cepele VG-10 t\u011bchto no\u017e\u016f tak\u00e9 kombinuj\u00ed vylep\u0161enou geometrii ost\u0159\u00ed pln\u011b ploch\u00e9ho brou\u0161en\u00ed s nenasytnou \u0159eznou silou vroubkov\u00e1n\u00ed Spyderco. Abychom ctili nezi\u0161tnou slu\u017ebu z\u00e1chran\u00e1\u0159\u016f, je ka\u017ed\u00e1 \u010depel hrd\u011b vyryta laserem s mottem \u201eUlo\u017eit a slou\u017eit. V\u0161echny ostatn\u00ed vlastnosti t\u011bchto elitn\u00edch no\u017e\u016f jsou v souladu se standardn\u00edmi verzemi t\u011bchto model\u016f, v\u010detn\u011b spolehliv\u00fdch zadn\u00edch z\u00e1mkov\u00fdch mechanism\u016f, skeletonizovan\u00fdch vlo\u017eek z nerezov\u00e9 oceli, \u010dty\u0159polohov\u00fdch kapesn\u00edch klip\u016f a obousm\u011brn\u011b texturovan\u00fdch vst\u0159ikovan\u00fdch rukojet\u00ed FRN. Thin Red Line Delica 4 Lightweight p\u0159edstavuje \u010depel CombinationEdge s \u00fapln\u00fdm ploch\u00fdm povrchem.<\/p>\n<p>Spyderco v\u011bnuje \u010d\u00e1st v\u0161ech prodej\u016f no\u017e\u016f \u201eThin Red Line\u201c nadaci Wildland Firefighter Foundation, kter\u00e1 poskytuje okam\u017eitou finan\u010dn\u00ed a trvalou emocion\u00e1ln\u00ed podporu, obhajobu a uzn\u00e1n\u00ed padl\u00fdm a zran\u011bn\u00fdm hasi\u010d\u016fm a jejich rodin\u00e1m.<\/p>\n<p>Specifikace<br \/>\nD\u00e9lka \u010depele: 7.4 cm<br \/>\nD\u00e9lka v zav\u0159en\u00e9m stavu: 10.8 cm<br \/>\nCelkov\u00e1 d\u00e9lka: 18.2 cm<br \/>\n\u0158ezn\u00e1 hrana: 6.5 cm<br \/>\nTlou\u0161\u0165ka \u010depele: 0.25 cm<br \/>\nMateri\u00e1l \u010depele: Nerezov\u00e1 ocel VG-10<br \/>\nStyl \u010depele: Drop Point<br \/>\nBrou\u0161en\u00ed \u010depele: Pln\u011b ploch\u00e9<br \/>\nPovrchov\u00e1 \u00faprava \u010depele: sat\u00e9n<br \/>\nBlade Edge: Combo<br \/>\nMateri\u00e1l rukojeti: FRN<br \/>\nBarva rukojeti: \u010cern\u00e1<br \/>\nUzamykac\u00ed mechanismus: Lockback<br \/>\nKapesn\u00ed spona: Nerezov\u00e1 ocel (Tip-Up\/Down, Right\/Left carry)<br \/>\n\u010c\u00edslo modelu: SP11FPSBKRD<br \/>\nN\u00e1zev modelu: Delica 4 Lightweight Thin Red Line<br \/>\nHmotnost: 2,40 oz. (68 g)<br \/>\nTenk\u00e1 \u010derven\u00e1 \u010d\u00e1ra FRN Backspacer<br \/>\nVyrobeno v Japonsku<\/p>\n","protected":false},"excerpt":{"rendered":"<p><strong>No\u017ee Spyderco \u201eThin Red Line\u201c, vytvo\u0159en\u00e9 jako pocta odv\u00e1\u017en\u00fdm hasi\u010d\u016fm na\u0161eho n\u00e1roda.<\/strong><\/p>\n","protected":false},"featured_media":251356,"comment_status":"open","ping_status":"closed","template":"","meta":[],"pwb-brand":[567],"product_brand":[],"product_cat":[22,17],"product_tag":[3667],"class_list":{"0":"post-251355","1":"product","2":"type-product","3":"status-publish","4":"has-post-thumbnail","6":"pwb-brand-spyderco","7":"product_cat-zaviraci-noze","8":"product_cat-noze","9":"product_tag-b2b","11":"first","12":"instock","13":"taxable","14":"shipping-taxable","15":"purchasable","16":"product-type-simple"},"brands":[{"id":567,"name":"Spyderco","slug":"spyderco"}],"_links":{"self":[{"href":"https:\/\/www.moskito.cz\/it\/wp-json\/wp\/v2\/product\/251355","targetHints":{"allow":["GET"]}}],"collection":[{"href":"https:\/\/www.moskito.cz\/it\/wp-json\/wp\/v2\/product"}],"about":[{"href":"https:\/\/www.moskito.cz\/it\/wp-json\/wp\/v2\/types\/product"}],"replies":[{"embeddable":true,"href":"https:\/\/www.moskito.cz\/it\/wp-json\/wp\/v2\/comments?post=251355"}],"wp:featuredmedia":[{"embeddable":true,"href":"https:\/\/www.moskito.cz\/it\/wp-json\/wp\/v2\/media\/251356"}],"wp:attachment":[{"href":"https:\/\/www.moskito.cz\/it\/wp-json\/wp\/v2\/media?parent=251355"}],"wp:term":[{"taxonomy":"pwb-brand","embeddable":true,"href":"https:\/\/www.moskito.cz\/it\/wp-json\/wp\/v2\/pwb-brand?post=251355"},{"taxonomy":"product_brand","embeddable":true,"href":"https:\/\/www.moskito.cz\/it\/wp-json\/wp\/v2\/product_brand?post=251355"},{"taxonomy":"product_cat","embeddable":true,"href":"https:\/\/www.moskito.cz\/it\/wp-json\/wp\/v2\/product_cat?post=251355"},{"taxonomy":"product_tag","embeddable":true,"href":"https:\/\/www.moskito.cz\/it\/wp-json\/wp\/v2\/product_tag?post=251355"}],"curies":[{"name":"wp","href":"https:\/\/api.w.org\/{rel}","templated":true}]}}