{"id":251514,"date":"2023-06-28T19:37:41","date_gmt":"2023-06-28T18:37:41","guid":{"rendered":"https:\/\/www.moskito.cz\/?post_type=product&#038;p=251514"},"modified":"2026-01-23T19:49:49","modified_gmt":"2026-01-23T18:49:49","slug":"zaviraci-nuz-spyderco-endela-lightweight-thin-red-line-c243fpsbkrd","status":"publish","type":"product","link":"https:\/\/www.moskito.cz\/it\/produkt\/zaviraci-nuz-spyderco-endela-lightweight-thin-red-line-c243fpsbkrd\/","title":{"rendered":"Zav\u00edrac\u00ed N\u016f\u017e Spyderco Endela Lightweight Thin Red Line C243FPSBKRD"},"content":{"rendered":"<div class=\"relative basis-auto flex-col -mb-(--composer-overlap-px) [--composer-overlap-px:55px] grow flex\">\n<div class=\"flex flex-col text-sm\">\n<article class=\"text-token-text-primary w-full focus:outline-none [--shadow-height:45px] has-data-writing-block:pointer-events-none has-data-writing-block:-mt-(--shadow-height) has-data-writing-block:pt-(--shadow-height) [&amp;:has([data-writing-block])&gt;*]:pointer-events-auto scroll-mt-[calc(var(--header-height)+min(200px,max(70px,20svh)))]\" dir=\"auto\" tabindex=\"-1\" data-turn-id=\"9e3f38b5-67df-4ce4-8bd1-4131300df027\" data-testid=\"conversation-turn-54\" data-scroll-anchor=\"true\" data-turn=\"assistant\">\n<div class=\"text-base my-auto mx-auto pb-10 [--thread-content-margin:--spacing(4)] @w-sm\/main:[--thread-content-margin:--spacing(6)] @w-lg\/main:[--thread-content-margin:--spacing(16)] px-(--thread-content-margin)\">\n<div class=\"[--thread-content-max-width:40rem] @w-lg\/main:[--thread-content-max-width:48rem] mx-auto max-w-(--thread-content-max-width) flex-1 group\/turn-messages focus-visible:outline-hidden relative flex w-full min-w-0 flex-col agent-turn\" tabindex=\"-1\">\n<div class=\"flex max-w-full flex-col grow\">\n<div class=\"min-h-8 text-message relative flex w-full flex-col items-end gap-2 text-start break-words whitespace-normal [.text-message+&amp;]:mt-1\" dir=\"auto\" data-message-author-role=\"assistant\" data-message-id=\"3610db19-2bae-4e8c-9221-2ca819bee336\" data-message-model-slug=\"gpt-5-mini\">\n<div class=\"flex w-full flex-col gap-1 empty:hidden first:pt-[1px]\">\n<div class=\"markdown prose dark:prose-invert w-full break-words light markdown-new-styling\">\n<p data-start=\"210\" data-end=\"680\">Jakmile \u010depel otev\u0159e\u0161 typick\u00fdm <strong data-start=\"241\" data-end=\"269\">kulat\u00fdm otvorem Spyderco<\/strong> a zajist\u00ed\u0161 ji spolehliv\u00fdm <strong data-start=\"296\" data-end=\"311\">back lockem<\/strong>, okam\u017eit\u011b poc\u00edt\u00ed\u0161 <strong data-start=\"330\" data-end=\"369\">precizn\u00ed kontrolu a hladk\u00fd tah \u0159ezu<\/strong>, kter\u00fd nab\u00edz\u00ed <strong data-start=\"384\" data-end=\"429\">Spyderco Endela Lightweight Thin Red Line<\/strong>. Tento zav\u00edrac\u00ed n\u016f\u017e kombinuje \u0161t\u00edhl\u00fd profil s modern\u00edm ergonomick\u00fdm designem, tak\u017ee i p\u0159es svoji kompaktn\u00ed povahu je p\u0159ipraven na \u0161irokou \u0161k\u00e1lu \u00fakol\u016f \u2014 od ka\u017edodenn\u00edho no\u0161en\u00ed a\u017e po situace, kde je pot\u0159eba lehk\u00e9ho, ale ostr\u00e9ho a spolehliv\u00e9ho n\u00e1stroje.<\/p>\n<p data-start=\"682\" data-end=\"940\">Tento model je ur\u010den pro u\u017eivatele, kte\u0159\u00ed cht\u011bj\u00ed <strong data-start=\"731\" data-end=\"765\">lehk\u00fd, tenk\u00fd a v\u00fdkonn\u00fd EDC n\u016f\u017e<\/strong> s minimalistick\u00fdm profilem a vysokou ovladatelnost\u00ed. Thin Red Line design nav\u00edc podtrhuje <strong data-start=\"856\" data-end=\"881\">symboliku a charakter<\/strong>, kter\u00e9 oslovuj\u00ed nejen praktick\u00e9, ale i estetick\u00e9 hledisko.<\/p>\n<hr data-start=\"942\" data-end=\"945\" \/>\n<h2 data-start=\"947\" data-end=\"973\">Charakter a filozofie<\/h2>\n<p data-start=\"974\" data-end=\"1306\"><strong data-start=\"974\" data-end=\"1019\">Spyderco Endela Lightweight Thin Red Line<\/strong> p\u0159edstavuje filozofii no\u017ee, kter\u00fd je navr\u017een pro <strong data-start=\"1069\" data-end=\"1121\">precizn\u00ed kontrolu a komfortn\u00ed ka\u017edodenn\u00ed pou\u017eit\u00ed<\/strong>. Jeho \u0161t\u00edhl\u00fd profil a dob\u0159e vyv\u00e1\u017een\u00fd tvar \u010depele usnad\u0148uj\u00ed pr\u00e1ci s materi\u00e1ly r\u016fzn\u00fdch typ\u016f \u2014 od pap\u00edru a kartonu a\u017e po lana a textilie \u2014 a zaji\u0161\u0165uj\u00ed, \u017ee ka\u017ed\u00fd tah je hladk\u00fd a efektivn\u00ed.<\/p>\n<p data-start=\"1308\" data-end=\"1623\">\u010cepel je vyrobena z kvalitn\u00ed oceli, kter\u00e1 nab\u00edz\u00ed <strong data-start=\"1357\" data-end=\"1418\">dobrou odolnost proti opot\u0159eben\u00ed a schopnost udr\u017eet ost\u0159\u00ed<\/strong>, co\u017e v praxi znamen\u00e1, \u017ee n\u016f\u017e vydr\u017e\u00ed ost\u0159ej\u0161\u00ed i del\u0161\u00ed dobu bez \u010dast\u00e9ho brou\u0161en\u00ed. \u010cern\u00e1 \u00faprava \u010depele spolu s tenkou lini\u00ed ve stylu Thin Red Line navozuje elegantn\u00ed kontrast a dod\u00e1v\u00e1 no\u017ei v\u00fdrazn\u00fd charakter.<\/p>\n<p data-start=\"1625\" data-end=\"1780\">Tenk\u00fd profil a lehk\u00e1 konstrukce \u010din\u00ed z Endely n\u00e1stroj, kter\u00fd se pohodln\u011b nos\u00ed \u2014 a p\u0159itom je v\u017edy p\u0159ipraven vykonat pr\u00e1ci, kterou od modern\u00edho EDC o\u010dek\u00e1v\u00e1\u0161.<\/p>\n<hr data-start=\"1782\" data-end=\"1785\" \/>\n<h2 data-start=\"1787\" data-end=\"1804\">\ud83c\udfed O v\u00fdrobci<\/h2>\n<p data-start=\"1805\" data-end=\"2095\"><strong data-start=\"1805\" data-end=\"1817\">Spyderco<\/strong> je zna\u010dka s dlouholetou tradic\u00ed a reputac\u00ed v oblasti kapesn\u00edch no\u017e\u016f. Je zn\u00e1m\u00e1 sv\u00fdm <strong data-start=\"1901\" data-end=\"1959\">inovativn\u00edm designem, vynikaj\u00edc\u00ed ergonomi\u00ed a materi\u00e1ly<\/strong>, kter\u00e9 spl\u0148uj\u00ed n\u00e1roky re\u00e1ln\u00e9ho pou\u017eit\u00ed. Modely jako Endela dokazuj\u00ed, \u017ee i lehk\u00e9 a \u0161t\u00edhl\u00e9 no\u017ee mohou nab\u00eddnout <strong data-start=\"2070\" data-end=\"2094\">v\u00fdkon a spolehlivost<\/strong>.<\/p>\n<hr data-start=\"2097\" data-end=\"2100\" \/>\n<h2 data-start=\"2102\" data-end=\"2129\">\u2699\ufe0f Technick\u00e9 specifikace<\/h2>\n<div class=\"TyagGW_tableContainer\">\n<div class=\"group TyagGW_tableWrapper flex flex-col-reverse w-fit\" tabindex=\"-1\">\n<table class=\"w-fit min-w-(--thread-content-width)\" data-start=\"2131\" data-end=\"2754\">\n<thead data-start=\"2131\" data-end=\"2153\">\n<tr data-start=\"2131\" data-end=\"2153\">\n<th data-start=\"2131\" data-end=\"2142\" data-col-size=\"sm\">Parametr<\/th>\n<th data-start=\"2142\" data-end=\"2153\" data-col-size=\"md\">Hodnota<\/th>\n<\/tr>\n<\/thead>\n<tbody data-start=\"2174\" data-end=\"2754\">\n<tr data-start=\"2174\" data-end=\"2239\">\n<td data-start=\"2174\" data-end=\"2182\" data-col-size=\"sm\">Model<\/td>\n<td data-start=\"2182\" data-end=\"2239\" data-col-size=\"md\">Spyderco Endela Lightweight Thin Red Line C243FPSBKRD<\/td>\n<\/tr>\n<tr data-start=\"2240\" data-end=\"2262\">\n<td data-start=\"2240\" data-end=\"2246\" data-col-size=\"sm\">Typ<\/td>\n<td data-start=\"2246\" data-end=\"2262\" data-col-size=\"md\">Zav\u00edrac\u00ed n\u016f\u017e<\/td>\n<\/tr>\n<tr data-start=\"2263\" data-end=\"2294\">\n<td data-start=\"2263\" data-end=\"2279\" data-col-size=\"sm\">Celkov\u00e1 d\u00e9lka<\/td>\n<td data-start=\"2279\" data-end=\"2294\" data-col-size=\"md\">cca 20,5 cm<\/td>\n<\/tr>\n<tr data-start=\"2295\" data-end=\"2324\">\n<td data-start=\"2295\" data-end=\"2310\" data-col-size=\"sm\">D\u00e9lka \u010depele<\/td>\n<td data-start=\"2310\" data-end=\"2324\" data-col-size=\"md\">cca 8,5 cm<\/td>\n<\/tr>\n<tr data-start=\"2325\" data-end=\"2361\">\n<td data-start=\"2325\" data-end=\"2343\" data-col-size=\"sm\">Tlou\u0161\u0165ka \u010depele<\/td>\n<td data-start=\"2343\" data-end=\"2361\" data-col-size=\"md\">cca 2,5\u20133,0 mm<\/td>\n<\/tr>\n<tr data-start=\"2362\" data-end=\"2406\">\n<td data-start=\"2362\" data-end=\"2380\" data-col-size=\"sm\">Materi\u00e1l \u010depele<\/td>\n<td data-start=\"2380\" data-end=\"2406\" data-col-size=\"md\">kvalitn\u00ed nerezov\u00e1 ocel<\/td>\n<\/tr>\n<tr data-start=\"2407\" data-end=\"2458\">\n<td data-start=\"2407\" data-end=\"2423\" data-col-size=\"sm\">Tvrdost oceli<\/td>\n<td data-start=\"2423\" data-end=\"2458\" data-col-size=\"md\">vyv\u00e1\u017een\u00e1 pro ka\u017edodenn\u00ed pou\u017eit\u00ed<\/td>\n<\/tr>\n<tr data-start=\"2459\" data-end=\"2496\">\n<td data-start=\"2459\" data-end=\"2473\" data-col-size=\"sm\">Tvar \u010depele<\/td>\n<td data-start=\"2473\" data-end=\"2496\" data-col-size=\"md\">klasick\u00fd EDC profil<\/td>\n<\/tr>\n<tr data-start=\"2497\" data-end=\"2525\">\n<td data-start=\"2497\" data-end=\"2506\" data-col-size=\"sm\">V\u00fdbrus<\/td>\n<td data-start=\"2506\" data-end=\"2525\" data-col-size=\"md\">Full Flat Grind<\/td>\n<\/tr>\n<tr data-start=\"2526\" data-end=\"2558\">\n<td data-start=\"2526\" data-end=\"2542\" data-col-size=\"sm\">Povrch \u010depele<\/td>\n<td data-start=\"2542\" data-end=\"2558\" data-col-size=\"md\">\u010dern\u00e1 \u00faprava<\/td>\n<\/tr>\n<tr data-start=\"2559\" data-end=\"2601\">\n<td data-start=\"2559\" data-end=\"2569\" data-col-size=\"sm\">Rukoje\u0165<\/td>\n<td data-start=\"2569\" data-end=\"2601\" data-col-size=\"md\">lehk\u00e1 ergonomick\u00e1 konstrukce<\/td>\n<\/tr>\n<tr data-start=\"2602\" data-end=\"2623\">\n<td data-start=\"2602\" data-end=\"2610\" data-col-size=\"sm\">Z\u00e1mek<\/td>\n<td data-start=\"2610\" data-end=\"2623\" data-col-size=\"md\">Back Lock<\/td>\n<\/tr>\n<tr data-start=\"2624\" data-end=\"2661\">\n<td data-start=\"2624\" data-end=\"2636\" data-col-size=\"sm\">Otev\u00edr\u00e1n\u00ed<\/td>\n<td data-start=\"2636\" data-end=\"2661\" data-col-size=\"md\">kulat\u00fd otvor Spyderco<\/td>\n<\/tr>\n<tr data-start=\"2662\" data-end=\"2694\">\n<td data-start=\"2662\" data-end=\"2669\" data-col-size=\"sm\">Klip<\/td>\n<td data-start=\"2669\" data-end=\"2694\" data-col-size=\"md\">reverzibiln\u00ed \u2013 tip\u2011up<\/td>\n<\/tr>\n<tr data-start=\"2695\" data-end=\"2721\">\n<td data-start=\"2695\" data-end=\"2706\" data-col-size=\"sm\">Hmotnost<\/td>\n<td data-start=\"2706\" data-end=\"2721\" data-col-size=\"md\">velmi n\u00edzk\u00e1<\/td>\n<\/tr>\n<tr data-start=\"2722\" data-end=\"2754\">\n<td data-start=\"2722\" data-end=\"2731\" data-col-size=\"sm\">V\u00fdroba<\/td>\n<td data-start=\"2731\" data-end=\"2754\" data-col-size=\"md\">precizn\u00ed zpracov\u00e1n\u00ed<\/td>\n<\/tr>\n<\/tbody>\n<\/table>\n<\/div>\n<\/div>\n<hr data-start=\"2756\" data-end=\"2759\" \/>\n<h2 data-start=\"2761\" data-end=\"2779\">\u2705 Hlavn\u00ed v\u00fdhody<\/h2>\n<ul data-start=\"2780\" data-end=\"3074\">\n<li data-start=\"2780\" data-end=\"2845\">\n<p data-start=\"2782\" data-end=\"2845\"><strong data-start=\"2782\" data-end=\"2811\">Lehk\u00e1 a \u0161t\u00edhl\u00e1 konstrukce<\/strong> \u2013 ide\u00e1ln\u00ed pro ka\u017edodenn\u00ed no\u0161en\u00ed<\/p>\n<\/li>\n<li data-start=\"2846\" data-end=\"2908\">\n<p data-start=\"2848\" data-end=\"2908\"><strong data-start=\"2848\" data-end=\"2864\">Precizn\u00ed \u0159ez<\/strong> \u2013 d\u00edky dob\u0159e tvarovan\u00e9 a efektivn\u00ed \u010depeli<\/p>\n<\/li>\n<li data-start=\"2909\" data-end=\"2955\">\n<p data-start=\"2911\" data-end=\"2955\"><strong data-start=\"2911\" data-end=\"2924\">Back Lock<\/strong> \u2013 jednoduch\u00fd, bezpe\u010dn\u00fd z\u00e1mek<\/p>\n<\/li>\n<li data-start=\"2956\" data-end=\"3015\">\n<p data-start=\"2958\" data-end=\"3015\"><strong data-start=\"2958\" data-end=\"2981\">Ergonomick\u00e1 rukoje\u0165<\/strong> \u2013 jist\u00fd \u00fachop i p\u0159i del\u0161\u00ed pr\u00e1ci<\/p>\n<\/li>\n<li data-start=\"3016\" data-end=\"3074\">\n<p data-start=\"3018\" data-end=\"3074\"><strong data-start=\"3018\" data-end=\"3042\">Thin Red Line design<\/strong> \u2013 esteticky v\u00fdrazn\u00fd a osobit\u00fd<\/p>\n<\/li>\n<\/ul>\n<hr data-start=\"3076\" data-end=\"3079\" \/>\n<h2 data-start=\"3081\" data-end=\"3100\">\u26a0\ufe0f Mo\u017en\u00e1 omezen\u00ed<\/h2>\n<ul data-start=\"3101\" data-end=\"3270\">\n<li data-start=\"3101\" data-end=\"3162\">\n<p data-start=\"3103\" data-end=\"3162\"><strong data-start=\"3103\" data-end=\"3119\">Tenk\u00fd profil<\/strong> nemus\u00ed vyhovovat t\u011b\u017e\u0161\u00edm pracovn\u00edm \u00faloh\u00e1m<\/p>\n<\/li>\n<li data-start=\"3163\" data-end=\"3226\">\n<p data-start=\"3165\" data-end=\"3226\">Standardn\u00ed ocel \u2013 nepat\u0159\u00ed mezi nejtvrd\u0161\u00ed high\u2011end materi\u00e1ly<\/p>\n<\/li>\n<li data-start=\"3227\" data-end=\"3270\">\n<p data-start=\"3229\" data-end=\"3270\">Nen\u00e1padn\u00fd design nemus\u00ed oslovit ka\u017ed\u00e9ho<\/p>\n<\/li>\n<\/ul>\n<hr data-start=\"3272\" data-end=\"3275\" \/>\n<h2 data-start=\"3277\" data-end=\"3297\">\ud83d\udee0\ufe0f \u00dadr\u017eba a p\u00e9\u010de<\/h2>\n<p data-start=\"3298\" data-end=\"3498\">Po pou\u017eit\u00ed \u010depel osu\u0161\u00ed a o\u010disti \u2014 zvl\u00e1\u0161t\u011b pokud byla v kontaktu s vlhkost\u00ed.<br data-start=\"3373\" data-end=\"3376\" \/>Pravideln\u011b kontroluj chod z\u00e1mku a mechaniku otev\u00edr\u00e1n\u00ed.<br data-start=\"3430\" data-end=\"3433\" \/>Ost\u0159\u00ed udr\u017euj jemn\u00fdm brou\u0161en\u00edm, aby bylo st\u00e1le ostr\u00e9 a spolehliv\u00e9.<\/p>\n<hr data-start=\"3500\" data-end=\"3503\" \/>\n<h2 data-start=\"3505\" data-end=\"3543\">\ud83d\udd2a Pro udr\u017een\u00ed ost\u0159\u00ed doporu\u010dujeme<\/h2>\n<p data-start=\"3544\" data-end=\"3881\">Pou\u017e\u00edvat kvalitn\u00ed brusn\u00e9 syst\u00e9my s p\u0159esn\u00fdm veden\u00edm \u00fahlu, <strong data-start=\"3601\" data-end=\"3698\">kter\u00e9 zajist\u00ed spr\u00e1vnou geometrii ost\u0159\u00ed a dlouhodobou ostrost bez zbyte\u010dn\u00e9ho ub\u00edr\u00e1n\u00ed materi\u00e1lu<\/strong>. Pro tento \u00fa\u010del <strong data-start=\"3715\" data-end=\"3802\">doporu\u010dujeme brousek Spyderco Tri\u2011Angle Sharpmaker Complete Sharpening System 204MF<\/strong>, kter\u00fd umo\u017e\u0148uje bezpe\u010dn\u00e9 a velmi p\u0159esn\u00e9 brou\u0161en\u00ed i modern\u00edch pr\u00e9miov\u00fdch ocel\u00ed.<\/p>\n<p data-start=\"3883\" data-end=\"3917\"><strong data-start=\"3883\" data-end=\"3917\">Zakoup\u00edte na na\u0161ich str\u00e1nk\u00e1ch.<\/strong><\/p>\n<hr data-start=\"3919\" data-end=\"3922\" \/>\n<h2 data-start=\"3924\" data-end=\"3944\">\ud83c\udfaf Doporu\u010deno pro<\/h2>\n<ul data-start=\"3945\" data-end=\"4102\">\n<li data-start=\"3945\" data-end=\"3970\">\n<p data-start=\"3947\" data-end=\"3970\">ka\u017edodenn\u00ed EDC no\u0161en\u00ed<\/p>\n<\/li>\n<li data-start=\"3971\" data-end=\"4016\">\n<p data-start=\"3973\" data-end=\"4016\">u\u017eivatele hledaj\u00edc\u00ed lehk\u00fd a komfortn\u00ed n\u016f\u017e<\/p>\n<\/li>\n<li data-start=\"4017\" data-end=\"4051\">\n<p data-start=\"4019\" data-end=\"4051\">outdoor a b\u011b\u017en\u00e9 pracovn\u00ed \u00fakoly<\/p>\n<\/li>\n<li data-start=\"4052\" data-end=\"4102\">\n<p data-start=\"4054\" data-end=\"4102\">milovn\u00edky minimalistick\u00fdch a osobit\u00fdch design\u016f<\/p>\n<\/li>\n<\/ul>\n<hr data-start=\"4104\" data-end=\"4107\" \/>\n<h2 data-start=\"4109\" data-end=\"4135\">\u2b50 Z\u00e1v\u011bre\u010dn\u00e9 hodnocen\u00ed<\/h2>\n<p data-start=\"4136\" data-end=\"4410\"><strong data-start=\"4136\" data-end=\"4193\">Spyderco Endela Lightweight Thin Red Line C243FPSBKRD<\/strong> je <strong data-start=\"4197\" data-end=\"4240\">lehk\u00e9, elegantn\u00ed a precizn\u011b ovladateln\u00e9<\/strong> zav\u00edrac\u00ed \u0159e\u0161en\u00ed pro ka\u017edodenn\u00ed pou\u017eit\u00ed. D\u00edky \u0161t\u00edhl\u00e9mu profilu, ergonomii a dob\u0159e tvarovan\u00e9 \u010depeli nab\u00edz\u00ed v\u00fdkon, kter\u00fd t\u011b nezklame \u2014 a to i tam, kde jin\u00e9 mal\u00e9 no\u017ee kon\u010d\u00ed.<\/p>\n<p data-start=\"4412\" data-end=\"4498\"><strong data-start=\"4412\" data-end=\"4498\">Endela Lightweight Thin Red Line \u2013 lehkost, p\u0159esnost a osobit\u00fd styl v ka\u017ed\u00e9m \u0159ezu.<\/strong><\/p>\n<\/div>\n<\/div>\n<\/div>\n<\/div>\n<\/div>\n<\/div>\n<\/article>\n<\/div>\n<\/div>\n","protected":false},"excerpt":{"rendered":"<p data-start=\"4136\" data-end=\"4410\"><strong>Spyderco Endela Lightweight Thin Red Line C243FPSBKRD je lehk\u00e9, elegantn\u00ed a precizn\u011b ovladateln\u00e9 zav\u00edrac\u00ed \u0159e\u0161en\u00ed pro ka\u017edodenn\u00ed pou\u017eit\u00ed. D\u00edky \u0161t\u00edhl\u00e9mu profilu, ergonomii a dob\u0159e tvarovan\u00e9 \u010depeli nab\u00edz\u00ed v\u00fdkon, kter\u00fd t\u011b nezklame \u2014 a to i tam, kde jin\u00e9 mal\u00e9 no\u017ee kon\u010d\u00ed.<\/strong><\/p>\n<p data-start=\"4412\" data-end=\"4498\"><strong>Endela Lightweight Thin Red Line \u2013 lehkost, p\u0159esnost a osobit\u00fd styl v ka\u017ed\u00e9m \u0159ezu.<\/strong><\/p>\n","protected":false},"featured_media":251515,"comment_status":"open","ping_status":"closed","template":"","meta":[],"pwb-brand":[567],"product_brand":[],"product_cat":[22,17],"product_tag":[3667],"class_list":{"0":"post-251514","1":"product","2":"type-product","3":"status-publish","4":"has-post-thumbnail","6":"pwb-brand-spyderco","7":"product_cat-zaviraci-noze","8":"product_cat-noze","9":"product_tag-b2b","11":"first","12":"instock","13":"taxable","14":"shipping-taxable","15":"purchasable","16":"product-type-simple"},"brands":[{"id":567,"name":"Spyderco","slug":"spyderco"}],"_links":{"self":[{"href":"https:\/\/www.moskito.cz\/it\/wp-json\/wp\/v2\/product\/251514","targetHints":{"allow":["GET"]}}],"collection":[{"href":"https:\/\/www.moskito.cz\/it\/wp-json\/wp\/v2\/product"}],"about":[{"href":"https:\/\/www.moskito.cz\/it\/wp-json\/wp\/v2\/types\/product"}],"replies":[{"embeddable":true,"href":"https:\/\/www.moskito.cz\/it\/wp-json\/wp\/v2\/comments?post=251514"}],"wp:featuredmedia":[{"embeddable":true,"href":"https:\/\/www.moskito.cz\/it\/wp-json\/wp\/v2\/media\/251515"}],"wp:attachment":[{"href":"https:\/\/www.moskito.cz\/it\/wp-json\/wp\/v2\/media?parent=251514"}],"wp:term":[{"taxonomy":"pwb-brand","embeddable":true,"href":"https:\/\/www.moskito.cz\/it\/wp-json\/wp\/v2\/pwb-brand?post=251514"},{"taxonomy":"product_brand","embeddable":true,"href":"https:\/\/www.moskito.cz\/it\/wp-json\/wp\/v2\/product_brand?post=251514"},{"taxonomy":"product_cat","embeddable":true,"href":"https:\/\/www.moskito.cz\/it\/wp-json\/wp\/v2\/product_cat?post=251514"},{"taxonomy":"product_tag","embeddable":true,"href":"https:\/\/www.moskito.cz\/it\/wp-json\/wp\/v2\/product_tag?post=251514"}],"curies":[{"name":"wp","href":"https:\/\/api.w.org\/{rel}","templated":true}]}}