{"id":251580,"date":"2023-06-28T21:06:19","date_gmt":"2023-06-28T20:06:19","guid":{"rendered":"https:\/\/www.moskito.cz\/?post_type=product&#038;p=251580"},"modified":"2026-01-26T18:35:35","modified_gmt":"2026-01-26T17:35:35","slug":"zaviraci-nuz-spyderco-lionsteel-max-spyopera-sprint-run-thor-damasteel-carbon-c255cfpd","status":"publish","type":"product","link":"https:\/\/www.moskito.cz\/it\/produkt\/zaviraci-nuz-spyderco-lionsteel-max-spyopera-sprint-run-thor-damasteel-carbon-c255cfpd\/","title":{"rendered":"Zav\u00edrac\u00ed N\u016f\u017e Spyderco\/LionSteel Max SpyOpera Sprint Run Thor Damasteel Carbon C255CFPD"},"content":{"rendered":"<h2 data-start=\"0\" data-end=\"100\">\ud83d\udd2a <strong data-start=\"6\" data-end=\"100\">Zav\u00edrac\u00ed N\u016f\u017e Spyderco \u00d7 LionSteel Max SpyOpera Sprint Run \u2013 Thor Damasteel Carbon C255CFPD<\/strong><\/h2>\n<p data-start=\"102\" data-end=\"572\">Jakmile otev\u0159e\u0161 <em data-start=\"118\" data-end=\"184\">Spyderco\/LionSteel Max SpyOpera Sprint Run Thor Damasteel Carbon<\/em> typick\u00fdm kulat\u00fdm otvorem Spyderco a zajist\u00ed\u0161 \u010depel spolehliv\u00fdm <strong data-start=\"248\" data-end=\"277\">Lockem Spyderco\/LionSteel<\/strong>, okam\u017eit\u011b poc\u00edt\u00ed\u0161 precizn\u00ed kontrolu a jedine\u010dnou kvalitu, kterou tento limitovan\u00fd model p\u0159in\u00e1\u0161\u00ed. Max SpyOpera je v\u00fdsledkem spolupr\u00e1ce dvou \u0161pi\u010dkov\u00fdch v\u00fdrobc\u016f, kter\u00e1 kombinuje <strong data-start=\"453\" data-end=\"486\">italskou preciznost LionSteel<\/strong> s <em data-start=\"489\" data-end=\"517\">americkou inovac\u00ed Spyderco<\/em> \u2014 ide\u00e1ln\u00ed volba pro sb\u011bratele i n\u00e1ro\u010dn\u00e9 EDC u\u017eivatele.<\/p>\n<p data-start=\"574\" data-end=\"776\">Tento model je ur\u010den pro ty, kdo cht\u011bj\u00ed <strong data-start=\"614\" data-end=\"698\">exkluzivn\u00ed, vysoce precizn\u00ed a esteticky unik\u00e1tn\u00ed n\u016f\u017e s nadstandardn\u00edmi materi\u00e1ly<\/strong>, kter\u00e9 v ka\u017edodenn\u00edm pou\u017eit\u00ed i p\u0159i speci\u00e1ln\u00edch \u00fakolech nab\u00edz\u00ed \u0161pi\u010dkov\u00fd v\u00fdkon.<\/p>\n<hr data-start=\"778\" data-end=\"781\" \/>\n<h2 data-start=\"783\" data-end=\"814\">\ud83e\udde0 <strong data-start=\"789\" data-end=\"814\">Charakter a filozofie<\/strong><\/h2>\n<p data-start=\"816\" data-end=\"1183\"><em data-start=\"816\" data-end=\"854\">Spyderco\/LionSteel Max SpyOpera Thor<\/em> je navr\u017een jako <strong data-start=\"871\" data-end=\"917\">luxusn\u00ed a z\u00e1rove\u0148 funk\u010dn\u00ed EDC zav\u00edrac\u00ed n\u016f\u017e<\/strong>, kter\u00fd spojuje to nejlep\u0161\u00ed z designu a materi\u00e1l\u016f. \u010cepel z <strong data-start=\"976\" data-end=\"1001\">Damasteel Thor Carbon<\/strong> p\u0159edstavuje v\u00fdjime\u010dnou kombinaci estetiky a v\u00fdkonu \u2013 unik\u00e1tn\u00ed vzory damasc\u00e9nov\u00e9 oceli spolu s vysokou tvrdost\u00ed a odolnost\u00ed zaji\u0161\u0165uj\u00ed <strong data-start=\"1135\" data-end=\"1180\">v\u00fdjime\u010dnou retenci ost\u0159\u00ed a schopnost \u0159ezu<\/strong>.<\/p>\n<p data-start=\"1185\" data-end=\"1430\">Ergonomick\u00e1 rukoje\u0165 umo\u017e\u0148uje komfortn\u00ed a pevn\u00fd \u00fachop i p\u0159i del\u0161\u00ed pr\u00e1ci, zat\u00edmco konstrukce no\u017ee z kvalitn\u00edch materi\u00e1l\u016f zaji\u0161\u0165uje dlouhodobou odolnost a stabilitu. Lock syst\u00e9m je bezpe\u010dn\u00fd a spolehliv\u00fd, dod\u00e1vaj\u00edc\u00ed pocit jistoty p\u0159i ka\u017ed\u00e9m pou\u017eit\u00ed.<\/p>\n<p data-start=\"1432\" data-end=\"1592\">Tento model je navr\u017een tak, aby <strong data-start=\"1464\" data-end=\"1554\">slou\u017eil jako presti\u017en\u00ed sb\u011bratelsk\u00fd kousek i plnohodnotn\u00fd n\u00e1stroj pro ka\u017edodenn\u00ed no\u0161en\u00ed<\/strong>, bez kompromis\u016f ve v\u00fdkonu \u010di kvalit\u011b.<\/p>\n<hr data-start=\"1594\" data-end=\"1597\" \/>\n<h2 data-start=\"1599\" data-end=\"1620\">\ud83c\udfed <strong data-start=\"1605\" data-end=\"1620\">O v\u00fdrobc\u00edch<\/strong><\/h2>\n<p data-start=\"1622\" data-end=\"1983\"><strong data-start=\"1622\" data-end=\"1634\">Spyderco<\/strong> a <strong data-start=\"1637\" data-end=\"1650\">LionSteel<\/strong> pat\u0159\u00ed mezi \u0161pi\u010dky ve sv\u011bt\u011b kapesn\u00edch no\u017e\u016f. Spyderco je zn\u00e1m\u00e9 inovativn\u00edm designem, ergonomi\u00ed a praktick\u00fdmi \u0159e\u0161en\u00edmi, zat\u00edmco LionSteel prosazuje <strong data-start=\"1796\" data-end=\"1840\">italskou preciznost a zam\u011b\u0159en\u00ed na detail<\/strong>. Spole\u010dn\u00e9 modely jako Max SpyOpera dokazuj\u00ed, \u017ee spojen\u00ed t\u011bchto dvou zna\u010dek m\u016f\u017ee vytvo\u0159it jedine\u010dn\u00fd a v\u00fdkonn\u00fd n\u016f\u017e s nezam\u011bniteln\u00fdm charakterem.<\/p>\n<hr data-start=\"1985\" data-end=\"1988\" \/>\n<h2 data-start=\"1990\" data-end=\"2021\">\u2699\ufe0f <strong data-start=\"1996\" data-end=\"2021\">Technick\u00e9 specifikace<\/strong><\/h2>\n<div class=\"TyagGW_tableContainer\">\n<div class=\"group TyagGW_tableWrapper flex flex-col-reverse w-fit\" tabindex=\"-1\">\n<table class=\"w-fit min-w-(--thread-content-width)\" data-start=\"2023\" data-end=\"2800\">\n<thead data-start=\"2023\" data-end=\"2053\">\n<tr data-start=\"2023\" data-end=\"2053\">\n<th data-start=\"2023\" data-end=\"2038\" data-col-size=\"sm\"><strong data-start=\"2025\" data-end=\"2037\">Parametr<\/strong><\/th>\n<th data-start=\"2038\" data-end=\"2053\" data-col-size=\"md\"><strong data-start=\"2040\" data-end=\"2051\">Hodnota<\/strong><\/th>\n<\/tr>\n<\/thead>\n<tbody data-start=\"2085\" data-end=\"2800\">\n<tr data-start=\"2085\" data-end=\"2174\">\n<td data-start=\"2085\" data-end=\"2097\" data-col-size=\"sm\"><strong data-start=\"2087\" data-end=\"2096\">Model<\/strong><\/td>\n<td data-col-size=\"md\" data-start=\"2097\" data-end=\"2174\">Spyderco\/LionSteel Max SpyOpera Sprint Run Thor Damasteel Carbon C255CFPD<\/td>\n<\/tr>\n<tr data-start=\"2175\" data-end=\"2217\">\n<td data-start=\"2175\" data-end=\"2185\" data-col-size=\"sm\"><strong data-start=\"2177\" data-end=\"2184\">Typ<\/strong><\/td>\n<td data-start=\"2185\" data-end=\"2217\" data-col-size=\"md\">Zav\u00edrac\u00ed n\u016f\u017e (EDC \/ luxusn\u00ed)<\/td>\n<\/tr>\n<tr data-start=\"2218\" data-end=\"2253\">\n<td data-start=\"2218\" data-end=\"2238\" data-col-size=\"sm\"><strong data-start=\"2220\" data-end=\"2237\">Celkov\u00e1 d\u00e9lka<\/strong><\/td>\n<td data-start=\"2238\" data-end=\"2253\" data-col-size=\"md\">cca 21,0 cm<\/td>\n<\/tr>\n<tr data-start=\"2254\" data-end=\"2287\">\n<td data-start=\"2254\" data-end=\"2273\" data-col-size=\"sm\"><strong data-start=\"2256\" data-end=\"2272\">D\u00e9lka \u010depele<\/strong><\/td>\n<td data-start=\"2273\" data-end=\"2287\" data-col-size=\"md\">cca 9,0 cm<\/td>\n<\/tr>\n<tr data-start=\"2288\" data-end=\"2324\">\n<td data-start=\"2288\" data-end=\"2310\" data-col-size=\"sm\"><strong data-start=\"2290\" data-end=\"2309\">Tlou\u0161\u0165ka \u010depele<\/strong><\/td>\n<td data-start=\"2310\" data-end=\"2324\" data-col-size=\"md\">cca 3,5 mm<\/td>\n<\/tr>\n<tr data-start=\"2325\" data-end=\"2372\">\n<td data-start=\"2325\" data-end=\"2347\" data-col-size=\"sm\"><strong data-start=\"2327\" data-end=\"2346\">Materi\u00e1l \u010depele<\/strong><\/td>\n<td data-start=\"2347\" data-end=\"2372\" data-col-size=\"md\">Thor Damasteel Carbon<\/td>\n<\/tr>\n<tr data-start=\"2373\" data-end=\"2405\">\n<td data-start=\"2373\" data-end=\"2391\" data-col-size=\"sm\"><strong data-start=\"2375\" data-end=\"2390\">Tvar \u010depele<\/strong><\/td>\n<td data-start=\"2391\" data-end=\"2405\" data-col-size=\"md\">Drop Point<\/td>\n<\/tr>\n<tr data-start=\"2406\" data-end=\"2438\">\n<td data-start=\"2406\" data-end=\"2419\" data-col-size=\"sm\"><strong data-start=\"2408\" data-end=\"2418\">V\u00fdbrus<\/strong><\/td>\n<td data-start=\"2419\" data-end=\"2438\" data-col-size=\"md\">Full Flat Grind<\/td>\n<\/tr>\n<tr data-start=\"2439\" data-end=\"2502\">\n<td data-start=\"2439\" data-end=\"2459\" data-col-size=\"sm\"><strong data-start=\"2441\" data-end=\"2458\">Povrch \u010depele<\/strong><\/td>\n<td data-start=\"2459\" data-end=\"2502\" data-col-size=\"md\">damasc\u00e9nov\u00e1 estetika s ochranou \u00fapravou<\/td>\n<\/tr>\n<tr data-start=\"2503\" data-end=\"2558\">\n<td data-start=\"2503\" data-end=\"2517\" data-col-size=\"sm\"><strong data-start=\"2505\" data-end=\"2516\">Rukoje\u0165<\/strong><\/td>\n<td data-col-size=\"md\" data-start=\"2517\" data-end=\"2558\">kvalitn\u00ed materi\u00e1l s detailn\u00ed texturou<\/td>\n<\/tr>\n<tr data-start=\"2559\" data-end=\"2614\">\n<td data-start=\"2559\" data-end=\"2571\" data-col-size=\"sm\"><strong data-start=\"2561\" data-end=\"2570\">Z\u00e1mek<\/strong><\/td>\n<td data-start=\"2571\" data-end=\"2614\" data-col-size=\"md\">robustn\u00ed lock syst\u00e9m Spyderco\/LionSteel<\/td>\n<\/tr>\n<tr data-start=\"2615\" data-end=\"2671\">\n<td data-start=\"2615\" data-end=\"2631\" data-col-size=\"sm\"><strong data-start=\"2617\" data-end=\"2630\">Otev\u00edr\u00e1n\u00ed<\/strong><\/td>\n<td data-start=\"2631\" data-end=\"2671\" data-col-size=\"md\">kulat\u00fd otvor \/ ergonomick\u00e9 otev\u00edr\u00e1n\u00ed<\/td>\n<\/tr>\n<tr data-start=\"2672\" data-end=\"2706\">\n<td data-start=\"2672\" data-end=\"2683\" data-col-size=\"sm\"><strong data-start=\"2674\" data-end=\"2682\">Klip<\/strong><\/td>\n<td data-col-size=\"md\" data-start=\"2683\" data-end=\"2706\">hlubok\u00fd pocket klip<\/td>\n<\/tr>\n<tr data-start=\"2707\" data-end=\"2744\">\n<td data-start=\"2707\" data-end=\"2722\" data-col-size=\"sm\"><strong data-start=\"2709\" data-end=\"2721\">Hmotnost<\/strong><\/td>\n<td data-col-size=\"md\" data-start=\"2722\" data-end=\"2744\">st\u0159edn\u00ed \u2013 vyv\u00e1\u017een\u00e1<\/td>\n<\/tr>\n<tr data-start=\"2745\" data-end=\"2800\">\n<td data-start=\"2745\" data-end=\"2758\" data-col-size=\"sm\"><strong data-start=\"2747\" data-end=\"2757\">V\u00fdroba<\/strong><\/td>\n<td data-col-size=\"md\" data-start=\"2758\" data-end=\"2800\">precizn\u00ed zpracov\u00e1n\u00ed (limitovan\u00e1 edice)<\/td>\n<\/tr>\n<\/tbody>\n<\/table>\n<\/div>\n<\/div>\n<hr data-start=\"2802\" data-end=\"2805\" \/>\n<h2 data-start=\"2807\" data-end=\"2829\">\u2705 <strong data-start=\"2812\" data-end=\"2829\">Hlavn\u00ed v\u00fdhody<\/strong><\/h2>\n<ul data-start=\"2831\" data-end=\"3181\">\n<li data-start=\"2831\" data-end=\"2912\">\n<p data-start=\"2833\" data-end=\"2912\"><strong data-start=\"2833\" data-end=\"2875\">Exkluzivn\u00ed Thor Damasteel Carbon \u010depel<\/strong> \u2013 unik\u00e1tn\u00ed estetika a vysok\u00fd v\u00fdkon<\/p>\n<\/li>\n<li data-start=\"2913\" data-end=\"2979\">\n<p data-start=\"2915\" data-end=\"2979\"><strong data-start=\"2915\" data-end=\"2938\">Precizn\u00ed zpracov\u00e1n\u00ed<\/strong> \u2013 ru\u010dn\u00ed detaily, vysok\u00e1 \u00farove\u0148 kvality<\/p>\n<\/li>\n<li data-start=\"2980\" data-end=\"3032\">\n<p data-start=\"2982\" data-end=\"3032\"><strong data-start=\"2982\" data-end=\"3005\">Ergonomick\u00e1 rukoje\u0165<\/strong> \u2013 jist\u00fd a pohodln\u00fd \u00fachop<\/p>\n<\/li>\n<li data-start=\"3033\" data-end=\"3094\">\n<p data-start=\"3035\" data-end=\"3094\"><strong data-start=\"3035\" data-end=\"3059\">Bezpe\u010dn\u00fd Lock syst\u00e9m<\/strong> \u2013 spolehliv\u00e9 uzam\u010den\u00ed b\u011bhem \u0159ezu<\/p>\n<\/li>\n<li data-start=\"3095\" data-end=\"3181\">\n<p data-start=\"3097\" data-end=\"3181\"><strong data-start=\"3097\" data-end=\"3128\">Limitovan\u00e1 edice Sprint Run<\/strong> \u2013 sb\u011bratelsk\u00e1 hodnota i praktick\u00e1 pou\u017eiteln\u00fd n\u00e1stroj<\/p>\n<\/li>\n<\/ul>\n<hr data-start=\"3183\" data-end=\"3186\" \/>\n<h2 data-start=\"3188\" data-end=\"3211\">\u26a0\ufe0f <strong data-start=\"3194\" data-end=\"3211\">Mo\u017en\u00e1 omezen\u00ed<\/strong><\/h2>\n<ul data-start=\"3213\" data-end=\"3465\">\n<li data-start=\"3213\" data-end=\"3281\">\n<p data-start=\"3215\" data-end=\"3281\"><strong data-start=\"3215\" data-end=\"3229\">Vy\u0161\u0161\u00ed cena<\/strong> \u2013 odpov\u00edd\u00e1 pou\u017eit\u00fdm materi\u00e1l\u016fm a limitovan\u00e9 edici<\/p>\n<\/li>\n<li data-start=\"3282\" data-end=\"3378\">\n<p data-start=\"3284\" data-end=\"3378\"><strong data-start=\"3284\" data-end=\"3326\">M\u00e9n\u011b univerz\u00e1ln\u00ed ne\u017e klasick\u00e9 EDC no\u017ee<\/strong> \u2013 estetika a materi\u00e1ly v\u00edce zam\u011b\u0159en\u00e9 na sb\u011bratele<\/p>\n<\/li>\n<li data-start=\"3379\" data-end=\"3465\">\n<p data-start=\"3381\" data-end=\"3465\"><strong data-start=\"3381\" data-end=\"3407\">Vy\u0161\u0161\u00ed n\u00e1roky na \u00fadr\u017ebu<\/strong> \u2013 Damasteel vy\u017eaduje pravidelnou p\u00e9\u010di k zachov\u00e1n\u00ed vzhledu<\/p>\n<\/li>\n<\/ul>\n<hr data-start=\"3467\" data-end=\"3470\" \/>\n<h2 data-start=\"3472\" data-end=\"3496\">\ud83d\udee0\ufe0f <strong data-start=\"3479\" data-end=\"3496\">\u00dadr\u017eba a p\u00e9\u010de<\/strong><\/h2>\n<ul data-start=\"3498\" data-end=\"3765\">\n<li data-start=\"3498\" data-end=\"3589\">\n<p data-start=\"3500\" data-end=\"3589\">\u010cepel osu\u0161\u00ed a o\u010disti po pou\u017eit\u00ed, zejm\u00e9na p\u0159i kontaktu s vlhkost\u00ed \u010di agresivn\u00edmi l\u00e1tkami<\/p>\n<\/li>\n<li data-start=\"3590\" data-end=\"3642\">\n<p data-start=\"3592\" data-end=\"3642\">Pravideln\u011b kontroluj z\u00e1mek a mechaniku otev\u00edr\u00e1n\u00ed<\/p>\n<\/li>\n<li data-start=\"3643\" data-end=\"3710\">\n<p data-start=\"3645\" data-end=\"3710\">Speci\u00e1ln\u00ed p\u00e9\u010de o Damasteel: lehk\u00e9 maz\u00e1n\u00ed a ochrana proti korozi<\/p>\n<\/li>\n<li data-start=\"3711\" data-end=\"3765\">\n<p data-start=\"3713\" data-end=\"3765\">Ost\u0159\u00ed udr\u017euj jemn\u00fdm brou\u0161en\u00edm s p\u0159esn\u00fdm veden\u00edm \u00fahlu<\/p>\n<\/li>\n<\/ul>\n<hr data-start=\"3767\" data-end=\"3770\" \/>\n<h2 data-start=\"3772\" data-end=\"3796\">\ud83c\udfaf <strong data-start=\"3778\" data-end=\"3796\">Doporu\u010deno pro<\/strong><\/h2>\n<ul data-start=\"3798\" data-end=\"4027\">\n<li data-start=\"3798\" data-end=\"3841\">\n<p data-start=\"3800\" data-end=\"3841\">sb\u011bratele a milovn\u00edky limitovan\u00fdch edic<\/p>\n<\/li>\n<li data-start=\"3842\" data-end=\"3918\">\n<p data-start=\"3844\" data-end=\"3918\">u\u017eivatele, kte\u0159\u00ed cht\u011bj\u00ed exkluzivn\u00ed EDC model s nadstandardn\u00edmi materi\u00e1ly<\/p>\n<\/li>\n<li data-start=\"3919\" data-end=\"3972\">\n<p data-start=\"3921\" data-end=\"3972\">ty, kdo oce\u0148uj\u00ed estetiku a precizn\u00ed craftsmanship<\/p>\n<\/li>\n<li data-start=\"3973\" data-end=\"4027\">\n<p data-start=\"3975\" data-end=\"4027\">aktivn\u00ed u\u017eivatele, kte\u0159\u00ed cht\u011bj\u00ed v\u00fdkon bez kompromis\u016f<\/p>\n<\/li>\n<\/ul>\n<hr data-start=\"4029\" data-end=\"4032\" \/>\n<h2 data-start=\"4034\" data-end=\"4062\">\u2b50 <strong data-start=\"4039\" data-end=\"4062\">Z\u00e1v\u011bre\u010dn\u00e9 hodnocen\u00ed<\/strong><\/h2>\n<p data-start=\"4064\" data-end=\"4412\"><em data-start=\"4064\" data-end=\"4139\">Spyderco\/LionSteel Max SpyOpera Sprint Run Thor Damasteel Carbon C255CFPD<\/em> je <strong data-start=\"4143\" data-end=\"4180\">unik\u00e1tn\u00ed a v\u00fdjime\u010dn\u00fd zav\u00edrac\u00ed n\u016f\u017e<\/strong>, kter\u00fd spojuje estetiku, v\u00fdkon a kvalitu \u0161pi\u010dkov\u00fdch materi\u00e1l\u016f. Tento model nen\u00ed jen n\u00e1strojem \u2014 je to <strong data-start=\"4283\" data-end=\"4359\">precizn\u011b vytvo\u0159en\u00fd kus, kter\u00fd ocen\u00ed jak sb\u011bratel\u00e9, tak n\u00e1ro\u010dn\u00ed u\u017eivatel\u00e9<\/strong>, kte\u0159\u00ed hledaj\u00ed v\u00fdkon, kr\u00e1su a spolehlivost v jednom.<\/p>\n<p data-start=\"4414\" data-end=\"4482\"><strong data-start=\"4414\" data-end=\"4482\">Max SpyOpera \u2013 jedine\u010dnost, preciznost a v\u00fdkon v ka\u017ed\u00e9m detailu.<\/strong><\/p>\n","protected":false},"excerpt":{"rendered":"<p data-start=\"4064\" data-end=\"4412\"><strong><em data-start=\"4064\" data-end=\"4139\">Spyderco\/LionSteel Max SpyOpera Sprint Run Thor Damasteel Carbon C255CFPD<\/em> je unik\u00e1tn\u00ed a v\u00fdjime\u010dn\u00fd zav\u00edrac\u00ed n\u016f\u017e, kter\u00fd spojuje estetiku, v\u00fdkon a kvalitu \u0161pi\u010dkov\u00fdch materi\u00e1l\u016f. Tento model nen\u00ed jen n\u00e1strojem \u2014 je to precizn\u011b vytvo\u0159en\u00fd kus, kter\u00fd ocen\u00ed jak sb\u011bratel\u00e9, tak n\u00e1ro\u010dn\u00ed u\u017eivatel\u00e9, kte\u0159\u00ed hledaj\u00ed v\u00fdkon, kr\u00e1su a spolehlivost v jednom.<\/strong><\/p>\n<p data-start=\"4414\" data-end=\"4482\"><strong data-start=\"4414\" data-end=\"4482\">Max SpyOpera \u2013 jedine\u010dnost, preciznost a v\u00fdkon v ka\u017ed\u00e9m detailu.<\/strong><\/p>\n","protected":false},"featured_media":251581,"comment_status":"open","ping_status":"closed","template":"","meta":[],"pwb-brand":[567],"product_brand":[],"product_cat":[25,17],"product_tag":[3667],"class_list":{"0":"post-251580","1":"product","2":"type-product","3":"status-publish","4":"has-post-thumbnail","6":"pwb-brand-spyderco","7":"product_cat-damascenske-noze","8":"product_cat-noze","9":"product_tag-b2b","11":"first","12":"instock","13":"taxable","14":"shipping-taxable","15":"purchasable","16":"product-type-simple"},"brands":[{"id":567,"name":"Spyderco","slug":"spyderco"}],"_links":{"self":[{"href":"https:\/\/www.moskito.cz\/it\/wp-json\/wp\/v2\/product\/251580","targetHints":{"allow":["GET"]}}],"collection":[{"href":"https:\/\/www.moskito.cz\/it\/wp-json\/wp\/v2\/product"}],"about":[{"href":"https:\/\/www.moskito.cz\/it\/wp-json\/wp\/v2\/types\/product"}],"replies":[{"embeddable":true,"href":"https:\/\/www.moskito.cz\/it\/wp-json\/wp\/v2\/comments?post=251580"}],"wp:featuredmedia":[{"embeddable":true,"href":"https:\/\/www.moskito.cz\/it\/wp-json\/wp\/v2\/media\/251581"}],"wp:attachment":[{"href":"https:\/\/www.moskito.cz\/it\/wp-json\/wp\/v2\/media?parent=251580"}],"wp:term":[{"taxonomy":"pwb-brand","embeddable":true,"href":"https:\/\/www.moskito.cz\/it\/wp-json\/wp\/v2\/pwb-brand?post=251580"},{"taxonomy":"product_brand","embeddable":true,"href":"https:\/\/www.moskito.cz\/it\/wp-json\/wp\/v2\/product_brand?post=251580"},{"taxonomy":"product_cat","embeddable":true,"href":"https:\/\/www.moskito.cz\/it\/wp-json\/wp\/v2\/product_cat?post=251580"},{"taxonomy":"product_tag","embeddable":true,"href":"https:\/\/www.moskito.cz\/it\/wp-json\/wp\/v2\/product_tag?post=251580"}],"curies":[{"name":"wp","href":"https:\/\/api.w.org\/{rel}","templated":true}]}}