{"id":251699,"date":"2023-07-01T21:07:17","date_gmt":"2023-07-01T20:07:17","guid":{"rendered":"https:\/\/www.moskito.cz\/?post_type=product&#038;p=251699"},"modified":"2025-06-28T21:04:06","modified_gmt":"2025-06-28T20:04:06","slug":"zaviraci-nuz-spyderco-nati-amor-subvert-c239gpor","status":"publish","type":"product","link":"https:\/\/www.moskito.cz\/it\/produkt\/zaviraci-nuz-spyderco-nati-amor-subvert-c239gpor\/","title":{"rendered":"Zav\u00edrac\u00ed N\u016f\u017e Spyderco Nati Amor Subvert C239GPOR"},"content":{"rendered":"<p>Zav\u00edrac\u00ed N\u016f\u017e <strong>Spyderco<\/strong> Nati Amor Subvert C239GPOR<\/p>\n<p>N\u011bkdy je v\u011bt\u0161\u00ed opravdu lep\u0161\u00ed. Prvn\u00ed <strong>Spyderco<\/strong> Collaboration izraelsk\u00e9ho v\u00fdrobce no\u017e\u016f Nati Amor je jedn\u00edm z nich. Na z\u00e1klad\u011b jeho ru\u010dn\u011b vyroben\u00e9ho modelu &#8220;Sabotage&#8221; je Subvert vybaven \u0161irokou \u010depel\u00ed CPM-S30V s pln\u011b ploch\u00fdm brou\u0161en\u00edm a pln\u011b p\u0159\u00edstupn\u00fdm kulat\u00fdm otvorem pro ochrannou zn\u00e1mku. \u010cepel s hlubok\u00fdm b\u0159ichem se ot\u00e1\u010d\u00ed na podlo\u017ek\u00e1ch s kuli\u010dkov\u00fdmi lo\u017eisky s n\u00edzk\u00fdm t\u0159en\u00edm ulo\u017een\u00fdm v tlust\u00fdch skeletovan\u00fdch titanov\u00fdch vlo\u017ek\u00e1ch, kter\u00e9 tvo\u0159\u00ed z\u00e1klad pevn\u00e9ho mechanismu z\u00e1mku vlo\u017eky no\u017ee. \u00dapln\u00e9 vlo\u017eky o tlou\u0161\u0165ce 3 mm (0,118 palce) jsou pokryty zaoblen\u00fdmi, 3D texturovan\u00fdmi oran\u017eov\u00fdmi stupnicemi G10 a tlumeny \u010d\u00e1ste\u010dnou zadn\u00ed mezerou G10. Zak\u0159iven\u00e1 spona na kapsu z nerezov\u00e9 oceli umo\u017e\u0148uje no\u0161en\u00ed na prav\u00e9 stran\u011b a je dopln\u011bna unik\u00e1tn\u00edm otvorem pro \u0161\u0148\u016frku pro snadn\u00e9 p\u0159ipevn\u011bn\u00ed p\u0159\u00edv\u011bsk\u016f nebo \u0161\u0148\u016frek.<\/p>\n<p>Specifikace<br \/>\nD\u00e9lka \u010depele: 10.35 cm<br \/>\nD\u00e9lka v zav\u0159en\u00e9m stavu: 12.75 cm<br \/>\nCelkov\u00e1 d\u00e9lka: 23.1 cm<br \/>\nTlou\u0161\u0165ka \u010depele: 0.39 cm<br \/>\nMateri\u00e1l \u010depele: CPM-S30V Nerezov\u00e1 ocel<br \/>\nStyl \u010depele: Drop Point<br \/>\nBrou\u0161en\u00ed \u010depele: Pln\u011b ploch\u00e9<br \/>\nPovrchov\u00e1 \u00faprava \u010depele: sat\u00e9n<br \/>\nOst\u0159\u00ed \u010depele: Hladk\u00e9<br \/>\nMateri\u00e1l rukojeti: G10<br \/>\nBarva rukojeti: oran\u017eov\u00e1<br \/>\nUzamykac\u00ed mechanismus: Vlo\u017eka<br \/>\nKapesn\u00ed klip: Vykl\u00e1p\u011bc\u00ed, prav\u00e9 no\u0161en\u00ed<br \/>\n\u010c\u00edslo modelu: C239GPOR<br \/>\nN\u00e1zev modelu: Subvert<br \/>\nDesign\u00e9r: Nati Amor<br \/>\nHmotnost: 6,2 oz.<\/p>\n","protected":false},"excerpt":{"rendered":"<p><strong>N\u011bkdy je v\u011bt\u0161\u00ed opravdu lep\u0161\u00ed. Prvn\u00ed Spyderco Collaboration izraelsk\u00e9ho v\u00fdrobce no\u017e\u016f Nati Amor je jedn\u00edm z nich<\/strong>.<\/p>\n","protected":false},"featured_media":251700,"comment_status":"open","ping_status":"closed","template":"","meta":[],"pwb-brand":[567],"product_brand":[],"product_cat":[22,17],"product_tag":[3667],"class_list":{"0":"post-251699","1":"product","2":"type-product","3":"status-publish","4":"has-post-thumbnail","6":"pwb-brand-spyderco","7":"product_cat-zaviraci-noze","8":"product_cat-noze","9":"product_tag-b2b","11":"first","12":"instock","13":"sale","14":"taxable","15":"shipping-taxable","16":"purchasable","17":"product-type-simple"},"brands":[{"id":567,"name":"Spyderco","slug":"spyderco"}],"_links":{"self":[{"href":"https:\/\/www.moskito.cz\/it\/wp-json\/wp\/v2\/product\/251699","targetHints":{"allow":["GET"]}}],"collection":[{"href":"https:\/\/www.moskito.cz\/it\/wp-json\/wp\/v2\/product"}],"about":[{"href":"https:\/\/www.moskito.cz\/it\/wp-json\/wp\/v2\/types\/product"}],"replies":[{"embeddable":true,"href":"https:\/\/www.moskito.cz\/it\/wp-json\/wp\/v2\/comments?post=251699"}],"wp:featuredmedia":[{"embeddable":true,"href":"https:\/\/www.moskito.cz\/it\/wp-json\/wp\/v2\/media\/251700"}],"wp:attachment":[{"href":"https:\/\/www.moskito.cz\/it\/wp-json\/wp\/v2\/media?parent=251699"}],"wp:term":[{"taxonomy":"pwb-brand","embeddable":true,"href":"https:\/\/www.moskito.cz\/it\/wp-json\/wp\/v2\/pwb-brand?post=251699"},{"taxonomy":"product_brand","embeddable":true,"href":"https:\/\/www.moskito.cz\/it\/wp-json\/wp\/v2\/product_brand?post=251699"},{"taxonomy":"product_cat","embeddable":true,"href":"https:\/\/www.moskito.cz\/it\/wp-json\/wp\/v2\/product_cat?post=251699"},{"taxonomy":"product_tag","embeddable":true,"href":"https:\/\/www.moskito.cz\/it\/wp-json\/wp\/v2\/product_tag?post=251699"}],"curies":[{"name":"wp","href":"https:\/\/api.w.org\/{rel}","templated":true}]}}