{"id":251744,"date":"2023-07-01T22:14:12","date_gmt":"2023-07-01T21:14:12","guid":{"rendered":"https:\/\/www.moskito.cz\/?post_type=product&#038;p=251744"},"modified":"2025-09-11T14:30:27","modified_gmt":"2025-09-11T13:30:27","slug":"zaviraci-nuz-spyderco-delica-4-flat-ground-c11fpgr","status":"publish","type":"product","link":"https:\/\/www.moskito.cz\/it\/produkt\/zaviraci-nuz-spyderco-delica-4-flat-ground-c11fpgr\/","title":{"rendered":"Zav\u00edrac\u00ed N\u016f\u017e Spyderco Delica 4 Flat Ground C11FPGR"},"content":{"rendered":"<p>Zav\u00edrac\u00ed N\u016f\u017e <strong>Spyderco<\/strong> Delica 4 Flat Ground C11FPGR<\/p>\n<p>Pokud ji\u017e vlastn\u00edte Delica nebo Endura, m\u00e1te jeden z nejprod\u00e1van\u011bj\u0161\u00edch no\u017e\u016f <strong>Spyderco<\/strong>. Tyto modely se trochu li\u0161\u00ed od norm\u00e1ln\u00edch C10 Endura4 a C11 Delica 4 Lightweights. Jsou v \u0159ad\u011b barev rukojet\u00ed s celoplo\u0161n\u011b brou\u0161en\u00fdmi \u010depelemi.<\/p>\n<p>Jejich rukojeti FRN (nylon vyztu\u017een\u00fd sklen\u011bn\u00fdmi vl\u00e1kny) se dod\u00e1vaj\u00ed v z\u00e1\u0159iv\u00fdch t\u00f3nech v\u010detn\u011b r\u016f\u017eov\u00e9, modr\u00e9, zelen\u00e9, hn\u011bd\u00e9, \u0161ed\u00e9 a fialov\u00e9. Na povrchu rukojeti je vytvarov\u00e1na obousm\u011brn\u00e1 textura pro bezskluzovou hmatovou trakci. Uvnit\u0159 rukojeti jsou dvojit\u00e9 skeletonizovan\u00e9 vlo\u017eky z nerezov\u00e9 oceli, kter\u00e9 zpev\u0148uj\u00ed n\u016f\u017e bez dal\u0161\u00ed hmotnosti a slou\u017e\u00ed jako kotva pro vn\u011bj\u0161\u00ed a vnit\u0159n\u00ed sou\u010d\u00e1sti k p\u0159ipevn\u011bn\u00ed, \u010d\u00edm\u017e vytv\u00e1\u0159ej\u00ed v\u011bt\u0161\u00ed pevnost a tuhost.<\/p>\n<p>\u010cepele jsou pln\u011b ploch\u00e9 brou\u0161en\u00e9 VG-10 s ten\u010d\u00edm vysoce rafinovan\u00fdm ost\u0159\u00edm a v\u011bt\u0161\u00edm 13mm otvorem. K h\u0159betu \u010depele je p\u0159id\u00e1no protiskluzov\u00e9 imping. Fosforov\u00e9 bronzov\u00e9 podlo\u017eky vyhlazuj\u00ed otev\u00edr\u00e1n\u00ed\/zav\u00edr\u00e1n\u00ed a klip je upgradov\u00e1n na \u010dty\u0159cestn\u00fd sklopn\u00fd, sklopn\u00fd, lev\u00fd nebo pravoto\u010div\u00fd.<\/p>\n<p>Specifikace<br \/>\nCelkov\u00e1 d\u00e9lka: 18.1 cm<br \/>\nD\u00e9lka v zav\u0159en\u00e9m stavu: 10.8 cm<br \/>\nD\u00e9lka \u010depele: 7.3 cm<br \/>\nTlou\u0161\u0165ka \u010depele: 0.25 cm<br \/>\nOcel \u010depele: VG-10<br \/>\nHmotnost: 2,5 oz. (71 g)<br \/>\nMateri\u00e1l rukojeti: FRN<br \/>\nVyrobeno v Seki-City, Japonsko<\/p>\n","protected":false},"excerpt":{"rendered":"<p><strong>Pokud ji\u017e vlastn\u00edte Delica nebo Endura, m\u00e1te jeden z nejprod\u00e1van\u011bj\u0161\u00edch no\u017e\u016f Spyderco.<\/strong><\/p>\n","protected":false},"featured_media":251745,"comment_status":"open","ping_status":"closed","template":"","meta":[],"pwb-brand":[567],"product_brand":[],"product_cat":[22,17],"product_tag":[3667],"class_list":{"0":"post-251744","1":"product","2":"type-product","3":"status-publish","4":"has-post-thumbnail","6":"pwb-brand-spyderco","7":"product_cat-zaviraci-noze","8":"product_cat-noze","9":"product_tag-b2b","11":"first","12":"outofstock","13":"sale","14":"taxable","15":"shipping-taxable","16":"purchasable","17":"product-type-simple"},"brands":[{"id":567,"name":"Spyderco","slug":"spyderco"}],"_links":{"self":[{"href":"https:\/\/www.moskito.cz\/it\/wp-json\/wp\/v2\/product\/251744","targetHints":{"allow":["GET"]}}],"collection":[{"href":"https:\/\/www.moskito.cz\/it\/wp-json\/wp\/v2\/product"}],"about":[{"href":"https:\/\/www.moskito.cz\/it\/wp-json\/wp\/v2\/types\/product"}],"replies":[{"embeddable":true,"href":"https:\/\/www.moskito.cz\/it\/wp-json\/wp\/v2\/comments?post=251744"}],"wp:featuredmedia":[{"embeddable":true,"href":"https:\/\/www.moskito.cz\/it\/wp-json\/wp\/v2\/media\/251745"}],"wp:attachment":[{"href":"https:\/\/www.moskito.cz\/it\/wp-json\/wp\/v2\/media?parent=251744"}],"wp:term":[{"taxonomy":"pwb-brand","embeddable":true,"href":"https:\/\/www.moskito.cz\/it\/wp-json\/wp\/v2\/pwb-brand?post=251744"},{"taxonomy":"product_brand","embeddable":true,"href":"https:\/\/www.moskito.cz\/it\/wp-json\/wp\/v2\/product_brand?post=251744"},{"taxonomy":"product_cat","embeddable":true,"href":"https:\/\/www.moskito.cz\/it\/wp-json\/wp\/v2\/product_cat?post=251744"},{"taxonomy":"product_tag","embeddable":true,"href":"https:\/\/www.moskito.cz\/it\/wp-json\/wp\/v2\/product_tag?post=251744"}],"curies":[{"name":"wp","href":"https:\/\/api.w.org\/{rel}","templated":true}]}}