{"id":251760,"date":"2023-07-01T22:30:49","date_gmt":"2023-07-01T21:30:49","guid":{"rendered":"https:\/\/www.moskito.cz\/?post_type=product&#038;p=251760"},"modified":"2025-05-07T10:51:43","modified_gmt":"2025-05-07T09:51:43","slug":"zaviraci-nuz-spyderco-endela-wharncliffe-lightweight-c243fpwcbk","status":"publish","type":"product","link":"https:\/\/www.moskito.cz\/it\/produkt\/zaviraci-nuz-spyderco-endela-wharncliffe-lightweight-c243fpwcbk\/","title":{"rendered":"Zav\u00edrac\u00ed N\u016f\u017e Spyderco Endela Wharncliffe Lightweight C243FPWCBK"},"content":{"rendered":"<p>Zav\u00edrac\u00ed N\u016f\u017e <strong>Spyderco<\/strong> Endela Wharncliffe Lightweight C243FPWCBK<\/p>\n<p>\u010c\u00edm v\u00edce \u010dasu tr\u00e1v\u00edte kolem no\u017e\u016f, t\u00edm v\u00edce si uv\u011bdomujete, \u017ee neexistuje \u017e\u00e1dn\u00fd univerz\u00e1ln\u00ed \u0159ezn\u00fd n\u00e1stroj. Stejn\u011b tak d\u016fle\u017eit\u00e9 je, \u017ee neexistuje ani jeden tvarov\u011b vhodn\u00fd n\u016f\u017e. Lidsk\u00e9 ruce jsou organick\u00e9 a v\u00fdrazn\u011b se li\u0161\u00ed od jedn\u00e9 osoby k druh\u00e9. Pokud se dokonale nespokoj\u00edte s rovn\u00fdmi, ned\u016fmysln\u00fdmi a relativn\u011b nudn\u00fdmi designy rukojet\u00ed, n\u011bkter\u00e9 rukojeti no\u017e\u016f budou v ruce jednodu\u0161e &#8220;c\u00edtit&#8221; l\u00e9pe ne\u017e jin\u00e9. To je velk\u00e1 \u010d\u00e1st kouzla designu no\u017e\u016f a kritick\u00fd prvek ocen\u011bn\u00ed \u0161irok\u00e9ho spektra no\u017e\u016f, kter\u00e9 m\u00e1me k dispozici.<\/p>\n<p><strong>Spyderco<\/strong> Delica a Endura jsou dva z nejpopul\u00e1rn\u011bj\u0161\u00edch zav\u00edrac\u00edch no\u017e\u016f, jak\u00e9 byly kdy vyrobeny. Vyr\u00e1b\u011bj\u00ed se nep\u0159etr\u017eit\u011b v\u00edce ne\u017e 30 let a ka\u017ed\u00fd z nich inspiroval \u0159adu variac\u00ed sv\u00e9 z\u00e1kladn\u00ed formy. Na z\u00e1klad\u011b t\u011bchto prok\u00e1zan\u00fdch v\u00fdsledk\u016f se tyto \u00factyhodn\u00e9 designy bl\u00ed\u017e\u00ed tak, jak se m\u016f\u017eete dostat k pot\u011b\u0161en\u00ed v\u011bt\u0161\u00ed populace u\u017eivatel\u016f no\u017e\u016f. Pro n\u011bkter\u00e9 v\u0161ak st\u00e1le nejsou zcela dokonal\u00e9. Zat\u00edmco jemn\u00e9 obrysy jejich tvar\u016f rukojet\u00ed najdou oblibu u v\u011bt\u0161iny rukou, velikostn\u011b m\u016f\u017ee b\u00fdt Delica pro n\u011bkter\u00e9 p\u0159\u00edli\u0161 mal\u00e1 a Endura pro jin\u00e9 p\u0159\u00edli\u0161 velk\u00e1.<\/p>\n<p>Aby se tento probl\u00e9m vy\u0159e\u0161il, v roce 2019 <strong>Spyderco<\/strong> vytvo\u0159ilo Endela. Navr\u017eeno tak, aby poskytovalo dokonal\u00fd kompromis \u201eGoldilocks\u201c mezi modely Delica 4 a Endura 4 Lightweight, doslova rozd\u011bluje rozm\u011brov\u00fd rozd\u00edl mezi t\u011bmito dv\u011bma, p\u0159i\u010dem\u017e v\u011brn\u011b zachov\u00e1v\u00e1 v\u0161echny vysoce rafinovan\u00e9 a \u010dasem prov\u011b\u0159en\u00e9 vlastnosti ka\u017ed\u00e9ho z nich. P\u016fvodn\u00ed verze je vybavena zcela ploch\u00fdm ost\u0159\u00edm vyroben\u00fdm z nerezov\u00e9 oceli VG-10. Stejn\u011b jako no\u017ee, kter\u00e9 ho inspirovaly, m\u00e1 jeho \u010depel rovnou h\u0159bet, subtiln\u00ed b\u0159icho a v\u00fdrazn\u00fd \u201ehrb\u201c pro pln\u011b p\u0159\u00edstupn\u00fd kulat\u00fd otvor pro oboustrann\u00e9 otev\u00edr\u00e1n\u00ed jednou rukou. Jeho lehk\u00e1 rukoje\u0165 je vyrobena vst\u0159ikov\u00e1n\u00edm z nylonu vyztu\u017een\u00e9ho skeln\u00fdmi vl\u00e1kny (FRN) a zahrnuje protiskluzov\u00e9 obousm\u011brn\u00e9 texturov\u00e1n\u00ed, skeletonizovan\u00e9 vlo\u017eky z nerezov\u00e9 oceli, robustn\u00ed mechanismus zadn\u00edho z\u00e1mku s Boye Dent,<\/p>\n<p>Endela, kter\u00e1 je k dispozici s v\u00fdb\u011brem \u010depele PlainEdge nebo pln\u011b zoubkovan\u00e9 \u010depele SpyderEdge, se okam\u017eit\u011b stala klasikou. Stejn\u011b jako jeho p\u0159edch\u016fdci tak\u00e9 za\u010dal inspirovat dal\u0161\u00ed variace, v\u010detn\u011b verze s \u010depel\u00ed VG-10 brou\u0161enou do \u0161avle a Emerson Opening Feature a verze s \u010depel\u00ed z n\u00e1strojov\u00e9 oceli K390 a v\u00fdraznou modrou rukojet\u00ed FRN. Endela byla tak\u00e9 hrd\u011b zahrnuta do jedine\u010dn\u00e9 \u0159ady no\u017e\u016f Spyderco Thin Blue Line a Thin Red Line, kter\u00e9 byly vytvo\u0159eny na po\u010dest slu\u017eby policist\u016f a hasi\u010d\u016f, a byla platformou pro exkluzivn\u00ed projekty p\u0159edstavuj\u00edc\u00ed r\u016fzn\u00e9 materi\u00e1ly \u010depele a rukojeti, barvy a povrchov\u00e9 \u00fapravy.<\/p>\n<p>Dal\u0161\u00edm p\u0159\u00edr\u016fstkem do rychle rostouc\u00ed rodiny Endela je Endela Lightweight Wharncliffe. Kombinuje v\u0161estrannost a p\u016fsobivou \u0159eznou schopnost rovn\u00e9ho profilu Wharncliffe s osv\u011bd\u010den\u00fdmi vlastnostmi a \u201emezi\u201c velikost\u00ed form\u00e1tu Endela Lightweight. Stejn\u011b jako klasick\u00e9 anglick\u00e9 \u010depele kapesn\u00edch no\u017e\u016f Wharncliffe z devaten\u00e1ct\u00e9ho stolet\u00ed se h\u0159bet 3,40palcov\u00e9 (86mm) \u010depele Endela ladn\u011b klene dol\u016f, aby se setkal s ost\u0159\u00edm. Na rozd\u00edl od tradi\u010dn\u00edch Wharncliff\u016f, kter\u00e9 m\u011bly tendenci b\u00fdt \u00fazk\u00e9 a tlust\u00e9, m\u00e1 \u010depel Endela Wharncliffe \u0161irok\u00fd profil a pln\u011b ploch\u00e9 brou\u0161en\u00ed, kter\u00e9 j\u00ed dod\u00e1v\u00e1 v\u00fdjime\u010dn\u011b tenkou geometrii ost\u0159\u00ed pro \u0159ezn\u00fd v\u00fdkon bez t\u0159en\u00ed.<\/p>\n<p>Endela Lightweight Wharncliffe nab\u00edz\u00ed bezkonkuren\u010dn\u00ed \u0159ezn\u00fd v\u00fdkon a kontrolu v perfektn\u00ed kompromisn\u00ed velikosti.<\/p>\n<p>Historie Wharncliffe<\/p>\n<p>Pro mnoho bystr\u00fdch u\u017eivatel\u016f no\u017e\u016f p\u0159edstavuje \u010depel ve stylu Wharncliffe dokonalou synt\u00e9zu tvaru a funkce kapesn\u00edho no\u017ee. Jeho zd\u00e1nliv\u011b jednoduch\u00fd profil, dokonale rovn\u00e1 \u0159ezn\u00e1 hrana a ostr\u00fd hrot jej \u010din\u00ed neuv\u011b\u0159iteln\u011b univerz\u00e1ln\u00edm a p\u0159izp\u016fsobiteln\u00fdm \u0161irok\u00e9 \u0161k\u00e1le \u00fakol\u016f. Stejn\u011b jako u\u017eitkov\u00e9 no\u017ee s rovn\u00fdm ost\u0159\u00edm, kter\u00e9 pou\u017e\u00edvaj\u00ed \u0159emesln\u00edci, \u0159e\u017ee s p\u016fsobivou silou a tuto s\u00edlu dod\u00e1v\u00e1 a\u017e ke \u0161pi\u010dce. Stejn\u011b jako skalpel nebo n\u016f\u017e X-Acto nab\u00edz\u00ed tak\u00e9 p\u0159esnost a kontrolu p\u0159i pr\u00e1ci s hrotem.<\/p>\n<p>I kdy\u017e jsou no\u017ee Wharncliffe v posledn\u00edch letech st\u00e1le popul\u00e1rn\u011bj\u0161\u00ed, nejsou v \u017e\u00e1dn\u00e9m p\u0159\u00edpad\u011b novinkou. Ve skute\u010dnosti p\u016fvodn\u00ed design poch\u00e1z\u00ed z po\u010d\u00e1tku 19. stolet\u00ed a jednoho z p\u016fvodn\u00edch sv\u011btov\u00fdch center v\u00fdroby no\u017e\u016f, Sheffield, Anglie. Podle knihy British Manufacturing Industries, druh\u00e9 vyd\u00e1n\u00ed, vydan\u00e9 v Lond\u00fdn\u011b v roce 1878, &#8220;b\u011bhem sedmn\u00e1ct\u00e9ho stolet\u00ed byly t\u00e9m\u011b\u0159 v\u0161echny p\u0159\u00edbory, kter\u00e9 byly vyrobeny pro pou\u017eit\u00ed Angli\u010dan\u016f, toho nejsrozumiteln\u011bj\u0161\u00edho mo\u017en\u00e9ho popisu.&#8221; Pozd\u011bji uv\u00e1d\u00ed: \u201eD\u00e1 se \u0159\u00edci, \u017ee obchod vstoupil do sv\u00e9 nov\u00e9 \u00e9ry kolem roku 1820, kdy byl vynalezen slavn\u00fd \u201aWharncliff\u016fv n\u016f\u017e\u2018. Jak p\u0159\u00edb\u011bh pokra\u010duje, prvn\u00ed lord Wharncliffe a jeho p\u0159\u00edbuzn\u00fd arcid\u011bkan Corbett jednoho dne pop\u00edjeli v\u00edno. po ve\u010de\u0159i, kdy\u017e se rozhovor sto\u010dil na p\u0159\u00edbory, a mal\u00fd vyn\u00e1lez p\u0159i v\u00fdrob\u011b pru\u017einov\u00fdch no\u017e\u016f. Necht\u011bli kritizovat, kde se nemohli zlep\u0161it, slo\u017eili hlavy dohromady as pomoc\u00ed praktick\u00e9ho mu\u017ee se jim poda\u0159ilo vyrobit nov\u00fd vzorov\u00fd n\u016f\u017e. Byl p\u0159ed\u00e1n p\u00e1n\u016fm Rodgers\u016fm, kte\u0159\u00ed jej p\u0159ijali a p\u0159edstavili sv\u011btu \u201an\u016f\u017e Wharncliffe\u2018, na jeho\u017e z\u00e1klad\u011b se nyn\u00ed vyr\u00e1b\u00ed v\u011bt\u0161\u00ed \u010d\u00e1st no\u017e\u016f s pru\u017einov\u00fdm no\u017eem, ur\u010den\u00fdch pro dom\u00e1c\u00ed trh.\u201c<\/p>\n<p>\u201ePrvn\u00ed lord Wharncliffe\u201c zde citovan\u00fd je plukovn\u00edk James Archibald Stuart-Wortley-Mackenzie, 1. baron Wharncliffe (6. \u0159\u00edjna 1776 \u2013 19. prosince 1845), britsk\u00fd voj\u00e1k a politik, kter\u00fd \u017eil severoz\u00e1padn\u011b od Sheffieldu ve vesnici Wortley. &#8220;P\u00e1ni Rodgers&#8221; odkazovali na presti\u017en\u00ed firmu Joseph Rodgers &amp; Sons, kter\u00e1 byla zalo\u017eena v Sheffieldu v roce 1724 a byla \u0161iroce respektov\u00e1na jako &#8220;Cutlers to Her Majesty.&#8221; Tak\u00e9, aby nedo\u0161lo k n\u011bjak\u00e9mu nedorozum\u011bn\u00ed, term\u00edn \u201epru\u017einov\u00fd n\u016f\u017e\u201c se vztahuje k dobov\u00fdm kluzn\u00fdm no\u017ei s pru\u017einov\u00fdm h\u0159betem, nikoli k jak\u00e9koli form\u011b vyst\u0159elovac\u00ed \u010depele nebo automatick\u00e9ho no\u017ee. V\u00edme to, proto\u017ee stejn\u00e1 kniha na n\u011b odkazuje o n\u011bkolik str\u00e1nek pozd\u011bji a pou\u017e\u00edv\u00e1 term\u00edn \u201emucha\u0159sk\u00fd n\u016f\u017e\u201c.<\/p>\n<p>Zat\u00edmco British Manufacturing Industries uv\u00e1d\u00ed jako datum narozen\u00ed no\u017ee Wharncliffe \u201easi 1820\u201c, plukovn\u00edk ve skute\u010dnosti p\u0159evzal titul \u201eLord Wharncliffe\u201c a\u017e v roce 1826. Konstrukce no\u017ee tak nemohla vzniknout d\u0159\u00edve. . Pokud jde o v\u00fdrobu vzoru, historici p\u0159\u00edbor\u016f obecn\u011b uzn\u00e1vaj\u00ed, \u017ee no\u017ee se vzorem Wharncliffe byly vyr\u00e1b\u011bny v Sheffieldu b\u011bhem poloviny a konce 19. stolet\u00ed. Jejich charakteristick\u00fdm znakem byla \u010depel s rovn\u00fdm ost\u0159\u00edm a tlust\u00fdm, dol\u016f zak\u0159iven\u00fdm h\u0159betem. Tento styl \u010depele tak\u00e9 migroval do Ameriky a byl za\u010dlen\u011bn do tov\u00e1rn\u011b vyr\u00e1b\u011bn\u00fdch kapesn\u00edch no\u017e\u016f na t\u00e9to stran\u011b Atlantiku \u2013 i kdy\u017e ne nutn\u011b s p\u0159isuzov\u00e1n\u00edm jeho jmenovce.<\/p>\n<p>Jak se vyv\u00edjely vzory \u010depel\u00ed a objevovaly se specifick\u00e9 profily \u0159\u00edzen\u00e9 \u00fakoly, za\u010daly se tak\u00e9 rozmaz\u00e1vat linie mezi Wharncliffe a dal\u0161\u00edmi styly s rovn\u00fdmi hranami, jako je ov\u010d\u00ed noha, coping a lambfoot. N\u011bkter\u00e9 styly kapesn\u00edch no\u017e\u016f, jako je vzor swayback a n\u011bkter\u00e9 whittler designy, tak\u00e9 p\u0159edv\u00e1d\u011bly \u010depele ve stylu Wharncliffe, ani\u017e by je kdy jmenovaly. Nicm\u00e9n\u011b funk\u010dnost a v\u0161estrannost klasick\u00e9ho tvaru \u010depele tu byla \u2013 i kdy\u017e lord Wharncliffe se o z\u00e1sluhy nepod\u011blil.<\/p>\n<p>V modern\u00edm sv\u011bt\u011b no\u017e\u016f se rozsah toho, co by se dalo pova\u017eovat za \u010depel Wharncliffe, je\u0161t\u011b v\u00edce roz\u0161\u00ed\u0159il. Krom\u011b origin\u00e1ln\u00edho v\u00fdrazu a jeho tlust\u00e9ho, zak\u0159iven\u00e9ho h\u0159betu byly pod de\u0161tn\u00edk Wharncliffe za\u0159azeny tak\u00e9 \u010depele s rovn\u00fdmi nebo fasetov\u00fdmi h\u0159bety a \u0161t\u00edhlej\u0161\u00ed geometri\u00ed. Zat\u00edmco n\u011bkte\u0159\u00ed by mohli diskutovat o p\u0159esn\u00e9 klasifikaci konkr\u00e9tn\u00ed \u010depele, terminologie je nakonec m\u00e9n\u011b d\u016fle\u017eit\u00e1 ne\u017e funk\u010dnost. Pokud m\u00e1 dokonale rovn\u00fd okraj a p\u00e1te\u0159 se s n\u00edm setk\u00e1v\u00e1 v ostr\u00e9m \u00fahlu, je to pravd\u011bpodobn\u011b Wharncliffe. Je tak\u00e9 srdcem vysoce schopn\u00e9ho, \u200b\u200bextr\u00e9mn\u011b v\u0161estrann\u00e9ho \u0159ezn\u00e9ho n\u00e1stroje.<\/p>\n<p>Specifikace<br \/>\nD\u00e9lka \u010depele: 8.6 cm<br \/>\n\u0158ezn\u00e1 hrana: 7.6 cm<br \/>\nD\u00e9lka v zav\u0159en\u00e9m stavu: 11.9 cm<br \/>\nCelkov\u00e1 d\u00e9lka: 20.3 cm<br \/>\nTlou\u0161\u0165ka \u010depele: 0.3 cm<br \/>\nMateri\u00e1l \u010depele: VG10 Nerezov\u00e1 ocel<br \/>\nStyl \u010depele: Wharncliffe<br \/>\nBrou\u0161en\u00ed \u010depele: Pln\u011b ploch\u00e9<br \/>\nPovrchov\u00e1 \u00faprava \u010depele: sat\u00e9n<br \/>\nOst\u0159\u00ed \u010depele: Hladk\u00e9<br \/>\nMateri\u00e1l rukojeti: Obousm\u011brn\u00e1 texturovan\u00e1 FRN<br \/>\nBarva rukojeti: \u010cern\u00e1<br \/>\nUzamykac\u00ed mechanismus: Lockback<br \/>\nKapesn\u00ed klip: Sklopen\u00ed nahoru\/dol\u016f, no\u0161en\u00ed vlevo\/vpravo<br \/>\n\u010c\u00edslo modelu: C243FPWCBK<br \/>\nJm\u00e9no modelu: Endela Wharncliffe<br \/>\nHmotnost: 3,2 oz. (91 g)<br \/>\nVyrobeno v Japonsku<\/p>\n","protected":false},"excerpt":{"rendered":"<p><strong>Endela Lightweight Wharncliffe nab\u00edz\u00ed bezkonkuren\u010dn\u00ed \u0159ezn\u00fd v\u00fdkon a kontrolu v perfektn\u00ed kompromisn\u00ed velikosti.<\/strong><\/p>\n","protected":false},"featured_media":251761,"comment_status":"open","ping_status":"closed","template":"","meta":[],"pwb-brand":[567],"product_brand":[],"product_cat":[22,17],"product_tag":[3667],"class_list":{"0":"post-251760","1":"product","2":"type-product","3":"status-publish","4":"has-post-thumbnail","6":"pwb-brand-spyderco","7":"product_cat-zaviraci-noze","8":"product_cat-noze","9":"product_tag-b2b","11":"first","12":"instock","13":"taxable","14":"shipping-taxable","15":"purchasable","16":"product-type-simple"},"brands":[{"id":567,"name":"Spyderco","slug":"spyderco"}],"_links":{"self":[{"href":"https:\/\/www.moskito.cz\/it\/wp-json\/wp\/v2\/product\/251760","targetHints":{"allow":["GET"]}}],"collection":[{"href":"https:\/\/www.moskito.cz\/it\/wp-json\/wp\/v2\/product"}],"about":[{"href":"https:\/\/www.moskito.cz\/it\/wp-json\/wp\/v2\/types\/product"}],"replies":[{"embeddable":true,"href":"https:\/\/www.moskito.cz\/it\/wp-json\/wp\/v2\/comments?post=251760"}],"wp:featuredmedia":[{"embeddable":true,"href":"https:\/\/www.moskito.cz\/it\/wp-json\/wp\/v2\/media\/251761"}],"wp:attachment":[{"href":"https:\/\/www.moskito.cz\/it\/wp-json\/wp\/v2\/media?parent=251760"}],"wp:term":[{"taxonomy":"pwb-brand","embeddable":true,"href":"https:\/\/www.moskito.cz\/it\/wp-json\/wp\/v2\/pwb-brand?post=251760"},{"taxonomy":"product_brand","embeddable":true,"href":"https:\/\/www.moskito.cz\/it\/wp-json\/wp\/v2\/product_brand?post=251760"},{"taxonomy":"product_cat","embeddable":true,"href":"https:\/\/www.moskito.cz\/it\/wp-json\/wp\/v2\/product_cat?post=251760"},{"taxonomy":"product_tag","embeddable":true,"href":"https:\/\/www.moskito.cz\/it\/wp-json\/wp\/v2\/product_tag?post=251760"}],"curies":[{"name":"wp","href":"https:\/\/api.w.org\/{rel}","templated":true}]}}