{"id":251851,"date":"2023-07-02T10:41:31","date_gmt":"2023-07-02T09:41:31","guid":{"rendered":"https:\/\/www.moskito.cz\/?post_type=product&#038;p=251851"},"modified":"2026-01-14T16:33:47","modified_gmt":"2026-01-14T15:33:47","slug":"zaviraci-nuz-spyderco-chaparral-c152cfp","status":"publish","type":"product","link":"https:\/\/www.moskito.cz\/it\/produkt\/zaviraci-nuz-spyderco-chaparral-c152cfp\/","title":{"rendered":"Zav\u00edrac\u00ed N\u016f\u017e Spyderco Chaparral C152CFP"},"content":{"rendered":"<p>Zav\u00edrac\u00ed N\u016f\u017e <strong>Spyderco<\/strong> Chaparral C152CFP<\/p>\n<p>Chaparral je ke\u0159 p\u016fvodem ze z\u00e1padn\u00edch Spojen\u00fdch st\u00e1t\u016f s jedine\u010dnou schopnost\u00ed trvale p\u0159e\u017e\u00edvat, o\u017eivovat a regenerovat pot\u00e9, co byl zni\u010den suchem nebo po\u017e\u00e1rem. Vrac\u00ed se rok co rok a je to, co Spyderco pojmenovalo novou a pokra\u010duj\u00edc\u00ed s\u00e9rii. St\u0159edn\u011b velk\u00e9 desky Chaparral budou m\u00edt identick\u00e9 profily \u010depele a rukojeti, ale budou obsahovat r\u016fzn\u00e9 materi\u00e1ly rukojeti. Dosud mo\u017en\u00e1 nejten\u010d\u00ed a nejleh\u010d\u00ed CLIPIT st\u0159edn\u00ed velikosti od Spyderca. Debutov\u00fd Chaparral bude m\u00edt rukoje\u0165 z uhl\u00edkov\u00fdch vl\u00e1ken, uprost\u0159ed um\u00edst\u011bn\u00fd zadn\u00ed z\u00e1mek a \u0161roubovac\u00ed konstrukci. \u010cepel CTS-XHP listov\u00e9ho tvaru je brou\u0161en\u00e1 celoplo\u0161n\u011b s protiskluzov\u00fdm dr\u00e1\u017ekov\u00e1n\u00edm um\u00edst\u011bn\u00fdm jak na h\u0159betu, tak na h\u0159betu.<\/p>\n<p>Specifikace<br \/>\n\u010cepel: 7.1 cm<br \/>\nCelkov\u00e1: 16.2 cm<br \/>\nUzav\u0159eno: 9.2 cm<br \/>\nOcel: CTS-XHP<br \/>\nHmotnost: 2,5 oz. (70 g)<\/p>\n<p>&nbsp;<\/p>\n","protected":false},"excerpt":{"rendered":"<p><strong>Chaparral je ke\u0159 p\u016fvodem ze z\u00e1padn\u00edch Spojen\u00fdch st\u00e1t\u016f s jedine\u010dnou schopnost\u00ed trvale p\u0159e\u017e\u00edvat, o\u017eivovat a regenerovat pot\u00e9, co byl zni\u010den suchem nebo po\u017e\u00e1rem.<\/strong><\/p>\n","protected":false},"featured_media":251852,"comment_status":"open","ping_status":"closed","template":"","meta":[],"pwb-brand":[567],"product_brand":[],"product_cat":[22,17],"product_tag":[3667],"class_list":{"0":"post-251851","1":"product","2":"type-product","3":"status-publish","4":"has-post-thumbnail","6":"pwb-brand-spyderco","7":"product_cat-zaviraci-noze","8":"product_cat-noze","9":"product_tag-b2b","11":"first","12":"outofstock","13":"taxable","14":"shipping-taxable","15":"purchasable","16":"product-type-simple"},"brands":[{"id":567,"name":"Spyderco","slug":"spyderco"}],"_links":{"self":[{"href":"https:\/\/www.moskito.cz\/it\/wp-json\/wp\/v2\/product\/251851","targetHints":{"allow":["GET"]}}],"collection":[{"href":"https:\/\/www.moskito.cz\/it\/wp-json\/wp\/v2\/product"}],"about":[{"href":"https:\/\/www.moskito.cz\/it\/wp-json\/wp\/v2\/types\/product"}],"replies":[{"embeddable":true,"href":"https:\/\/www.moskito.cz\/it\/wp-json\/wp\/v2\/comments?post=251851"}],"wp:featuredmedia":[{"embeddable":true,"href":"https:\/\/www.moskito.cz\/it\/wp-json\/wp\/v2\/media\/251852"}],"wp:attachment":[{"href":"https:\/\/www.moskito.cz\/it\/wp-json\/wp\/v2\/media?parent=251851"}],"wp:term":[{"taxonomy":"pwb-brand","embeddable":true,"href":"https:\/\/www.moskito.cz\/it\/wp-json\/wp\/v2\/pwb-brand?post=251851"},{"taxonomy":"product_brand","embeddable":true,"href":"https:\/\/www.moskito.cz\/it\/wp-json\/wp\/v2\/product_brand?post=251851"},{"taxonomy":"product_cat","embeddable":true,"href":"https:\/\/www.moskito.cz\/it\/wp-json\/wp\/v2\/product_cat?post=251851"},{"taxonomy":"product_tag","embeddable":true,"href":"https:\/\/www.moskito.cz\/it\/wp-json\/wp\/v2\/product_tag?post=251851"}],"curies":[{"name":"wp","href":"https:\/\/api.w.org\/{rel}","templated":true}]}}