{"id":252495,"date":"2023-07-04T17:12:45","date_gmt":"2023-07-04T16:12:45","guid":{"rendered":"https:\/\/www.moskito.cz\/?post_type=product&#038;p=252495"},"modified":"2026-01-01T15:43:53","modified_gmt":"2026-01-01T14:43:53","slug":"zaviraci-nuz-spyderco-pacific-salt-2-c91pbk2","status":"publish","type":"product","link":"https:\/\/www.moskito.cz\/it\/produkt\/zaviraci-nuz-spyderco-pacific-salt-2-c91pbk2\/","title":{"rendered":"Zav\u00edrac\u00ed N\u016f\u017e Spyderco Pacific Salt 2 C91PBK2"},"content":{"rendered":"<h2 data-start=\"190\" data-end=\"245\">\ud83d\udde1\ufe0f Zav\u00edrac\u00ed n\u016f\u017e <strong data-start=\"210\" data-end=\"245\">Spyderco Pacific Salt 2 C91PBK2<\/strong><\/h2>\n<h3 data-start=\"247\" data-end=\"299\">Odolnost a jistota tam, kde na n\u00ed z\u00e1le\u017e\u00ed nejv\u00edc.<\/h3>\n<p data-start=\"301\" data-end=\"648\">Spyderco <strong data-start=\"310\" data-end=\"336\">Pacific Salt 2 C91PBK2<\/strong> je vysoce odoln\u00fd zav\u00edrac\u00ed n\u016f\u017e vytvo\u0159en\u00fd pro pou\u017eit\u00ed v <strong data-start=\"391\" data-end=\"439\">extr\u00e9mn\u011b vlhk\u00e9m, slan\u00e9m a n\u00e1ro\u010dn\u00e9m prost\u0159ed\u00ed<\/strong>, kde ostatn\u00ed no\u017ee rychle koroduj\u00ed a ztr\u00e1cej\u00ed v\u00fdkon.<br data-start=\"491\" data-end=\"494\" \/>Tento model je perfektn\u00ed volbou pro pob\u0159e\u017en\u00ed v\u00fdpravy, ryba\u0159en\u00ed, jachting, vodn\u00ed sporty i ka\u017edodenn\u00ed pou\u017eit\u00ed tam, kde je <strong data-start=\"614\" data-end=\"647\">odolnost proti korozi kl\u00ed\u010dov\u00e1<\/strong>.<\/p>\n<p data-start=\"650\" data-end=\"849\">Jakmile otev\u0159e\u0161 \u010depel charakteristick\u00fdm kruhov\u00fdm otvorem Spyderco a zajist\u00ed\u0161 ji spolehliv\u00fdm <strong data-start=\"742\" data-end=\"757\">Back Lockem<\/strong>, poc\u00edt\u00ed\u0161 jistotu, komfort a v\u00fdkon, kter\u00e9 od no\u017ee tohoto typu o\u010dek\u00e1v\u00e1\u0161 \u2014 a je\u0161t\u011b n\u011bco nav\u00edc.<\/p>\n<hr data-start=\"851\" data-end=\"854\" \/>\n<h3 data-start=\"856\" data-end=\"881\">Charakter a filozofie<\/h3>\n<p data-start=\"883\" data-end=\"1262\">Pacific Salt 2 je navr\u017een tak, aby <strong data-start=\"918\" data-end=\"969\">pracoval v prost\u0159ed\u00edch, kde jin\u00e9 no\u017ee selh\u00e1vaj\u00ed<\/strong>.<br data-start=\"970\" data-end=\"973\" \/>\u010cepel z vysoce korozivzdorn\u00e9 nerezov\u00e9 oceli odol\u00e1v\u00e1 slan\u00e9 vod\u011b, vlhk\u00e9mu vzduchu a kontaktu s mokr\u00fdmi materi\u00e1ly bez ztr\u00e1ty funk\u010dnosti.<br data-start=\"1106\" data-end=\"1109\" \/>Ergonomick\u00e1 rukoje\u0165 z FRN s texturou zaji\u0161\u0165uje pevn\u00fd \u00fachop i ve vlhk\u00e9m \u010di kluzk\u00e9m prost\u0159ed\u00ed, tak\u017ee m\u016f\u017ee\u0161 pracovat s jistotou i v nep\u0159\u00edzniv\u00fdch podm\u00ednk\u00e1ch.<\/p>\n<p data-start=\"1264\" data-end=\"1358\">Pacific Salt 2 je n\u00e1stroj, na kter\u00e9m se m\u016f\u017ee\u0161 spolehnout <strong data-start=\"1321\" data-end=\"1357\">bez ohledu na po\u010das\u00ed \u010di podm\u00ednky<\/strong>.<\/p>\n<hr data-start=\"1360\" data-end=\"1363\" \/>\n<h2 data-start=\"1365\" data-end=\"1380\">\ud83c\udfed O v\u00fdrobci<\/h2>\n<p data-start=\"1382\" data-end=\"1715\">Spyderco je zna\u010dka dlouhodob\u011b uzn\u00e1van\u00e1 pro <strong data-start=\"1425\" data-end=\"1475\">ergonomii, inovativn\u00ed design a vysokou kvalitu<\/strong>, kter\u00e9 se odr\u00e1\u017e\u00ed v ka\u017ed\u00e9m modelu.<br data-start=\"1509\" data-end=\"1512\" \/>D\u00edky d\u016frazu na re\u00e1ln\u00e9 pot\u0159eby u\u017eivatele jsou no\u017ee Spyderco vyhled\u00e1van\u00e9 profesion\u00e1ly, outdoorov\u00fdmi nad\u0161enci i b\u011b\u017en\u00fdmi u\u017eivateli, kte\u0159\u00ed cht\u011bj\u00ed <strong data-start=\"1653\" data-end=\"1714\">praktick\u00fd n\u00e1stroj, kter\u00fd funguje i v n\u00e1ro\u010dn\u00fdch podm\u00ednk\u00e1ch<\/strong>.<\/p>\n<hr data-start=\"1717\" data-end=\"1720\" \/>\n<h2 data-start=\"1722\" data-end=\"1749\">\u2699\ufe0f Technick\u00e9 specifikace<\/h2>\n<div class=\"TyagGW_tableContainer\">\n<div class=\"group TyagGW_tableWrapper flex w-fit flex-col-reverse\" tabindex=\"-1\">\n<table class=\"w-fit min-w-(--thread-content-width)\" data-start=\"1751\" data-end=\"2324\">\n<thead data-start=\"1751\" data-end=\"1773\">\n<tr data-start=\"1751\" data-end=\"1773\">\n<th data-start=\"1751\" data-end=\"1762\" data-col-size=\"sm\">Parametr<\/th>\n<th data-start=\"1762\" data-end=\"1773\" data-col-size=\"md\">Hodnota<\/th>\n<\/tr>\n<\/thead>\n<tbody data-start=\"1797\" data-end=\"2324\">\n<tr data-start=\"1797\" data-end=\"1832\">\n<td data-start=\"1797\" data-end=\"1813\" data-col-size=\"sm\">Celkov\u00e1 d\u00e9lka<\/td>\n<td data-col-size=\"md\" data-start=\"1813\" data-end=\"1832\">cca <strong data-start=\"1819\" data-end=\"1830\">20,5 cm<\/strong><\/td>\n<\/tr>\n<tr data-start=\"1833\" data-end=\"1866\">\n<td data-start=\"1833\" data-end=\"1848\" data-col-size=\"sm\">D\u00e9lka \u010depele<\/td>\n<td data-col-size=\"md\" data-start=\"1848\" data-end=\"1866\">cca <strong data-start=\"1854\" data-end=\"1864\">8,7 cm<\/strong><\/td>\n<\/tr>\n<tr data-start=\"1867\" data-end=\"1903\">\n<td data-start=\"1867\" data-end=\"1885\" data-col-size=\"sm\">Tlou\u0161\u0165ka \u010depele<\/td>\n<td data-start=\"1885\" data-end=\"1903\" data-col-size=\"md\">cca <strong data-start=\"1891\" data-end=\"1901\">3,5 mm<\/strong><\/td>\n<\/tr>\n<tr data-start=\"1904\" data-end=\"1960\">\n<td data-start=\"1904\" data-end=\"1922\" data-col-size=\"sm\">Materi\u00e1l \u010depele<\/td>\n<td data-start=\"1922\" data-end=\"1960\" data-col-size=\"md\">Vysoce korozivzdorn\u00e1 nerezov\u00e1 ocel<\/td>\n<\/tr>\n<tr data-start=\"1961\" data-end=\"2008\">\n<td data-start=\"1961\" data-end=\"1977\" data-col-size=\"sm\">Tvrdost oceli<\/td>\n<td data-col-size=\"md\" data-start=\"1977\" data-end=\"2008\">Optimalizovan\u00e1 pro odolnost<\/td>\n<\/tr>\n<tr data-start=\"2009\" data-end=\"2050\">\n<td data-start=\"2009\" data-end=\"2023\" data-col-size=\"sm\">Tvar \u010depele<\/td>\n<td data-col-size=\"md\" data-start=\"2023\" data-end=\"2050\">Drop-point \/ utilit\u00e1rn\u00ed<\/td>\n<\/tr>\n<tr data-start=\"2051\" data-end=\"2082\">\n<td data-start=\"2051\" data-end=\"2067\" data-col-size=\"sm\">Povrch \u010depele<\/td>\n<td data-start=\"2067\" data-end=\"2082\" data-col-size=\"md\">Black Blade<\/td>\n<\/tr>\n<tr data-start=\"2083\" data-end=\"2121\">\n<td data-start=\"2083\" data-end=\"2093\" data-col-size=\"sm\">Rukoje\u0165<\/td>\n<td data-start=\"2093\" data-end=\"2121\" data-col-size=\"md\">FRN (\u010dern\u00e1, texturovan\u00e1)<\/td>\n<\/tr>\n<tr data-start=\"2122\" data-end=\"2183\">\n<td data-start=\"2122\" data-end=\"2130\" data-col-size=\"sm\">Z\u00e1mek<\/td>\n<td data-start=\"2130\" data-end=\"2183\" data-col-size=\"md\"><strong data-start=\"2132\" data-end=\"2145\">Back Lock<\/strong> \u2013 spolehliv\u00fd a bezpe\u010dn\u00fd mechanismus<\/td>\n<\/tr>\n<tr data-start=\"2184\" data-end=\"2222\">\n<td data-start=\"2184\" data-end=\"2196\" data-col-size=\"sm\">Otev\u00edr\u00e1n\u00ed<\/td>\n<td data-start=\"2196\" data-end=\"2222\" data-col-size=\"md\">Kruhov\u00fd otvor Spyderco<\/td>\n<\/tr>\n<tr data-start=\"2223\" data-end=\"2275\">\n<td data-start=\"2223\" data-end=\"2230\" data-col-size=\"sm\">Klip<\/td>\n<td data-start=\"2230\" data-end=\"2275\" data-col-size=\"md\">\u010cty\u0159polohov\u00fd \u2013 flexibiln\u00ed mo\u017enosti no\u0161en\u00ed<\/td>\n<\/tr>\n<tr data-start=\"2276\" data-end=\"2307\">\n<td data-start=\"2276\" data-end=\"2287\" data-col-size=\"sm\">Hmotnost<\/td>\n<td data-col-size=\"md\" data-start=\"2287\" data-end=\"2307\">cca <strong data-start=\"2293\" data-end=\"2305\">95\u2013105 g<\/strong><\/td>\n<\/tr>\n<tr data-start=\"2308\" data-end=\"2324\">\n<td data-start=\"2308\" data-end=\"2317\" data-col-size=\"sm\">V\u00fdroba<\/td>\n<td data-start=\"2317\" data-end=\"2324\" data-col-size=\"md\">USA<\/td>\n<\/tr>\n<\/tbody>\n<\/table>\n<\/div>\n<\/div>\n<hr data-start=\"2326\" data-end=\"2329\" \/>\n<h2 data-start=\"2331\" data-end=\"2349\">\u2705 Hlavn\u00ed v\u00fdhody<\/h2>\n<ul data-start=\"2351\" data-end=\"2691\">\n<li data-start=\"2351\" data-end=\"2419\">\n<p data-start=\"2353\" data-end=\"2419\"><strong data-start=\"2353\" data-end=\"2382\">Vysoce korozivzdorn\u00e1 ocel<\/strong> \u2013 excelentn\u00ed odolnost proti korozi<\/p>\n<\/li>\n<li data-start=\"2420\" data-end=\"2476\">\n<p data-start=\"2422\" data-end=\"2476\"><strong data-start=\"2422\" data-end=\"2435\">Back Lock<\/strong> \u2013 bezpe\u010dn\u00fd a komfortn\u00ed syst\u00e9m uzam\u010den\u00ed<\/p>\n<\/li>\n<li data-start=\"2477\" data-end=\"2529\">\n<p data-start=\"2479\" data-end=\"2529\">Ergonomick\u00e1 FRN rukoje\u0165 \u2013 jist\u00fd \u00fachop i ve vlhku<\/p>\n<\/li>\n<li data-start=\"2530\" data-end=\"2586\">\n<p data-start=\"2532\" data-end=\"2586\">Kompaktn\u00ed a lehk\u00fd design \u2013 pohodln\u00e9 no\u0161en\u00ed i v kapse<\/p>\n<\/li>\n<li data-start=\"2587\" data-end=\"2644\">\n<p data-start=\"2589\" data-end=\"2644\">Kruhov\u00fd otvor Spyderco \u2013 rychl\u00e9 a intuitivn\u00ed otev\u0159en\u00ed<\/p>\n<\/li>\n<li data-start=\"2645\" data-end=\"2691\">\n<p data-start=\"2647\" data-end=\"2691\">\u010cty\u0159polohov\u00fd klip \u2013 flexibiln\u00ed um\u00edst\u011bn\u00ed no\u017ee<\/p>\n<\/li>\n<\/ul>\n<hr data-start=\"2693\" data-end=\"2696\" \/>\n<h2 data-start=\"2698\" data-end=\"2717\">\u26a0\ufe0f Mo\u017en\u00e1 omezen\u00ed<\/h2>\n<ul data-start=\"2719\" data-end=\"2916\">\n<li data-start=\"2719\" data-end=\"2784\">\n<p data-start=\"2721\" data-end=\"2784\">Nen\u00ed ur\u010den pro extr\u00e9mn\u00ed p\u00e1\u010den\u00ed nebo t\u011b\u017ek\u00e9 mechanick\u00e9 zat\u00ed\u017een\u00ed<\/p>\n<\/li>\n<li data-start=\"2785\" data-end=\"2843\">\n<p data-start=\"2787\" data-end=\"2843\">FRN rukoje\u0165 je \u010dist\u011b funk\u010dn\u00ed \u2014 bez dekorativn\u00edch prvk\u016f<\/p>\n<\/li>\n<li data-start=\"2844\" data-end=\"2916\">\n<p data-start=\"2846\" data-end=\"2916\">Black povrch m\u016f\u017ee vy\u017eadovat pravidelnou p\u00e9\u010di p\u0159i intenzivn\u00edm pou\u017e\u00edv\u00e1n\u00ed<\/p>\n<\/li>\n<\/ul>\n<hr data-start=\"2918\" data-end=\"2921\" \/>\n<h2 data-start=\"2923\" data-end=\"2943\">\ud83d\udee0\ufe0f \u00dadr\u017eba a p\u00e9\u010de<\/h2>\n<ul data-start=\"2945\" data-end=\"3192\">\n<li data-start=\"2945\" data-end=\"2996\">\n<p data-start=\"2947\" data-end=\"2996\">Po ka\u017ed\u00e9m pou\u017eit\u00ed \u010depel d\u016fkladn\u011b o\u010disti a osu\u0161\u00ed<\/p>\n<\/li>\n<li data-start=\"2997\" data-end=\"3056\">\n<p data-start=\"2999\" data-end=\"3056\">Vyh\u00fdbej se abrazivn\u00edm a agresivn\u00edm \u010distic\u00edm prost\u0159edk\u016fm<\/p>\n<\/li>\n<li data-start=\"3057\" data-end=\"3094\">\n<p data-start=\"3059\" data-end=\"3094\">Rukoje\u0165 FRN \u010dist\u011b jemn\u00fdm had\u0159\u00edkem<\/p>\n<\/li>\n<li data-start=\"3095\" data-end=\"3150\">\n<p data-start=\"3097\" data-end=\"3150\">Pivot a Back Lock pravideln\u011b proma\u017e vhodn\u00fdm mazivem<\/p>\n<\/li>\n<li data-start=\"3151\" data-end=\"3192\">\n<p data-start=\"3153\" data-end=\"3192\">Skladuj v such\u00e9m prost\u0159ed\u00ed mimo vlhkost<\/p>\n<\/li>\n<\/ul>\n<hr data-start=\"3194\" data-end=\"3197\" \/>\n<h2 data-start=\"3199\" data-end=\"3235\">\ud83d\udd2a Pro udr\u017een\u00ed ost\u0159\u00ed doporu\u010dujeme<\/h2>\n<p data-start=\"3237\" data-end=\"3339\">Pro zachov\u00e1n\u00ed maxim\u00e1ln\u00ed ostrosti \u010depele doporu\u010dujeme kvalitn\u00ed syst\u00e9m brou\u0161en\u00ed ur\u010den\u00fd pro hladk\u00e1 ost\u0159\u00ed.<\/p>\n<p data-start=\"3341\" data-end=\"3444\">Ide\u00e1ln\u00ed volbou je <strong data-start=\"3359\" data-end=\"3425\">Spyderco Tri-Angle Sharpmaker Complete Sharpening System 204MF<\/strong>, kter\u00fd umo\u017e\u0148uje:<\/p>\n<ul data-start=\"3445\" data-end=\"3582\">\n<li data-start=\"3445\" data-end=\"3488\">\n<p data-start=\"3447\" data-end=\"3488\"><strong data-start=\"3447\" data-end=\"3486\">p\u0159esn\u00e9 a konzistentn\u00ed \u00fahly brou\u0161en\u00ed<\/strong><\/p>\n<\/li>\n<li data-start=\"3489\" data-end=\"3542\">\n<p data-start=\"3491\" data-end=\"3542\"><strong data-start=\"3491\" data-end=\"3540\">\u0161etrnou \u00fadr\u017ebu bez zbyte\u010dn\u00e9ho \u00fab\u011bru materi\u00e1lu<\/strong><\/p>\n<\/li>\n<li data-start=\"3543\" data-end=\"3582\">\n<p data-start=\"3545\" data-end=\"3582\"><strong data-start=\"3545\" data-end=\"3582\">bezpe\u010dn\u00e9 pou\u017eit\u00ed i bez zku\u0161enost\u00ed<\/strong><\/p>\n<\/li>\n<\/ul>\n<p data-start=\"3584\" data-end=\"3629\">\ud83d\uded2 <strong data-start=\"3587\" data-end=\"3629\">Zakoup\u00edte na na\u0161ich str\u00e1nk\u00e1ch Moskito.<\/strong><\/p>\n<hr data-start=\"3631\" data-end=\"3634\" \/>\n<h2 data-start=\"3636\" data-end=\"3656\">\ud83c\udfaf Doporu\u010deno pro<\/h2>\n<ul data-start=\"3658\" data-end=\"3850\">\n<li data-start=\"3658\" data-end=\"3703\">\n<p data-start=\"3660\" data-end=\"3703\">Outdoorov\u00e9 nad\u0161ence a pob\u0159e\u017en\u00ed dobrodruhy<\/p>\n<\/li>\n<li data-start=\"3704\" data-end=\"3743\">\n<p data-start=\"3706\" data-end=\"3743\">Milovn\u00edky vodn\u00edch sport\u016f a ryba\u0159en\u00ed<\/p>\n<\/li>\n<li data-start=\"3744\" data-end=\"3788\">\n<p data-start=\"3746\" data-end=\"3788\">Ka\u017edodenn\u00ed no\u0161en\u00ed v n\u00e1ro\u010dn\u00fdch podm\u00ednk\u00e1ch<\/p>\n<\/li>\n<li data-start=\"3789\" data-end=\"3850\">\n<p data-start=\"3791\" data-end=\"3850\">U\u017eivatel\u00e9, kte\u0159\u00ed cht\u011bj\u00ed <strong data-start=\"3815\" data-end=\"3850\">maxim\u00e1ln\u00ed odolnost proti korozi<\/strong><\/p>\n<\/li>\n<\/ul>\n<hr data-start=\"3852\" data-end=\"3855\" \/>\n<h2 data-start=\"3857\" data-end=\"3881\">\u2b50 Z\u00e1v\u011bre\u010dn\u00e9 hodnocen\u00ed<\/h2>\n<p data-start=\"3883\" data-end=\"4117\">Spyderco Pacific Salt 2 C91PBK2 je <strong data-start=\"3918\" data-end=\"3965\">odoln\u00fd, spolehliv\u00fd a komfortn\u00ed zav\u00edrac\u00ed n\u016f\u017e<\/strong>, kter\u00fd si porad\u00ed i tam, kde jin\u00e9 no\u017ee selh\u00e1vaj\u00ed.<br data-start=\"4014\" data-end=\"4017\" \/>Je to n\u00e1stroj, kter\u00fd <strong data-start=\"4038\" data-end=\"4100\">funguje poka\u017ed\u00e9 \u2014 v de\u0161ti, u vody nebo ve vlhk\u00e9m prost\u0159ed\u00ed<\/strong>, bez kompromis\u016f.<\/p>\n<p data-start=\"4119\" data-end=\"4180\"><strong data-start=\"4119\" data-end=\"4180\">Pacific Salt 2 \u2013 odolnost, na kterou se m\u016f\u017ee\u0161 spolehnout.<\/strong><\/p>\n","protected":false},"excerpt":{"rendered":"<p data-start=\"3883\" data-end=\"4117\"><strong>Spyderco Pacific Salt 2 C91PBK2 je odoln\u00fd, spolehliv\u00fd a komfortn\u00ed zav\u00edrac\u00ed n\u016f\u017e, kter\u00fd si porad\u00ed i tam, kde jin\u00e9 no\u017ee selh\u00e1vaj\u00ed.<\/strong><br data-start=\"4014\" data-end=\"4017\" \/><strong>Je to n\u00e1stroj, kter\u00fd funguje poka\u017ed\u00e9 \u2014 v de\u0161ti, u vody nebo ve vlhk\u00e9m prost\u0159ed\u00ed, bez kompromis\u016f.<\/strong><\/p>\n<p data-start=\"4119\" data-end=\"4180\"><strong data-start=\"4119\" data-end=\"4180\">Pacific Salt 2 \u2013 odolnost, na kterou se m\u016f\u017ee\u0161 spolehnout.<\/strong><\/p>\n","protected":false},"featured_media":252496,"comment_status":"open","ping_status":"closed","template":"","meta":[],"pwb-brand":[567],"product_brand":[],"product_cat":[22,17],"product_tag":[3667],"class_list":{"0":"post-252495","1":"product","2":"type-product","3":"status-publish","4":"has-post-thumbnail","6":"pwb-brand-spyderco","7":"product_cat-zaviraci-noze","8":"product_cat-noze","9":"product_tag-b2b","11":"first","12":"instock","13":"taxable","14":"shipping-taxable","15":"purchasable","16":"product-type-simple"},"brands":[{"id":567,"name":"Spyderco","slug":"spyderco"}],"_links":{"self":[{"href":"https:\/\/www.moskito.cz\/it\/wp-json\/wp\/v2\/product\/252495","targetHints":{"allow":["GET"]}}],"collection":[{"href":"https:\/\/www.moskito.cz\/it\/wp-json\/wp\/v2\/product"}],"about":[{"href":"https:\/\/www.moskito.cz\/it\/wp-json\/wp\/v2\/types\/product"}],"replies":[{"embeddable":true,"href":"https:\/\/www.moskito.cz\/it\/wp-json\/wp\/v2\/comments?post=252495"}],"wp:featuredmedia":[{"embeddable":true,"href":"https:\/\/www.moskito.cz\/it\/wp-json\/wp\/v2\/media\/252496"}],"wp:attachment":[{"href":"https:\/\/www.moskito.cz\/it\/wp-json\/wp\/v2\/media?parent=252495"}],"wp:term":[{"taxonomy":"pwb-brand","embeddable":true,"href":"https:\/\/www.moskito.cz\/it\/wp-json\/wp\/v2\/pwb-brand?post=252495"},{"taxonomy":"product_brand","embeddable":true,"href":"https:\/\/www.moskito.cz\/it\/wp-json\/wp\/v2\/product_brand?post=252495"},{"taxonomy":"product_cat","embeddable":true,"href":"https:\/\/www.moskito.cz\/it\/wp-json\/wp\/v2\/product_cat?post=252495"},{"taxonomy":"product_tag","embeddable":true,"href":"https:\/\/www.moskito.cz\/it\/wp-json\/wp\/v2\/product_tag?post=252495"}],"curies":[{"name":"wp","href":"https:\/\/api.w.org\/{rel}","templated":true}]}}