{"id":252938,"date":"2023-07-05T21:19:26","date_gmt":"2023-07-05T20:19:26","guid":{"rendered":"https:\/\/www.moskito.cz\/?post_type=product&#038;p=252938"},"modified":"2025-05-07T10:52:06","modified_gmt":"2025-05-07T09:52:06","slug":"vystrelovaci-nuz-microtech-ultratech-signature-spartan-ultratec-bronze-apocalyptic-123-13mls","status":"publish","type":"product","link":"https:\/\/www.moskito.cz\/it\/produkt\/vystrelovaci-nuz-microtech-ultratech-signature-spartan-ultratec-bronze-apocalyptic-123-13mls\/","title":{"rendered":"Vyst\u0159elovac\u00ed N\u016f\u017e Microtech Ultratech Signature Spartan Ultratec Bronze Apocalyptic 123-13MLS"},"content":{"rendered":"<p>Vyst\u0159elovac\u00ed N\u016f\u017e <strong>Microtech<\/strong> Ultratech Signature Spartan Ultratec Bronze Apocalyptic 123-13MLS<\/p>\n<p>Ultratech nav\u017edy nastav\u00ed standard pro v\u0161echny p\u0159edn\u00ed no\u017ee. Ultratech je origin\u00e1ln\u00ed dvou\u010dinn\u00fd p\u0159edn\u00ed n\u016f\u017e Microtech a byl z\u00e1kladem cel\u00e9 jejich \u0159ady OTF. V pr\u016fb\u011bhu let pro\u0161el n\u011bkolika \u00fapravami, z nich\u017e ka\u017ed\u00e1 se stala \u00fa\u010dinn\u011bj\u0161\u00ed a spolehliv\u011bj\u0161\u00ed. Tato verze m\u00e1 vylep\u0161enou texturu tri-grip na skl\u00ed\u010dku palce pro pozitivn\u011bj\u0161\u00ed n\u00e1kup a bronzov\u00fd hardware pro p\u011bkn\u00fd kontrast. Nosn\u00e9 hlin\u00edkov\u00e9 rukojeti maj\u00ed levou polovinu spartsk\u00e9 helmy s \u0159eck\u00fdm cit\u00e1tem \u201eMolon Labe\u201c, kter\u00fd proslavil kr\u00e1l Leonidas v Thermopyl\u00e1ch na bronzov\u00e9 apokalyptick\u00e9 \u010depeli tanto, co\u017e v p\u0159ekladu znamen\u00e1 \u201ep\u0159ij\u00edt a vz\u00edt\u201c. Pru\u017eina Ultratechu z\u016fst\u00e1v\u00e1 v \u201eklidov\u00e9\u201c poloze po celou dobu, s v\u00fdjimkou rozta\u017een\u00ed. T\u00edm je zaji\u0161t\u011bno, \u017ee se stla\u010den\u00e1 pru\u017eina neunav\u00ed, uji\u0161t\u011bn\u00ed u\u017eivatel\u016f, \u017ee kdy\u017e je n\u016f\u017e vyst\u0159elen, bude fungovat efektivn\u011b. N\u00edzk\u00e1 hmotnost, otev\u00edr\u00e1n\u00ed a zav\u00edr\u00e1n\u00ed jednou rukou, \u0161t\u00edhl\u00fd tvar a \u010depel ostr\u00e1 skalpelem z n\u011bj d\u011blaj\u00ed jedine\u010dn\u00fd n\u016f\u017e, kter\u00fd je k dispozici pouze u <strong>Microtech<\/strong>. Tento n\u016f\u017e znovu a znovu prok\u00e1zal, \u017ee odol\u00e1 jak\u00e9koli p\u0159ek\u00e1\u017ece a ji\u017e brzy bude hledat druhou polovinu t\u00e9to dvou\u010depelov\u00e9 sady.<\/p>\n<p>Specifikace<br \/>\nAutomatick\u00e9 otev\u00edr\u00e1n\u00ed\/zav\u00edr\u00e1n\u00ed &#8211; p\u0159edn\u00ed otv\u00edr\u00e1k<br \/>\nAkce: Dvoj\u00ed akce &#8211; Automatick\u00fd v\u00fdst\u0159el\/zata\u017een\u00ed<br \/>\nOcel: M390<br \/>\nD\u00e9lka \u010depele: 9 cm<br \/>\nStyl \u010depele: Single Edge Tanto, Bronze Apocalyptic<br \/>\nTlou\u0161\u0165ka rukojeti: 1.6 cm<br \/>\nMateri\u00e1l rukojeti: hlin\u00edk 6061-T6 s \u010dern\u00fdm eloxov\u00e1n\u00edm Mil-Spec Hard Coat<br \/>\nD\u00e9lka v zav\u0159en\u00e9m stavu: 12.1 cm<br \/>\nD\u00e9lka v otev\u0159en\u00e9m stavu: 21 cm<br \/>\nMateri\u00e1l kapesn\u00ed spony: 301 Stainless<br \/>\nStandardn\u00ed horn\u00ed: 6061-T6 AL slitina<br \/>\nSpou\u0161\u0165: 303 Nerez<br \/>\nRozb\u00edje\u010d oken<br \/>\nVyrobeno v USA<\/p>\n<p><iframe title=\"Microtech Combat Troodon Torture Test\" width=\"800\" height=\"450\" src=\"https:\/\/www.youtube.com\/embed\/xE9TeOFYEjg?feature=oembed\" frameborder=\"0\" allow=\"accelerometer; autoplay; clipboard-write; encrypted-media; gyroscope; picture-in-picture; web-share\" referrerpolicy=\"strict-origin-when-cross-origin\" allowfullscreen><\/iframe><\/p>\n<p>&nbsp;<\/p>\n","protected":false},"excerpt":{"rendered":"<p>V pr\u016fb\u011bhu let\u00a0<strong>Microtech\u00ae Knives\u00a0<\/strong>naplnil v\u00e1\u0161n\u00ed a dovednost\u00ed v\u00fdrobu no\u017e\u016f, a\u017e z nich vytvo\u0159il t\u00e9m\u011b\u0159 um\u011bleck\u00e1 d\u00edla,kter\u00e9 jsou vrcholem funk\u010dnosti.V\u0161echny d\u00edly jsou vyrobeny v USA.<br \/>\n<strong>Na v\u0161echny no\u017ee Microtech je do\u017eivotn\u00ed z\u00e1ruka.<\/strong><\/p>\n<p><strong>Doprava zdarma.<\/strong><\/p>\n","protected":false},"featured_media":252939,"comment_status":"open","ping_status":"closed","template":"","meta":[],"pwb-brand":[431],"product_brand":[],"product_cat":[2019,17],"product_tag":[3667],"class_list":{"0":"post-252938","1":"product","2":"type-product","3":"status-publish","4":"has-post-thumbnail","6":"pwb-brand-microtech","7":"product_cat-vystrelovaci-noze","8":"product_cat-noze","9":"product_tag-b2b","11":"first","12":"outofstock","13":"taxable","14":"shipping-taxable","15":"purchasable","16":"product-type-simple"},"brands":[{"id":431,"name":"Microtech","slug":"microtech"}],"_links":{"self":[{"href":"https:\/\/www.moskito.cz\/it\/wp-json\/wp\/v2\/product\/252938","targetHints":{"allow":["GET"]}}],"collection":[{"href":"https:\/\/www.moskito.cz\/it\/wp-json\/wp\/v2\/product"}],"about":[{"href":"https:\/\/www.moskito.cz\/it\/wp-json\/wp\/v2\/types\/product"}],"replies":[{"embeddable":true,"href":"https:\/\/www.moskito.cz\/it\/wp-json\/wp\/v2\/comments?post=252938"}],"wp:featuredmedia":[{"embeddable":true,"href":"https:\/\/www.moskito.cz\/it\/wp-json\/wp\/v2\/media\/252939"}],"wp:attachment":[{"href":"https:\/\/www.moskito.cz\/it\/wp-json\/wp\/v2\/media?parent=252938"}],"wp:term":[{"taxonomy":"pwb-brand","embeddable":true,"href":"https:\/\/www.moskito.cz\/it\/wp-json\/wp\/v2\/pwb-brand?post=252938"},{"taxonomy":"product_brand","embeddable":true,"href":"https:\/\/www.moskito.cz\/it\/wp-json\/wp\/v2\/product_brand?post=252938"},{"taxonomy":"product_cat","embeddable":true,"href":"https:\/\/www.moskito.cz\/it\/wp-json\/wp\/v2\/product_cat?post=252938"},{"taxonomy":"product_tag","embeddable":true,"href":"https:\/\/www.moskito.cz\/it\/wp-json\/wp\/v2\/product_tag?post=252938"}],"curies":[{"name":"wp","href":"https:\/\/api.w.org\/{rel}","templated":true}]}}