{"id":253023,"date":"2023-07-06T09:00:32","date_gmt":"2023-07-06T08:00:32","guid":{"rendered":"https:\/\/www.moskito.cz\/?post_type=product&#038;p=253023"},"modified":"2025-06-28T20:57:36","modified_gmt":"2025-06-28T19:57:36","slug":"zaviraci-nuz-spyderco-saver-salt-c118syl","status":"publish","type":"product","link":"https:\/\/www.moskito.cz\/it\/produkt\/zaviraci-nuz-spyderco-saver-salt-c118syl\/","title":{"rendered":"Zav\u00edrac\u00ed N\u016f\u017e Spyderco Saver Salt C118SYL"},"content":{"rendered":"<p>Zav\u00edrac\u00ed N\u016f\u017e <strong>Spyderco<\/strong> Saver Salt C118SYL<\/p>\n<p>Dal\u0161\u00ed p\u0159\u00edr\u016fstek do \u0159ady no\u017e\u016f <strong>Spyderco<\/strong> ultra-korozivzdorn\u00fdch no\u017e\u016f Salt Series, C118 Saver Salt s ocel\u00ed H-1. H-1 je vysoce kvalitn\u00ed ocel odoln\u00e1 proti korozi, kter\u00e1 zvy\u0161uje z\u00e1jem o ryb\u00e1\u0159sk\u00e9, vod\u00e1ck\u00e9 a pot\u00e1p\u011b\u010dsk\u00e9 kruhy. Pro\u010d? Proto\u017ee \u0159e\u017ee del\u0161\u00ed dobu, ne\u017e je pot\u0159eba naost\u0159it, a je neuv\u011b\u0159iteln\u011b odoln\u00fd v\u016f\u010di korozi. Retence ost\u0159\u00ed H-1 je srovnateln\u00e1 s jin\u00fdmi no\u017e\u00ed\u0159sk\u00fdmi ocelmi s vysok\u00fdm obsahem uhl\u00edku, ale jej\u00ed nejv\u00fdrazn\u011bj\u0161\u00ed charakteristikou je, \u017ee je na b\u00e1zi dus\u00edku na rozd\u00edl od uhl\u00edkov\u00e9. Uhl\u00edk je podn\u011bcovatelem tvorby rzi, kdy\u017e reaguje na chlorid. D\u00edky tomu je \u010depel tvrd\u00e1 a z\u016fst\u00e1v\u00e1 ostr\u00e1.<\/p>\n<p>Dus\u00edk tak\u00e9 \u010din\u00ed ocel tvrdou a zadr\u017euje hrany, ale nereaguje s chloridem, tak\u017ee nem\u016f\u017ee rezav\u011bt. \u010cepel Sheepfoot Saver Salt je na \u0161pi\u010dce zaoblen\u00e1 pro \u0159ez\u00e1n\u00ed kolem nafukovac\u00edch plavidel, masa a v p\u0159\u00edpad\u011b nouze. \u017d\u00e1dn\u00fd \u0161pi\u010dat\u00fd hrot znamen\u00e1 \u017e\u00e1dn\u00e9 n\u00e1hodn\u00e9 prop\u00edchnut\u00ed. \u010cepel je brou\u0161en\u00e1 do ploch\u00e9 \u0161avle pro dokonal\u00e9 \u0159ez\u00e1n\u00ed ve vod\u011b i mimo ni.<\/p>\n<p>Nadm\u011brn\u00fd 14mm kulat\u00fd otvor Spyderco funguje pro otev\u00edr\u00e1n\u00ed\/zav\u00edr\u00e1n\u00ed, i kdy\u017e m\u00e1te ruce v rukavic\u00edch, jsou studen\u00e9 nebo mokr\u00e9. K dispozici v \u010dern\u00e9 nebo mo\u0159sk\u00e9 \u017elut\u00e9, nylonov\u00e1 prysky\u0159ice vyztu\u017een\u00e1 skeln\u00fdmi vl\u00e1kny, rukoje\u0165 je opat\u0159ena texturou s p\u0159ilnav\u00fdm vaflov\u00fdm vzorem. Oboustrann\u00e1 vykl\u00e1p\u011bc\u00ed kapesn\u00ed spona tak\u00e9 obsahuje otvor pro \u0161\u0148\u016frku pro r\u016fzn\u00e9 mo\u017enosti no\u0161en\u00ed.<\/p>\n<p>Na za\u010d\u00e1tku roku 2023 <strong>Spyderco<\/strong> ozn\u00e1milo pr\u016fb\u011b\u017enou zm\u011bnu pro svou s\u00e9rii Salt. S\u00e9rie Salt, p\u016fvodn\u011b vyr\u00e1b\u011bn\u00e1 z nerezov\u00e9 oceli H1, se p\u0159ech\u00e1z\u00ed na nerezovou ocel H2, kter\u00e1 poskytuje zv\u00fd\u0161enou odolnost proti korozi.<br \/>\nSpecifikace<\/p>\n<p>D\u00e9lka \u010depele: 7.9 cm<br \/>\nTlou\u0161\u0165ka \u010depele: 0.3 cm<br \/>\nCelkov\u00e1 d\u00e9lka: 18.2 cm<br \/>\nZav\u0159en\u00e1 d\u00e9lka: 10.4 cm<br \/>\nOcel \u010depele: H1\/H2 ultra-korozi odoln\u00e1 ocel<br \/>\nHmotnost: 2,2 oz. (61 g)<br \/>\nMateri\u00e1l rukojeti: \u017elut\u00e1 FRN<br \/>\nVyrobeno v Seki-City, Japonsko<\/p>\n<p>&nbsp;<\/p>\n","protected":false},"excerpt":{"rendered":"<p><strong>Na za\u010d\u00e1tku roku 2023 Spyderco ozn\u00e1milo pr\u016fb\u011b\u017enou zm\u011bnu pro svou s\u00e9rii Salt. S\u00e9rie Salt, p\u016fvodn\u011b vyr\u00e1b\u011bn\u00e1 z nerezov\u00e9 oceli H1, se p\u0159ech\u00e1z\u00ed na nerezovou ocel H2, kter\u00e1 poskytuje zv\u00fd\u0161enou odolnost proti korozi.<\/strong><\/p>\n","protected":false},"featured_media":253027,"comment_status":"open","ping_status":"closed","template":"","meta":[],"pwb-brand":[567],"product_brand":[],"product_cat":[22,17],"product_tag":[3667],"class_list":{"0":"post-253023","1":"product","2":"type-product","3":"status-publish","4":"has-post-thumbnail","6":"pwb-brand-spyderco","7":"product_cat-zaviraci-noze","8":"product_cat-noze","9":"product_tag-b2b","11":"first","12":"instock","13":"sale","14":"taxable","15":"shipping-taxable","16":"purchasable","17":"product-type-simple"},"brands":[{"id":567,"name":"Spyderco","slug":"spyderco"}],"_links":{"self":[{"href":"https:\/\/www.moskito.cz\/it\/wp-json\/wp\/v2\/product\/253023","targetHints":{"allow":["GET"]}}],"collection":[{"href":"https:\/\/www.moskito.cz\/it\/wp-json\/wp\/v2\/product"}],"about":[{"href":"https:\/\/www.moskito.cz\/it\/wp-json\/wp\/v2\/types\/product"}],"replies":[{"embeddable":true,"href":"https:\/\/www.moskito.cz\/it\/wp-json\/wp\/v2\/comments?post=253023"}],"wp:featuredmedia":[{"embeddable":true,"href":"https:\/\/www.moskito.cz\/it\/wp-json\/wp\/v2\/media\/253027"}],"wp:attachment":[{"href":"https:\/\/www.moskito.cz\/it\/wp-json\/wp\/v2\/media?parent=253023"}],"wp:term":[{"taxonomy":"pwb-brand","embeddable":true,"href":"https:\/\/www.moskito.cz\/it\/wp-json\/wp\/v2\/pwb-brand?post=253023"},{"taxonomy":"product_brand","embeddable":true,"href":"https:\/\/www.moskito.cz\/it\/wp-json\/wp\/v2\/product_brand?post=253023"},{"taxonomy":"product_cat","embeddable":true,"href":"https:\/\/www.moskito.cz\/it\/wp-json\/wp\/v2\/product_cat?post=253023"},{"taxonomy":"product_tag","embeddable":true,"href":"https:\/\/www.moskito.cz\/it\/wp-json\/wp\/v2\/product_tag?post=253023"}],"curies":[{"name":"wp","href":"https:\/\/api.w.org\/{rel}","templated":true}]}}