{"id":253141,"date":"2023-07-06T13:22:43","date_gmt":"2023-07-06T12:22:43","guid":{"rendered":"https:\/\/www.moskito.cz\/?post_type=product&#038;p=253141"},"modified":"2026-02-18T10:31:39","modified_gmt":"2026-02-18T09:31:39","slug":"brousek-spyderco-603f-gauntlet-select-sharpening-system-fine-grit-ceramic-rods","status":"publish","type":"product","link":"https:\/\/www.moskito.cz\/it\/produkt\/brousek-spyderco-603f-gauntlet-select-sharpening-system-fine-grit-ceramic-rods\/","title":{"rendered":"Brousek Spyderco 603F Gauntlet Select Sharpening System, Fine Grit Ceramic Rods"},"content":{"rendered":"<p>Brousek <strong>Spyderco<\/strong> 603F Gauntlet Select Sharpening System, Fine Grit Ceramic Rods<\/p>\n<p>Gauntlet je jednoduch\u00fd, snadno pou\u017eiteln\u00fd ost\u0159\u00edc\u00ed syst\u00e9m, kter\u00fd i za\u010d\u00ednaj\u00edc\u00edm u\u017eivatel\u016fm umo\u017e\u0148uje dos\u00e1hnout ostr\u00fdch hran b\u011bhem n\u011bkolika minut bez elekt\u0159iny, oleje, vody nebo slo\u017eit\u00fdch svorek \u010di p\u0159\u00edpravk\u016f. Jeho vst\u0159ikovan\u00e1 plastov\u00e1 z\u00e1kladna s vysok\u00fdm n\u00e1razem m\u00e1 integrovan\u00fd ochrann\u00fd kryt ruky a speci\u00e1ln\u011b navr\u017een\u00e9 otvory, kter\u00e9 dr\u017e\u00ed brusn\u00e9 ty\u010de v dokonal\u00e9m \u00fahlu 40 stup\u0148\u016f (20 stup\u0148\u016f na stranu), aby se vytvo\u0159ily ostr\u00e9 hrany, kter\u00e9 se dlouho opot\u0159ebov\u00e1vaj\u00ed. Hv\u011bzdicov\u00e9 otvory umo\u017e\u0148uj\u00ed ot\u00e1\u010den\u00ed ty\u010d\u00ed pro odkryt\u00ed \u010derstv\u00fdch brusn\u00fdch povrch\u016f nebo orientaci hran ty\u010d\u00ed pro ost\u0159en\u00ed vroubkovan\u00fdch hran. Ide\u00e1ln\u00ed pro v\u011bt\u0161inu pot\u0159eb ost\u0159en\u00ed, Gauntlet Select obsahuje p\u00e1r jemn\u00fdch keramick\u00fdch ty\u010dinek. Pro velmi tup\u00e9 no\u017ee nebo pro reprofilaci siln\u011b opot\u0159ebovan\u00fdch hran obsahuje Gauntlet Premium jak rychle \u0159ezn\u00e9 ty\u010de z kubick\u00e9ho nitridu boru (CBN), tak jemn\u00e9 keramick\u00e9 ty\u010de. CBN ty\u010de jsou k dispozici tak\u00e9 samostatn\u011b. Vyrobeno v USA.<\/p>\n<p>&nbsp;<\/p>\n","protected":false},"excerpt":{"rendered":"<p><strong>Gauntlet je jednoduch\u00fd, snadno pou\u017eiteln\u00fd ost\u0159\u00edc\u00ed syst\u00e9m, kter\u00fd i za\u010d\u00ednaj\u00edc\u00edm u\u017eivatel\u016fm umo\u017e\u0148uje dos\u00e1hnout ostr\u00fdch hran b\u011bhem n\u011bkolika minut bez elekt\u0159iny, oleje, vody nebo slo\u017eit\u00fdch svorek \u010di p\u0159\u00edpravk\u016f.<\/strong><\/p>\n","protected":false},"featured_media":253142,"comment_status":"open","ping_status":"closed","template":"","meta":[],"pwb-brand":[567],"product_brand":[],"product_cat":[26],"product_tag":[3667],"class_list":{"0":"post-253141","1":"product","2":"type-product","3":"status-publish","4":"has-post-thumbnail","6":"pwb-brand-spyderco","7":"product_cat-brousky-a-ocilky","8":"product_tag-b2b","10":"first","11":"outofstock","12":"sale","13":"taxable","14":"shipping-taxable","15":"purchasable","16":"product-type-simple"},"brands":[{"id":567,"name":"Spyderco","slug":"spyderco"}],"_links":{"self":[{"href":"https:\/\/www.moskito.cz\/it\/wp-json\/wp\/v2\/product\/253141","targetHints":{"allow":["GET"]}}],"collection":[{"href":"https:\/\/www.moskito.cz\/it\/wp-json\/wp\/v2\/product"}],"about":[{"href":"https:\/\/www.moskito.cz\/it\/wp-json\/wp\/v2\/types\/product"}],"replies":[{"embeddable":true,"href":"https:\/\/www.moskito.cz\/it\/wp-json\/wp\/v2\/comments?post=253141"}],"wp:featuredmedia":[{"embeddable":true,"href":"https:\/\/www.moskito.cz\/it\/wp-json\/wp\/v2\/media\/253142"}],"wp:attachment":[{"href":"https:\/\/www.moskito.cz\/it\/wp-json\/wp\/v2\/media?parent=253141"}],"wp:term":[{"taxonomy":"pwb-brand","embeddable":true,"href":"https:\/\/www.moskito.cz\/it\/wp-json\/wp\/v2\/pwb-brand?post=253141"},{"taxonomy":"product_brand","embeddable":true,"href":"https:\/\/www.moskito.cz\/it\/wp-json\/wp\/v2\/product_brand?post=253141"},{"taxonomy":"product_cat","embeddable":true,"href":"https:\/\/www.moskito.cz\/it\/wp-json\/wp\/v2\/product_cat?post=253141"},{"taxonomy":"product_tag","embeddable":true,"href":"https:\/\/www.moskito.cz\/it\/wp-json\/wp\/v2\/product_tag?post=253141"}],"curies":[{"name":"wp","href":"https:\/\/api.w.org\/{rel}","templated":true}]}}