{"id":253297,"date":"2023-07-07T15:08:31","date_gmt":"2023-07-07T14:08:31","guid":{"rendered":"https:\/\/www.moskito.cz\/?post_type=product&#038;p=253297"},"modified":"2025-05-07T10:52:12","modified_gmt":"2025-05-07T09:52:12","slug":"pevny-nuz-microtech-socom-alpha-zombie-tech-114-1z","status":"publish","type":"product","link":"https:\/\/www.moskito.cz\/it\/produkt\/pevny-nuz-microtech-socom-alpha-zombie-tech-114-1z\/","title":{"rendered":"Pevn\u00fd N\u016f\u017e Microtech Socom Alpha Zombie Tech 114-1Z"},"content":{"rendered":"<p>Pevn\u00fd N\u016f\u017e <strong>Microtech<\/strong> Socom Alpha Zombie Tech 114-1Z<\/p>\n<p>Microtech\u00ae SOCOM Alpha\u00ae, stylizovan\u00fd podle p\u016fvodn\u00edho no\u017ee SOCOM, je n\u016f\u017e s pevnou tanto \u010depel\u00ed. Tento n\u016f\u017e m\u00e1 vroubkovanou rukoje\u0165 G-10 umo\u017e\u0148uj\u00edc\u00ed maxim\u00e1ln\u00ed uchopen\u00ed a je vybaven kydexov\u00fdm pouzdrem. SOCOM Alpha\u00ae je p\u016fsobiv\u00fd a jedine\u010dn\u00fd taktick\u00fd n\u016f\u017e.<\/p>\n<p>D\u00e9lka \u010depele: <span id=\"cwos\" class=\"qv3Wpe\">13.43<\/span> cm<\/p>\n<p>Celkov\u00e1 d\u00e9lka: <span id=\"cwos\" class=\"qv3Wpe\">26.25<\/span> cm<\/p>\n<p>Ocel \u010depele: M390<\/p>\n<p>Materi\u00e1l rukojeti: G-10<\/p>\n<p>Hmotnost: 7,76 oz<\/p>\n<p>&nbsp;<\/p>\n","protected":false},"excerpt":{"rendered":"<p><strong>V pr\u016fb\u011bhu let Microtech\u00ae Knives naplnil v\u00e1\u0161n\u00ed a dovednost\u00ed v\u00fdrobu no\u017e\u016f, a\u017e z nich vytvo\u0159il t\u00e9m\u011b\u0159 um\u011bleck\u00e1 d\u00edla,kter\u00e9 jsou vrcholem funk\u010dnosti.V\u0161echny d\u00edly jsou vyrodeny v USA.<\/strong><br \/>\n<strong>Na v\u0161echny no\u017ee Microtech je do\u017eivotn\u00ed z\u00e1ruka.<\/strong><\/p>\n<p><strong>Doprava zdarma.<\/strong><\/p>\n","protected":false},"featured_media":253301,"comment_status":"open","ping_status":"closed","template":"","meta":[],"pwb-brand":[431],"product_brand":[],"product_cat":[23,17],"product_tag":[3667],"class_list":{"0":"post-253297","1":"product","2":"type-product","3":"status-publish","4":"has-post-thumbnail","6":"pwb-brand-microtech","7":"product_cat-pevne-noze","8":"product_cat-noze","9":"product_tag-b2b","11":"first","12":"outofstock","13":"taxable","14":"shipping-taxable","15":"purchasable","16":"product-type-simple"},"brands":[{"id":431,"name":"Microtech","slug":"microtech"}],"_links":{"self":[{"href":"https:\/\/www.moskito.cz\/it\/wp-json\/wp\/v2\/product\/253297","targetHints":{"allow":["GET"]}}],"collection":[{"href":"https:\/\/www.moskito.cz\/it\/wp-json\/wp\/v2\/product"}],"about":[{"href":"https:\/\/www.moskito.cz\/it\/wp-json\/wp\/v2\/types\/product"}],"replies":[{"embeddable":true,"href":"https:\/\/www.moskito.cz\/it\/wp-json\/wp\/v2\/comments?post=253297"}],"wp:featuredmedia":[{"embeddable":true,"href":"https:\/\/www.moskito.cz\/it\/wp-json\/wp\/v2\/media\/253301"}],"wp:attachment":[{"href":"https:\/\/www.moskito.cz\/it\/wp-json\/wp\/v2\/media?parent=253297"}],"wp:term":[{"taxonomy":"pwb-brand","embeddable":true,"href":"https:\/\/www.moskito.cz\/it\/wp-json\/wp\/v2\/pwb-brand?post=253297"},{"taxonomy":"product_brand","embeddable":true,"href":"https:\/\/www.moskito.cz\/it\/wp-json\/wp\/v2\/product_brand?post=253297"},{"taxonomy":"product_cat","embeddable":true,"href":"https:\/\/www.moskito.cz\/it\/wp-json\/wp\/v2\/product_cat?post=253297"},{"taxonomy":"product_tag","embeddable":true,"href":"https:\/\/www.moskito.cz\/it\/wp-json\/wp\/v2\/product_tag?post=253297"}],"curies":[{"name":"wp","href":"https:\/\/api.w.org\/{rel}","templated":true}]}}