{"id":253381,"date":"2023-07-09T11:18:28","date_gmt":"2023-07-09T10:18:28","guid":{"rendered":"https:\/\/www.moskito.cz\/?post_type=product&#038;p=253381"},"modified":"2025-05-07T10:52:13","modified_gmt":"2025-05-07T09:52:13","slug":"vystrelovaci-nuz-heretic-knives-custom-cleric-ii-damascus-blade","status":"publish","type":"product","link":"https:\/\/www.moskito.cz\/it\/produkt\/vystrelovaci-nuz-heretic-knives-custom-cleric-ii-damascus-blade\/","title":{"rendered":"Vyst\u0159elovac\u00ed N\u016f\u017e Heretic Knives Custom Cleric II Damascus Blade"},"content":{"rendered":"<p>Vyst\u0159elovac\u00ed N\u016f\u017e Heretic Knives Custom Cleric II Damascus Blade.<\/p>\n<p>Custom Cleric II D\/E \u010cern\u00fd s uhl\u00edkem st\u0159\u00edbrn\u011b vykl\u00e1d\u00e1n\u00edm, had\u00ed k\u016f\u017ee, Baker Forge Dama\u0161kov\u00e1 \u010depel<\/p>\n<p>Heretic Knives Cleric II je dvoj\u010dinn\u00fd p\u0159edn\u00ed automat s vysoce kvalitn\u00edm st\u0159ihem a povrchovou \u00fapravou a super hladkou akc\u00ed D\/A OTF! Je vybaven p\u0159edn\u00edm posuvn\u00fdm krytem pro snadn\u00e9 ovl\u00e1d\u00e1n\u00ed. Jeden z nejdel\u0161\u00edch dvoj\u010dinn\u00fdch no\u017e\u016f OTF ve v\u00fdrob\u011b a siln\u00fd konkurent star\u00e9 Microtech Makora II, to ur\u010dit\u011b pot\u011b\u0161\u00ed. Kompletn\u00ed s fr\u00e9zovanou titanovou kapesn\u00ed sponou na roller.<\/p>\n<p>Tento zak\u00e1zkov\u00fd model m\u00e1 \u010dernou rukoje\u0165 s tu\u010dn\u00fdmi karbonov\u011b st\u0159\u00edbrn\u00fdmi vlo\u017ekami z had\u00ed k\u016f\u017ee. Baker Forge Dama\u0161kov\u00e1 \u010depel d\u00fdky s dvojit\u00fdm ost\u0159\u00edm. Na bo\u010dn\u00ed stran\u011b r\u00e1mu je vyleptan\u00e9 logo Heretic, informace o modelu a s\u00e9riov\u00e9 \u010d\u00edslo. Limitovan\u00e1 edice modelu z Blade Show 2023. Zcela nov\u00fd v krabici s pouzdrem a COA.<\/p>\n<p>Zem\u011b p\u016fvodu: USA<br \/>\nDatum p\u016fvodu: 2023<br \/>\nStav: Zcela nov\u00fd<br \/>\nMateri\u00e1l rukojeti: Uhl\u00edk<br \/>\nMateri\u00e1l \u010depele: Dama\u0161ek<br \/>\nStyl \u010depele: D\u00fdka s dvojitou hranou<br \/>\nPovrchov\u00e1 \u00faprava \u010depele: Baker Forge Dama\u0161ek<br \/>\nTyp okraje: Standard<br \/>\nModel\/Vzor: klerik II<br \/>\nTyp no\u017ee: Dvoj\u010dinn\u00e9 automatick\u00e9 OTF<br \/>\nTyp z\u00e1mku: Vp\u0159edu<br \/>\nD\u00e9lka \u010depele: <span id=\"cwos\" class=\"qv3Wpe\">10.62<\/span> cm<br \/>\nD\u00e9lka rukojeti: <span id=\"cwos\" class=\"qv3Wpe\">13.62<\/span> cm<br \/>\nCelkov\u00e1 d\u00e9lka: 25 cm<br \/>\nHmotnost: 4 unce<\/p>\n<p>&nbsp;<\/p>\n<p>&nbsp;<\/p>\n<p><iframe title=\"Heretic Shop Video\" width=\"800\" height=\"450\" src=\"https:\/\/www.youtube.com\/embed\/7qUL5q7Cvgo?feature=oembed\" frameborder=\"0\" allow=\"accelerometer; autoplay; clipboard-write; encrypted-media; gyroscope; picture-in-picture; web-share\" referrerpolicy=\"strict-origin-when-cross-origin\" allowfullscreen><\/iframe><\/p>\n<p>&nbsp;<\/p>\n","protected":false},"excerpt":{"rendered":"<p><strong>Heretic Knives Cleric II je dvoj\u010dinn\u00fd p\u0159edn\u00ed automat s vysoce kvalitn\u00edm st\u0159ihem a povrchovou \u00fapravou a super hladkou akc\u00ed D\/A OTF!<\/strong><\/p>\n","protected":false},"featured_media":253382,"comment_status":"open","ping_status":"closed","template":"","meta":[],"pwb-brand":[318],"product_brand":[],"product_cat":[2019,17],"product_tag":[3667],"class_list":{"0":"post-253381","1":"product","2":"type-product","3":"status-publish","4":"has-post-thumbnail","6":"pwb-brand-heretic-knives","7":"product_cat-vystrelovaci-noze","8":"product_cat-noze","9":"product_tag-b2b","11":"first","12":"outofstock","13":"taxable","14":"shipping-taxable","15":"purchasable","16":"product-type-simple"},"brands":[{"id":318,"name":"Heretic Knives","slug":"heretic-knives"}],"_links":{"self":[{"href":"https:\/\/www.moskito.cz\/it\/wp-json\/wp\/v2\/product\/253381","targetHints":{"allow":["GET"]}}],"collection":[{"href":"https:\/\/www.moskito.cz\/it\/wp-json\/wp\/v2\/product"}],"about":[{"href":"https:\/\/www.moskito.cz\/it\/wp-json\/wp\/v2\/types\/product"}],"replies":[{"embeddable":true,"href":"https:\/\/www.moskito.cz\/it\/wp-json\/wp\/v2\/comments?post=253381"}],"wp:featuredmedia":[{"embeddable":true,"href":"https:\/\/www.moskito.cz\/it\/wp-json\/wp\/v2\/media\/253382"}],"wp:attachment":[{"href":"https:\/\/www.moskito.cz\/it\/wp-json\/wp\/v2\/media?parent=253381"}],"wp:term":[{"taxonomy":"pwb-brand","embeddable":true,"href":"https:\/\/www.moskito.cz\/it\/wp-json\/wp\/v2\/pwb-brand?post=253381"},{"taxonomy":"product_brand","embeddable":true,"href":"https:\/\/www.moskito.cz\/it\/wp-json\/wp\/v2\/product_brand?post=253381"},{"taxonomy":"product_cat","embeddable":true,"href":"https:\/\/www.moskito.cz\/it\/wp-json\/wp\/v2\/product_cat?post=253381"},{"taxonomy":"product_tag","embeddable":true,"href":"https:\/\/www.moskito.cz\/it\/wp-json\/wp\/v2\/product_tag?post=253381"}],"curies":[{"name":"wp","href":"https:\/\/api.w.org\/{rel}","templated":true}]}}