{"id":253421,"date":"2023-07-09T19:55:16","date_gmt":"2023-07-09T18:55:16","guid":{"rendered":"https:\/\/www.moskito.cz\/?post_type=product&#038;p=253421"},"modified":"2026-01-04T10:15:54","modified_gmt":"2026-01-04T09:15:54","slug":"zaviraci-nuz-spyderco-native-chief-c244gp","status":"publish","type":"product","link":"https:\/\/www.moskito.cz\/it\/produkt\/zaviraci-nuz-spyderco-native-chief-c244gp\/","title":{"rendered":"Zav\u00edrac\u00ed N\u016f\u017e Spyderco Native Chief C244GP"},"content":{"rendered":"<h2 data-start=\"187\" data-end=\"239\">\ud83d\udde1\ufe0f Zav\u00edrac\u00ed n\u016f\u017e <strong data-start=\"207\" data-end=\"239\">Spyderco Native Chief C244GP<\/strong><\/h2>\n<h3 data-start=\"241\" data-end=\"280\">V\u00fdrazn\u00fd, siln\u00fd a p\u0159ipraven\u00fd k akci.<\/h3>\n<p data-start=\"282\" data-end=\"582\">Spyderco <strong data-start=\"291\" data-end=\"314\">Native Chief C244GP<\/strong> je robustn\u00ed a precizn\u00ed zav\u00edrac\u00ed n\u016f\u017e, kter\u00fd spojuje <strong data-start=\"366\" data-end=\"411\">klasickou konstrukci s modern\u00ed funk\u010dnost\u00ed<\/strong>.<br data-start=\"412\" data-end=\"415\" \/>S del\u0161\u00ed \u010depel\u00ed, silnou geometri\u00ed a ergonomicky tvarovanou rukojet\u00ed je ide\u00e1ln\u00ed pro u\u017eivatele, kte\u0159\u00ed cht\u011bj\u00ed <strong data-start=\"521\" data-end=\"581\">n\u00e1stroj p\u0159ipraven\u00fd na n\u00e1ro\u010dn\u011bj\u0161\u00ed \u0159ezy i ka\u017edodenn\u00ed \u00fakoly<\/strong>.<\/p>\n<p data-start=\"584\" data-end=\"756\">Jakmile otev\u0159e\u0161 \u010depel charakteristick\u00fdm kruhov\u00fdm otvorem Spyderco a zajist\u00ed\u0161 ji spolehliv\u00fdm <strong data-start=\"676\" data-end=\"691\">Back Lockem<\/strong>, poc\u00edt\u00ed\u0161 jistotu a kontrolu, kterou u no\u017ee tohoto typu o\u010dek\u00e1v\u00e1\u0161.<\/p>\n<hr data-start=\"758\" data-end=\"761\" \/>\n<h3 data-start=\"763\" data-end=\"788\">Charakter a filozofie<\/h3>\n<p data-start=\"790\" data-end=\"1113\">Native Chief je navr\u017een jako <strong data-start=\"819\" data-end=\"864\">v\u00fdkonn\u011bj\u0161\u00ed verze klasick\u00e9ho Native modelu<\/strong> \u2014 s v\u011bt\u0161\u00ed \u010depel\u00ed, vy\u0161\u0161\u00ed stabilitou a komfortem p\u0159i v\u011bt\u0161\u00edch \u00fakonech.<br data-start=\"932\" data-end=\"935\" \/>Tento model je ide\u00e1ln\u00ed pro ty, kte\u0159\u00ed cht\u011bj\u00ed <strong data-start=\"979\" data-end=\"1023\">pevnost, v\u0161estrannost a spolehliv\u00fd v\u00fdkon<\/strong> i v n\u00e1ro\u010dn\u011bj\u0161\u00edch situac\u00edch: outdoor, pr\u00e1ce s materi\u00e1lem, ka\u017edodenn\u00ed \u00fakoly nebo cestov\u00e1n\u00ed.<\/p>\n<p data-start=\"1115\" data-end=\"1189\">Je to n\u016f\u017e, kter\u00fd <strong data-start=\"1132\" data-end=\"1188\">pracuje tam, kde men\u0161\u00ed no\u017ee za\u010d\u00ednaj\u00ed ztr\u00e1cet jistotu<\/strong>.<\/p>\n<hr data-start=\"1191\" data-end=\"1194\" \/>\n<h2 data-start=\"1196\" data-end=\"1211\">\ud83c\udfed O v\u00fdrobci<\/h2>\n<p data-start=\"1213\" data-end=\"1541\">Spyderco je zna\u010dka, kter\u00e1 dlouhodob\u011b ud\u00e1v\u00e1 standardy modern\u00edho no\u017e\u00ed\u0159stv\u00ed.<br data-start=\"1286\" data-end=\"1289\" \/>D\u00edky d\u016frazu na <strong data-start=\"1304\" data-end=\"1345\">ergonomii, inovace a praktick\u00fd design<\/strong> si jejich no\u017ee z\u00edskaly d\u016fv\u011bru profesion\u00e1l\u016f, outdoorov\u00fdch nad\u0161enc\u016f i b\u011b\u017en\u00fdch u\u017eivatel\u016f po cel\u00e9m sv\u011bt\u011b.<br data-start=\"1447\" data-end=\"1450\" \/>Native Chief je dal\u0161\u00edm p\u0159\u00edkladem toho, jak Spyderco spojuje <strong data-start=\"1510\" data-end=\"1540\">tradi\u010dn\u00ed v\u00fdkon s komfortem<\/strong>.<\/p>\n<hr data-start=\"1543\" data-end=\"1546\" \/>\n<h2 data-start=\"1548\" data-end=\"1575\">\u2699\ufe0f Technick\u00e9 specifikace<\/h2>\n<div class=\"TyagGW_tableContainer\">\n<div class=\"group TyagGW_tableWrapper flex w-fit flex-col-reverse\" tabindex=\"-1\">\n<table class=\"w-fit min-w-(--thread-content-width)\" data-start=\"1577\" data-end=\"2114\">\n<thead data-start=\"1577\" data-end=\"1599\">\n<tr data-start=\"1577\" data-end=\"1599\">\n<th data-start=\"1577\" data-end=\"1588\" data-col-size=\"sm\">Parametr<\/th>\n<th data-start=\"1588\" data-end=\"1599\" data-col-size=\"md\">Hodnota<\/th>\n<\/tr>\n<\/thead>\n<tbody data-start=\"1623\" data-end=\"2114\">\n<tr data-start=\"1623\" data-end=\"1658\">\n<td data-start=\"1623\" data-end=\"1639\" data-col-size=\"sm\">Celkov\u00e1 d\u00e9lka<\/td>\n<td data-start=\"1639\" data-end=\"1658\" data-col-size=\"md\">cca <strong data-start=\"1645\" data-end=\"1656\">23,5 cm<\/strong><\/td>\n<\/tr>\n<tr data-start=\"1659\" data-end=\"1693\">\n<td data-start=\"1659\" data-end=\"1674\" data-col-size=\"sm\">D\u00e9lka \u010depele<\/td>\n<td data-start=\"1674\" data-end=\"1693\" data-col-size=\"md\">cca <strong data-start=\"1680\" data-end=\"1691\">10,2 cm<\/strong><\/td>\n<\/tr>\n<tr data-start=\"1694\" data-end=\"1734\">\n<td data-start=\"1694\" data-end=\"1712\" data-col-size=\"sm\">Tlou\u0161\u0165ka \u010depele<\/td>\n<td data-start=\"1712\" data-end=\"1734\" data-col-size=\"md\">cca <strong data-start=\"1718\" data-end=\"1732\">3,3\u20133,8 mm<\/strong><\/td>\n<\/tr>\n<tr data-start=\"1735\" data-end=\"1794\">\n<td data-start=\"1735\" data-end=\"1753\" data-col-size=\"sm\">Materi\u00e1l \u010depele<\/td>\n<td data-start=\"1753\" data-end=\"1794\" data-col-size=\"md\"><strong data-start=\"1755\" data-end=\"1767\">CPM S30V<\/strong> \u2013 pr\u00e9miov\u00e1 nerezov\u00e1 ocel<\/td>\n<\/tr>\n<tr data-start=\"1795\" data-end=\"1832\">\n<td data-start=\"1795\" data-end=\"1811\" data-col-size=\"sm\">Tvrdost oceli<\/td>\n<td data-col-size=\"md\" data-start=\"1811\" data-end=\"1832\">cca <strong data-start=\"1817\" data-end=\"1830\">58\u201360 HRC<\/strong><\/td>\n<\/tr>\n<tr data-start=\"1833\" data-end=\"1865\">\n<td data-start=\"1833\" data-end=\"1847\" data-col-size=\"sm\">Tvar \u010depele<\/td>\n<td data-start=\"1847\" data-end=\"1865\" data-col-size=\"md\"><strong data-start=\"1849\" data-end=\"1863\">Drop-point<\/strong><\/td>\n<\/tr>\n<tr data-start=\"1866\" data-end=\"1891\">\n<td data-start=\"1866\" data-end=\"1882\" data-col-size=\"sm\">Povrch \u010depele<\/td>\n<td data-col-size=\"md\" data-start=\"1882\" data-end=\"1891\">Satin<\/td>\n<\/tr>\n<tr data-start=\"1892\" data-end=\"1923\">\n<td data-start=\"1892\" data-end=\"1902\" data-col-size=\"sm\">Rukoje\u0165<\/td>\n<td data-start=\"1902\" data-end=\"1923\" data-col-size=\"md\">FRN (texturovan\u00e1)<\/td>\n<\/tr>\n<tr data-start=\"1924\" data-end=\"1981\">\n<td data-start=\"1924\" data-end=\"1932\" data-col-size=\"sm\">Z\u00e1mek<\/td>\n<td data-start=\"1932\" data-end=\"1981\" data-col-size=\"md\"><strong data-start=\"1934\" data-end=\"1947\">Back Lock<\/strong> \u2013 bezpe\u010dn\u00fd mechanismus uzam\u010den\u00ed<\/td>\n<\/tr>\n<tr data-start=\"1982\" data-end=\"2020\">\n<td data-start=\"1982\" data-end=\"1994\" data-col-size=\"sm\">Otev\u00edr\u00e1n\u00ed<\/td>\n<td data-start=\"1994\" data-end=\"2020\" data-col-size=\"md\">Kruhov\u00fd otvor Spyderco<\/td>\n<\/tr>\n<tr data-start=\"2021\" data-end=\"2064\">\n<td data-start=\"2021\" data-end=\"2028\" data-col-size=\"sm\">Klip<\/td>\n<td data-col-size=\"md\" data-start=\"2028\" data-end=\"2064\">\u010cty\u0159polohov\u00fd \u2013 flexibiln\u00ed no\u0161en\u00ed<\/td>\n<\/tr>\n<tr data-start=\"2065\" data-end=\"2097\">\n<td data-start=\"2065\" data-end=\"2076\" data-col-size=\"sm\">Hmotnost<\/td>\n<td data-col-size=\"md\" data-start=\"2076\" data-end=\"2097\">cca <strong data-start=\"2082\" data-end=\"2095\">115\u2013125 g<\/strong><\/td>\n<\/tr>\n<tr data-start=\"2098\" data-end=\"2114\">\n<td data-start=\"2098\" data-end=\"2107\" data-col-size=\"sm\">V\u00fdroba<\/td>\n<td data-start=\"2107\" data-end=\"2114\" data-col-size=\"md\">USA<\/td>\n<\/tr>\n<\/tbody>\n<\/table>\n<\/div>\n<\/div>\n<hr data-start=\"2116\" data-end=\"2119\" \/>\n<h2 data-start=\"2121\" data-end=\"2139\">\u2705 Hlavn\u00ed v\u00fdhody<\/h2>\n<ul data-start=\"2141\" data-end=\"2510\">\n<li data-start=\"2141\" data-end=\"2214\">\n<p data-start=\"2143\" data-end=\"2214\"><strong data-start=\"2143\" data-end=\"2169\">Pr\u00e9miov\u00e1 ocel CPM S30V<\/strong> \u2013 dlouhotrvaj\u00edc\u00ed ostrost a vysok\u00e1 odolnost<\/p>\n<\/li>\n<li data-start=\"2215\" data-end=\"2277\">\n<p data-start=\"2217\" data-end=\"2277\"><strong data-start=\"2217\" data-end=\"2244\">V\u00fdrazn\u00e1, robustn\u00ed \u010depel<\/strong> \u2013 ide\u00e1ln\u00ed pro n\u00e1ro\u010dn\u011bj\u0161\u00ed \u00fakony<\/p>\n<\/li>\n<li data-start=\"2278\" data-end=\"2327\">\n<p data-start=\"2280\" data-end=\"2327\"><strong data-start=\"2280\" data-end=\"2293\">Back Lock<\/strong> \u2013 spolehliv\u00e9 uzam\u010den\u00ed p\u0159i pr\u00e1ci<\/p>\n<\/li>\n<li data-start=\"2328\" data-end=\"2395\">\n<p data-start=\"2330\" data-end=\"2395\"><strong data-start=\"2330\" data-end=\"2357\">Ergonomick\u00e1 rukoje\u0165 FRN<\/strong> \u2013 jist\u00fd \u00fachop i p\u0159i del\u0161\u00edch \u00fakonech<\/p>\n<\/li>\n<li data-start=\"2396\" data-end=\"2457\">\n<p data-start=\"2398\" data-end=\"2457\"><strong data-start=\"2398\" data-end=\"2424\">Kruhov\u00fd otvor Spyderco<\/strong> \u2013 rychl\u00e9 a intuitivn\u00ed otev\u0159en\u00ed<\/p>\n<\/li>\n<li data-start=\"2458\" data-end=\"2510\">\n<p data-start=\"2460\" data-end=\"2510\"><strong data-start=\"2460\" data-end=\"2481\">\u010cty\u0159polohov\u00fd klip<\/strong> \u2013 variabiln\u00ed mo\u017enosti no\u0161en\u00ed<\/p>\n<\/li>\n<\/ul>\n<hr data-start=\"2512\" data-end=\"2515\" \/>\n<h2 data-start=\"2517\" data-end=\"2536\">\u26a0\ufe0f Mo\u017en\u00e1 omezen\u00ed<\/h2>\n<ul data-start=\"2538\" data-end=\"2701\">\n<li data-start=\"2538\" data-end=\"2595\">\n<p data-start=\"2540\" data-end=\"2595\">V\u011bt\u0161\u00ed velikost nen\u00ed ide\u00e1ln\u00ed pro minimalistick\u00e9 no\u0161en\u00ed<\/p>\n<\/li>\n<li data-start=\"2596\" data-end=\"2651\">\n<p data-start=\"2598\" data-end=\"2651\">Vy\u0161\u0161\u00ed hmotnost m\u016f\u017ee b\u00fdt c\u00edtit p\u0159i celodenn\u00edm no\u0161en\u00ed<\/p>\n<\/li>\n<li data-start=\"2652\" data-end=\"2701\">\n<p data-start=\"2654\" data-end=\"2701\">Design klade d\u016fraz na funkci sp\u00ed\u0161e ne\u017e na dekor<\/p>\n<\/li>\n<\/ul>\n<hr data-start=\"2703\" data-end=\"2706\" \/>\n<h2 data-start=\"2708\" data-end=\"2728\">\ud83d\udee0\ufe0f \u00dadr\u017eba a p\u00e9\u010de<\/h2>\n<ul data-start=\"2730\" data-end=\"2977\">\n<li data-start=\"2730\" data-end=\"2781\">\n<p data-start=\"2732\" data-end=\"2781\">Po ka\u017ed\u00e9m pou\u017eit\u00ed \u010depel d\u016fkladn\u011b o\u010disti a osu\u0161\u00ed<\/p>\n<\/li>\n<li data-start=\"2782\" data-end=\"2819\">\n<p data-start=\"2784\" data-end=\"2819\">Rukoje\u0165 FRN \u010dist\u011b jemn\u00fdm had\u0159\u00edkem<\/p>\n<\/li>\n<li data-start=\"2820\" data-end=\"2879\">\n<p data-start=\"2822\" data-end=\"2879\">Vyh\u00fdbej se abrazivn\u00edm a agresivn\u00edm \u010distic\u00edm prost\u0159edk\u016fm<\/p>\n<\/li>\n<li data-start=\"2880\" data-end=\"2935\">\n<p data-start=\"2882\" data-end=\"2935\">Pivot a Back Lock pravideln\u011b proma\u017e vhodn\u00fdmi mazivy<\/p>\n<\/li>\n<li data-start=\"2936\" data-end=\"2977\">\n<p data-start=\"2938\" data-end=\"2977\">Skladuj v such\u00e9m prost\u0159ed\u00ed mimo vlhkost<\/p>\n<\/li>\n<\/ul>\n<hr data-start=\"2979\" data-end=\"2982\" \/>\n<h2 data-start=\"2984\" data-end=\"3020\">\ud83d\udd2a Pro udr\u017een\u00ed ost\u0159\u00ed doporu\u010dujeme<\/h2>\n<p data-start=\"3022\" data-end=\"3136\">Pro zachov\u00e1n\u00ed maxim\u00e1ln\u00ed ostrosti \u010depele <strong data-start=\"3062\" data-end=\"3074\">CPM S30V<\/strong> doporu\u010dujeme kvalitn\u00ed syst\u00e9m brou\u0161en\u00ed ur\u010den\u00fd pro tvrd\u00e1 ost\u0159\u00ed.<\/p>\n<p data-start=\"3138\" data-end=\"3241\">Ide\u00e1ln\u00ed volbou je <strong data-start=\"3156\" data-end=\"3222\">Spyderco Tri-Angle Sharpmaker Complete Sharpening System 204MF<\/strong>, kter\u00fd umo\u017e\u0148uje:<\/p>\n<ul data-start=\"3242\" data-end=\"3391\">\n<li data-start=\"3242\" data-end=\"3285\">\n<p data-start=\"3244\" data-end=\"3285\"><strong data-start=\"3244\" data-end=\"3283\">p\u0159esn\u00e9 a konzistentn\u00ed \u00fahly brou\u0161en\u00ed<\/strong><\/p>\n<\/li>\n<li data-start=\"3286\" data-end=\"3339\">\n<p data-start=\"3288\" data-end=\"3339\"><strong data-start=\"3288\" data-end=\"3337\">\u0161etrnou \u00fadr\u017ebu bez zbyte\u010dn\u00e9ho \u00fab\u011bru materi\u00e1lu<\/strong><\/p>\n<\/li>\n<li data-start=\"3340\" data-end=\"3391\">\n<p data-start=\"3342\" data-end=\"3391\"><strong data-start=\"3342\" data-end=\"3391\">bezpe\u010dn\u00e9 pou\u017eit\u00ed i bez p\u0159edchoz\u00edch zku\u0161enost\u00ed<\/strong><\/p>\n<\/li>\n<\/ul>\n<p data-start=\"3393\" data-end=\"3438\">\ud83d\uded2 <strong data-start=\"3396\" data-end=\"3438\">Zakoup\u00edte na na\u0161ich str\u00e1nk\u00e1ch Moskito.<\/strong><\/p>\n<hr data-start=\"3440\" data-end=\"3443\" \/>\n<h2 data-start=\"3445\" data-end=\"3465\">\ud83c\udfaf Doporu\u010deno pro<\/h2>\n<ul data-start=\"3467\" data-end=\"3649\">\n<li data-start=\"3467\" data-end=\"3504\">\n<p data-start=\"3469\" data-end=\"3504\">Outdoorov\u00e9 nad\u0161ence a cestovatele<\/p>\n<\/li>\n<li data-start=\"3505\" data-end=\"3566\">\n<p data-start=\"3507\" data-end=\"3566\">U\u017eivatel\u00e9, kte\u0159\u00ed pot\u0159ebuj\u00ed <strong data-start=\"3534\" data-end=\"3564\">pevn\u011bj\u0161\u00ed a stabiln\u011bj\u0161\u00ed n\u016f\u017e<\/strong><\/p>\n<\/li>\n<li data-start=\"3567\" data-end=\"3604\">\n<p data-start=\"3569\" data-end=\"3604\">Ka\u017edodenn\u00ed no\u0161en\u00ed i n\u00e1ro\u010dn\u00e9 \u00fakoly<\/p>\n<\/li>\n<li data-start=\"3605\" data-end=\"3649\">\n<p data-start=\"3607\" data-end=\"3649\">Fanou\u0161ci funk\u010dn\u00edho a ergonomick\u00e9ho designu<\/p>\n<\/li>\n<\/ul>\n<hr data-start=\"3651\" data-end=\"3654\" \/>\n<h2 data-start=\"3656\" data-end=\"3680\">\u2b50 Z\u00e1v\u011bre\u010dn\u00e9 hodnocen\u00ed<\/h2>\n<p data-start=\"3682\" data-end=\"3937\">Spyderco <strong data-start=\"3691\" data-end=\"3714\">Native Chief C244GP<\/strong> je <strong data-start=\"3718\" data-end=\"3768\">robustn\u00ed, spolehliv\u00fd a v\u0161estrann\u00fd zav\u00edrac\u00ed n\u016f\u017e<\/strong>, kter\u00fd zvl\u00e1dne jak b\u011b\u017en\u00e9 \u00fakoly, tak n\u00e1ro\u010dn\u011bj\u0161\u00ed situace.<br data-start=\"3824\" data-end=\"3827\" \/>Je to n\u00e1stroj, kter\u00fd <strong data-start=\"3848\" data-end=\"3937\">funguje tam, kde men\u0161\u00ed no\u017ee selh\u00e1vaj\u00ed, a p\u0159in\u00e1\u0161\u00ed v\u00fdkon, na kter\u00fd se m\u016f\u017ee\u0161 spolehnout.<\/strong><\/p>\n<p data-start=\"3939\" data-end=\"3982\"><strong data-start=\"3939\" data-end=\"3982\">Native Chief \u2013 s\u00edla, kter\u00e1 t\u011b nezklame.<\/strong><\/p>\n","protected":false},"excerpt":{"rendered":"<p data-start=\"3682\" data-end=\"3937\"><strong>Spyderco Native Chief C244GP je robustn\u00ed, spolehliv\u00fd a v\u0161estrann\u00fd zav\u00edrac\u00ed n\u016f\u017e, kter\u00fd zvl\u00e1dne jak b\u011b\u017en\u00e9 \u00fakoly, tak n\u00e1ro\u010dn\u011bj\u0161\u00ed situace.<\/strong><br data-start=\"3824\" data-end=\"3827\" \/><strong>Je to n\u00e1stroj, kter\u00fd funguje tam, kde men\u0161\u00ed no\u017ee selh\u00e1vaj\u00ed, a p\u0159in\u00e1\u0161\u00ed v\u00fdkon, na kter\u00fd se m\u016f\u017ee\u0161 spolehnout.<\/strong><\/p>\n<p data-start=\"3939\" data-end=\"3982\"><strong data-start=\"3939\" data-end=\"3982\">Native Chief \u2013 s\u00edla, kter\u00e1 t\u011b nezklame.<\/strong><\/p>\n<p data-start=\"3939\" data-end=\"3982\"><strong>Doprava zdarma.<\/strong><\/p>\n","protected":false},"featured_media":253422,"comment_status":"open","ping_status":"closed","template":"","meta":[],"pwb-brand":[567],"product_brand":[],"product_cat":[22,17],"product_tag":[3667],"class_list":{"0":"post-253421","1":"product","2":"type-product","3":"status-publish","4":"has-post-thumbnail","6":"pwb-brand-spyderco","7":"product_cat-zaviraci-noze","8":"product_cat-noze","9":"product_tag-b2b","11":"first","12":"instock","13":"taxable","14":"shipping-taxable","15":"purchasable","16":"product-type-simple"},"brands":[{"id":567,"name":"Spyderco","slug":"spyderco"}],"_links":{"self":[{"href":"https:\/\/www.moskito.cz\/it\/wp-json\/wp\/v2\/product\/253421","targetHints":{"allow":["GET"]}}],"collection":[{"href":"https:\/\/www.moskito.cz\/it\/wp-json\/wp\/v2\/product"}],"about":[{"href":"https:\/\/www.moskito.cz\/it\/wp-json\/wp\/v2\/types\/product"}],"replies":[{"embeddable":true,"href":"https:\/\/www.moskito.cz\/it\/wp-json\/wp\/v2\/comments?post=253421"}],"wp:featuredmedia":[{"embeddable":true,"href":"https:\/\/www.moskito.cz\/it\/wp-json\/wp\/v2\/media\/253422"}],"wp:attachment":[{"href":"https:\/\/www.moskito.cz\/it\/wp-json\/wp\/v2\/media?parent=253421"}],"wp:term":[{"taxonomy":"pwb-brand","embeddable":true,"href":"https:\/\/www.moskito.cz\/it\/wp-json\/wp\/v2\/pwb-brand?post=253421"},{"taxonomy":"product_brand","embeddable":true,"href":"https:\/\/www.moskito.cz\/it\/wp-json\/wp\/v2\/product_brand?post=253421"},{"taxonomy":"product_cat","embeddable":true,"href":"https:\/\/www.moskito.cz\/it\/wp-json\/wp\/v2\/product_cat?post=253421"},{"taxonomy":"product_tag","embeddable":true,"href":"https:\/\/www.moskito.cz\/it\/wp-json\/wp\/v2\/product_tag?post=253421"}],"curies":[{"name":"wp","href":"https:\/\/api.w.org\/{rel}","templated":true}]}}