{"id":253436,"date":"2023-07-09T20:13:39","date_gmt":"2023-07-09T19:13:39","guid":{"rendered":"https:\/\/www.moskito.cz\/?post_type=product&#038;p=253436"},"modified":"2025-05-07T10:52:14","modified_gmt":"2025-05-07T09:52:14","slug":"zaviraci-nuz-spyderco-endela-lightweight-c243sbk","status":"publish","type":"product","link":"https:\/\/www.moskito.cz\/it\/produkt\/zaviraci-nuz-spyderco-endela-lightweight-c243sbk\/","title":{"rendered":"Zav\u00edrac\u00ed N\u016f\u017e Spyderco Endela Lightweight C243SBK"},"content":{"rendered":"<p>Zav\u00edrac\u00ed N\u016f\u017e <strong>Spyderco<\/strong> Endela Lightweight C243SBK<\/p>\n<p>Modely Delica a Endura spole\u010dnosti <strong>Spyderco<\/strong> jsou dva z nejpopul\u00e1rn\u011bj\u0161\u00edch a nejpou\u017e\u00edvan\u011bj\u0161\u00edch zav\u00edrac\u00edch no\u017e\u016f v historii. Tyto pr\u016fkopnick\u00e9 n\u00e1vrhy byly pr\u016fkopn\u00edkem konceptu lehk\u00e9ho, klipsov\u00e9ho, jednou rukou otev\u00edrac\u00edho zav\u00edrac\u00edho no\u017ee a byly n\u00e1pomocn\u00e9 p\u0159i zaveden\u00ed vst\u0159ikovan\u00e9ho nylonu vyztu\u017een\u00e9ho skeln\u00fdmi vl\u00e1kny (FRN) jako materi\u00e1lu rukojeti.<\/p>\n<p>Od sv\u00e9ho debutu v roce 1990 se Delica a Endura Lightweights neust\u00e1le vyv\u00edjely, aby dosp\u011bly k aktu\u00e1ln\u00ed \u010dtvrt\u00e9 generaci verz\u00ed. Tyto ikonick\u00e9 modely, kter\u00e9 jsou nyn\u00ed k dispozici v \u0161irok\u00e9 \u0161k\u00e1le ocel\u00ed \u010depel\u00ed, brus\u016f, konfigurac\u00ed ost\u0159\u00ed a barev rukojeti, jsou mnoh\u00fdmi pova\u017eov\u00e1ny za tak dokonal\u00e9, jak jen mohou b\u00fdt pracovn\u00ed no\u017ee. Ale pokud jde o no\u017ee, \u201edokonal\u00e9\u201c je v\u017edy v o\u010d\u00edch \u2013 a rukou \u2013 pozorovatele.<\/p>\n<p>Abych byl up\u0159\u00edmn\u00fd, opravdu neexistuje \u017e\u00e1dn\u00fd \u201euniverz\u00e1ln\u00ed\u201c n\u016f\u017e. Velikost a tvar ruky ka\u017ed\u00e9ho se m\u00edrn\u011b li\u0161\u00ed a ka\u017ed\u00fd z n\u00e1s m\u00e1 sv\u00e9 preferovan\u00e9 \u00fachopy a styl pr\u00e1ce. Podobn\u011b z\u00e1kony t\u00fdkaj\u00edc\u00ed se d\u00e9lky \u010depele v oblastech, kde \u017eijeme a cestujeme, mohou omezovat typy no\u017e\u016f, kter\u00e9 nos\u00edme. A kdy\u017e se do toho pust\u00edte, pro n\u011bkter\u00e9 lidi se m\u016f\u017ee Delica jednodu\u0161e \u201ezdat\u201c trochu p\u0159\u00edli\u0161 mal\u00e1, zat\u00edmco Endura prost\u011b \u201ep\u0159ipad\u00e1\u201c trochu p\u0159\u00edli\u0161 velk\u00e1. To je v po\u0159\u00e1dku, proto\u017ee te\u010f je tu t\u0159et\u00ed mo\u017enost: Endela.<\/p>\n<p>Pe\u010dliv\u011b navr\u017een\u00e1 tak, aby doslova rozd\u011blila rozd\u00edl mezi nejprod\u00e1van\u011bj\u0161\u00edmi Endura 4 a Delica 4 Lightweights, Endela v\u011brn\u011b zachov\u00e1v\u00e1 v\u0161echny vysoce vyt\u0159\u00edben\u00e9, \u010dasem prov\u011b\u0159en\u00e9 vlastnosti ka\u017ed\u00e9ho z nich, ale v dokonal\u00e9 \u201emezi\u201c velikosti. Jeho sat\u00e9nov\u00e1 \u010depel je vyrobena z nerezov\u00e9 oceli VG10 a hrd\u011b m\u00e1 pln\u011b p\u0159\u00edstupn\u00fd kulat\u00fd otvor pro oboustrann\u00e9 otev\u00edr\u00e1n\u00ed jednou rukou. \u010cepel s pln\u00fdm ploch\u00fdm brou\u0161en\u00edm je k dispozici s PlainEdge nebo SpyderEdge a ob\u011b obsahuj\u00ed oblast dr\u00e1\u017ekov\u00e1n\u00ed (texturovan\u00e9 dr\u00e1\u017eky) hned za kulat\u00fdm otvorem pro pevn\u00fd n\u00e1kup palce b\u011bhem pou\u017e\u00edv\u00e1n\u00ed. Stejn\u011b jako jeho v\u011bt\u0161\u00ed a men\u0161\u00ed brat\u0159i je \u010depel Endela podporov\u00e1na robustn\u00edm zadn\u00edm z\u00e1mkov\u00fdm mechanismem, kter\u00fd obsahuje Boye Dent, kter\u00fd pom\u00e1h\u00e1 zabr\u00e1nit ne\u00famysln\u00e9mu uvoln\u011bn\u00ed z\u00e1mku.<\/p>\n<p>Rukoje\u0165 Endely obsahuje skeletonizovan\u00e9 vlo\u017eky z nerezov\u00e9 oceli zasazen\u00e9 do vst\u0159ikovan\u00fdch FRN stupnic. Vlo\u017eky zaji\u0161\u0165uj\u00ed p\u016fsobivou struktur\u00e1ln\u00ed pevnost a poskytuj\u00ed pevn\u00fd z\u00e1klad pro p\u0159ipevn\u011bn\u00ed \u010dty\u0159polohov\u00e9 spony p\u0159es\u00fdpac\u00edch hodin no\u017ee. Spona je zaji\u0161t\u011bna t\u0159emi \u0161rouby a umo\u017e\u0148uje no\u0161en\u00ed nakl\u00e1p\u011bn\u00edm a skl\u00e1p\u011bn\u00edm na lev\u00e9 i prav\u00e9 stran\u011b a spolu s dal\u0161\u00edmi funkcemi no\u017ee \u010din\u00ed v\u0161echny aspekty jeho no\u0161en\u00ed, nasazen\u00ed a ovl\u00e1d\u00e1n\u00ed zcela oboustrann\u00e9. Stupnice FRN spole\u010dnosti Endela zahrnuj\u00ed charakteristick\u00fd vzor Bi-Directional Texturing Spyderco pro vynikaj\u00edc\u00ed p\u0159ilnavost i v t\u011bch nejn\u00e1ro\u010dn\u011bj\u0161\u00edch podm\u00ednk\u00e1ch, zat\u00edmco jej\u00ed \u0161roubovan\u00e1 konstrukce a oto\u010dn\u00e9 podlo\u017eky s n\u00edzk\u00fdm t\u0159en\u00edm zaji\u0161\u0165uj\u00ed p\u0159esn\u00e9 tolerance a hladk\u00fd a spolehliv\u00fd provoz.<\/p>\n<p>Inaugura\u010dn\u00ed verze Endela obsahuje \u010dern\u00e9 stupnice FRN a v\u00fdb\u011br ze dvou konfigurac\u00ed hran. Stejn\u011b jako jeho p\u0159edch\u016fdci se v\u0161ak jist\u011b stane platformou pro mnoho dal\u0161\u00edch variac\u00ed p\u0159edv\u00e1d\u011bj\u00edc\u00edch r\u016fzn\u00e9 materi\u00e1ly \u010depele a rukojeti, barvy, povrchov\u00e9 \u00fapravy a dal\u0161\u00ed charakteristick\u00e9 rysy.<\/p>\n<p>Bez ohledu na to, jakou p\u0159esnou formu m\u00e1, jsme si jisti, \u017ee Endela se uk\u00e1\u017ee jako d\u016fstojn\u00fd spole\u010dn\u00edk Delica a Endura a hrd\u00e9 pokra\u010dov\u00e1n\u00ed jejich odkazu.<\/p>\n<p>Specifikace<br \/>\nD\u00e9lka \u010depele: 8.7 cm<br \/>\n\u0158ezn\u00e1 hrana: 7.6 cm<br \/>\nD\u00e9lka v zav\u0159en\u00e9m stavu: 11.9 cm<br \/>\nCelkov\u00e1 d\u00e9lka: 20.6 cm<br \/>\nTlou\u0161\u0165ka \u010depele: 0.3 cm<br \/>\nMateri\u00e1l \u010depele: VG10 Nerezov\u00e1 ocel<br \/>\nStyl \u010depele: Drop Point<br \/>\nBrou\u0161en\u00ed \u010depele: Pln\u011b ploch\u00e9<br \/>\nPovrchov\u00e1 \u00faprava \u010depele: sat\u00e9n<br \/>\nOst\u0159\u00ed \u010depele: Vroubkovan\u00e9<br \/>\nMateri\u00e1l rukojeti: Obousm\u011brn\u00e1 texturovan\u00e1 FRN<br \/>\nBarva rukojeti: \u010cern\u00e1<br \/>\nUzamykac\u00ed mechanismus: Lockback<br \/>\nKapesn\u00ed klip: Sklopen\u00ed nahoru\/dol\u016f, no\u0161en\u00ed vlevo\/vpravo<br \/>\n\u010c\u00edslo modelu: C243SBK<br \/>\nN\u00e1zev modelu: Endela<br \/>\nHmotnost: 3,1 oz. (88 g)<br \/>\nVyrobeno v Japonsku<\/p>\n","protected":false},"excerpt":{"rendered":"<p><strong>Modely Delica a Endura spole\u010dnosti Spyderco jsou dva z nejpopul\u00e1rn\u011bj\u0161\u00edch a nejpou\u017e\u00edvan\u011bj\u0161\u00edch zav\u00edrac\u00edch no\u017e\u016f v historii.<\/strong><\/p>\n","protected":false},"featured_media":253437,"comment_status":"open","ping_status":"closed","template":"","meta":[],"pwb-brand":[567],"product_brand":[],"product_cat":[22,17],"product_tag":[3667],"class_list":{"0":"post-253436","1":"product","2":"type-product","3":"status-publish","4":"has-post-thumbnail","6":"pwb-brand-spyderco","7":"product_cat-zaviraci-noze","8":"product_cat-noze","9":"product_tag-b2b","11":"first","12":"instock","13":"taxable","14":"shipping-taxable","15":"purchasable","16":"product-type-simple"},"brands":[{"id":567,"name":"Spyderco","slug":"spyderco"}],"_links":{"self":[{"href":"https:\/\/www.moskito.cz\/it\/wp-json\/wp\/v2\/product\/253436","targetHints":{"allow":["GET"]}}],"collection":[{"href":"https:\/\/www.moskito.cz\/it\/wp-json\/wp\/v2\/product"}],"about":[{"href":"https:\/\/www.moskito.cz\/it\/wp-json\/wp\/v2\/types\/product"}],"replies":[{"embeddable":true,"href":"https:\/\/www.moskito.cz\/it\/wp-json\/wp\/v2\/comments?post=253436"}],"wp:featuredmedia":[{"embeddable":true,"href":"https:\/\/www.moskito.cz\/it\/wp-json\/wp\/v2\/media\/253437"}],"wp:attachment":[{"href":"https:\/\/www.moskito.cz\/it\/wp-json\/wp\/v2\/media?parent=253436"}],"wp:term":[{"taxonomy":"pwb-brand","embeddable":true,"href":"https:\/\/www.moskito.cz\/it\/wp-json\/wp\/v2\/pwb-brand?post=253436"},{"taxonomy":"product_brand","embeddable":true,"href":"https:\/\/www.moskito.cz\/it\/wp-json\/wp\/v2\/product_brand?post=253436"},{"taxonomy":"product_cat","embeddable":true,"href":"https:\/\/www.moskito.cz\/it\/wp-json\/wp\/v2\/product_cat?post=253436"},{"taxonomy":"product_tag","embeddable":true,"href":"https:\/\/www.moskito.cz\/it\/wp-json\/wp\/v2\/product_tag?post=253436"}],"curies":[{"name":"wp","href":"https:\/\/api.w.org\/{rel}","templated":true}]}}