{"id":253469,"date":"2023-07-09T20:53:03","date_gmt":"2023-07-09T19:53:03","guid":{"rendered":"https:\/\/www.moskito.cz\/?post_type=product&#038;p=253469"},"modified":"2025-05-07T10:52:15","modified_gmt":"2025-05-07T09:52:15","slug":"zaviraci-nuz-spyderco-kelly-mccann-canis-c248cfp","status":"publish","type":"product","link":"https:\/\/www.moskito.cz\/it\/produkt\/zaviraci-nuz-spyderco-kelly-mccann-canis-c248cfp\/","title":{"rendered":"Zav\u00edrac\u00ed N\u016f\u017e Spyderco Kelly McCann Canis C248CFP"},"content":{"rendered":"<p>Zav\u00edrac\u00ed N\u016f\u017e <strong>Spyderco<\/strong> Kelly McCann Canis C248CFP<\/p>\n<p>J. Kelly McCann je jedn\u00edm z p\u0159edn\u00edch sv\u011btov\u00fdch odborn\u00edk\u016f v oblasti boje proti terorismu, boje proti terorismu, boje zbl\u00edzka a v\u0161ech aspekt\u016f osobn\u00ed a podnikov\u00e9 bezpe\u010dnosti. S v\u00edce ne\u017e \u010dty\u0159mi desetilet\u00edmi opera\u010dn\u00edch a v\u00fdcvikov\u00fdch zku\u0161enost\u00ed v 65 zem\u00edch si vytvo\u0159il n\u011bkolik t\u011b\u017ece z\u00edskan\u00fdch n\u00e1zor\u016f na zbran\u011b a taktiku osobn\u00ed obrany. Tyto poznatky jsou z\u00e1kladem jeho designu Canis od <strong>Spyderco<\/strong>.<\/p>\n<p>Canis, pojmenovan\u00fd po rodu z pod\u010deledi Caninae, kter\u00fd zahrnuje vlky, psy, kojoty a \u0161akaly, je praktick\u00fd zav\u00edrac\u00ed n\u016f\u017e ur\u010den\u00fd pro \u0161irokou \u0161k\u00e1lu uplatn\u011bn\u00ed. I kdy\u017e byl navr\u017een tak, aby vynikal jako n\u00e1stroj osobn\u00ed ochrany, je stejn\u011b tak doma jako utilit\u00e1rn\u00ed slo\u017eka pro ka\u017edodenn\u00ed p\u0159en\u00e1\u0161en\u00ed. Ve skute\u010dnosti v mnoha ohledech p\u0159edstavuje jeho jedine\u010dn\u00fd design \u010depele obrovsk\u00fd skok vp\u0159ed ve funk\u010dnosti a s\u00edle.<\/p>\n<p>Stejn\u011b jako tradi\u010dn\u00ed Wharncliffe m\u00e1 neortodoxn\u00ed \u010depel Canis dokonale rovnou \u0159eznou hranu, kter\u00e1 umo\u017e\u0148uje \u0159ezat pln\u00fdm tlakem a\u017e do \u0161pi\u010dky. Na rozd\u00edl od konven\u010dn\u00edch Wharncliff\u016f jsou v\u0161ak prim\u00e1rn\u00ed \u00fakosy \u010depele Canis v\u00fdrazn\u011b u\u017e\u0161\u00ed. Toto jedine\u010dn\u00e9 brou\u0161en\u00ed sni\u017euje horn\u00ed \u010d\u00e1st \u00fakosu \u2013 kde se setk\u00e1v\u00e1 s plnou tlou\u0161\u0165kou \u010depele \u2013 tak\u017ee je bl\u00ed\u017ee k \u0159ezn\u00e9 hran\u011b. V\u00fdsledkem je tlust\u00fd, zes\u00edlen\u00fd hrot, kter\u00fd je podstatn\u011b pevn\u011bj\u0161\u00ed ne\u017e hroty v\u011bt\u0161iny \u010depel\u00ed Wharncliffe.<\/p>\n<p>Krat\u0161\u00ed \u00fakosy obvykle znamenaj\u00ed tlust\u0161\u00ed, m\u00e9n\u011b \u00fa\u010dinnou geometrii hran. Canis tuto v\u00fdzvu p\u0159ekon\u00e1v\u00e1 hlubok\u00fdmi, dut\u011b brou\u0161en\u00fdmi \u00fakosy, kter\u00e9 minimalizuj\u00ed tlou\u0161\u0165ku \u010depele \u201eza okrajem\u201c. P\u0159id\u00e1v\u00e1 tak\u00e9 swedge uprost\u0159ed \u010depele (nenaost\u0159en\u00fd \u00fakos), kter\u00fd sni\u017euje hmotnost \u010depele a sni\u017euje jej\u00ed t\u0159en\u00ed p\u0159i pr\u016fchodu \u0159ezan\u00fdm materi\u00e1lem \u2013 podobn\u011b jako pr\u016f\u0159ez ve tvaru diamantu japonsk\u00fdch samurajsk\u00fdch me\u010d\u016f. Synergie t\u011bchto konstruk\u010dn\u00edch prvk\u016f kombinuje vysoce v\u00fdkonnou geometrii \u010depele, v\u0161estrannost a \u0159eznou s\u00edlu profilu Wharncliffe a pevnostn\u00ed v\u00fdhody zes\u00edlen\u00e9ho hrotu.<\/p>\n<p>\u010cepel Canis je vyrobena z nerezov\u00e9 oceli CPM S30V a m\u00e1 tak\u00e9 pln\u011b p\u0159\u00edstupn\u00fd kulat\u00fd otvor s ochrannou zn\u00e1mkou, kter\u00fd poskytuje vynikaj\u00edc\u00ed p\u00e1ku pro rychl\u00e9 otev\u0159en\u00ed jednou rukou kteroukoli rukou. \u010c\u00e1st jimpingu (texturovan\u00e9 dr\u00e1\u017eky) nad otvorem tak\u00e9 p\u0159emos\u0165uje spojen\u00ed \u010depele a rukojeti, aby zajistila neklouzav\u00fd n\u00e1kup palce pro u\u017eivatele, kte\u0159\u00ed up\u0159ednost\u0148uj\u00ed \u0161avli.<\/p>\n<p>Pro zaji\u0161t\u011bn\u00ed maxim\u00e1ln\u00ed kontroly a pevn\u00e9ho \u00fachopu b\u011bhem pou\u017e\u00edv\u00e1n\u00ed je ergonomick\u00e1 rukoje\u0165 Canis roz\u0161\u00ed\u0159ena na obou konc\u00edch a uprost\u0159ed nab\u00edz\u00ed dla\u0148 vypl\u0148uj\u00edc\u00ed dla\u0148. Tento vysoce rafinovan\u00fd tvar \u201edr\u017e\u00ed\u201c ruku u\u017eivatele, zaji\u0161\u0165uje ji na m\u00edst\u011b a poskytuje vysoce funk\u010dn\u00ed integr\u00e1ln\u00ed ochranu. Peel-ply texturovan\u00e9 karbonov\u00e9 vl\u00e1kno\/lamin\u00e1tov\u00e9 \u0161upiny G-10 poskytuj\u00ed dodate\u010dnou trakci pro neklouzavou rukoje\u0165 a dod\u00e1vaj\u00ed no\u017ei \u00fa\u017easn\u00fd vzhled. Skeletonizovan\u00e9 vlo\u017eky z nerezov\u00e9 oceli poskytuj\u00ed vynikaj\u00edc\u00ed struktur\u00e1ln\u00ed pevnost a tvo\u0159\u00ed p\u00e1te\u0159 robustn\u00edho mechanismu Compression Lock. Vlo\u017eky jsou zasazeny do v\u00e1hy, aby byl Canis tenk\u00fd a vhodn\u00fd do kapsy, a spolupracuj\u00ed s konstrukc\u00ed no\u017ee s otev\u0159en\u00fdm h\u0159betem, aby se sn\u00ed\u017eila jeho celkov\u00e1 hmotnost a z\u00e1rove\u0148 se zjednodu\u0161ilo \u010di\u0161t\u011bn\u00ed a \u00fadr\u017eba.<\/p>\n<p>Aby byl Canis p\u0159ipraven pro okam\u017eit\u00fd p\u0159\u00edstup a podporoval v\u0161echny mo\u017en\u00e9 mo\u017enosti no\u0161en\u00ed a preference nasazen\u00ed, je vybaven univerz\u00e1ln\u00edm \u010dty\u0159polohov\u00fdm kapesn\u00edm klipem. Obsahuje tak\u00e9 velkoryse dimenzovan\u00fd lemovan\u00fd otvor pro \u0161\u0148\u016frku pro snadn\u00e9 p\u0159ipevn\u011bn\u00ed p\u0159\u00edv\u011bsk\u016f a bezpe\u010dnostn\u00edch \u0161\u0148\u016fr.<\/p>\n<p>Canis je skute\u010dn\u011b v\u00fdjime\u010dn\u00fd zav\u00edrac\u00ed n\u016f\u017e, kter\u00fd odr\u00e1\u017e\u00ed jedine\u010dn\u00e9 provozn\u00ed zku\u0161enosti Kellyho McCanna a jeho post\u0159ehy jako jednoho z nejuzn\u00e1van\u011bj\u0161\u00edch sv\u011btov\u00fdch tren\u00e9r\u016f boje zbl\u00edzka. Spyderco je nesm\u00edrn\u011b hrd\u00e9 na to, \u017ee na tomto designu spolupracovalo s McCannem, a jsou nad\u0161eni, \u017ee jej mohou p\u0159idat do sv\u00e9 produktov\u00e9 \u0159ady.<\/p>\n<p>Specifikace<br \/>\nD\u00e9lka \u010depele: 8.5 cm<br \/>\nD\u00e9lka v zav\u0159en\u00e9m stavu: 12 cm<br \/>\nCelkov\u00e1 d\u00e9lka: 20.4 cm<br \/>\nTlou\u0161\u0165ka \u010depele: 0.28 cm<br \/>\nMateri\u00e1l \u010depele: CPM-S30V Nerezov\u00e1 ocel<br \/>\nStyl \u010depele: Wharncliffe<br \/>\nBrou\u0161en\u00ed \u010depele: Dut\u00e9<br \/>\nPovrchov\u00e1 \u00faprava \u010depele: sat\u00e9n<br \/>\nOst\u0159\u00ed \u010depele: Hladk\u00e9<br \/>\nMateri\u00e1l rukojeti: Peel-Ply Carbon Fiber\/G10 Lamin\u00e1t<br \/>\nBarva rukojeti: \u010cern\u00e1<br \/>\nUzamykac\u00ed mechanismus: Kompresn\u00ed z\u00e1mek<br \/>\nKapesn\u00ed spona: Nerezov\u00e1 ocel (Tip-Up\/Down, Right\/Left carry)<br \/>\n\u010c\u00edslo modelu: C248CFP<br \/>\nN\u00e1zev modelu: Canis<br \/>\nDesign\u00e9r: Kelly McCann<br \/>\nHmotnost: 3,9 oz. (111 g)<\/p>\n","protected":false},"excerpt":{"rendered":"<p><strong>Canis, pojmenovan\u00fd po rodu z pod\u010deledi Caninae, kter\u00fd zahrnuje vlky, psy, kojoty a \u0161akaly, je praktick\u00fd zav\u00edrac\u00ed n\u016f\u017e ur\u010den\u00fd pro \u0161irokou \u0161k\u00e1lu uplatn\u011bn\u00ed.<\/strong><\/p>\n","protected":false},"featured_media":253470,"comment_status":"open","ping_status":"closed","template":"","meta":[],"pwb-brand":[567],"product_brand":[],"product_cat":[22,17],"product_tag":[3667],"class_list":{"0":"post-253469","1":"product","2":"type-product","3":"status-publish","4":"has-post-thumbnail","6":"pwb-brand-spyderco","7":"product_cat-zaviraci-noze","8":"product_cat-noze","9":"product_tag-b2b","11":"first","12":"instock","13":"taxable","14":"shipping-taxable","15":"purchasable","16":"product-type-simple"},"brands":[{"id":567,"name":"Spyderco","slug":"spyderco"}],"_links":{"self":[{"href":"https:\/\/www.moskito.cz\/it\/wp-json\/wp\/v2\/product\/253469","targetHints":{"allow":["GET"]}}],"collection":[{"href":"https:\/\/www.moskito.cz\/it\/wp-json\/wp\/v2\/product"}],"about":[{"href":"https:\/\/www.moskito.cz\/it\/wp-json\/wp\/v2\/types\/product"}],"replies":[{"embeddable":true,"href":"https:\/\/www.moskito.cz\/it\/wp-json\/wp\/v2\/comments?post=253469"}],"wp:featuredmedia":[{"embeddable":true,"href":"https:\/\/www.moskito.cz\/it\/wp-json\/wp\/v2\/media\/253470"}],"wp:attachment":[{"href":"https:\/\/www.moskito.cz\/it\/wp-json\/wp\/v2\/media?parent=253469"}],"wp:term":[{"taxonomy":"pwb-brand","embeddable":true,"href":"https:\/\/www.moskito.cz\/it\/wp-json\/wp\/v2\/pwb-brand?post=253469"},{"taxonomy":"product_brand","embeddable":true,"href":"https:\/\/www.moskito.cz\/it\/wp-json\/wp\/v2\/product_brand?post=253469"},{"taxonomy":"product_cat","embeddable":true,"href":"https:\/\/www.moskito.cz\/it\/wp-json\/wp\/v2\/product_cat?post=253469"},{"taxonomy":"product_tag","embeddable":true,"href":"https:\/\/www.moskito.cz\/it\/wp-json\/wp\/v2\/product_tag?post=253469"}],"curies":[{"name":"wp","href":"https:\/\/api.w.org\/{rel}","templated":true}]}}