{"id":253729,"date":"2023-07-12T12:48:50","date_gmt":"2023-07-12T11:48:50","guid":{"rendered":"https:\/\/www.moskito.cz\/?post_type=product&#038;p=253729"},"modified":"2025-12-01T22:55:21","modified_gmt":"2025-12-01T21:55:21","slug":"pevny-nuz-muela-3162","status":"publish","type":"product","link":"https:\/\/www.moskito.cz\/it\/produkt\/pevny-nuz-muela-3162\/","title":{"rendered":"Pevn\u00fd N\u016f\u017e Muela 3162"},"content":{"rendered":"<p>Pevn\u00fd N\u016f\u017e <strong>Muela<\/strong> 3162<\/p>\n<p>Pevn\u00fd N\u016f\u017e <strong>Muela<\/strong> je vhodn\u00fd do p\u0159\u00edrody na r\u016fzn\u00e9 outdoorov\u00e9 aktivity. Tento n\u016f\u017e lze pou\u017e\u00edt p\u0159i v\u0161ech druz\u00edch pr\u00e1ce, za v\u0161ech podm\u00ednek bez po\u0161kozen\u00ed. Sou\u010d\u00e1st\u00ed balen\u00ed je tak\u00e9 \u010dern\u00e9 ko\u017een\u00e9 pouzdro.<\/p>\n<p>\u010cepel &#8211; s upraven\u00fdm 3,6 milimetrov\u00fdm profilem Clip Point. Vyrobeno z nerezov\u00e9 oceli 420H se zv\u00fd\u0161en\u00fdm obsahem uhl\u00edku a vysokou r\u00e1zovou hou\u017eevnatost\u00ed, kaleno v rozmez\u00ed 54-58 HRC. \u010cepel je pokryta nereflexn\u00ed vrstvou Satin Finish (polomatn\u00fd), kter\u00e1 eliminuje odlesky. Hladk\u00e9 ost\u0159\u00ed (typ Plain), odvozen\u00e9 konk\u00e1vn\u00ed ost\u0159\u00ed (dut\u00e9 brou\u0161en\u00ed) zaji\u0161\u0165uj\u00ed dobr\u00e9 \u0159ezn\u00e9 vlastnosti. Ocel na obou stran\u00e1ch \u010depele, chr\u00e1n\u00ed ruku p\u0159ed uklouznut\u00edm p\u0159i pr\u00e1ci.<\/p>\n<p>Rukoje\u0165 &#8211; vroubkovan\u00fd ABS plastov\u00fd obklad v tmav\u011b zelen\u00e9 barv\u011b zakon\u010den\u00fd ocelovou pozlacenou hlavic\u00ed. Profilovan\u00e1 rukoje\u0165 poskytuje bezpe\u010dn\u00fd a bezpe\u010dn\u00fd \u00fachop. N\u016f\u017e velmi dob\u0159e padne do ruky, neklou\u017ee. N\u016f\u017e umo\u017e\u0148uje prov\u00e1d\u011bt p\u0159esn\u00e9 pohyby za v\u0161ech podm\u00ednek.<\/p>\n<p>Pouzdro z \u010dern\u00e9 k\u016f\u017ee. Zap\u00edn\u00e1n\u00ed na patentku, umo\u017e\u0148uje bezpe\u010dn\u00e9 p\u0159en\u00e1\u0161en\u00ed no\u017ee. Pochva byla na okraj\u00edch pro\u0161ita ozdobnou nit\u00ed, s vyra\u017een\u00fdm logem Muela Company. Pochva m\u00e1 upevn\u011bn\u00ed na opasek pro no\u0161en\u00ed no\u017ee ve svisl\u00e9 poloze.<\/p>\n<p>Technick\u00e9 specifikace:<br \/>\nProduktov\u00e9 \u010d\u00edslo: 3162<br \/>\nTyp oceli: 420H<br \/>\nD\u00e9lka \u010depele: 16 cm<br \/>\nTlou\u0161\u0165ka \u010depele: 0.36 cm<br \/>\nCelkov\u00e1 d\u00e9lka: 27.2 cm<br \/>\nHmotnost: 182 g \/ 7,17 oz<br \/>\nTyp b\u0159itu: Hladk\u00fd<br \/>\nTyp \u010depele: Konk\u00e1vn\u00ed<br \/>\nTyp rukojeti: ABS<br \/>\nPochva: K\u016f\u017ee<br \/>\nV\u00fdrobce: Muela, \u0160pan\u011blsko<\/p>\n<p>&nbsp;<\/p>\n","protected":false},"excerpt":{"rendered":"<p><strong>Tento n\u016f\u017e se bude skv\u011ble hodit na v\u00fdlety mimo m\u011bsto i na kempov\u00e1n\u00ed a poslou\u017e\u00ed jako n\u016f\u017e pro p\u0159e\u017eit\u00ed i jako loveck\u00fd n\u016f\u017e. Tuto pevnou \u010depel lze pou\u017e\u00edt p\u0159i v\u0161ech druz\u00edch pr\u00e1ce, za v\u0161ech podm\u00ednek bez po\u0161kozen\u00ed.<\/strong><\/p>\n","protected":false},"featured_media":253730,"comment_status":"open","ping_status":"closed","template":"","meta":[],"pwb-brand":[191],"product_brand":[],"product_cat":[23,17],"product_tag":[3667],"class_list":{"0":"post-253729","1":"product","2":"type-product","3":"status-publish","4":"has-post-thumbnail","6":"pwb-brand-muela","7":"product_cat-pevne-noze","8":"product_cat-noze","9":"product_tag-b2b","11":"first","12":"outofstock","13":"taxable","14":"shipping-taxable","15":"purchasable","16":"product-type-simple"},"brands":[{"id":191,"name":"Muela","slug":"muela"}],"_links":{"self":[{"href":"https:\/\/www.moskito.cz\/it\/wp-json\/wp\/v2\/product\/253729","targetHints":{"allow":["GET"]}}],"collection":[{"href":"https:\/\/www.moskito.cz\/it\/wp-json\/wp\/v2\/product"}],"about":[{"href":"https:\/\/www.moskito.cz\/it\/wp-json\/wp\/v2\/types\/product"}],"replies":[{"embeddable":true,"href":"https:\/\/www.moskito.cz\/it\/wp-json\/wp\/v2\/comments?post=253729"}],"wp:featuredmedia":[{"embeddable":true,"href":"https:\/\/www.moskito.cz\/it\/wp-json\/wp\/v2\/media\/253730"}],"wp:attachment":[{"href":"https:\/\/www.moskito.cz\/it\/wp-json\/wp\/v2\/media?parent=253729"}],"wp:term":[{"taxonomy":"pwb-brand","embeddable":true,"href":"https:\/\/www.moskito.cz\/it\/wp-json\/wp\/v2\/pwb-brand?post=253729"},{"taxonomy":"product_brand","embeddable":true,"href":"https:\/\/www.moskito.cz\/it\/wp-json\/wp\/v2\/product_brand?post=253729"},{"taxonomy":"product_cat","embeddable":true,"href":"https:\/\/www.moskito.cz\/it\/wp-json\/wp\/v2\/product_cat?post=253729"},{"taxonomy":"product_tag","embeddable":true,"href":"https:\/\/www.moskito.cz\/it\/wp-json\/wp\/v2\/product_tag?post=253729"}],"curies":[{"name":"wp","href":"https:\/\/api.w.org\/{rel}","templated":true}]}}