{"id":253825,"date":"2023-07-12T14:58:39","date_gmt":"2023-07-12T13:58:39","guid":{"rendered":"https:\/\/www.moskito.cz\/?post_type=product&#038;p=253825"},"modified":"2025-05-07T10:52:22","modified_gmt":"2025-05-07T09:52:22","slug":"pevny-nuz-muela-typhoon-15n","status":"publish","type":"product","link":"https:\/\/www.moskito.cz\/it\/produkt\/pevny-nuz-muela-typhoon-15n\/","title":{"rendered":"Pevn\u00fd N\u016f\u017e Muela Typhoon-15N"},"content":{"rendered":"<p>Pevn\u00fd N\u016f\u017e <strong>Muela<\/strong> Typhoon-15N<\/p>\n<p>Zna\u010dka Muela je absolutn\u00ed \u0161pi\u010dkou mezi \u0161pan\u011blsk\u00fdmi v\u00fdrobci no\u017e\u016f. Jejich no\u017ee se prod\u00e1vaj\u00ed ve v\u00edce ne\u017e 100 zem\u00edch sv\u011bta. Nab\u00edzej\u00ed stovky r\u016fzn\u00fdch model\u016f no\u017e\u016f. Muela je spole\u010dnost s tradic\u00ed a zku\u0161enostmi, kterou budovalo sedm generac\u00ed. No\u017ee se vyzna\u010duj\u00ed dokonal\u00fdm designem, vynikaj\u00edc\u00edm v\u00fdkonem a tak\u00e9 vysokou kvalitou. Firmu Muela zalo\u017eil Eladio Muela Leon povzbuzen sv\u00fdm velk\u00fdm \u00fasp\u011bchem, kter\u00e9ho dos\u00e1hl vytvo\u0159en\u00edm ru\u010dn\u011b vyr\u00e1b\u011bn\u00e9ho zav\u00edrac\u00edho no\u017ee s 38 d\u00edly. N\u011bme\u010dt\u00ed in\u017een\u00fd\u0159i, se kter\u00fdmi Eladio spolupracoval, p\u0159isp\u011bli k \u00fasp\u011bchu firmy Muela. V sou\u010dasnosti se na nejmodern\u011bj\u0161\u00edch stroj\u00edch a syst\u00e9mech ro\u010dn\u011b vyrob\u00ed kolem 350 000 no\u017e\u016f. Od sv\u00e9ho vzniku je tato firma symbolem luxusn\u00edch, sportovn\u00edch, taktick\u00fdch no\u017e\u016f a zav\u00edrac\u00edch loveck\u00fdch no\u017e\u016f. No\u017ee Muela jsou ve sv\u011bt\u011b vysoce cen\u011bny pro svou vynikaj\u00edc\u00ed kvalitu.<\/p>\n<p>Materi\u00e1l \u010depele: 440<br \/>\nMateri\u00e1l rukojeti: Micarta<br \/>\nMateri\u00e1l pouzdra: Ko\u017een\u00e9<br \/>\nD\u00e9lka \u010depele: 15 cm<br \/>\nCelkov\u00e1 d\u00e9lka: 28.5 cm<br \/>\nD\u00e9lka rukojeti: 13.5 cm<br \/>\nHmotnost: 290 g<\/p>\n<p>&nbsp;<\/p>\n","protected":false},"excerpt":{"rendered":"<p><strong>Zna\u010dka Muela je absolutn\u00ed \u0161pi\u010dkou mezi \u0161pan\u011blsk\u00fdmi v\u00fdrobci no\u017e\u016f. Jejich no\u017ee se prod\u00e1vaj\u00ed ve v\u00edce ne\u017e 100 zem\u00edch sv\u011bta.<\/strong><\/p>\n","protected":false},"featured_media":253829,"comment_status":"open","ping_status":"closed","template":"","meta":[],"pwb-brand":[191],"product_brand":[],"product_cat":[23,17],"product_tag":[3667],"class_list":{"0":"post-253825","1":"product","2":"type-product","3":"status-publish","4":"has-post-thumbnail","6":"pwb-brand-muela","7":"product_cat-pevne-noze","8":"product_cat-noze","9":"product_tag-b2b","11":"first","12":"instock","13":"taxable","14":"shipping-taxable","15":"purchasable","16":"product-type-simple"},"brands":[{"id":191,"name":"Muela","slug":"muela"}],"_links":{"self":[{"href":"https:\/\/www.moskito.cz\/it\/wp-json\/wp\/v2\/product\/253825","targetHints":{"allow":["GET"]}}],"collection":[{"href":"https:\/\/www.moskito.cz\/it\/wp-json\/wp\/v2\/product"}],"about":[{"href":"https:\/\/www.moskito.cz\/it\/wp-json\/wp\/v2\/types\/product"}],"replies":[{"embeddable":true,"href":"https:\/\/www.moskito.cz\/it\/wp-json\/wp\/v2\/comments?post=253825"}],"wp:featuredmedia":[{"embeddable":true,"href":"https:\/\/www.moskito.cz\/it\/wp-json\/wp\/v2\/media\/253829"}],"wp:attachment":[{"href":"https:\/\/www.moskito.cz\/it\/wp-json\/wp\/v2\/media?parent=253825"}],"wp:term":[{"taxonomy":"pwb-brand","embeddable":true,"href":"https:\/\/www.moskito.cz\/it\/wp-json\/wp\/v2\/pwb-brand?post=253825"},{"taxonomy":"product_brand","embeddable":true,"href":"https:\/\/www.moskito.cz\/it\/wp-json\/wp\/v2\/product_brand?post=253825"},{"taxonomy":"product_cat","embeddable":true,"href":"https:\/\/www.moskito.cz\/it\/wp-json\/wp\/v2\/product_cat?post=253825"},{"taxonomy":"product_tag","embeddable":true,"href":"https:\/\/www.moskito.cz\/it\/wp-json\/wp\/v2\/product_tag?post=253825"}],"curies":[{"name":"wp","href":"https:\/\/api.w.org\/{rel}","templated":true}]}}