{"id":254330,"date":"2023-07-17T21:10:33","date_gmt":"2023-07-17T20:10:33","guid":{"rendered":"https:\/\/www.moskito.cz\/?post_type=product&#038;p=254330"},"modified":"2025-05-07T10:52:34","modified_gmt":"2025-05-07T09:52:34","slug":"pevny-nuz-rockstead-don-zdp-mirror-blade-ironwood-handle","status":"publish","type":"product","link":"https:\/\/www.moskito.cz\/it\/produkt\/pevny-nuz-rockstead-don-zdp-mirror-blade-ironwood-handle\/","title":{"rendered":"Pevn\u00fd N\u016f\u017e Rockstead DON-ZDP Mirror Blade Ironwood Handle"},"content":{"rendered":"<p>Pevn\u00fd N\u016f\u017e <strong>Rockstead<\/strong> DON-ZDP Mirror Blade Ironwood Handle<\/p>\n<p>Toto je jedna z vlajkov\u00fdch lod\u00ed pevn\u00fdch \u010depel\u00ed od<strong> Rockstead<\/strong>. DON-ZDP se m\u016f\u017ee pochlubit 5,56&#8243; ZDP-189 pl\u00e1tovanou ocel\u00ed VG10, zrcadlov\u011b upravenou \u010depel\u00ed s rukojet\u00ed z \u017eelezn\u00e9ho d\u0159eva. Zrcadlov\u00e9 \u00fapravy je dosa\u017eeno tepeln\u00fdm zpracov\u00e1n\u00edm \u010depele a postupn\u00fdm ru\u010dn\u00edm brou\u0161en\u00edm o zrnitosti 400, 600, 800, 1 200 a 2 000 mokro-such\u00fd brusn\u00fd pap\u00edr. No\u017ee Rockstead jsou neuv\u011b\u0159iteln\u011b ostr\u00e9 a p\u0159i dostate\u010dn\u00e9 s\u00edle tento n\u016f\u017e pro\u0159\u00edzne telefonn\u00ed seznam jako m\u00e1slo. Je to velmi intenzivn\u00ed a \u010dasov\u011b n\u00e1ro\u010dn\u00e9, proto\u017ee pokud by b\u011bhem tohoto procesu do\u0161lo k jak\u00e9mukoli po\u0161kr\u00e1b\u00e1n\u00ed, mus\u00ed b\u00fdt \u010depel zasl\u00e1na zp\u011bt k p\u0159edchoz\u00edmu kroku pro p\u0159elakov\u00e1n\u00ed. Jakmile je toto dokon\u010deno, bude \u010depel obrou\u0161ena pro fin\u00e1ln\u00ed povrchovou \u00fapravu. Lid\u00e9 z Rockstead tento proces zvl\u00e1dli, aby dali no\u017ei kr\u00e1sn\u00fd povrch a ostrou hranu jako \u017e\u00e1dn\u00fd jin\u00fd. Ka\u017ed\u00fd n\u016f\u017e je individu\u00e1ln\u011b o\u010d\u00edslov\u00e1n a obsahuje certifik\u00e1t pravosti.<\/p>\n<p>P\u0159i spr\u00e1vn\u00e9 \u00fadr\u017eb\u011b je zn\u00e1mo, \u017ee Rocksteads udr\u017e\u00ed ostrou hranu po dobu 2-3 let.<\/p>\n<p>Specifikace<br \/>\nD\u00e9lka \u010depele: 14 cm<br \/>\nD\u00e9lka rukojeti: 11.25 cm<br \/>\nCelkov\u00e1 d\u00e9lka: 26 cm<br \/>\nTlou\u0161\u0165ka \u010depele: 0.5 cm<br \/>\nMateri\u00e1l \u010depele: ZDP-189 Clad by VG10<br \/>\nTvrdost \u010depele: 67 HRC (p\u0159ibli\u017en\u011b)<br \/>\nStyl \u010depele: Drop Point<br \/>\nBrou\u0161en\u00ed \u010depele: Du\u00e1ln\u00ed konvexn\u00ed<br \/>\nPovrchov\u00e1 \u00faprava \u010depele: Zrcadlo<br \/>\nTlou\u0161\u0165ka rukojeti: 2.15 cm<br \/>\nMateri\u00e1l rukojeti: Ironwood s um\u011bl\u00fdm op\u00e1lem a st\u0159\u00edbrn\u00fdmi vlo\u017ekami<br \/>\nPochva: d\u0159evo a k\u016f\u017ee<br \/>\nHmotnost: 8,5 oz.<br \/>\nVyrobeno v Japonsku<\/p>\n","protected":false},"excerpt":{"rendered":"<p><strong>Rockstead je japonsk\u00e1 spole\u010dnost zalo\u017een\u00e1 v roce 1931, kter\u00e1 vyr\u00e1b\u00ed pevn\u00e9 nebo skl\u00e1dac\u00ed \u010depele a d\u00e1v\u00e1 si pov\u011bst v\u00fdrobce \u201enejost\u0159ej\u0161\u00edch no\u017e\u016f na sv\u011bt\u011b\u201c.<\/strong><\/p>\n<p><strong>Doprava zdarma.<\/strong><\/p>\n","protected":false},"featured_media":254331,"comment_status":"open","ping_status":"closed","template":"","meta":[],"pwb-brand":[3227],"product_brand":[],"product_cat":[23,17],"product_tag":[],"class_list":{"0":"post-254330","1":"product","2":"type-product","3":"status-publish","4":"has-post-thumbnail","6":"pwb-brand-rockstead","7":"product_cat-pevne-noze","8":"product_cat-noze","10":"first","11":"instock","12":"taxable","13":"shipping-taxable","14":"purchasable","15":"product-type-simple"},"brands":[{"id":3227,"name":"Rockstead","slug":"rockstead"}],"_links":{"self":[{"href":"https:\/\/www.moskito.cz\/it\/wp-json\/wp\/v2\/product\/254330","targetHints":{"allow":["GET"]}}],"collection":[{"href":"https:\/\/www.moskito.cz\/it\/wp-json\/wp\/v2\/product"}],"about":[{"href":"https:\/\/www.moskito.cz\/it\/wp-json\/wp\/v2\/types\/product"}],"replies":[{"embeddable":true,"href":"https:\/\/www.moskito.cz\/it\/wp-json\/wp\/v2\/comments?post=254330"}],"wp:featuredmedia":[{"embeddable":true,"href":"https:\/\/www.moskito.cz\/it\/wp-json\/wp\/v2\/media\/254331"}],"wp:attachment":[{"href":"https:\/\/www.moskito.cz\/it\/wp-json\/wp\/v2\/media?parent=254330"}],"wp:term":[{"taxonomy":"pwb-brand","embeddable":true,"href":"https:\/\/www.moskito.cz\/it\/wp-json\/wp\/v2\/pwb-brand?post=254330"},{"taxonomy":"product_brand","embeddable":true,"href":"https:\/\/www.moskito.cz\/it\/wp-json\/wp\/v2\/product_brand?post=254330"},{"taxonomy":"product_cat","embeddable":true,"href":"https:\/\/www.moskito.cz\/it\/wp-json\/wp\/v2\/product_cat?post=254330"},{"taxonomy":"product_tag","embeddable":true,"href":"https:\/\/www.moskito.cz\/it\/wp-json\/wp\/v2\/product_tag?post=254330"}],"curies":[{"name":"wp","href":"https:\/\/api.w.org\/{rel}","templated":true}]}}