{"id":254485,"date":"2023-07-19T13:49:05","date_gmt":"2023-07-19T12:49:05","guid":{"rendered":"https:\/\/www.moskito.cz\/?post_type=product&#038;p=254485"},"modified":"2025-05-07T10:52:38","modified_gmt":"2025-05-07T09:52:38","slug":"pevny-damaskovy-nuz-muela-magnum-23dam-c","status":"publish","type":"product","link":"https:\/\/www.moskito.cz\/it\/produkt\/pevny-damaskovy-nuz-muela-magnum-23dam-c\/","title":{"rendered":"Pevn\u00fd Dama\u0161kov\u00fd N\u016f\u017e Muela MAGNUM-23DAM.C"},"content":{"rendered":"<p>Pevn\u00fd Dama\u0161kov\u00fd N\u016f\u017e <strong>Muela<\/strong> MAGNUM-23DAM.C<\/p>\n<p>Luxusn\u00ed edice no\u017ee od zna\u010dky Muela, pat\u0159\u00edc\u00ed do t\u00e9 mal\u00e9 a exkluzivn\u00ed kolekce vynikaj\u00edc\u00edch no\u017e\u016f, kter\u00e9 vynikaj\u00ed pou\u017eit\u00edm \u0161pi\u010dkov\u00fdch surovin a technik. V dosahu jen m\u00e1lokdo tyto no\u017ee spojuj\u00ed tradici a \u0159emeslnou zru\u010dnost s materi\u00e1ly, jako je tepan\u00e9 st\u0159\u00edbro, osazen\u00ed vz\u00e1cn\u00fdch materi\u00e1l\u016f nebo speci\u00e1ln\u00ed techniky, jako je lept nebo glazura. Tyto no\u017ee jsou t\u00e9m\u011b\u0159 jako \u0161perky, pro milovn\u00edky t\u011bch nejkvalitn\u011bj\u0161\u00edch p\u0159\u00edbor\u016f.<\/p>\n<p>Tento produkt je dod\u00e1v\u00e1n spolu s d\u0159ev\u011bn\u00fdm pouzdrem a certifik\u00e1tem kvality.<\/p>\n<p>Vyrobeno v: Ciudad Real (\u0160pan\u011blsko)<\/p>\n<p>Typ \u010depele: Hunting &#8211; Deluxe Edition<\/p>\n<p>D\u00e9lka \u010depele: 23 cm<\/p>\n<p>D\u00e9lka rukojeti: 14 cm<\/p>\n<p>Celkov\u00e1 d\u00e9lka: 37 cm<\/p>\n<p>Materi\u00e1l \u010depele: Dama\u0161ek RWL34<\/p>\n<p>Materi\u00e1l rukojeti: Jelen\u00ed roh, d\u0159evo, mosaz zakon\u010den\u00e1 hlavou divo\u010d\u00e1ka.<\/p>\n<p>Materi\u00e1l pouzdra: Hn\u011bd\u00e1 k\u016f\u017ee k no\u0161en\u00ed na opasku.<\/p>\n<p>Hmotnost: 530 gram\u016f<\/p>\n<p>&nbsp;<\/p>\n<p>&nbsp;<\/p>\n","protected":false},"excerpt":{"rendered":"<p><strong>Luxusn\u00ed edice no\u017ee od zna\u010dky Muela, pat\u0159\u00edc\u00ed do t\u00e9 mal\u00e9 a exkluzivn\u00ed kolekce vynikaj\u00edc\u00edch no\u017e\u016f, kter\u00e9 vynikaj\u00ed pou\u017eit\u00edm \u0161pi\u010dkov\u00fdch surovin a technik.<\/strong><\/p>\n","protected":false},"featured_media":254495,"comment_status":"open","ping_status":"closed","template":"","meta":[],"pwb-brand":[191],"product_brand":[],"product_cat":[25,17],"product_tag":[3667],"class_list":{"0":"post-254485","1":"product","2":"type-product","3":"status-publish","4":"has-post-thumbnail","6":"pwb-brand-muela","7":"product_cat-damascenske-noze","8":"product_cat-noze","9":"product_tag-b2b","11":"first","12":"instock","13":"taxable","14":"shipping-taxable","15":"purchasable","16":"product-type-simple"},"brands":[{"id":191,"name":"Muela","slug":"muela"}],"_links":{"self":[{"href":"https:\/\/www.moskito.cz\/it\/wp-json\/wp\/v2\/product\/254485","targetHints":{"allow":["GET"]}}],"collection":[{"href":"https:\/\/www.moskito.cz\/it\/wp-json\/wp\/v2\/product"}],"about":[{"href":"https:\/\/www.moskito.cz\/it\/wp-json\/wp\/v2\/types\/product"}],"replies":[{"embeddable":true,"href":"https:\/\/www.moskito.cz\/it\/wp-json\/wp\/v2\/comments?post=254485"}],"wp:featuredmedia":[{"embeddable":true,"href":"https:\/\/www.moskito.cz\/it\/wp-json\/wp\/v2\/media\/254495"}],"wp:attachment":[{"href":"https:\/\/www.moskito.cz\/it\/wp-json\/wp\/v2\/media?parent=254485"}],"wp:term":[{"taxonomy":"pwb-brand","embeddable":true,"href":"https:\/\/www.moskito.cz\/it\/wp-json\/wp\/v2\/pwb-brand?post=254485"},{"taxonomy":"product_brand","embeddable":true,"href":"https:\/\/www.moskito.cz\/it\/wp-json\/wp\/v2\/product_brand?post=254485"},{"taxonomy":"product_cat","embeddable":true,"href":"https:\/\/www.moskito.cz\/it\/wp-json\/wp\/v2\/product_cat?post=254485"},{"taxonomy":"product_tag","embeddable":true,"href":"https:\/\/www.moskito.cz\/it\/wp-json\/wp\/v2\/product_tag?post=254485"}],"curies":[{"name":"wp","href":"https:\/\/api.w.org\/{rel}","templated":true}]}}