{"id":254722,"date":"2023-08-08T06:54:23","date_gmt":"2023-08-08T05:54:23","guid":{"rendered":"https:\/\/www.moskito.cz\/?post_type=product&#038;p=254722"},"modified":"2025-05-07T10:52:40","modified_gmt":"2025-05-07T09:52:40","slug":"zaviraci-nuz-muela-bt-9ng","status":"publish","type":"product","link":"https:\/\/www.moskito.cz\/it\/produkt\/zaviraci-nuz-muela-bt-9ng\/","title":{"rendered":"Zav\u00edrac\u00ed N\u016f\u017e Muela BT-9NG"},"content":{"rendered":"<p>Zav\u00edrac\u00ed N\u016f\u017e <strong>Muela<\/strong> BT-9NG<\/p>\n<p>Kapesn\u00ed zav\u00edrac\u00ed n\u016f\u017e Muela BT-9NG Zav\u00edrac\u00ed n\u016f\u017e Muela BT 9 NG se st\u0159enkami z o\u0159echov\u00e9ho d\u0159eva s rybinou, pojistkou backlock a nylonov\u00fdm pouzdrem.<\/p>\n<p>N\u016f\u017e od Muela s rukojet\u00ed z p\u0159\u00edrodn\u00edho o\u0159echov\u00e9ho d\u0159eva .<br \/>\nPojistka aretace \u010depele je velmi stabiln\u00ed a je typu lock back .<br \/>\n\u010cepel m\u00e1 profil Bowie, jeho\u017e tlou\u0161\u0165ka je 2,3 mm.<br \/>\nKaleno v rozmez\u00ed 56-58 HRC.<br \/>\nVyrobeno z odoln\u00e9 nerezov\u00e9 oceli 440C.<br \/>\n\u010cepel m\u00e1 antireflexn\u00ed povrchovou \u00fapravu Satin Finish, kter\u00e1 eliminuje jak\u00e9koli odlesky.<br \/>\n\u010cepel m\u00e1 dut\u00fd v\u00fdbrus a hladkou jednoduchou \u010depel.<br \/>\nPochva je vyrobena z gordury, kter\u00e1 perfektn\u011b sed\u00ed na no\u017ei a jde na opasek.<\/p>\n<p>Celkov\u00e1 d\u00e9lka: 19 cm<br \/>\nD\u00e9lka \u010depele: 9 cm<br \/>\nD\u00e9lka rukojeti: 10 cm<br \/>\nMateri\u00e1l \u010depele: nerezov\u00e1 ocel 440<br \/>\nMateri\u00e1l rukojeti: o\u0159echov\u00e9 d\u0159evo (Walnutwood)<br \/>\nPojistka: h\u0159betn\u00ed pojistka<br \/>\nNylonov\u00e9 pouzdro<br \/>\nV\u00e1ha: 80g<\/p>\n","protected":false},"excerpt":{"rendered":"<p><strong>Kapesn\u00ed zav\u00edrac\u00ed n\u016f\u017e Muela BT-9NG Zav\u00edrac\u00ed n\u016f\u017e Muela BT 9 NG se st\u0159enkami z o\u0159echov\u00e9ho d\u0159eva s rybinou, pojistkou backlock a nylonov\u00fdm pouzdrem. <\/strong><\/p>\n","protected":false},"featured_media":254723,"comment_status":"open","ping_status":"closed","template":"","meta":[],"pwb-brand":[191],"product_brand":[],"product_cat":[22,17],"product_tag":[3667],"class_list":{"0":"post-254722","1":"product","2":"type-product","3":"status-publish","4":"has-post-thumbnail","6":"pwb-brand-muela","7":"product_cat-zaviraci-noze","8":"product_cat-noze","9":"product_tag-b2b","11":"first","12":"instock","13":"taxable","14":"shipping-taxable","15":"purchasable","16":"product-type-simple"},"brands":[{"id":191,"name":"Muela","slug":"muela"}],"_links":{"self":[{"href":"https:\/\/www.moskito.cz\/it\/wp-json\/wp\/v2\/product\/254722","targetHints":{"allow":["GET"]}}],"collection":[{"href":"https:\/\/www.moskito.cz\/it\/wp-json\/wp\/v2\/product"}],"about":[{"href":"https:\/\/www.moskito.cz\/it\/wp-json\/wp\/v2\/types\/product"}],"replies":[{"embeddable":true,"href":"https:\/\/www.moskito.cz\/it\/wp-json\/wp\/v2\/comments?post=254722"}],"wp:featuredmedia":[{"embeddable":true,"href":"https:\/\/www.moskito.cz\/it\/wp-json\/wp\/v2\/media\/254723"}],"wp:attachment":[{"href":"https:\/\/www.moskito.cz\/it\/wp-json\/wp\/v2\/media?parent=254722"}],"wp:term":[{"taxonomy":"pwb-brand","embeddable":true,"href":"https:\/\/www.moskito.cz\/it\/wp-json\/wp\/v2\/pwb-brand?post=254722"},{"taxonomy":"product_brand","embeddable":true,"href":"https:\/\/www.moskito.cz\/it\/wp-json\/wp\/v2\/product_brand?post=254722"},{"taxonomy":"product_cat","embeddable":true,"href":"https:\/\/www.moskito.cz\/it\/wp-json\/wp\/v2\/product_cat?post=254722"},{"taxonomy":"product_tag","embeddable":true,"href":"https:\/\/www.moskito.cz\/it\/wp-json\/wp\/v2\/product_tag?post=254722"}],"curies":[{"name":"wp","href":"https:\/\/api.w.org\/{rel}","templated":true}]}}