{"id":255110,"date":"2023-08-09T21:17:53","date_gmt":"2023-08-09T20:17:53","guid":{"rendered":"https:\/\/www.moskito.cz\/?post_type=product&#038;p=255110"},"modified":"2025-05-07T10:52:43","modified_gmt":"2025-05-07T09:52:43","slug":"pevny-nuz-muela-kodiak-10m","status":"publish","type":"product","link":"https:\/\/www.moskito.cz\/it\/produkt\/pevny-nuz-muela-kodiak-10m\/","title":{"rendered":"Pevn\u00fd N\u016f\u017e Muela KODIAK-10M"},"content":{"rendered":"<p>Pevn\u00fd N\u016f\u017e <strong>Muela<\/strong> KODIAK-10M<\/p>\n<p>Muela Kodiak 10 s rukojet\u00ed vyrobenou z Micarta a \u010depel\u00ed z nerezov\u00e9 oceli je vyroben tak, aby vydr\u017eel po cel\u00fd \u017eivot a je kr\u00e1sn\u00fd i funk\u010dn\u00ed. Tento n\u016f\u017e je dod\u00e1v\u00e1n s pouzdrem z prav\u00e9 k\u016f\u017ee.<\/p>\n<p>Muela Knives jsou zak\u00e1zkov\u00e9 \u0161pan\u011blsk\u00e9 no\u017ee, kter\u00e9 rodina Muela vyr\u00e1b\u00ed po generace. Ka\u017ed\u00fd loveck\u00fd n\u016f\u017e Muela je hezk\u00fd a z\u00e1rove\u0148 funk\u010dn\u00ed s materi\u00e1ly rukojeti, kter\u00e9 zahrnuj\u00ed paroh Red Stag, exotick\u00e1 stabilizovan\u00e1 tvrd\u00e1 d\u0159eva a d\u0159evo Pakawood. No\u017ee Muela jsou vyrobeny z hou\u017eevnat\u00e9 nerezov\u00e9 oceli Moly-Vanadium a jsou vyrobeny tak, aby vydr\u017eely a m\u011bly jednoletou plnou z\u00e1ruku v\u00fdm\u011bny.<\/p>\n<p>Full Tang<br \/>\n\u010cern\u00e1 rukoje\u0165 Micarta<br \/>\nRukoje\u0165: 11,0 cm<br \/>\n\u010cepel: 10,0 cm<br \/>\nTlou\u0161\u0165ka \u010depele: 4,00 mm<br \/>\nHmotnost: 276 g (v\u010detn\u011b pouzdra)<br \/>\nV\u010detn\u011b ko\u017een\u00e9ho pouzdra<br \/>\nZem\u011b p\u016fvodu: \u0160pan\u011blsko<\/p>\n","protected":false},"excerpt":{"rendered":"<p><strong>Muela Knives jsou zak\u00e1zkov\u00e9 \u0161pan\u011blsk\u00e9 no\u017ee, kter\u00e9 rodina Muela vyr\u00e1b\u00ed po generace.<\/strong><\/p>\n","protected":false},"featured_media":255111,"comment_status":"open","ping_status":"closed","template":"","meta":[],"pwb-brand":[191],"product_brand":[],"product_cat":[23,17],"product_tag":[3667],"class_list":{"0":"post-255110","1":"product","2":"type-product","3":"status-publish","4":"has-post-thumbnail","6":"pwb-brand-muela","7":"product_cat-pevne-noze","8":"product_cat-noze","9":"product_tag-b2b","11":"first","12":"instock","13":"taxable","14":"shipping-taxable","15":"purchasable","16":"product-type-simple"},"brands":[{"id":191,"name":"Muela","slug":"muela"}],"_links":{"self":[{"href":"https:\/\/www.moskito.cz\/it\/wp-json\/wp\/v2\/product\/255110","targetHints":{"allow":["GET"]}}],"collection":[{"href":"https:\/\/www.moskito.cz\/it\/wp-json\/wp\/v2\/product"}],"about":[{"href":"https:\/\/www.moskito.cz\/it\/wp-json\/wp\/v2\/types\/product"}],"replies":[{"embeddable":true,"href":"https:\/\/www.moskito.cz\/it\/wp-json\/wp\/v2\/comments?post=255110"}],"wp:featuredmedia":[{"embeddable":true,"href":"https:\/\/www.moskito.cz\/it\/wp-json\/wp\/v2\/media\/255111"}],"wp:attachment":[{"href":"https:\/\/www.moskito.cz\/it\/wp-json\/wp\/v2\/media?parent=255110"}],"wp:term":[{"taxonomy":"pwb-brand","embeddable":true,"href":"https:\/\/www.moskito.cz\/it\/wp-json\/wp\/v2\/pwb-brand?post=255110"},{"taxonomy":"product_brand","embeddable":true,"href":"https:\/\/www.moskito.cz\/it\/wp-json\/wp\/v2\/product_brand?post=255110"},{"taxonomy":"product_cat","embeddable":true,"href":"https:\/\/www.moskito.cz\/it\/wp-json\/wp\/v2\/product_cat?post=255110"},{"taxonomy":"product_tag","embeddable":true,"href":"https:\/\/www.moskito.cz\/it\/wp-json\/wp\/v2\/product_tag?post=255110"}],"curies":[{"name":"wp","href":"https:\/\/api.w.org\/{rel}","templated":true}]}}