{"id":255539,"date":"2023-08-12T09:16:24","date_gmt":"2023-08-12T08:16:24","guid":{"rendered":"https:\/\/www.moskito.cz\/?post_type=product&#038;p=255539"},"modified":"2025-05-07T10:52:52","modified_gmt":"2025-05-07T09:52:52","slug":"vystrelovaci-nuz-microtech-borka-stitch-tactical-169-3t","status":"publish","type":"product","link":"https:\/\/www.moskito.cz\/it\/produkt\/vystrelovaci-nuz-microtech-borka-stitch-tactical-169-3t\/","title":{"rendered":"Vyst\u0159elovac\u00ed N\u016f\u017e Microtech Borka Stitch Tactical 169-3T"},"content":{"rendered":"<p>Vyst\u0159elovac\u00ed N\u016f\u017e <strong>Microtech<\/strong> Borka Stitch Tactical 169-3T<\/p>\n<p><strong> Stitch<\/strong> je kr\u00e1sn\u00e1 taktick\u00e1 spolupr\u00e1ce mezi Tonym Marfione a Sebastijanem Berenjim, AKA Borka. Vyu\u017e\u00edv\u00e1 \u00fa\u017easn\u00fd Sebastijan\u016fv design Stitch a spojuje jej s \u00fa\u017easn\u00fdm Tonyho automatick\u00fdm otev\u00edrac\u00edm mechanismem, aby vytvo\u0159il jednu z nej\u00fa\u017easn\u011bj\u0161\u00edch produk\u010dn\u00edch spoluprac\u00ed roku 2017. \u010cepel s hrotem o\u0161t\u011bpu o velikosti 8,5 cm se vyzna\u010duje ploch\u00fdm brou\u0161en\u00edm, hn\u011bd\u00fdm povrchem a p\u00e1skov\u00e1n\u00edm na prstech a palci. vynikaj\u00edc\u00ed n\u00e1kup p\u0159i jemn\u011bj\u0161\u00edch \u0159ezn\u00fdch \u00fakonech. Rukoje\u0165 je siln\u011b fr\u00e9zovan\u00fd hlin\u00edk s \u017elutohn\u011bdou eloxovanou povrchovou \u00fapravou Mil-Spec Hardcoat a hlin\u00edkov\u00fdm backspacerem. Vyst\u0159el\u00ed jako raketa a pevn\u011b se zablokuje, co\u017e vzhledem k tomu, \u017ee se jedn\u00e1 o AUTO, je p\u016fsobiv\u00fd v\u00fdkon Toto je dlouho o\u010dek\u00e1van\u00fd produk\u010dn\u00ed model slavn\u00e9ho customu, d\u00edky kter\u00e9mu m\u00e1te \u0161anci m\u00edt n\u016f\u017e Borka za zlomek ceny.<\/p>\n<p>Specifikace<br \/>\nD\u00e9lka \u010depele: 8,5 cm<br \/>\nD\u00e9lka rukojeti: 12.5 cm<br \/>\nCelkov\u00e1 d\u00e9lka: 21 cm<br \/>\nOcel: M390<br \/>\nStyl \u010depele: Spear Point<br \/>\nBrou\u0161en\u00ed \u010depele: Ploch\u00e9<br \/>\nPovrchov\u00e1 \u00faprava \u010depele: \u010dern\u00e1<br \/>\nMateri\u00e1l rukojeti: Fr\u00e9zovan\u00fd hlin\u00edk, \u010dern\u00fd eloxovan\u00fd tvrd\u00fd povlak Mil-Spec<br \/>\nUzamykac\u00ed mechanismus: Tla\u010d\u00edtko<br \/>\nKapesn\u00ed klip: Nerezov\u00e1 ocel (vykl\u00e1p\u011bc\u00ed, prav\u00e9 no\u0161en\u00ed)<br \/>\nHmotnost: 6,3 oz.<br \/>\nDesign\u00e9\u0159i: Sebastijan Berenji a Tony Marfione<br \/>\nVyrobeno v USA<\/p>\n","protected":false},"excerpt":{"rendered":"<p><strong>V pr\u016fb\u011bhu let Microtech\u00ae Knives naplnil v\u00e1\u0161n\u00ed a dovednost\u00ed v\u00fdrobu no\u017e\u016f, a\u017e z nich vytvo\u0159il t\u00e9m\u011b\u0159 um\u011bleck\u00e1 d\u00edla,kter\u00e9 jsou vrcholem funk\u010dnosti.V\u0161echny d\u00edly jsou vyrobeny v USA.<\/strong><br \/>\n<strong>Na v\u0161echny no\u017ee Microtech je do\u017eivotn\u00ed z\u00e1ruka.<\/strong><\/p>\n<p><strong>Doprava zdarma.<\/strong><\/p>\n","protected":false},"featured_media":255540,"comment_status":"open","ping_status":"closed","template":"","meta":[],"pwb-brand":[431],"product_brand":[],"product_cat":[2019,17],"product_tag":[3667],"class_list":{"0":"post-255539","1":"product","2":"type-product","3":"status-publish","4":"has-post-thumbnail","6":"pwb-brand-microtech","7":"product_cat-vystrelovaci-noze","8":"product_cat-noze","9":"product_tag-b2b","11":"first","12":"outofstock","13":"taxable","14":"shipping-taxable","15":"purchasable","16":"product-type-simple"},"brands":[{"id":431,"name":"Microtech","slug":"microtech"}],"_links":{"self":[{"href":"https:\/\/www.moskito.cz\/it\/wp-json\/wp\/v2\/product\/255539","targetHints":{"allow":["GET"]}}],"collection":[{"href":"https:\/\/www.moskito.cz\/it\/wp-json\/wp\/v2\/product"}],"about":[{"href":"https:\/\/www.moskito.cz\/it\/wp-json\/wp\/v2\/types\/product"}],"replies":[{"embeddable":true,"href":"https:\/\/www.moskito.cz\/it\/wp-json\/wp\/v2\/comments?post=255539"}],"wp:featuredmedia":[{"embeddable":true,"href":"https:\/\/www.moskito.cz\/it\/wp-json\/wp\/v2\/media\/255540"}],"wp:attachment":[{"href":"https:\/\/www.moskito.cz\/it\/wp-json\/wp\/v2\/media?parent=255539"}],"wp:term":[{"taxonomy":"pwb-brand","embeddable":true,"href":"https:\/\/www.moskito.cz\/it\/wp-json\/wp\/v2\/pwb-brand?post=255539"},{"taxonomy":"product_brand","embeddable":true,"href":"https:\/\/www.moskito.cz\/it\/wp-json\/wp\/v2\/product_brand?post=255539"},{"taxonomy":"product_cat","embeddable":true,"href":"https:\/\/www.moskito.cz\/it\/wp-json\/wp\/v2\/product_cat?post=255539"},{"taxonomy":"product_tag","embeddable":true,"href":"https:\/\/www.moskito.cz\/it\/wp-json\/wp\/v2\/product_tag?post=255539"}],"curies":[{"name":"wp","href":"https:\/\/api.w.org\/{rel}","templated":true}]}}