{"id":257313,"date":"2023-10-05T10:25:17","date_gmt":"2023-10-05T09:25:17","guid":{"rendered":"https:\/\/www.moskito.cz\/?post_type=product&#038;p=257313"},"modified":"2025-05-07T10:53:21","modified_gmt":"2025-05-07T09:53:21","slug":"hul-cold-steel-pistol-grip-sword-cane-88scfap","status":"publish","type":"product","link":"https:\/\/www.moskito.cz\/it\/produkt\/hul-cold-steel-pistol-grip-sword-cane-88scfap\/","title":{"rendered":"H\u016fl Cold Steel PISTOL GRIP SWORD CANE 88SCFAP"},"content":{"rendered":"<p>H\u016fl <strong>Cold Steel<\/strong> PISTOL GRIP SWORD CANE 88SCFAP<\/p>\n<p>Lehk\u00e1 a rychl\u00e1 \u010depel m\u00e1 zkosen\u00fd \u010dtvercov\u00fd pr\u016f\u0159ez s ostr\u00fdm hrotem. D\u00edky precizn\u011b zpracovan\u00e9 pevn\u00e9 hlin\u00edkov\u00e9 hlav\u011b je na\u0161e h\u016fl s pistolovou rukojet\u00ed mnohem leh\u010d\u00ed, l\u00e9pe vyv\u00e1\u017een\u00e1 a sn\u00e1ze se nos\u00ed a pou\u017e\u00edv\u00e1 ne\u017e kdy p\u0159edt\u00edm!<\/p>\n<p>D\u00e9lka \u010depele: 69.7 cm<br \/>\nD\u00e9lka rukojeti: 7.3 cm<br \/>\nBarva: \u010cern\u00e1<br \/>\nMateri\u00e1l rukojeti: le\u0161t\u011bn\u00fd hlin\u00edk<br \/>\nCelkov\u00e1 velikost: 97.4 cm<br \/>\nTlou\u0161\u0165ka \u010depele: 0.7 cm<br \/>\nHmotnost: 730 g<br \/>\nMateri\u00e1l pouzdra: karbon. vl\u00e1kno<br \/>\nOcel: 1055 Carbon Steel<\/p>\n","protected":false},"excerpt":{"rendered":"<p><strong>Vych\u00e1zkov\u00e9 h\u016fl s bodnou \u010depel\u00ed v elegantn\u00edm proveden\u00ed.<\/strong><\/p>\n","protected":false},"featured_media":257314,"comment_status":"open","ping_status":"closed","template":"","meta":[],"pwb-brand":[211],"product_brand":[],"product_cat":[24,1942],"product_tag":[3667],"class_list":{"0":"post-257313","1":"product","2":"type-product","3":"status-publish","4":"has-post-thumbnail","6":"pwb-brand-cold-steel","7":"product_cat-katany-a-mece","8":"product_cat-mece-dyky-repliky","9":"product_tag-b2b","11":"first","12":"outofstock","13":"taxable","14":"shipping-taxable","15":"purchasable","16":"product-type-simple"},"brands":[{"id":211,"name":"Cold Steel","slug":"cold-steel"}],"_links":{"self":[{"href":"https:\/\/www.moskito.cz\/it\/wp-json\/wp\/v2\/product\/257313","targetHints":{"allow":["GET"]}}],"collection":[{"href":"https:\/\/www.moskito.cz\/it\/wp-json\/wp\/v2\/product"}],"about":[{"href":"https:\/\/www.moskito.cz\/it\/wp-json\/wp\/v2\/types\/product"}],"replies":[{"embeddable":true,"href":"https:\/\/www.moskito.cz\/it\/wp-json\/wp\/v2\/comments?post=257313"}],"wp:featuredmedia":[{"embeddable":true,"href":"https:\/\/www.moskito.cz\/it\/wp-json\/wp\/v2\/media\/257314"}],"wp:attachment":[{"href":"https:\/\/www.moskito.cz\/it\/wp-json\/wp\/v2\/media?parent=257313"}],"wp:term":[{"taxonomy":"pwb-brand","embeddable":true,"href":"https:\/\/www.moskito.cz\/it\/wp-json\/wp\/v2\/pwb-brand?post=257313"},{"taxonomy":"product_brand","embeddable":true,"href":"https:\/\/www.moskito.cz\/it\/wp-json\/wp\/v2\/product_brand?post=257313"},{"taxonomy":"product_cat","embeddable":true,"href":"https:\/\/www.moskito.cz\/it\/wp-json\/wp\/v2\/product_cat?post=257313"},{"taxonomy":"product_tag","embeddable":true,"href":"https:\/\/www.moskito.cz\/it\/wp-json\/wp\/v2\/product_tag?post=257313"}],"curies":[{"name":"wp","href":"https:\/\/api.w.org\/{rel}","templated":true}]}}