{"id":257461,"date":"2023-10-06T10:10:49","date_gmt":"2023-10-06T09:10:49","guid":{"rendered":"https:\/\/www.moskito.cz\/?post_type=product&#038;p=257461"},"modified":"2025-05-24T16:21:26","modified_gmt":"2025-05-24T15:21:26","slug":"sekera-cold-steel-professional-throwing-hatchet","status":"publish","type":"product","link":"https:\/\/www.moskito.cz\/it\/produkt\/sekera-cold-steel-professional-throwing-hatchet\/","title":{"rendered":"Sekera Cold Steel Professional Throwing Hatchet"},"content":{"rendered":"<p>Sekera <strong>Cold Steel<\/strong> Professional Throwing Hatchet<\/p>\n<p>Vrhac\u00ed sekerka Cold Steel\u00ae Competition, navr\u017een\u00e1 speci\u00e1ln\u011b pro zku\u0161en\u00e9 vrha\u010de sekerou, m\u00e1 hlavu z tvrzen\u00e9 uhl\u00edkov\u00e9 oceli 1055 se 10 cm \u010depel\u00ed, kter\u00e1 spl\u0148uje po\u017eadavky turnaj\u016f v h\u00e1zen\u00ed sekerou. 40 cm americk\u00e1 hickory rukoje\u0165 nab\u00edz\u00ed v\u00fdjime\u010dnou rovnov\u00e1hu b\u011bhem tr\u00e9ninku na ter\u010d nebo v\u00e1\u017en\u00e9 sout\u011b\u017ee . Hmotnost hlavy je 21 oz a celkov\u00e1 hmotnost je 31 oz.<\/p>\n<p>Pro ty, kte\u0159\u00ed cht\u011bj\u00ed pohodl\u00ed rychlov\u00fdm\u011bnn\u00e9 rukojeti, n\u00e1\u0161 patentovan\u00fd uzamykac\u00ed mechanismus umo\u017e\u0148uje vym\u011bnit opot\u0159ebovanou nebo po\u0161kozenou rukoje\u0165 povolen\u00edm dvou \u0161roub\u016f, vysunut\u00edm opot\u0159ebovan\u00e9 rukojeti a jej\u00ed v\u00fdm\u011bnou za novou. Nyn\u00ed m\u016f\u017eete vym\u011bnit rukoje\u0165 a h\u00e1zet znovu za m\u00e9n\u011b ne\u017e 2 minuty.<\/p>\n<p>Druh oceli: Uhl\u00edkov\u00e1 ocel<br \/>\nMateri\u00e1l \u010depele: 1055<br \/>\nMateri\u00e1l rukojeti: D\u0159evo<br \/>\nCelkov\u00e1 d\u00e9lka: 40,6 cm<br \/>\nHmotnost: 820 g<br \/>\nPovrchov\u00e1 \u00faprava \u010depele: Bead blast<\/p>\n<p>&nbsp;<\/p>\n","protected":false},"excerpt":{"rendered":"<p><strong>Vrhac\u00ed sekerka Cold Steel\u00ae Competition, navr\u017een\u00e1 speci\u00e1ln\u011b pro zku\u0161en\u00e9 vrha\u010de sekerou.<\/strong><\/p>\n","protected":false},"featured_media":257462,"comment_status":"open","ping_status":"closed","template":"","meta":[],"pwb-brand":[211],"product_brand":[],"product_cat":[32],"product_tag":[3667],"class_list":{"0":"post-257461","1":"product","2":"type-product","3":"status-publish","4":"has-post-thumbnail","6":"pwb-brand-cold-steel","7":"product_cat-sekery","8":"product_tag-b2b","10":"first","11":"instock","12":"taxable","13":"shipping-taxable","14":"purchasable","15":"product-type-simple"},"brands":[{"id":211,"name":"Cold Steel","slug":"cold-steel"}],"_links":{"self":[{"href":"https:\/\/www.moskito.cz\/it\/wp-json\/wp\/v2\/product\/257461","targetHints":{"allow":["GET"]}}],"collection":[{"href":"https:\/\/www.moskito.cz\/it\/wp-json\/wp\/v2\/product"}],"about":[{"href":"https:\/\/www.moskito.cz\/it\/wp-json\/wp\/v2\/types\/product"}],"replies":[{"embeddable":true,"href":"https:\/\/www.moskito.cz\/it\/wp-json\/wp\/v2\/comments?post=257461"}],"wp:featuredmedia":[{"embeddable":true,"href":"https:\/\/www.moskito.cz\/it\/wp-json\/wp\/v2\/media\/257462"}],"wp:attachment":[{"href":"https:\/\/www.moskito.cz\/it\/wp-json\/wp\/v2\/media?parent=257461"}],"wp:term":[{"taxonomy":"pwb-brand","embeddable":true,"href":"https:\/\/www.moskito.cz\/it\/wp-json\/wp\/v2\/pwb-brand?post=257461"},{"taxonomy":"product_brand","embeddable":true,"href":"https:\/\/www.moskito.cz\/it\/wp-json\/wp\/v2\/product_brand?post=257461"},{"taxonomy":"product_cat","embeddable":true,"href":"https:\/\/www.moskito.cz\/it\/wp-json\/wp\/v2\/product_cat?post=257461"},{"taxonomy":"product_tag","embeddable":true,"href":"https:\/\/www.moskito.cz\/it\/wp-json\/wp\/v2\/product_tag?post=257461"}],"curies":[{"name":"wp","href":"https:\/\/api.w.org\/{rel}","templated":true}]}}