{"id":257506,"date":"2023-10-06T14:33:07","date_gmt":"2023-10-06T13:33:07","guid":{"rendered":"https:\/\/www.moskito.cz\/?post_type=product&#038;p=257506"},"modified":"2025-05-07T10:53:24","modified_gmt":"2025-05-07T09:53:24","slug":"foukacka-cold-steel-professional-625-blowgun-b6254p","status":"publish","type":"product","link":"https:\/\/www.moskito.cz\/it\/produkt\/foukacka-cold-steel-professional-625-blowgun-b6254p\/","title":{"rendered":"Fouka\u010dka Cold Steel Professional .625 Blowgun B6254P"},"content":{"rendered":"<p>Fouka\u010dka <strong>Cold Steel<\/strong> Professional .625 Blowgun B6254P<\/p>\n<p>Fouka\u010dka nebo fouka\u010dka m\u00e1 dlouhou historii, kter\u00e1 se klene po cel\u00e9m sv\u011bt\u011b. Mnoho \u00fa\u0159ad\u016f se domn\u00edv\u00e1, \u017ee byl poprv\u00e9 vynalezen v Malajsii, kde se st\u011bhoval p\u0159es malajsk\u00e9 a indon\u00e9sk\u00e9 souostrov\u00ed a na\u0161el si cestu na Filip\u00edny a a\u017e na sever do Japonska. Fouka\u010dka v\u0161ak nebyla jen jihov\u00fdchodn\u00ed zbran\u00ed; vyno\u0159il se tak\u00e9 na z\u00e1padn\u00ed polokouli v d\u017eungl\u00edch Ji\u017en\u00ed a St\u0159edn\u00ed Ameriky a pohyboval se a\u017e na sever a\u017e na jihov\u00fdchod Spojen\u00fdch st\u00e1t\u016f.<\/p>\n<p>Fouka\u010dky byly p\u016fvodn\u011b vynalezeny, aby slou\u017eily jako loveck\u00e1 zbra\u0148. Pou\u017e\u00edvaly se k pytlov\u00e1n\u00ed mal\u00fdch zv\u00ed\u0159at a pt\u00e1k\u016f, p\u0159i\u010dem\u017e jako st\u0159elivo se pou\u017e\u00edvaly mal\u00e9 kam\u00ednky nebo kuli\u010dky z tvrzen\u00e9 hl\u00edny. Nakonec v\u011bt\u0161ina lovc\u016f zjistila, \u017ee dok\u00e1\u017eou ulovit mnohem v\u011bt\u0161\u00ed zv\u00ed\u0159ata pomoc\u00ed tenk\u00fdch d\u0159ev\u011bn\u00fdch \u0161ipek, kter\u00e9 byly protkan\u00e9 smrt\u00edc\u00edmi jedy. Jed se z\u00edsk\u00e1val z m\u00edzy speci\u00e1ln\u011b p\u011bstovan\u00e9 vinn\u00e9 r\u00e9vy.<\/p>\n<p>Na za\u010d\u00e1tku 60. a 70. let se ve Spojen\u00fdch st\u00e1tech za\u010daly prosazovat fouka\u010dky. B\u011bhem tohoto obdob\u00ed spole\u010dnost Jivaro Blowgun Company provozovala nes\u010detn\u00e9 mno\u017estv\u00ed mal\u00fdch reklam na jejich foukac\u00ed pistoli r\u00e1\u017ee .38. Ty byly uvedeny na zadn\u00ed stran\u011b mnoha \u010dasopis\u016f o dobrodru\u017estv\u00edch, zbran\u00edch a p\u0159e\u017eit\u00ed. Nakonec koncem 80. let vybledly.<\/p>\n<p>Ale mystika samotn\u00e9 fouka\u010dky nezmizela. M\u00edsto toho \u0159ada spole\u010dnost\u00ed rychle sko\u010dila do vakua, kter\u00e9 bylo vytvo\u0159eno z\u00e1nikem spole\u010dnosti Jivaro, a na po\u010d\u00e1tku 90. let byl trh zaplaven hordou levn\u00fdch, \u0161patn\u011b konstruovan\u00fdch fouka\u010dek. V\u011bt\u0161ina z nich byla prod\u00e1na jako novinka, s neefektivn\u00edmi, kr\u00e1tk\u00fdmi, 2 a 3 stopov\u00fdmi trubkami vyroben\u00fdmi z hlin\u00edku tenk\u00e9ho jako pap\u00edr a vyst\u0159eluj\u00edc\u00edmi nev\u00fdraznou \u0161ipku r\u00e1\u017ee 0,40. Jedinou v\u00fdjimkou byla spole\u010dnost J.R. Stupero Company a jejich n\u00e1stupce J.W. McFarlin Company, kter\u00e1 prod\u00e1vala autentickou loveckou fouka\u010dku, kter\u00e1 byla vyrobena z tlust\u00e9ho, siln\u00e9ho hlin\u00edku a byla schopn\u00e1 poh\u00e1n\u011bt t\u011b\u017ekou \u0161ipku .625 Magnum.<\/p>\n<p>V roce 1983 koupil prezident Cold Steel, Lynn C. Thompson, prvn\u00ed z mnoha foukac\u00edch pistol\u00ed .625 Magnum, kter\u00e9 nakonec vlastnil. Okam\u017eit\u011b se stal fanou\u0161kem a b\u011bhem posledn\u00edch dvou desetilet\u00ed cvi\u010dil v\u00fdhradn\u011b s n\u00edm. Vzal ho na n\u011bkolik loveck\u00fdch v\u00fdprav v USA a pou\u017eil ho na t\u0159ech africk\u00fdch safari! Kdy\u017e se naskytla p\u0159\u00edle\u017eitost z\u00edskat J.W. Vznikla spole\u010dnost Mcfarlin, Lynn ji p\u0159\u00edmo koupila a p\u0159evzala pr\u00e1vo na v\u0161echny jejich ochrann\u00e9 zn\u00e1mky a invent\u00e1\u0159.<\/p>\n<p>Nyn\u00ed, po kr\u00e1tk\u00e9m reorganiza\u010dn\u00edm obdob\u00ed, t\u00edmto inaugurujeme zrod na\u0161\u00ed nov\u00e9 divize; Big Bore Blowguns, domov r\u00e1\u017ee .625 Magnum. Big Bore Blowguns se budou specializovat na velk\u00e9 r\u00e1\u017ee r\u00e1\u017ee .625 Magnum, proto\u017ee jsou schopn\u00e9 st\u0159\u00edlet \u0161ipky, kter\u00e9 jsou o 20% rychlej\u0161\u00ed a t\u0159ikr\u00e1t t\u011b\u017e\u0161\u00ed ne\u017e na\u0161e konkurence. Nab\u00edzej\u00ed mnohem lep\u0161\u00ed schopnost zab\u00edjen\u00ed ve srovn\u00e1n\u00ed s men\u0161\u00edmi \u0161ipkami r\u00e1\u017ee 0,40.<\/p>\n<p>Proto\u017ee nem\u00e1me z\u00e1jem prod\u00e1vat levn\u00e9, mizern\u00e9 hra\u010dky, soust\u0159ed\u00edme se na 4 a 5 stopov\u00e9 fouka\u010dky. Pro v\u011bt\u0161\u00ed p\u0159esnost a dosah prod\u00e1v\u00e1me dvoustop\u00fd n\u00e1stavec jako p\u0159\u00edslu\u0161enstv\u00ed. Oba z\u00e1kladn\u00ed modely jsou dod\u00e1v\u00e1ny s n\u00e1ustkem, gumovou obj\u00edmkou, toulcem na \u0161ipky a 36 \u0161ipkami (6 omra\u010duj\u00edc\u00edch \u0161ipek, 15 mini \u0161irok\u00fdch hlav a 15 bambusov\u00fdch). Prod\u00e1v\u00e1me tak\u00e9 3-palcov\u00fd siln\u00fd p\u011bnov\u00fd ter\u010d s vysokou hustotou pro bezpe\u010dn\u011bj\u0161\u00ed vnit\u0159n\u00ed cvi\u010den\u00ed.<\/p>\n<p>Velk\u00e9 r\u00e1\u017ee foukac\u00ed pistole, jako je na\u0161e .625 Magnum, maj\u00ed \u00fa\u010dinn\u00fd dosah a\u017e 20 yard\u016f nebo v\u00edce. S prax\u00ed m\u016f\u017ee zku\u0161en\u00fd u\u017eivatel zas\u00e1hnout dvoupalcov\u00fd kruh na \u00fa\u017easn\u00e9 vzd\u00e1lenosti a vyst\u0159elit t\u011b\u017ekou \u0161ipku. To je u\u017eite\u010dn\u00e9 zat\u00ed\u017een\u00ed, kter\u00e9 snadno pronikne p\u016flpalcovou vrstvou p\u0159ekli\u017eky.<\/p>\n<p>Takov\u00e1 p\u0159esnost a dosah umo\u017e\u0148uj\u00ed zku\u0161en\u00e9mu lovci lovit drobnou zv\u011b\u0159, jako jsou holubice, k\u0159epelky, veverky a kr\u00e1l\u00edky, v naprost\u00e9 tichosti, ani\u017e by hrozilo nebezpe\u010d\u00ed prora\u017een\u00ed nebo bludn\u00fdch \u0161\u00edp\u016f, kter\u00e9 zas\u00e1hly hospod\u00e1\u0159sk\u00e1 zv\u00ed\u0159ata nebo lidi v d\u00e1lce.<\/p>\n<p>St\u0159\u00edlen\u00ed z fouka\u010dky je skv\u011bl\u00e1 z\u00e1bava. Je to \u010dinnost, kterou si lze u\u017e\u00edt uvnit\u0159 i venku, za slune\u010dn\u00e9ho i nevl\u00eddn\u00e9ho po\u010das\u00ed. Dovednost s fouka\u010dkou m\u016f\u017ee v\u00e9st k mnoha nen\u00e1kladn\u00fdm loveck\u00fdm dobrodru\u017estv\u00edm a pom\u016f\u017ee v\u00e1m v situac\u00edch p\u0159e\u017eit\u00ed nebo sebeobrany. Vyzkou\u0161ejte n\u00e1\u0161 nov\u00fd Big Bore .625 Magnum a brzy zjist\u00edte, \u017ee budete z\u00e1visl\u00ed na z\u00e1bav\u011b ze st\u0159elby z nejv\u00fdkonn\u011bj\u0161\u00ed fouka\u010dky na sv\u011bt\u011b!<\/p>\n<p>Profesion\u00e1ln\u00ed foukac\u00ed pistole .625<\/p>\n<p>I kdy\u017e jsou na\u0161e standardn\u00ed .625 Magnum Blowguns \u00fa\u017easn\u00e9, rozhodli jsme se posunout la\u0165ku je\u0161t\u011b v\u00fd\u0161e s na\u0161imi profesion\u00e1ln\u00edmi modely .625. Jsou k dispozici v d\u00e9lk\u00e1ch 4 stop a 5 stop, dod\u00e1vaj\u00ed se s n\u00e1ustkem ve stylu ter\u010de a 3 mm tlustou hlavn\u00ed.<\/p>\n<p>Ano! D\u00edky tomu jsou t\u00e9m\u011b\u0159 dvakr\u00e1t tlust\u0161\u00ed a o 45 % t\u011b\u017e\u0161\u00ed ne\u017e n\u00e1\u0161 standardn\u00ed model a zaji\u0161\u0165uje jejich titul nejt\u011b\u017e\u0161\u00ed, komer\u010dn\u011b vyr\u00e1b\u011bn\u00e9 fouka\u010dky na sv\u011bt\u011b.<\/p>\n<p>Neprome\u0161kejte svou \u0161anci vyu\u017e\u00edt zv\u00fd\u0161en\u00ed p\u0159esnosti, kterou nab\u00edz\u00ed jejich velk\u00e1 hmotnost a tuhost. Nenechte si uj\u00edt zv\u00fd\u0161enou hou\u017eevnatost, kterou nab\u00edzej\u00ed jako n\u00e1razov\u00fd n\u00e1stroj v sebeobrann\u00fdch situac\u00edch.<\/p>\n<p>Ocel: High Impact Aluminum<br \/>\nBarva: \u010cern\u00e1<br \/>\nMateri\u00e1l rukojeti: High Impact Aluminum<br \/>\nCelkov\u00e1 velikost: 121.9 cm<br \/>\nHmotnost: 480 g<\/p>\n<p>&nbsp;<\/p>\n","protected":false},"excerpt":{"rendered":"<p><strong>Fouka\u010dka Professional .625 Blowgun od firmy Cold Steel.<\/strong><\/p>\n","protected":false},"featured_media":257507,"comment_status":"open","ping_status":"closed","template":"","meta":[],"pwb-brand":[211],"product_brand":[],"product_cat":[22,17],"product_tag":[3667],"class_list":{"0":"post-257506","1":"product","2":"type-product","3":"status-publish","4":"has-post-thumbnail","6":"pwb-brand-cold-steel","7":"product_cat-zaviraci-noze","8":"product_cat-noze","9":"product_tag-b2b","11":"first","12":"outofstock","13":"taxable","14":"shipping-taxable","15":"purchasable","16":"product-type-simple"},"brands":[{"id":211,"name":"Cold Steel","slug":"cold-steel"}],"_links":{"self":[{"href":"https:\/\/www.moskito.cz\/it\/wp-json\/wp\/v2\/product\/257506","targetHints":{"allow":["GET"]}}],"collection":[{"href":"https:\/\/www.moskito.cz\/it\/wp-json\/wp\/v2\/product"}],"about":[{"href":"https:\/\/www.moskito.cz\/it\/wp-json\/wp\/v2\/types\/product"}],"replies":[{"embeddable":true,"href":"https:\/\/www.moskito.cz\/it\/wp-json\/wp\/v2\/comments?post=257506"}],"wp:featuredmedia":[{"embeddable":true,"href":"https:\/\/www.moskito.cz\/it\/wp-json\/wp\/v2\/media\/257507"}],"wp:attachment":[{"href":"https:\/\/www.moskito.cz\/it\/wp-json\/wp\/v2\/media?parent=257506"}],"wp:term":[{"taxonomy":"pwb-brand","embeddable":true,"href":"https:\/\/www.moskito.cz\/it\/wp-json\/wp\/v2\/pwb-brand?post=257506"},{"taxonomy":"product_brand","embeddable":true,"href":"https:\/\/www.moskito.cz\/it\/wp-json\/wp\/v2\/product_brand?post=257506"},{"taxonomy":"product_cat","embeddable":true,"href":"https:\/\/www.moskito.cz\/it\/wp-json\/wp\/v2\/product_cat?post=257506"},{"taxonomy":"product_tag","embeddable":true,"href":"https:\/\/www.moskito.cz\/it\/wp-json\/wp\/v2\/product_tag?post=257506"}],"curies":[{"name":"wp","href":"https:\/\/api.w.org\/{rel}","templated":true}]}}