{"id":258016,"date":"2023-10-13T14:04:19","date_gmt":"2023-10-13T13:04:19","guid":{"rendered":"https:\/\/www.moskito.cz\/?post_type=product&#038;p=258016"},"modified":"2025-05-07T10:53:36","modified_gmt":"2025-05-07T09:53:36","slug":"vystrelovaci-nuz-microtech-combat-troodon-orange-143-1or","status":"publish","type":"product","link":"https:\/\/www.moskito.cz\/it\/produkt\/vystrelovaci-nuz-microtech-combat-troodon-orange-143-1or\/","title":{"rendered":"Vyst\u0159elovac\u00ed N\u016f\u017e Microtech Combat Troodon Orange 143-1OR"},"content":{"rendered":"<p>Vyst\u0159elovac\u00ed N\u016f\u017e <strong>Microtech<\/strong> Combat Troodon Orange 143-1OR<\/p>\n<p><strong>Combat Troodon<\/strong>, obl\u00edben\u00fd mezi donucovac\u00edmi org\u00e1ny, vojensk\u00fdm person\u00e1lem a prvn\u00edmi z\u00e1chran\u00e1\u0159i, je postaven pro \u0161irok\u00e9 spektrum pou\u017eit\u00ed a bojov\u00e9 situace na bl\u00edzko. D\u00edky tvarovan\u00e9mu tvaru a radik\u00e1ln\u00edm designov\u00fdm prvk\u016fm p\u016fsob\u00ed tento kousek hmotn\u011b, a p\u0159esto je vhodn\u00fd pro ka\u017edodenn\u00ed no\u0161en\u00ed.<\/p>\n<p>Celkov\u00e1 d\u00e9lka: 24.2 cm<br \/>\nD\u00e9lka v zav\u0159en\u00e9m stavu: 14.6 cm<br \/>\nD\u00e9lka \u010depele: 9.7 cm<br \/>\nTlou\u0161\u0165ka \u010depele: 0.32 cm<br \/>\nPovrchov\u00e1 \u00faprava \u010depele: \u010dern\u00e1<br \/>\nStyl okraje: Oby\u010dejn\u00fd<br \/>\nMateri\u00e1l rukojeti: Oran\u017eov\u00fd hlin\u00edk<br \/>\nTlou\u0161\u0165ka rukojeti: 1.5 cm<br \/>\nKapesn\u00ed klip: Tip-Down<br \/>\nHmotnost: 149,97 g<br \/>\nV\u00fdrobce Ref. #: 143-1OR<br \/>\nZem\u011b p\u016fvodu: USA<\/p>\n<p><iframe title=\"Microtech Combat Troodon Torture Test\" width=\"800\" height=\"450\" src=\"https:\/\/www.youtube.com\/embed\/xE9TeOFYEjg?feature=oembed\" frameborder=\"0\" allow=\"accelerometer; autoplay; clipboard-write; encrypted-media; gyroscope; picture-in-picture; web-share\" referrerpolicy=\"strict-origin-when-cross-origin\" allowfullscreen><\/iframe><\/p>\n<p>&nbsp;<\/p>\n<p>&nbsp;<\/p>\n<p>&nbsp;<\/p>\n","protected":false},"excerpt":{"rendered":"<p><strong>V pr\u016fb\u011bhu let Microtech\u00ae Knives naplnil v\u00e1\u0161n\u00ed a dovednost\u00ed v\u00fdrobu no\u017e\u016f, a\u017e z nich vytvo\u0159il t\u00e9m\u011b\u0159 um\u011bleck\u00e1 d\u00edla,kter\u00e9 jsou vrcholem funk\u010dnosti.V\u0161echny d\u00edly jsou vyrobeny v USA.<\/strong><br \/>\n<strong>Na v\u0161echny no\u017ee Microtech je do\u017eivotn\u00ed z\u00e1ruka.<\/strong><\/p>\n<p><strong>Po\u0161tovn\u00e9 zdarma.<\/strong><\/p>\n","protected":false},"featured_media":258018,"comment_status":"open","ping_status":"closed","template":"","meta":[],"pwb-brand":[431],"product_brand":[],"product_cat":[2019,17],"product_tag":[3667],"class_list":{"0":"post-258016","1":"product","2":"type-product","3":"status-publish","4":"has-post-thumbnail","6":"pwb-brand-microtech","7":"product_cat-vystrelovaci-noze","8":"product_cat-noze","9":"product_tag-b2b","11":"first","12":"outofstock","13":"taxable","14":"shipping-taxable","15":"purchasable","16":"product-type-simple"},"brands":[{"id":431,"name":"Microtech","slug":"microtech"}],"_links":{"self":[{"href":"https:\/\/www.moskito.cz\/it\/wp-json\/wp\/v2\/product\/258016","targetHints":{"allow":["GET"]}}],"collection":[{"href":"https:\/\/www.moskito.cz\/it\/wp-json\/wp\/v2\/product"}],"about":[{"href":"https:\/\/www.moskito.cz\/it\/wp-json\/wp\/v2\/types\/product"}],"replies":[{"embeddable":true,"href":"https:\/\/www.moskito.cz\/it\/wp-json\/wp\/v2\/comments?post=258016"}],"wp:featuredmedia":[{"embeddable":true,"href":"https:\/\/www.moskito.cz\/it\/wp-json\/wp\/v2\/media\/258018"}],"wp:attachment":[{"href":"https:\/\/www.moskito.cz\/it\/wp-json\/wp\/v2\/media?parent=258016"}],"wp:term":[{"taxonomy":"pwb-brand","embeddable":true,"href":"https:\/\/www.moskito.cz\/it\/wp-json\/wp\/v2\/pwb-brand?post=258016"},{"taxonomy":"product_brand","embeddable":true,"href":"https:\/\/www.moskito.cz\/it\/wp-json\/wp\/v2\/product_brand?post=258016"},{"taxonomy":"product_cat","embeddable":true,"href":"https:\/\/www.moskito.cz\/it\/wp-json\/wp\/v2\/product_cat?post=258016"},{"taxonomy":"product_tag","embeddable":true,"href":"https:\/\/www.moskito.cz\/it\/wp-json\/wp\/v2\/product_tag?post=258016"}],"curies":[{"name":"wp","href":"https:\/\/api.w.org\/{rel}","templated":true}]}}