{"id":258413,"date":"2023-10-21T11:26:32","date_gmt":"2023-10-21T10:26:32","guid":{"rendered":"https:\/\/www.moskito.cz\/?post_type=product&#038;p=258413"},"modified":"2025-05-07T10:53:42","modified_gmt":"2025-05-07T09:53:42","slug":"zaviraci-nuz-microtech-anax-titanium-carbon-191c-1dlctcfiti","status":"publish","type":"product","link":"https:\/\/www.moskito.cz\/it\/produkt\/zaviraci-nuz-microtech-anax-titanium-carbon-191c-1dlctcfiti\/","title":{"rendered":"Zav\u00edrac\u00ed N\u016f\u017e Microtech Anax Titanium Carbon 191C-1DLCTCFITI"},"content":{"rendered":"<p>Zav\u00edrac\u00ed N\u016f\u017e <strong>Microtech<\/strong> Anax Titanium Carbon 191C-1DLCTCFITI<\/p>\n<p><strong>Anax<\/strong>, navr\u017een\u00fd spole\u010dnost\u00ed <strong>Microtech<\/strong> a vyroben\u00fd spole\u010dnost\u00ed Rike Knife, je st\u00e1le pln\u011b integr\u00e1ln\u00edm kusem. M\u00e1 \u00fa\u017easnou velikost \u010depele a pom\u011br \u0161\u00ed\u0159ky k rukojeti a poskytuje spoustu \u0159ezn\u00e9ho v\u00fdkonu v tenk\u00e9m, \u0161t\u00edhl\u00e9m, ale robustn\u00edm balen\u00ed. Tvar \u010depele drop point je vynikaj\u00edc\u00ed \u2013 poskytuje dostatek b\u0159icha pro kr\u00e1jen\u00ed a m\u00e1 v\u00fdjime\u010dn\u011b silnou \u0161pi\u010dku pro bodnou s\u00edlu. Je vyrobena z nerezov\u00e9 oceli M390, kter\u00e1 je stejn\u011b esteticky kr\u00e1sn\u00e1 jako jak\u00e1koli \u010depel. Velikost <strong>Anax<\/strong> je ide\u00e1ln\u00ed, pokud d\u00e1v\u00e1te p\u0159ednost v\u011bt\u0161\u00ed \u010depeli EDC, kter\u00e1 se m\u016f\u017ee snadno ohnout i do taktick\u00e9 role. Rukoje\u0165 je z jednoho pevn\u00e9ho kusu titanu zv\u00fdrazn\u011bn\u00e9ho vlo\u017ekou z uhl\u00edkov\u00fdch vl\u00e1ken na prezenta\u010dn\u00ed velikosti. V\u0161echno na tomto no\u017ei k\u0159i\u010d\u00ed kvalitou a je to ten, kter\u00fd budete cht\u00edt nosit ka\u017ed\u00fd den; ur\u010dit\u011b se b\u011bhem okam\u017eiku stane obl\u00edbenou sb\u00edrkou. Dod\u00e1v\u00e1 se s p\u00e1rem odn\u00edmateln\u00fdch lanek a bit\u016f pro \u010dep a hardware.<\/p>\n<p>Celkov\u00e1 d\u00e9lka: 21.8 cm<br \/>\nD\u00e9lka \u010depele: 9.4 cm<br \/>\nTlou\u0161\u0165ka \u010depele: 0.4 cm<br \/>\nOcel \u010depele: M390<br \/>\nPovrchov\u00e1 \u00faprava \u010depele: DLC<br \/>\nMateri\u00e1l rukojeti: Black DLC Integral 6Al4V Titanium s vlo\u017ekou z uhl\u00edkov\u00fdch vl\u00e1ken<br \/>\nSestava \u010depu: Lo\u017eiska<br \/>\nKapesn\u00ed spona: keramick\u00e1 koule z titanu (skl\u00e1p\u011bc\u00ed, prav\u00e9 no\u0161en\u00ed)<br \/>\nHmotnost: 5,00 oz.<br \/>\nDesign\u00e9r: Tony Marfione<\/p>\n","protected":false},"excerpt":{"rendered":"<div class=\"elementor-element elementor-element-bbb542b elementor-widget elementor-widget-woocommerce-product-short-description\" data-id=\"bbb542b\" data-element_type=\"widget\" data-widget_type=\"woocommerce-product-short-description.default\">\n<div class=\"elementor-widget-container\">\n<div class=\"woocommerce-product-details__short-description\">\n<p><strong>V pr\u016fb\u011bhu let Microtech\u00ae Knives naplnil v\u00e1\u0161n\u00ed a dovednost\u00ed v\u00fdrobu no\u017e\u016f, a\u017e z nich vytvo\u0159il t\u00e9m\u011b\u0159 um\u011bleck\u00e1 d\u00edla,kter\u00e9 jsou vrcholem funk\u010dnosti.V\u0161echny d\u00edly jsou vyrobeny v USA.<\/strong><br \/>\n<strong>Na v\u0161echny no\u017ee Microtech je do\u017eivotn\u00ed z\u00e1ruka ( min. 80 000 cykl\u016f, otev\u0159en\u00ed a zav\u0159en\u00ed)<\/strong><\/p>\n<p><strong>Doprava zdarma.<\/strong><\/p>\n<\/div>\n<\/div>\n<\/div>\n","protected":false},"featured_media":258414,"comment_status":"open","ping_status":"closed","template":"","meta":[],"pwb-brand":[431],"product_brand":[],"product_cat":[22,17],"product_tag":[3667],"class_list":{"0":"post-258413","1":"product","2":"type-product","3":"status-publish","4":"has-post-thumbnail","6":"pwb-brand-microtech","7":"product_cat-zaviraci-noze","8":"product_cat-noze","9":"product_tag-b2b","11":"first","12":"outofstock","13":"taxable","14":"shipping-taxable","15":"purchasable","16":"product-type-simple"},"brands":[{"id":431,"name":"Microtech","slug":"microtech"}],"_links":{"self":[{"href":"https:\/\/www.moskito.cz\/it\/wp-json\/wp\/v2\/product\/258413","targetHints":{"allow":["GET"]}}],"collection":[{"href":"https:\/\/www.moskito.cz\/it\/wp-json\/wp\/v2\/product"}],"about":[{"href":"https:\/\/www.moskito.cz\/it\/wp-json\/wp\/v2\/types\/product"}],"replies":[{"embeddable":true,"href":"https:\/\/www.moskito.cz\/it\/wp-json\/wp\/v2\/comments?post=258413"}],"wp:featuredmedia":[{"embeddable":true,"href":"https:\/\/www.moskito.cz\/it\/wp-json\/wp\/v2\/media\/258414"}],"wp:attachment":[{"href":"https:\/\/www.moskito.cz\/it\/wp-json\/wp\/v2\/media?parent=258413"}],"wp:term":[{"taxonomy":"pwb-brand","embeddable":true,"href":"https:\/\/www.moskito.cz\/it\/wp-json\/wp\/v2\/pwb-brand?post=258413"},{"taxonomy":"product_brand","embeddable":true,"href":"https:\/\/www.moskito.cz\/it\/wp-json\/wp\/v2\/product_brand?post=258413"},{"taxonomy":"product_cat","embeddable":true,"href":"https:\/\/www.moskito.cz\/it\/wp-json\/wp\/v2\/product_cat?post=258413"},{"taxonomy":"product_tag","embeddable":true,"href":"https:\/\/www.moskito.cz\/it\/wp-json\/wp\/v2\/product_tag?post=258413"}],"curies":[{"name":"wp","href":"https:\/\/api.w.org\/{rel}","templated":true}]}}