{"id":258546,"date":"2023-10-24T13:45:36","date_gmt":"2023-10-24T12:45:36","guid":{"rendered":"https:\/\/www.moskito.cz\/?post_type=product&#038;p=258546"},"modified":"2025-05-07T10:53:46","modified_gmt":"2025-05-07T09:53:46","slug":"vystrelovaci-nuz-a-g-a-campolin-baron-elite","status":"publish","type":"product","link":"https:\/\/www.moskito.cz\/it\/produkt\/vystrelovaci-nuz-a-g-a-campolin-baron-elite\/","title":{"rendered":"Vyst\u0159elovac\u00ed N\u016f\u017e A.G.A. CAMPOLIN BARON Elite"},"content":{"rendered":"<p>Vyst\u0159elovac\u00ed N\u016f\u017e <strong>A.G.A. CAMPOLIN<\/strong> BARON Elite<\/p>\n<p>Jsme nad\u0161eni, \u017ee v\u00e1m m\u016f\u017eeme p\u0159edstavit nejnov\u011bj\u0161\u00ed vyp\u00ednac\u00ed \u010depel od italsk\u00e9 no\u017e\u00ed\u0159sk\u00e9 spole\u010dnosti A.G.A Campolin the Baron Elite. Tento automatick\u00fd n\u016f\u017e je modern\u00ed evoluc\u00ed sestaven\u00ed Baron se stejn\u00fdm p\u00e1kov\u00fdm mechanismem jako \u00fasp\u011b\u0161n\u00fd &#8220;Zero&#8221;. M\u00e1 \u010depel z nerezov\u00e9 oceli N690Co s povrchovou \u00fapravou Stonewash z masivn\u00ed oceli AISI 420. Dvojit\u00e1 pru\u017eina poskytuje rychlej\u0161\u00ed akci a zaru\u010duje del\u0161\u00ed \u017eivotnost, kde obr\u00e1cen\u00e1 p\u00e1ka zaji\u0161\u0165uje rychl\u00e9 otev\u0159en\u00ed. Rukoje\u0165 je vyrobena z \u010dern\u00e9ho G-10 s 3D texturou pro lep\u0161\u00ed uchopen\u00ed a je dod\u00e1v\u00e1na s klipem z nerezov\u00e9 oceli. Pru\u017einy lze velmi snadno vym\u011bnit a Baron Elite je dod\u00e1v\u00e1n s dal\u0161\u00ed pru\u017einou v karbonov\u00e9 pap\u00edrov\u00e9 krabici. Tento nov\u00fd p\u00e1kov\u00fd z\u00e1mek Baron Elite je EDC vynikaj\u00edc\u00ed kvality.<\/p>\n<p>Celkov\u00e1 d\u00e9lka: 20cm<br \/>\nD\u00e9lka \u010depele: 8,5 cm<br \/>\nHmotnost: 190 g<\/p>\n<p>Materi\u00e1l \u010depele: Nerezov\u00e1 ocel N690Co<br \/>\nMateri\u00e1l rukojeti: G-10<br \/>\nVyrobeno v It\u00e1lii<\/p>\n","protected":false},"excerpt":{"rendered":"<p><strong>Jsme nad\u0161eni, \u017ee v\u00e1m m\u016f\u017eeme p\u0159edstavit nejnov\u011bj\u0161\u00ed vyp\u00ednac\u00ed \u010depel od italsk\u00e9 no\u017e\u00ed\u0159sk\u00e9 spole\u010dnosti A.G.A Campolin the Baron Elite.<\/strong><\/p>\n<p><strong>Doprava zdarma.<\/strong><\/p>\n","protected":false},"featured_media":258547,"comment_status":"open","ping_status":"closed","template":"","meta":[],"pwb-brand":[3245],"product_brand":[],"product_cat":[2019,17],"product_tag":[],"class_list":{"0":"post-258546","1":"product","2":"type-product","3":"status-publish","4":"has-post-thumbnail","6":"pwb-brand-a-g-a-campolin","7":"product_cat-vystrelovaci-noze","8":"product_cat-noze","10":"first","11":"instock","12":"taxable","13":"shipping-taxable","14":"purchasable","15":"product-type-simple"},"brands":[{"id":3245,"name":"A.G.A. CAMPOLIN","slug":"a-g-a-campolin"}],"_links":{"self":[{"href":"https:\/\/www.moskito.cz\/it\/wp-json\/wp\/v2\/product\/258546","targetHints":{"allow":["GET"]}}],"collection":[{"href":"https:\/\/www.moskito.cz\/it\/wp-json\/wp\/v2\/product"}],"about":[{"href":"https:\/\/www.moskito.cz\/it\/wp-json\/wp\/v2\/types\/product"}],"replies":[{"embeddable":true,"href":"https:\/\/www.moskito.cz\/it\/wp-json\/wp\/v2\/comments?post=258546"}],"wp:featuredmedia":[{"embeddable":true,"href":"https:\/\/www.moskito.cz\/it\/wp-json\/wp\/v2\/media\/258547"}],"wp:attachment":[{"href":"https:\/\/www.moskito.cz\/it\/wp-json\/wp\/v2\/media?parent=258546"}],"wp:term":[{"taxonomy":"pwb-brand","embeddable":true,"href":"https:\/\/www.moskito.cz\/it\/wp-json\/wp\/v2\/pwb-brand?post=258546"},{"taxonomy":"product_brand","embeddable":true,"href":"https:\/\/www.moskito.cz\/it\/wp-json\/wp\/v2\/product_brand?post=258546"},{"taxonomy":"product_cat","embeddable":true,"href":"https:\/\/www.moskito.cz\/it\/wp-json\/wp\/v2\/product_cat?post=258546"},{"taxonomy":"product_tag","embeddable":true,"href":"https:\/\/www.moskito.cz\/it\/wp-json\/wp\/v2\/product_tag?post=258546"}],"curies":[{"name":"wp","href":"https:\/\/api.w.org\/{rel}","templated":true}]}}