{"id":258780,"date":"2023-10-26T16:52:05","date_gmt":"2023-10-26T15:52:05","guid":{"rendered":"https:\/\/www.moskito.cz\/?post_type=product&#038;p=258780"},"modified":"2025-06-28T12:01:18","modified_gmt":"2025-06-28T11:01:18","slug":"zaviraci-nuz-kershaw-strata-2076","status":"publish","type":"product","link":"https:\/\/www.moskito.cz\/it\/produkt\/zaviraci-nuz-kershaw-strata-2076\/","title":{"rendered":"Zav\u00edrac\u00ed N\u016f\u017e Kershaw STRATA 2076"},"content":{"rendered":"<p>Zav\u00edrac\u00ed N\u016f\u017e <strong>Kershaw<\/strong> STRATA 2076<\/p>\n<p><strong>Strata<\/strong>, inspirovan\u00e1 \u0161pan\u011blsk\u00fdmi no\u017ei Navaja, transformuje tento tradi\u010dn\u00ed styl do modern\u00edho designu. Ve \u0160pan\u011blsku 19. stolet\u00ed byly no\u017ee Navaja upraveny jako obrann\u00e9 bojov\u00e9 n\u00e1stroje pro ob\u010dany d\u011blnick\u00e9 t\u0159\u00eddy. Dnes lze Strata pou\u017e\u00edvat pro ka\u017edodenn\u00ed \u00fakoly. Snadno se otev\u00edr\u00e1 pomoc\u00ed kuli\u010dkov\u00fdch lo\u017eisek KVT, zat\u00edmco 4,5palcov\u00fd ost\u0159\u00ed \u010depele D2 nab\u00edz\u00ed velkorys\u00e9 a dlouhotrvaj\u00edc\u00ed \u0159ezn\u00e9 schopnosti. Stupnice p\u0159edn\u00ed rukojeti G10 poskytuje extra uchopen\u00ed b\u011bhem pou\u017e\u00edv\u00e1n\u00ed. Navzdory sv\u00e9 velk\u00e9 velikosti, jednopolohov\u00e1 spona na hlubokou kapsu udr\u017euje Strata diskr\u00e9tn\u00ed b\u011bhem cestov\u00e1n\u00ed. Odpov\u00eddaj\u00edc\u00ed m\u011bd\u011bn\u00e9 eloxovan\u00e9 trubkov\u00e9 distan\u010dn\u00ed vlo\u017eky a oto\u010dn\u00fd uz\u00e1v\u011br dod\u00e1vaj\u00ed tomuto modern\u00edmu pojet\u00ed \u0161pan\u011blsk\u00e9 klasiky extra \u0161mrnc.<\/p>\n<p>Modern\u00ed verze tradi\u010dn\u00edch \u0161pan\u011blsk\u00fdch no\u017e\u016f Navaja<br \/>\nN\u00e1strojov\u00e1 ocel D2 s vysok\u00fdm obsahem uhl\u00edku je vysoce odoln\u00e1 proti opot\u0159eben\u00ed, hou\u017eevnat\u00e1, nab\u00edz\u00ed vynikaj\u00edc\u00ed zachov\u00e1n\u00ed ost\u0159\u00ed; Povrchov\u00e1 \u00faprava otryskan\u00e1 kor\u00e1lky vytv\u00e1\u0159\u00ed nereflexn\u00ed, matn\u00fd vzhled<br \/>\nTextura p\u0159edn\u00ed rukojeti G10 zlep\u0161uje p\u0159ilnavost b\u011bhem pou\u017e\u00edv\u00e1n\u00ed; z\u00e1mek r\u00e1mu zaji\u0161\u0165uje otev\u0159en\u00ed \u010depele<br \/>\nSnadno se otev\u00edr\u00e1 pomoc\u00ed syst\u00e9mu kuli\u010dkov\u00fdch lo\u017eisek KVT a flipperu<br \/>\nOdpov\u00eddaj\u00edc\u00ed m\u011bd\u011bn\u00e9 eloxovan\u00e9 trubkov\u00e9 rozp\u011brky a \u010depi\u010dka; hlubok\u00e1 kapesn\u00ed spona udr\u017euje velk\u00fd profil diskr\u00e9tn\u011b v kapse<\/p>\n<p>Pou\u017e\u00edvejte ka\u017ed\u00fd den<br \/>\nTyp Slo\u017eka, Ru\u010dn\u00ed<br \/>\nStylov\u00fd kapesn\u00ed n\u016f\u017e<br \/>\nDesigner Kershaw Originals<br \/>\nBod klipu ve stylu \u010depele<br \/>\nBlade Edge Plain<br \/>\nOtev\u00edr\u00e1n\u00ed Ru\u010dn\u00ed kuli\u010dkov\u00e1 lo\u017eiska KVT<br \/>\nOtev\u00edr\u00e1 pomoc\u00ed Flipper<br \/>\nTyp z\u00e1mku R\u00e1mov\u00fd z\u00e1mek<br \/>\nKapesn\u00ed spona Extra hlubok\u00e9 no\u0161en\u00ed v jedn\u00e9 poloze (prav\u00e1, sklopn\u00e1)<br \/>\nBarva rukojeti \u010cern\u00e1<br \/>\nHardware M\u011bd\u011bn\u00fd eloxovan\u00fd dekorativn\u00ed oto\u010dn\u00fd uz\u00e1v\u011br a rozp\u011brky trubek<br \/>\nZem\u011b p\u016fvodu USA: Design, Prototyp, Kontrola kvality.<br \/>\nZ\u00e1ruka Omezen\u00e1 do\u017eivotn\u00ed z\u00e1ruka<\/p>\n<p>D\u00e9lka \u010depele : 11,4 cm<br \/>\nMateri\u00e1l \u010depele D2<br \/>\nPovrchov\u00e1 \u00faprava \u010depele\/potah Povrchov\u00e1 \u00faprava otryskan\u00e1 perli\u010dkami<br \/>\nTlou\u0161\u0165ka \u010depele 0.275 cm<br \/>\nD\u00e9lka v zav\u0159en\u00e9m stavu : 13,7 cm<br \/>\nMateri\u00e1l rukojeti G10 vp\u0159edu, vzadu z nerezov\u00e9 oceli<br \/>\nPovrchov\u00e1 \u00faprava rukojeti\/Povlak H\u0159bet s otrysk\u00e1n\u00edm<br \/>\nTlou\u0161\u0165ka rukojeti : 1.04 cm<br \/>\nCelkov\u00e1 d\u00e9lka: 25,1 cm<br \/>\nHmotnost : 105 g<\/p>\n<p>&nbsp;<\/p>\n<p><iframe title=\"Kershaw Strata and Strata XL - Models 2076\/2077\" width=\"800\" height=\"450\" src=\"https:\/\/www.youtube.com\/embed\/88zFT8AjDDA?feature=oembed\" frameborder=\"0\" allow=\"accelerometer; autoplay; clipboard-write; encrypted-media; gyroscope; picture-in-picture; web-share\" allowfullscreen><\/iframe><\/p>\n<p>&nbsp;<\/p>\n","protected":false},"excerpt":{"rendered":"<p><strong>Strata, inspirovan\u00e1 \u0161pan\u011blsk\u00fdmi no\u017ei Navaja, transformuje tento tradi\u010dn\u00ed styl do modern\u00edho designu.<\/strong><\/p>\n","protected":false},"featured_media":258781,"comment_status":"open","ping_status":"closed","template":"","meta":[],"pwb-brand":[385],"product_brand":[],"product_cat":[22,17],"product_tag":[],"class_list":{"0":"post-258780","1":"product","2":"type-product","3":"status-publish","4":"has-post-thumbnail","6":"pwb-brand-kershaw","7":"product_cat-zaviraci-noze","8":"product_cat-noze","10":"first","11":"instock","12":"taxable","13":"shipping-taxable","14":"purchasable","15":"product-type-simple"},"brands":[{"id":385,"name":"Kershaw","slug":"kershaw"}],"_links":{"self":[{"href":"https:\/\/www.moskito.cz\/it\/wp-json\/wp\/v2\/product\/258780","targetHints":{"allow":["GET"]}}],"collection":[{"href":"https:\/\/www.moskito.cz\/it\/wp-json\/wp\/v2\/product"}],"about":[{"href":"https:\/\/www.moskito.cz\/it\/wp-json\/wp\/v2\/types\/product"}],"replies":[{"embeddable":true,"href":"https:\/\/www.moskito.cz\/it\/wp-json\/wp\/v2\/comments?post=258780"}],"wp:featuredmedia":[{"embeddable":true,"href":"https:\/\/www.moskito.cz\/it\/wp-json\/wp\/v2\/media\/258781"}],"wp:attachment":[{"href":"https:\/\/www.moskito.cz\/it\/wp-json\/wp\/v2\/media?parent=258780"}],"wp:term":[{"taxonomy":"pwb-brand","embeddable":true,"href":"https:\/\/www.moskito.cz\/it\/wp-json\/wp\/v2\/pwb-brand?post=258780"},{"taxonomy":"product_brand","embeddable":true,"href":"https:\/\/www.moskito.cz\/it\/wp-json\/wp\/v2\/product_brand?post=258780"},{"taxonomy":"product_cat","embeddable":true,"href":"https:\/\/www.moskito.cz\/it\/wp-json\/wp\/v2\/product_cat?post=258780"},{"taxonomy":"product_tag","embeddable":true,"href":"https:\/\/www.moskito.cz\/it\/wp-json\/wp\/v2\/product_tag?post=258780"}],"curies":[{"name":"wp","href":"https:\/\/api.w.org\/{rel}","templated":true}]}}