{"id":259080,"date":"2023-11-02T21:24:08","date_gmt":"2023-11-02T20:24:08","guid":{"rendered":"https:\/\/www.moskito.cz\/?post_type=product&#038;p=259080"},"modified":"2025-05-07T10:53:55","modified_gmt":"2025-05-07T09:53:55","slug":"vystrelovaci-nuz-kershaw-launch-4-stonewashed","status":"publish","type":"product","link":"https:\/\/www.moskito.cz\/it\/produkt\/vystrelovaci-nuz-kershaw-launch-4-stonewashed\/","title":{"rendered":"Vyst\u0159elovac\u00ed N\u016f\u017e Kershaw Launch 4 Stonewashed"},"content":{"rendered":"<p>Vyst\u0159elovac\u00ed N\u016f\u017e <strong>Kershaw<\/strong> Launch 4 Stonewashed<\/p>\n<p>Pro ty z v\u00e1s, kte\u0159\u00ed vy\u017eaduj\u00ed men\u0161\u00ed \u010depel je Launch 4 docela \u0161ikovn\u00fd.<\/p>\n<p>\u010cepel je vyrobena z vysoce v\u00fdkonn\u00e9 oceli CPM-154. Tato pr\u00e1\u0161kov\u00e1 metalurgick\u00e1 ocel m\u00e1 rovnom\u011brn\u011bj\u0161\u00ed rozlo\u017een\u00ed karbid\u016f, tak\u017ee zab\u00edr\u00e1 a dr\u017e\u00ed vynikaj\u00edc\u00ed ost\u0159\u00ed, poskytuje dobrou odolnost proti korozi, odolnost proti opot\u0159eben\u00ed a hou\u017eevnatost. \u010cepel je om\u00fdv\u00e1na kamenem, aby dob\u0159e vypadala a skryla \u0161kr\u00e1bance. Aby se sn\u00ed\u017eila hmotnost Launch 4, Kershaw vyrobil rukoje\u0165 a integrovanou zadn\u00ed vlo\u017eku z odoln\u00e9ho hlin\u00edku, eloxovan\u00e9ho v OD zelen\u00e9.<\/p>\n<p>Launch 4 se otev\u00edr\u00e1 pomoc\u00ed tla\u010d\u00edtka, zapu\u0161t\u011bn\u00e9ho tak, aby bylo v rovin\u011b s plochou rukojeti. Jedn\u00e1 se o bezpe\u010dnostn\u00ed prvek, kter\u00fd zt\u011b\u017euje n\u00e1hodn\u00e9 nasazen\u00ed no\u017e\u016f. P\u0159i pou\u017eit\u00ed levou rukou stiskn\u011bte m\u00edsto palce ukazov\u00e1\u010dkem tla\u010d\u00edtko pro uvoln\u011bn\u00ed\/zaji\u0161t\u011bn\u00ed \u010depele. Launch 4 m\u00e1 jednopolohovou kapesn\u00ed sponu a nese skl\u00e1p\u011bn\u00ed.<\/p>\n<p>Funkce<br \/>\nZ\u00e1mek tla\u010d\u00edtka \u2013 nach\u00e1z\u00ed se na skl\u00e1dac\u00ed pile Kershaw, b\u011bhem pou\u017e\u00edv\u00e1n\u00ed uzamkne pilov\u00fd kotou\u010d v otev\u0159en\u00e9 poloze a pot\u00e9 se uvoln\u00ed stisknut\u00edm tla\u010d\u00edtka.<br \/>\nVyrobeno v USA \u2013 Kdy\u017e to vid\u00edte na jednom z na\u0161ich no\u017e\u016f, znamen\u00e1 to, \u017ee n\u016f\u017e byl vyroben ve v\u00fdrobn\u00edm z\u00e1vod\u011b v Tualatinu v Oregonu zku\u0161en\u00fdmi no\u017e\u00ed\u0159i Kershaw.<br \/>\nSingle Position &#8211; Kapesn\u00ed spona je v pevn\u00e9 poloze na rukojeti no\u017ee; obvykle je um\u00edst\u011bn pro no\u0161en\u00ed v prav\u00e9 ruce se \u0161pi\u010dkou dol\u016f, i kdy\u017e se to m\u016f\u017ee li\u0161it.<\/p>\n<p>Specifikace:<br \/>\nD\u00e9lka \u010depele: 4,8 cm<br \/>\nD\u00e9lka v zav\u0159en\u00e9m stavu: 8,1 cm<br \/>\nCelkov\u00e1 d\u00e9lka: 13 cm<br \/>\nMateri\u00e1l \u010depele: CPM-154 Nerezov\u00e1 ocel<br \/>\nStyl \u010depele: Spear Point<br \/>\nPovrchov\u00e1 \u00faprava \u010depele: Stonewash<br \/>\nMateri\u00e1l rukojeti: OD zelen\u00fd eloxovan\u00fd hlin\u00edk<br \/>\nUzamykac\u00ed mechanismus: Tla\u010d\u00edtko<br \/>\nKapesn\u00ed klip: Vykl\u00e1p\u011bc\u00ed, prav\u00e9 no\u0161en\u00ed<br \/>\nHmotnost: 1,8 oz. (51 g)<br \/>\nVyrobeno v USA<\/p>\n","protected":false},"excerpt":{"rendered":"<p><strong>Pro ty z v\u00e1s, kte\u0159\u00ed vy\u017eaduj\u00ed men\u0161\u00ed \u010depel je Launch 4 docela \u0161ikovn\u00fd.<\/strong><\/p>\n","protected":false},"featured_media":259081,"comment_status":"open","ping_status":"closed","template":"","meta":[],"pwb-brand":[385],"product_brand":[],"product_cat":[2019,17],"product_tag":[],"class_list":{"0":"post-259080","1":"product","2":"type-product","3":"status-publish","4":"has-post-thumbnail","6":"pwb-brand-kershaw","7":"product_cat-vystrelovaci-noze","8":"product_cat-noze","10":"first","11":"outofstock","12":"taxable","13":"shipping-taxable","14":"purchasable","15":"product-type-simple"},"brands":[{"id":385,"name":"Kershaw","slug":"kershaw"}],"_links":{"self":[{"href":"https:\/\/www.moskito.cz\/it\/wp-json\/wp\/v2\/product\/259080","targetHints":{"allow":["GET"]}}],"collection":[{"href":"https:\/\/www.moskito.cz\/it\/wp-json\/wp\/v2\/product"}],"about":[{"href":"https:\/\/www.moskito.cz\/it\/wp-json\/wp\/v2\/types\/product"}],"replies":[{"embeddable":true,"href":"https:\/\/www.moskito.cz\/it\/wp-json\/wp\/v2\/comments?post=259080"}],"wp:featuredmedia":[{"embeddable":true,"href":"https:\/\/www.moskito.cz\/it\/wp-json\/wp\/v2\/media\/259081"}],"wp:attachment":[{"href":"https:\/\/www.moskito.cz\/it\/wp-json\/wp\/v2\/media?parent=259080"}],"wp:term":[{"taxonomy":"pwb-brand","embeddable":true,"href":"https:\/\/www.moskito.cz\/it\/wp-json\/wp\/v2\/pwb-brand?post=259080"},{"taxonomy":"product_brand","embeddable":true,"href":"https:\/\/www.moskito.cz\/it\/wp-json\/wp\/v2\/product_brand?post=259080"},{"taxonomy":"product_cat","embeddable":true,"href":"https:\/\/www.moskito.cz\/it\/wp-json\/wp\/v2\/product_cat?post=259080"},{"taxonomy":"product_tag","embeddable":true,"href":"https:\/\/www.moskito.cz\/it\/wp-json\/wp\/v2\/product_tag?post=259080"}],"curies":[{"name":"wp","href":"https:\/\/api.w.org\/{rel}","templated":true}]}}