{"id":259294,"date":"2023-11-05T17:12:29","date_gmt":"2023-11-05T16:12:29","guid":{"rendered":"https:\/\/www.moskito.cz\/?post_type=product&#038;p=259294"},"modified":"2025-05-07T10:54:01","modified_gmt":"2025-05-07T09:54:01","slug":"zaviraci-nuz-kershaw-moonsault-balisong-butterfly-5050","status":"publish","type":"product","link":"https:\/\/www.moskito.cz\/it\/produkt\/zaviraci-nuz-kershaw-moonsault-balisong-butterfly-5050\/","title":{"rendered":"Zav\u00edrac\u00ed N\u016f\u017e Kershaw Moonsault Balisong Butterfly 5050"},"content":{"rendered":"<p>Zav\u00edrac\u00ed N\u016f\u017e <strong>Kershaw<\/strong> Moonsault Balisong Butterfly 5050<\/p>\n<p>Jako oslniv\u00fd luchador l\u00e9t\u00e1 Moonsault z horn\u00edho lana s gr\u00e1ci\u00ed a stylem. Moonsault, navr\u017een\u00fd jako sestersk\u00fd produkt obl\u00edben\u00e9ho produktu Lucha, p\u0159in\u00e1\u0161\u00ed sv\u011b\u017e\u00ed vzhled d\u00edky pohodl\u00ed a stylu zak\u0159iven\u00fdch rukojet\u00ed a asymetrick\u00fdch vzor\u016f otvor\u016f, kter\u00e9 p\u0159ech\u00e1zej\u00ed ze strany na stranu. Je to v\u0161ak v\u00edc ne\u017e jen hezk\u00e1 tv\u00e1\u0159i\u010dka; stejn\u011b jako jeho star\u0161\u00ed bratr je Moonsault vyv\u00e1\u017een\u00fd a pohodln\u00fd na p\u0159ekl\u00e1p\u011bn\u00ed. N\u016f\u017e se vyzna\u010duje pevnou ocelovou konstrukc\u00ed rukojeti, hladk\u00fdm pocitem podlo\u017eek lo\u017eisek a stejn\u011b skv\u011blou kvalitou Kershaw, kterou jste si obl\u00edbili u Lucha. \u010cepel s hrotem kop\u00ed obsahuje propichovac\u00ed hrot a ploch\u00e9 brou\u0161en\u00ed v pln\u00e9 \u0161\u00ed\u0159ce pro vyv\u00e1\u017een\u00ed p\u0159i p\u0159ekl\u00e1p\u011bn\u00ed a vynikaj\u00edc\u00ed \u0159ezn\u00fd v\u00fdkon. A \u201epracovn\u00ed povrch\u201c na \u010depeli a rukojeti skryje je\u0161t\u011b v\u00edce \u0161kr\u00e1banc\u016f ne\u017e kameny, co\u017e pom\u00e1h\u00e1 Moonsault vypadat co nejl\u00e9pe. A\u0165 u\u017e obrac\u00edte nebo \u0159e\u017eete, ozna\u010dte Moonsault jako sv\u016fj dal\u0161\u00ed mot\u00fdl\u00ed n\u016f\u017e.<\/p>\n<p>Mot\u00fdl\u00ed n\u016f\u017e vyroben\u00fd v USA, symetricky zak\u0159iven\u00e9 rukojeti<br \/>\n\u010cepel z nerezov\u00e9 oceli 14C28N; zv\u00fd\u0161en\u00fd obsah dus\u00edku ve slo\u017een\u00ed poskytuje vynikaj\u00edc\u00ed odolnost proti korozi a prokalitelnost; \u010depel s hrotem kop\u00ed s \u201epracovn\u00ed \u00fapravou\u201c, kter\u00e1 skr\u00fdv\u00e1 \u0161kr\u00e1bance<br \/>\nDvojit\u00e9 \u010depy s kuli\u010dkov\u00fdmi lo\u017eisky KVT pro mimo\u0159\u00e1dn\u011b hladk\u00e9 p\u0159ekl\u00e1p\u011bn\u00ed<br \/>\nVyv\u00e1\u017een\u00e1 velikost, hmotnost a design pro p\u0159ekl\u00e1p\u011bn\u00ed<\/p>\n<p>Specifikace<br \/>\nD\u00e9lka \u010depele: 11,7 cm<br \/>\nD\u00e9lka v zav\u0159en\u00e9m stavu: 15,0 cm<br \/>\nCelkov\u00e1 d\u00e9lka: 126,0 cm<br \/>\nMateri\u00e1l \u010depele: Sandvik 14C28N Nerezov\u00e1 ocel<br \/>\nStyl \u010depele: Spear Point<br \/>\nPovrchov\u00e1 \u00faprava \u010depele: funk\u010dn\u00ed<br \/>\nMateri\u00e1l rukojeti: Nerezov\u00e1 ocel<br \/>\nUzamykac\u00ed mechanismus: Z\u00e1padka<br \/>\nSestava \u010depu: Dvojit\u00e1 lo\u017eiska KVT<br \/>\nKapesn\u00ed klip: \u017d\u00e1dn\u00fd<br \/>\nHmotnost: 173 g<br \/>\nVyrobeno v USA<\/p>\n","protected":false},"excerpt":{"rendered":"<p><strong>Moonsault, navr\u017een\u00fd jako sestersk\u00fd produkt obl\u00edben\u00e9ho produktu Lucha, p\u0159in\u00e1\u0161\u00ed sv\u011b\u017e\u00ed vzhled d\u00edky pohodl\u00ed a stylu zak\u0159iven\u00fdch rukojet\u00ed a asymetrick\u00fdch vzor\u016f otvor\u016f, kter\u00e9 p\u0159ech\u00e1zej\u00ed ze strany na stranu.<\/strong><\/p>\n<p><strong>Doprava zdarma.<\/strong><\/p>\n","protected":false},"featured_media":259295,"comment_status":"open","ping_status":"closed","template":"","meta":[],"pwb-brand":[385],"product_brand":[],"product_cat":[2030,17],"product_tag":[],"class_list":{"0":"post-259294","1":"product","2":"type-product","3":"status-publish","4":"has-post-thumbnail","6":"pwb-brand-kershaw","7":"product_cat-motylky","8":"product_cat-noze","10":"first","11":"outofstock","12":"taxable","13":"shipping-taxable","14":"purchasable","15":"product-type-simple"},"brands":[{"id":385,"name":"Kershaw","slug":"kershaw"}],"_links":{"self":[{"href":"https:\/\/www.moskito.cz\/it\/wp-json\/wp\/v2\/product\/259294","targetHints":{"allow":["GET"]}}],"collection":[{"href":"https:\/\/www.moskito.cz\/it\/wp-json\/wp\/v2\/product"}],"about":[{"href":"https:\/\/www.moskito.cz\/it\/wp-json\/wp\/v2\/types\/product"}],"replies":[{"embeddable":true,"href":"https:\/\/www.moskito.cz\/it\/wp-json\/wp\/v2\/comments?post=259294"}],"wp:featuredmedia":[{"embeddable":true,"href":"https:\/\/www.moskito.cz\/it\/wp-json\/wp\/v2\/media\/259295"}],"wp:attachment":[{"href":"https:\/\/www.moskito.cz\/it\/wp-json\/wp\/v2\/media?parent=259294"}],"wp:term":[{"taxonomy":"pwb-brand","embeddable":true,"href":"https:\/\/www.moskito.cz\/it\/wp-json\/wp\/v2\/pwb-brand?post=259294"},{"taxonomy":"product_brand","embeddable":true,"href":"https:\/\/www.moskito.cz\/it\/wp-json\/wp\/v2\/product_brand?post=259294"},{"taxonomy":"product_cat","embeddable":true,"href":"https:\/\/www.moskito.cz\/it\/wp-json\/wp\/v2\/product_cat?post=259294"},{"taxonomy":"product_tag","embeddable":true,"href":"https:\/\/www.moskito.cz\/it\/wp-json\/wp\/v2\/product_tag?post=259294"}],"curies":[{"name":"wp","href":"https:\/\/api.w.org\/{rel}","templated":true}]}}