{"id":259990,"date":"2023-11-17T19:29:44","date_gmt":"2023-11-17T18:29:44","guid":{"rendered":"https:\/\/www.moskito.cz\/?post_type=product&#038;p=259990"},"modified":"2025-05-07T10:54:12","modified_gmt":"2025-05-07T09:54:12","slug":"vystrelovaci-nuz-microtech-dirac-delta-dark-tungesten-227-3cdt","status":"publish","type":"product","link":"https:\/\/www.moskito.cz\/it\/produkt\/vystrelovaci-nuz-microtech-dirac-delta-dark-tungesten-227-3cdt\/","title":{"rendered":"Vyst\u0159elovac\u00ed N\u016f\u017e Microtech Dirac Delta Dark Tungesten 227-3CDT"},"content":{"rendered":"<p>Vyst\u0159elovac\u00ed N\u016f\u017e <strong>Microtech<\/strong> Dirac Delta Dark Tungesten 227-3CDT<\/p>\n<p>Dirac Delta je v\u011bt\u0161\u00ed verze Diracu od Microtechu. Navr\u017eeno s ergonomick\u00fdm podvozkem a zak\u0159iven\u00fdmi liniemi podobn\u00fdmi HALO. Dirac Delta m\u00e1 jin\u00fd pocit ne\u017e jejich ostatn\u00ed rukojeti. Po prozkoum\u00e1n\u00ed tohoto konkr\u00e9tn\u00edho designu OTF Microtech aplikoval sv\u00e9 charakteristick\u00e9 vlastnosti s ultra vysokou toleranc\u00ed, jako je propriet\u00e1rn\u00ed hardware, inovativn\u00ed vnit\u0159n\u00ed mechanismus a rozb\u00edje\u010d skla.<\/p>\n<p>Celkov\u00e1 d\u00e9lka: 23.9 cm<br \/>\nD\u00e9lka v zav\u0159en\u00e9m stavu: 14.2 cm<br \/>\nD\u00e9lka \u010depele: 9.6 cm<br \/>\nPovrchov\u00e1 \u00faprava \u010depele: Tmav\u00fd tungesten<br \/>\nStyl okraje: Pln\u011b vroubkovan\u00fd<br \/>\nMateri\u00e1l rukojeti: Dark Tungesten Cerakote Aluminium<br \/>\nTlou\u0161\u0165ka rukojeti: 1.1 cm<br \/>\nKapesn\u00ed klip: Tip-Down<br \/>\nHmotnost: 130,41 g<br \/>\nV\u00fdrobce Ref. #: 227-3CDT<br \/>\nZem\u011b p\u016fvodu: USA<\/p>\n<p><iframe title=\"Microtech Combat Troodon Torture Test\" width=\"800\" height=\"450\" src=\"https:\/\/www.youtube.com\/embed\/xE9TeOFYEjg?feature=oembed\" frameborder=\"0\" allow=\"accelerometer; autoplay; clipboard-write; encrypted-media; gyroscope; picture-in-picture; web-share\" referrerpolicy=\"strict-origin-when-cross-origin\" allowfullscreen><\/iframe><\/p>\n<p>&nbsp;<\/p>\n<p>&nbsp;<\/p>\n","protected":false},"excerpt":{"rendered":"<p><strong>V pr\u016fb\u011bhu let Microtech\u00ae Knives naplnil v\u00e1\u0161n\u00ed a dovednost\u00ed v\u00fdrobu no\u017e\u016f, a\u017e z nich vytvo\u0159il t\u00e9m\u011b\u0159 um\u011bleck\u00e1 d\u00edla,kter\u00e9 jsou vrcholem funk\u010dnosti.V\u0161echny d\u00edly jsou vyrobeny v USA.<\/strong><br \/>\n<strong>Na v\u0161echny no\u017ee Microtech je do\u017eivotn\u00ed z\u00e1ruka.<\/strong><\/p>\n<p><strong>Doprava zdarma.<\/strong><\/p>\n","protected":false},"featured_media":259991,"comment_status":"open","ping_status":"closed","template":"","meta":[],"pwb-brand":[431],"product_brand":[],"product_cat":[2019,17],"product_tag":[3667],"class_list":{"0":"post-259990","1":"product","2":"type-product","3":"status-publish","4":"has-post-thumbnail","6":"pwb-brand-microtech","7":"product_cat-vystrelovaci-noze","8":"product_cat-noze","9":"product_tag-b2b","11":"first","12":"outofstock","13":"taxable","14":"shipping-taxable","15":"purchasable","16":"product-type-simple"},"brands":[{"id":431,"name":"Microtech","slug":"microtech"}],"_links":{"self":[{"href":"https:\/\/www.moskito.cz\/it\/wp-json\/wp\/v2\/product\/259990","targetHints":{"allow":["GET"]}}],"collection":[{"href":"https:\/\/www.moskito.cz\/it\/wp-json\/wp\/v2\/product"}],"about":[{"href":"https:\/\/www.moskito.cz\/it\/wp-json\/wp\/v2\/types\/product"}],"replies":[{"embeddable":true,"href":"https:\/\/www.moskito.cz\/it\/wp-json\/wp\/v2\/comments?post=259990"}],"wp:featuredmedia":[{"embeddable":true,"href":"https:\/\/www.moskito.cz\/it\/wp-json\/wp\/v2\/media\/259991"}],"wp:attachment":[{"href":"https:\/\/www.moskito.cz\/it\/wp-json\/wp\/v2\/media?parent=259990"}],"wp:term":[{"taxonomy":"pwb-brand","embeddable":true,"href":"https:\/\/www.moskito.cz\/it\/wp-json\/wp\/v2\/pwb-brand?post=259990"},{"taxonomy":"product_brand","embeddable":true,"href":"https:\/\/www.moskito.cz\/it\/wp-json\/wp\/v2\/product_brand?post=259990"},{"taxonomy":"product_cat","embeddable":true,"href":"https:\/\/www.moskito.cz\/it\/wp-json\/wp\/v2\/product_cat?post=259990"},{"taxonomy":"product_tag","embeddable":true,"href":"https:\/\/www.moskito.cz\/it\/wp-json\/wp\/v2\/product_tag?post=259990"}],"curies":[{"name":"wp","href":"https:\/\/api.w.org\/{rel}","templated":true}]}}