{"id":260205,"date":"2023-11-19T14:55:42","date_gmt":"2023-11-19T13:55:42","guid":{"rendered":"https:\/\/www.moskito.cz\/?post_type=product&#038;p=260205"},"modified":"2025-07-12T11:50:32","modified_gmt":"2025-07-12T10:50:32","slug":"zaviraci-nuz-spyderco-lightweight-tenacious-c122sbbk","status":"publish","type":"product","link":"https:\/\/www.moskito.cz\/it\/produkt\/zaviraci-nuz-spyderco-lightweight-tenacious-c122sbbk\/","title":{"rendered":"Zav\u00edrac\u00ed N\u016f\u017e Spyderco Lightweight Tenacious C122SBBK"},"content":{"rendered":"<p>Zav\u00edrac\u00ed N\u016f\u017e <strong>Spyderco<\/strong> Lightweight Tenacious C122SBBK<\/p>\n<p><strong>Tenacious<\/strong>, kter\u00fd hrd\u011b nab\u00edz\u00ed v\u0161echny funkce a v\u00fdhody, kter\u00e9 definuj\u00ed n\u016f\u017e <strong>Spyderco<\/strong> v cenov\u011b p\u0159\u00edzniv\u00e9m balen\u00ed, je ji\u017e dlouho st\u0159edobodem \u0159ady hodnotov\u00fdch skl\u00e1dac\u00edch no\u017e\u00fa <strong>Spyderco<\/strong>. Tenacious Lightweight posunul la\u0165ku je\u0161t\u011b d\u00e1le a nahradil p\u016fvodn\u00ed stupnice G10 vst\u0159ikovan\u00fdm nylonem vyztu\u017een\u00fdm skeln\u00fdm vl\u00e1knem (FRN), kter\u00fd sni\u017euje hmotnost no\u017ee o t\u00e9m\u011b\u0159 12 procent a p\u0159id\u00e1v\u00e1 extr\u00e9mn\u00ed jistotu \u00fachopu d\u00edky vzoru Bi-Directional Texture spole\u010dnosti Spyderco. Pro taktick\u00e9 koncov\u00e9 u\u017eivatele tato verze tohoto lehk\u00e9ho pohonu p\u0159id\u00e1v\u00e1 n\u00edzkoprofilov\u00fd \u010dern\u00fd oxidov\u00fd povlak \u010depele a odpov\u00eddaj\u00edc\u00ed \u010dern\u011b pota\u017een\u00fd hardware a klip.<\/p>\n<p>Specifikace<br \/>\nD\u00e9lka \u010depele: 8.5 cm<br \/>\nD\u00e9lka v zav\u0159en\u00e9m stavu: 11 cm<br \/>\nCelkov\u00e1 d\u00e9lka: 19.42 cm<br \/>\nMateri\u00e1l \u010depele: Nerezov\u00e1 ocel 8Cr13MoV<br \/>\nStyl \u010depele: Tvar listu<br \/>\nBrou\u0161en\u00ed \u010depele: Pln\u011b ploch\u00e9<br \/>\nPovrchov\u00e1 \u00faprava \u010depele: \u010dern\u00fd oxid<br \/>\nOst\u0159\u00ed \u010depele: Vroubkovan\u00e9<br \/>\nMateri\u00e1l rukojeti: FRN<br \/>\nBarva rukojeti: \u010cern\u00e1<br \/>\nUzamykac\u00ed mechanismus: Liner Lock<br \/>\nKapesn\u00ed klip: Vykl\u00e1p\u011bn\u00ed\/dol\u016f, no\u0161en\u00ed vpravo\/vlevo<br \/>\n\u010c\u00edslo modelu: C122SBBK<br \/>\nN\u00e1zev modelu: Tenacious Lightweight<br \/>\nHmotnost: 3,7 oz.<\/p>\n","protected":false},"excerpt":{"rendered":"<p><strong>Tenacious, kter\u00fd hrd\u011b nab\u00edz\u00ed v\u0161echny funkce a v\u00fdhody, kter\u00e9 definuj\u00ed n\u016f\u017e Spyderco v cenov\u011b p\u0159\u00edzniv\u00e9m balen\u00ed.<\/strong><\/p>\n","protected":false},"featured_media":260206,"comment_status":"open","ping_status":"closed","template":"","meta":[],"pwb-brand":[567],"product_brand":[],"product_cat":[22,17],"product_tag":[3667],"class_list":{"0":"post-260205","1":"product","2":"type-product","3":"status-publish","4":"has-post-thumbnail","6":"pwb-brand-spyderco","7":"product_cat-zaviraci-noze","8":"product_cat-noze","9":"product_tag-b2b","11":"first","12":"outofstock","13":"taxable","14":"shipping-taxable","15":"purchasable","16":"product-type-simple"},"brands":[{"id":567,"name":"Spyderco","slug":"spyderco"}],"_links":{"self":[{"href":"https:\/\/www.moskito.cz\/it\/wp-json\/wp\/v2\/product\/260205","targetHints":{"allow":["GET"]}}],"collection":[{"href":"https:\/\/www.moskito.cz\/it\/wp-json\/wp\/v2\/product"}],"about":[{"href":"https:\/\/www.moskito.cz\/it\/wp-json\/wp\/v2\/types\/product"}],"replies":[{"embeddable":true,"href":"https:\/\/www.moskito.cz\/it\/wp-json\/wp\/v2\/comments?post=260205"}],"wp:featuredmedia":[{"embeddable":true,"href":"https:\/\/www.moskito.cz\/it\/wp-json\/wp\/v2\/media\/260206"}],"wp:attachment":[{"href":"https:\/\/www.moskito.cz\/it\/wp-json\/wp\/v2\/media?parent=260205"}],"wp:term":[{"taxonomy":"pwb-brand","embeddable":true,"href":"https:\/\/www.moskito.cz\/it\/wp-json\/wp\/v2\/pwb-brand?post=260205"},{"taxonomy":"product_brand","embeddable":true,"href":"https:\/\/www.moskito.cz\/it\/wp-json\/wp\/v2\/product_brand?post=260205"},{"taxonomy":"product_cat","embeddable":true,"href":"https:\/\/www.moskito.cz\/it\/wp-json\/wp\/v2\/product_cat?post=260205"},{"taxonomy":"product_tag","embeddable":true,"href":"https:\/\/www.moskito.cz\/it\/wp-json\/wp\/v2\/product_tag?post=260205"}],"curies":[{"name":"wp","href":"https:\/\/api.w.org\/{rel}","templated":true}]}}