{"id":260442,"date":"2023-11-22T20:28:07","date_gmt":"2023-11-22T19:28:07","guid":{"rendered":"https:\/\/www.moskito.cz\/?post_type=product&#038;p=260442"},"modified":"2025-05-07T10:54:24","modified_gmt":"2025-05-07T09:54:24","slug":"pevny-nuz-spyderco-enuff-2-fb31sbl2k390","status":"publish","type":"product","link":"https:\/\/www.moskito.cz\/it\/produkt\/pevny-nuz-spyderco-enuff-2-fb31sbl2k390\/","title":{"rendered":"Pevn\u00fd N\u016f\u017e Spyderco Enuff 2 FB31SBL2K390"},"content":{"rendered":"<p>Pevn\u00fd N\u016f\u017e <strong>Spyderco<\/strong> Enuff 2 FB31SBL2K390.<\/p>\n<p>Existuje v\u00fdznamn\u00fd rozd\u00edl mezi p\u0159\u00edle\u017eitostn\u00fdmi u\u017eivateli no\u017e\u016f a t\u011bmi, kte\u0159\u00ed pou\u017e\u00edvaj\u00ed \u010depel k se\u010den\u00ed seri\u00f3zn\u00edch prac\u00ed. Zku\u0161en\u00ed u\u017eivatel\u00e9 v\u011bd\u00ed, \u017ee pro v\u011bt\u0161inu \u0159ezn\u00fdch \u00fakol\u016f plat\u00ed, \u017ee \u010d\u00edm bl\u00ed\u017ee je \u0159ezan\u00fd materi\u00e1l k &#8220;pat\u011b&#8221; \u010depele (\u010d\u00e1st nabrou\u0161en\u00e9 hrany nejbl\u00ed\u017ee rukojeti), t\u00edm v\u011bt\u0161\u00ed p\u00e1ku a kontrolu budou m\u00edt. Jak se \u010depel no\u017ee prodlu\u017euje, p\u00e1kov\u00fd efekt jeho d\u00e9lky m\u016f\u017ee ve skute\u010dnosti p\u016fsobit proti s\u00edle ruky u\u017eivatele, co\u017e zt\u011b\u017euje pou\u017eit\u00ed \u0159ezn\u00e9ho tlaku na dist\u00e1ln\u00ed \u010d\u00e1st ost\u0159\u00ed. Dokud \u010depel nenab\u00edz\u00ed dostate\u010dnou d\u00e9lku a hmotnost, aby slou\u017eila jako sekac\u00ed n\u00e1stroj, dal\u0161\u00ed d\u00e9lka skute\u010dn\u011b nab\u00edz\u00ed vy\u0161\u0161\u00ed v\u00fdkon.<\/p>\n<p>Kolik \u010depele tedy sta\u010d\u00ed? P\u016fvodn\u00ed odpov\u011bd\u00ed <strong>Spyderco<\/strong> na tuto ot\u00e1zku byla \u0159ada <strong>Enuff<\/strong> \u2013 rodina t\u0159\u00ed design\u016f s pevnou \u010depel\u00ed, kter\u00e9 sd\u00edlely spole\u010dnou rukoje\u0165, celkovou velikost a design pouzdra, ale nab\u00edzely v\u00fdrazn\u011b odli\u0161n\u00e9 styly \u010depel\u00ed. Rodina Enuff, navr\u017een\u00e1 spoluzakladatelem Spyderco Salem Glesserem a p\u0159edstaven\u00e1 v roce 2013, zahrnovala verze s profilem clip-point, \u010depel\u00ed ve tvaru listu a ov\u010d\u00ed nohou. V\u0161echny t\u0159i \u010depele byly 2,75 palce (70 mm) dlouh\u00e9 a vyroben\u00e9 z pevn\u00e9 nerezov\u00e9 oceli VG-10 o tlou\u0161\u0165ce 4 mm (0,157 palce). \u010cepele s klipovac\u00edm hrotem a listy ve tvaru listu byly jak hladk\u00e9, tak pln\u011b ploch\u00e9, aby poskytovaly v\u00fdjime\u010dnou geometrii b\u0159itu pro p\u0159esn\u00e9 \u0159ez\u00e1n\u00ed a \u0161pi\u010datou u\u017eite\u010dnost. Ov\u010d\u00ed noha <strong>Enuff<\/strong> byla brou\u0161en\u00e1 \u0161avl\u00ed a vyzna\u010dovala se rovnou \u0159eznou hranou SpyderEdge. Jeho pe\u010dliv\u011b zaoblen\u00fd profil a agresivn\u00ed pln\u011b zoubkovan\u00e9 ost\u0159\u00ed poskytly \u010depel ve stylu z\u00e1chrany, kter\u00e1 byla ide\u00e1ln\u00ed pro bezpe\u010dn\u00e9 \u0159ez\u00e1n\u00ed bezpe\u010dnostn\u00edch p\u00e1s\u016f, popruh\u016f, lan a podobn\u00fdch materi\u00e1l\u016f ve vysok\u00e9m nam\u00e1h\u00e1n\u00ed p\u0159i kritick\u00e9m incidentu. Z\u00e1rove\u0148 dist\u00e1ln\u00ed \u010d\u00e1st hrany obsahovala jemn\u00fd, ale funk\u010dn\u00ed bod pro detailn\u00ed pr\u00e1ce.<\/p>\n<p>\u010clenov\u00e9 rodiny <strong>Enuff<\/strong> sd\u00edleli identick\u00fd profil rukojeti, kter\u00fd jim umo\u017enil pou\u017e\u00edvat stejn\u00e9 p\u0159esn\u00e9 v\u00e1hy, kter\u00e9 byly vst\u0159ikov\u00e1ny z odoln\u00e9ho nylonu vyztu\u017een\u00e9ho skeln\u00fdmi vl\u00e1kny (FRN). Rukojeti, kter\u00e9 jsou p\u0159ipevn\u011bny ke skeletonizovan\u00fdm hrot\u016fm no\u017e\u016f nerezov\u00fdm Torx hardwarem, byly tvarov\u00e1ny tak, aby poskytovaly \u00fachop v ruce, a obsahovaly typick\u00fd dvousm\u011brn\u00fd texturovac\u00ed vzor <strong>Spyderco<\/strong> \u2013 s\u00e9rii protilehl\u00fdch \u0161ikm\u00fdch krok\u016f vych\u00e1zej\u00edc\u00edch ze st\u0159edu rukojeti, kter\u00e9 zaji\u0161\u0165uj\u00ed vynikaj\u00edc\u00ed trakce a protiskluzov\u00e1 rukoje\u0165. Rafinovan\u00fd, ergonomick\u00fd tvar rukojeti pohodln\u011b dr\u017e\u00ed ruku a poskytuje jak funk\u010dn\u00ed chr\u00e1ni\u010d, kter\u00fd br\u00e1n\u00ed jej\u00edmu pohybu vp\u0159ed, tak jemn\u011b zahnut\u00fd zadek pro lep\u0161\u00ed kontrolu p\u0159i tahu a p\u0159i stahov\u00e1n\u00ed z pouzdra. Velkoryse dimenzovan\u00fd otvor pro \u0161\u0148\u016frku tak\u00e9 umo\u017e\u0148oval snadn\u00e9 p\u0159ipevn\u011bn\u00ed p\u0159\u00edv\u011bsku nebo \u0161\u0148\u016frky pro dodate\u010dn\u00e9 zabezpe\u010den\u00ed.<\/p>\n<p>Vzhledem k tomu, \u017ee \u010depele ov\u010d\u00ed nohy jsou obl\u00edben\u00fdmi \u0159ezn\u00fdmi n\u00e1stroji mnoha milovn\u00edk\u016f vodn\u00edch sport\u016f, v roce 2013 spole\u010dnost <strong>Spyderco<\/strong> p\u0159edstavila verzi ov\u010d\u00ed nohy Enuff vyrobenou z oceli H-1 \u2013 materi\u00e1lu \u010depele na b\u00e1zi dus\u00edku, kter\u00fd je extr\u00e9mn\u011b odoln\u00fd proti korozi. \u0160upiny rukojeti byly tak\u00e9 vylisov\u00e1ny v jasn\u011b \u017elut\u00e9 barv\u011b pro snadnou viditelnost ve vod\u011b a kolem n\u00ed. Zn\u00e1m\u00e1 jako Enuff Salt si okam\u017eit\u011b na\u0161la oblibu mezi pot\u00e1p\u011b\u010di a n\u00e1mo\u0159n\u00edky. A stejn\u011b jako ostatn\u00ed no\u017ee ze s\u00e9rie Salt p\u0159e\u0161la ocel \u010depele z oceli H-1 na ocel H-2 v roce 2022.<\/p>\n<p>V\u0161echny no\u017ee <strong>Enuff<\/strong> pou\u017e\u00edvaly stejn\u00fd design vst\u0159ikovan\u00e9ho polymerov\u00e9ho pouzdra, kter\u00fd se vyzna\u010doval dv\u011bma &#8220;u\u0161i&#8221; u \u00fast, kter\u00e1 se zacvaknou kolem p\u0159edn\u00ed hrany \u0161upin rukojeti, aby dr\u017eely n\u016f\u017e bezpe\u010dn\u011b na m\u00edst\u011b. Pochvy Enuff byly tak\u00e9 vybaveny \u00fachytem Spyderco G-Clip, kter\u00fd podporoval no\u0161en\u00ed na opasku i no\u0161en\u00ed ve stylu klipu uvnit\u0159 pasu. V\u0161estrann\u00fd design G-Clip tak\u00e9 umo\u017enil konfigurovat pouzdra Enuff pro vertik\u00e1ln\u00ed, horizont\u00e1ln\u00ed nebo diagon\u00e1ln\u011b sklon\u011bn\u00e9 polohy no\u0161en\u00ed. Vzhledem k tomu, \u017ee pochvy byly smontov\u00e1ny s oky nam\u00edsto pevn\u00fdch n\u00fdt\u016f, mohla b\u00fdt G-Clip tak\u00e9 zcela odstran\u011bna a pochvy byly p\u0159iv\u00e1z\u00e1ny k popruhu, plovouc\u00edmu za\u0159\u00edzen\u00ed nebo jin\u00fdm platform\u00e1m pomoc\u00ed zip\u016f nebo paracordu.<\/p>\n<p>Navzdory nevyvratiteln\u00e9 logice designov\u00e9ho konceptu s\u00e9rie Enuff podle n\u011bkter\u00fdch na\u0161ich z\u00e1kazn\u00edk\u016f \u201eEnuff nebyl v\u017edy dosta\u010duj\u00edc\u00ed\u201c. L\u00edbil se jim design rukojeti a extr\u00e9mn\u00ed \u0159ezn\u00fd \u00fa\u010dinek kr\u00e1tk\u00fdch ost\u0159\u00ed no\u017e\u016f, ale c\u00edtili, \u017ee \u010depele jsou p\u0159\u00edli\u0161 tlust\u00e9 a p\u0159\u00edli\u0161 kr\u00e1tk\u00e9 pro optim\u00e1ln\u00ed v\u0161estrannost. Na z\u00e1klad\u011b t\u00e9to zp\u011btn\u00e9 vazby <strong>Spyderco<\/strong> ukon\u010dilo s\u00e9rii Enuff koncem roku 2022, s v\u00fdznamnou v\u00fdjimkou Enuff Salt. Spyderco z\u00e1rove\u0148 p\u0159edstavilo \u0161t\u00edhlej\u0161\u00edho, uhlazen\u011bj\u0161\u00edho a del\u0161\u00edho n\u00e1stupce \u2013 Enuff 2.<\/p>\n<p>Na z\u00e1klad\u011b rozs\u00e1hl\u00e9 zp\u011btn\u00e9 vazby od z\u00e1kazn\u00edk\u016f p\u0159epracoval spoluzakladatel Spyderco Sal Glesser p\u016fvodn\u00ed pevnou \u010depel Enuff, aby vytvo\u0159il del\u0161\u00ed, \u0161t\u00edhlej\u0161\u00ed Enuff 2. Pot\u00e9 design p\u0159eplnil p\u0159id\u00e1n\u00edm n\u00e1strojov\u00e9 oceli K390 MICROCLEAN od Bohler-Uddeholm, kter\u00e1 je zn\u00e1m\u00e1 svou extr\u00e9mn\u00ed pevnost a zachov\u00e1n\u00ed hran. Toto vyj\u00e1d\u0159en\u00ed Enuff 2 posouv\u00e1 tento v\u00fdvoj o krok d\u00e1le s p\u0159id\u00e1n\u00edm agresivn\u00edho vzoru vroubkov\u00e1n\u00ed SpyderEdge Spyderco. \u0160pi\u010dkov\u00fd \u0159ezn\u00fd n\u00e1stroj pro hou\u017eevnat\u00e9, vl\u00e1knit\u00e9 materi\u00e1ly, tento Enuff 2 se vyzna\u010duje charakteristick\u00fdmi modr\u00fdmi stupnicemi FRN a vst\u0159ikovan\u00fdm polymerov\u00fdm pl\u00e1\u0161t\u011bm s uchycen\u00edm G-Clip.<\/p>\n<p>Kdy\u017e se <strong>Enuff<\/strong> 2 nepou\u017e\u00edv\u00e1, jede ve vst\u0159ikovan\u00e9m polymerov\u00e9m pl\u00e1\u0161ti, kter\u00fd p\u0159ipom\u00edn\u00e1 pl\u00e1\u0161\u0165 prvn\u00ed generace Enuff\u016f. Vy\u00fast\u011bn\u00ed pouzdra m\u00e1 integr\u00e1ln\u00ed \u201eu\u0161i\u201c, kter\u00e9 uchopuj\u00ed p\u0159edn\u00ed hrany stupnic rukojeti pro bezpe\u010dn\u00e9 zacvaknut\u00ed. Jako dal\u0161\u00ed bezpe\u010dnostn\u00ed opat\u0159en\u00ed je v\u0161ak pouzdro tak\u00e9 vybaveno ko\u017een\u00fdm poutkem zaji\u0161t\u011bn\u00fdm cvo\u010dkem z nerezov\u00e9 oceli. Aby bylo zaji\u0161t\u011bno \u0161irok\u00e9 spektrum mo\u017enost\u00ed no\u0161en\u00ed, je dod\u00e1v\u00e1n s dr\u017e\u00e1kem G-Clip, kter\u00fd lze nakonfigurovat pro no\u0161en\u00ed na opasku s nastaviteln\u00fdm \u00fahlem na obou stran\u00e1ch t\u011bla a funguje tak\u00e9 jako pru\u017einov\u00e1 spona pro no\u0161en\u00ed uvnit\u0159 pasu.<\/p>\n<p>Specifikace:<br \/>\nD\u00e9lka \u010depele: 10.1 cm<br \/>\n\u0158ezn\u00e1 hrana: 9.4 cm<br \/>\nD\u00e9lka rukojeti: 10.2 cm<br \/>\nCelkov\u00e1 d\u00e9lka: 20.3 cm<br \/>\nTlou\u0161\u0165ka \u010depele: 0,3 cm<br \/>\nMateri\u00e1l \u010depele: N\u00e1strojov\u00e1 ocel K390<br \/>\nStyl \u010depele: ve tvaru listu<br \/>\nBrou\u0161en\u00ed \u010depele: Pln\u011b ploch\u00e9<br \/>\nPovrchov\u00e1 \u00faprava \u010depele: sat\u00e9n<br \/>\nOst\u0159\u00ed \u010depele: Vroubkovan\u00e9<br \/>\nMateri\u00e1l rukojeti: FRN<br \/>\nBarva rukojeti: kobaltov\u00e1 modr\u00e1<br \/>\nPl\u00e1\u0161\u0165: Polymer<br \/>\n\u010c\u00edslo modelu: FB31SBL2K390<br \/>\nN\u00e1zev modelu: Enuff 2 K390<br \/>\nHmotnost: 94 g<br \/>\nHmotnost s pouzdrem: 6,0 oz. (170 g)<br \/>\nVyrobeno v Japonsku<\/p>\n","protected":false},"excerpt":{"rendered":"<p><strong>Vzhledem k tomu, \u017ee \u010depele ov\u010d\u00ed nohy jsou obl\u00edben\u00fdmi \u0159ezn\u00fdmi n\u00e1stroji mnoha milovn\u00edk\u016f vodn\u00edch sport\u016f, v roce 2013 spole\u010dnost Spyderco p\u0159edstavila verzi Enuff vyrobenou z oceli H-1 \u2013 materi\u00e1lu \u010depele na b\u00e1zi dus\u00edku, kter\u00fd je extr\u00e9mn\u011b odoln\u00fd proti korozi.<\/strong><\/p>\n<p><strong>Doprava zdarma.<\/strong><\/p>\n","protected":false},"featured_media":260443,"comment_status":"open","ping_status":"closed","template":"","meta":[],"pwb-brand":[567],"product_brand":[],"product_cat":[23,17],"product_tag":[3667],"class_list":{"0":"post-260442","1":"product","2":"type-product","3":"status-publish","4":"has-post-thumbnail","6":"pwb-brand-spyderco","7":"product_cat-pevne-noze","8":"product_cat-noze","9":"product_tag-b2b","11":"first","12":"instock","13":"taxable","14":"shipping-taxable","15":"purchasable","16":"product-type-simple"},"brands":[{"id":567,"name":"Spyderco","slug":"spyderco"}],"_links":{"self":[{"href":"https:\/\/www.moskito.cz\/it\/wp-json\/wp\/v2\/product\/260442","targetHints":{"allow":["GET"]}}],"collection":[{"href":"https:\/\/www.moskito.cz\/it\/wp-json\/wp\/v2\/product"}],"about":[{"href":"https:\/\/www.moskito.cz\/it\/wp-json\/wp\/v2\/types\/product"}],"replies":[{"embeddable":true,"href":"https:\/\/www.moskito.cz\/it\/wp-json\/wp\/v2\/comments?post=260442"}],"wp:featuredmedia":[{"embeddable":true,"href":"https:\/\/www.moskito.cz\/it\/wp-json\/wp\/v2\/media\/260443"}],"wp:attachment":[{"href":"https:\/\/www.moskito.cz\/it\/wp-json\/wp\/v2\/media?parent=260442"}],"wp:term":[{"taxonomy":"pwb-brand","embeddable":true,"href":"https:\/\/www.moskito.cz\/it\/wp-json\/wp\/v2\/pwb-brand?post=260442"},{"taxonomy":"product_brand","embeddable":true,"href":"https:\/\/www.moskito.cz\/it\/wp-json\/wp\/v2\/product_brand?post=260442"},{"taxonomy":"product_cat","embeddable":true,"href":"https:\/\/www.moskito.cz\/it\/wp-json\/wp\/v2\/product_cat?post=260442"},{"taxonomy":"product_tag","embeddable":true,"href":"https:\/\/www.moskito.cz\/it\/wp-json\/wp\/v2\/product_tag?post=260442"}],"curies":[{"name":"wp","href":"https:\/\/api.w.org\/{rel}","templated":true}]}}