{"id":261642,"date":"2023-12-16T19:11:59","date_gmt":"2023-12-16T18:11:59","guid":{"rendered":"https:\/\/www.moskito.cz\/?post_type=product&#038;p=261642"},"modified":"2025-05-07T10:54:47","modified_gmt":"2025-05-07T09:54:47","slug":"zaviraci-nuz-spyderco-manix-2-c101gpbbk2","status":"publish","type":"product","link":"https:\/\/www.moskito.cz\/it\/produkt\/zaviraci-nuz-spyderco-manix-2-c101gpbbk2\/","title":{"rendered":"Zav\u00edrac\u00ed N\u016f\u017e Spyderco Manix 2 C101GPBBK2"},"content":{"rendered":"<p>Zav\u00edrac\u00ed N\u016f\u017e <strong>Spyderco<\/strong> Manix 2 C101GPBBK2<\/p>\n<p><strong>Manix 2<\/strong> byl od sv\u00e9ho vyd\u00e1n\u00ed v roce 2010 dob\u0159e p\u0159ijat. Jedn\u00e1 se o celo\u010dernou verzi s \u010dernou \u010depel\u00ed DLC (diamantov\u00fd povlak), \u010dern\u00fdmi \u0161rouby a \u010dernou siluetou kapesn\u00ed spony. Je vybaven z\u00e1mkem Ball Bearing Lock, kter\u00fd se skl\u00e1d\u00e1 z tvrzen\u00e9ho voln\u011b plovouc\u00edho kuli\u010dkov\u00e9ho lo\u017eiska obsa\u017een\u00e9ho v zak\u00e1zkov\u00e9 hi-tech polymerov\u00e9 kleci. Kulat\u00e9 kuli\u010dkov\u00e9 lo\u017eisko umo\u017e\u0148uje, aby se z\u00e1mek s\u00e1m nastavil na velk\u00e9 plo\u0161e, hladce a d\u016fsledn\u011b se zamykal s pevnou jistotou. Matn\u00e1 \u010dern\u00e1 nereflexn\u00ed \u010depel S30V je brou\u0161en\u00e1 naplocho s agresivn\u00edm vroubkov\u00e1n\u00edm palce nad kulat\u00fdm otvorem Spyderco o pr\u016fm\u011bru 14 mm. Vnit\u0159n\u00ed vlo\u017eky po cel\u00e9 d\u00e9lce jsou na okraj\u00edch vroubkovan\u00e9 a m\u00edrn\u011b p\u0159esahuj\u00ed za stupnice rukojeti G-10, \u010d\u00edm\u017e se zv\u011bt\u0161uje zv\u00fdrazn\u011bn\u00ed velk\u00e9 \u010d\u00e1sti obvodu rukojeti. T\u0159\u00ed\u0161roubov\u00e1 spona je vhodn\u00e1 pro levou\/pravou ruku a um\u00eds\u0165uje skl\u00e1p\u011bc\u00ed slo\u017eku p\u0159i p\u0159en\u00e1\u0161en\u00ed.<\/p>\n<p>Specifikace:<br \/>\nCelkov\u00e1 d\u00e9lka: 20.3 cm<br \/>\nD\u00e9lka \u010depele: 8.6 cm<br \/>\nD\u00e9lka v zav\u0159en\u00e9m stavu: 11.7 cm<br \/>\nOcel: S30V<br \/>\nMateri\u00e1l rukojeti: G-10<br \/>\nHmotnost: 5 oz. (143 g)<br \/>\nKlip: lev\u00fd\/prav\u00fd<br \/>\nVyrobeno v USA<\/p>\n","protected":false},"excerpt":{"rendered":"<p><strong>Manix 2 byl od sv\u00e9ho vyd\u00e1n\u00ed v roce 2010 dob\u0159e p\u0159ijat. Jedn\u00e1 se o celo\u010dernou verzi s \u010dernou \u010depel\u00ed DLC (diamantov\u00fd povlak), \u010dern\u00fdmi \u0161rouby a \u010dernou siluetou kapesn\u00ed spony.<\/strong><\/p>\n<p><strong>Doprava zdarma.<\/strong><\/p>\n","protected":false},"featured_media":261643,"comment_status":"open","ping_status":"closed","template":"","meta":[],"pwb-brand":[567],"product_brand":[],"product_cat":[22,17],"product_tag":[3667],"class_list":{"0":"post-261642","1":"product","2":"type-product","3":"status-publish","4":"has-post-thumbnail","6":"pwb-brand-spyderco","7":"product_cat-zaviraci-noze","8":"product_cat-noze","9":"product_tag-b2b","11":"first","12":"outofstock","13":"taxable","14":"shipping-taxable","15":"purchasable","16":"product-type-simple"},"brands":[{"id":567,"name":"Spyderco","slug":"spyderco"}],"_links":{"self":[{"href":"https:\/\/www.moskito.cz\/it\/wp-json\/wp\/v2\/product\/261642","targetHints":{"allow":["GET"]}}],"collection":[{"href":"https:\/\/www.moskito.cz\/it\/wp-json\/wp\/v2\/product"}],"about":[{"href":"https:\/\/www.moskito.cz\/it\/wp-json\/wp\/v2\/types\/product"}],"replies":[{"embeddable":true,"href":"https:\/\/www.moskito.cz\/it\/wp-json\/wp\/v2\/comments?post=261642"}],"wp:featuredmedia":[{"embeddable":true,"href":"https:\/\/www.moskito.cz\/it\/wp-json\/wp\/v2\/media\/261643"}],"wp:attachment":[{"href":"https:\/\/www.moskito.cz\/it\/wp-json\/wp\/v2\/media?parent=261642"}],"wp:term":[{"taxonomy":"pwb-brand","embeddable":true,"href":"https:\/\/www.moskito.cz\/it\/wp-json\/wp\/v2\/pwb-brand?post=261642"},{"taxonomy":"product_brand","embeddable":true,"href":"https:\/\/www.moskito.cz\/it\/wp-json\/wp\/v2\/product_brand?post=261642"},{"taxonomy":"product_cat","embeddable":true,"href":"https:\/\/www.moskito.cz\/it\/wp-json\/wp\/v2\/product_cat?post=261642"},{"taxonomy":"product_tag","embeddable":true,"href":"https:\/\/www.moskito.cz\/it\/wp-json\/wp\/v2\/product_tag?post=261642"}],"curies":[{"name":"wp","href":"https:\/\/api.w.org\/{rel}","templated":true}]}}