{"id":262058,"date":"2023-12-31T13:59:52","date_gmt":"2023-12-31T12:59:52","guid":{"rendered":"https:\/\/www.moskito.cz\/?post_type=product&#038;p=262058"},"modified":"2025-05-07T10:54:55","modified_gmt":"2025-05-07T09:54:55","slug":"zaviraci-nuz-rockstead-japanese-sai-zdp-blu","status":"publish","type":"product","link":"https:\/\/www.moskito.cz\/it\/produkt\/zaviraci-nuz-rockstead-japanese-sai-zdp-blu\/","title":{"rendered":"Zav\u00edrac\u00ed N\u016f\u017e Rockstead Japanese SAI-ZDP-BLU"},"content":{"rendered":"<p>Zav\u00edrac\u00ed N\u016f\u017e <strong>Rockstead<\/strong> Japanese SAI-ZDP-BLU<\/p>\n<p><strong>Rockstead<\/strong> Knives jsou podle na\u0161eho n\u00e1zoru jedny z nejlep\u0161\u00edch no\u017e\u016f dostupn\u00fdch na trhu. D\u00edky pe\u010dliv\u00e9mu \u0159emesln\u00e9mu zpracov\u00e1n\u00ed a jedine\u010dn\u00fdm design\u016fm <strong>Rockstead<\/strong> stoj\u00ed tato polozak\u00e1zkov\u00e1 slo\u017eka za pr\u00e9miovou cenu. Slo\u017eka SAI-ZDP se vyzna\u010duje 3,125&#8243; VG10 pl\u00e1tovanou ZDP-189, \u010depel\u00ed se zrcadlovou \u00fapravou a titanov\u00fdmi rukoje\u0165mi. Otev\u00edr\u00e1n\u00ed je plynul\u00e9 s pevn\u00fdm z\u00e1mkem, kter\u00fd \u010depel bezpe\u010dn\u011b dr\u017e\u00ed na m\u00edst\u011b. Neuv\u011b\u0159iteln\u00e9ho zrcadlov\u00e9ho proveden\u00ed je dosa\u017eeno tepeln\u00fdm zpracov\u00e1n\u00edm ost\u0159\u00ed a postupn\u00e9 ru\u010dn\u00ed brou\u0161en\u00ed p\u0159es mokrosuch\u00fd brusn\u00fd pap\u00edr zrnitosti 400, 600, 800, 1 200 a 2 000. To je velmi intenzivn\u00ed a zdlouhav\u00e9, proto\u017ee pokud by b\u011bhem tohoto procesu do\u0161lo k n\u011bjak\u00e9mu po\u0161kr\u00e1b\u00e1n\u00ed, je nutn\u00e9 ost\u0159\u00ed poslat zp\u011bt na p\u0159edchoz\u00ed krok pro povrchovou \u00fapravu. Jakmile je toto dokon\u010deno, bude \u010depel obrou\u0161ena pro fin\u00e1ln\u00ed povrchovou \u00fapravu. Lid\u00e9 z Rockstead tento proces zvl\u00e1dli, aby no\u017ei dodali kr\u00e1sn\u00fd povrch a ostr\u00e9 ost\u0159\u00ed jako \u017e\u00e1dn\u00fd jin\u00fd. SAI-ZDP se dod\u00e1v\u00e1 s \u010dernou k\u016f\u017e\u00ed pouzdro na opasek s otvorem pro uchycen\u00ed p\u0159ilo\u017een\u00e9ho kl\u00ed\u010de ve stylu torx.Ka\u017ed\u00fd n\u016f\u017e je individu\u00e1ln\u011b o\u010d\u00edslov\u00e1n a obsahuje certifik\u00e1t pravosti.<\/p>\n<p>Specifikace:<br \/>\nD\u00e9lka \u010depele: 7.81 cm<br \/>\nCelkov\u00e1 d\u00e9lka: 18.75 cm<br \/>\nTlou\u0161\u0165ka \u010depele: 0.32 cm<br \/>\nMateri\u00e1l \u010depele: VG10 Clad ZDP-189 Nerezov\u00e1 ocel<br \/>\nTvrdost \u010depele: 67 HRC (p\u0159ibli\u017en\u011b)<br \/>\nStyl \u010depele: Drop Point<br \/>\nBrou\u0161en\u00ed \u010depele: Konvexn\u00ed<br \/>\nPovrchov\u00e1 \u00faprava \u010depele: Zrcadlo<br \/>\nMateri\u00e1l rukojeti: Titan<br \/>\nUzamykac\u00ed mechanismus: Liner Lock<br \/>\nKapesn\u00ed klip: Bez kapesn\u00edho klipu<br \/>\nPochva: \u010cern\u00e1 ko\u017een\u00e1 kapsi\u010dka na opasek<br \/>\nHmotnost: 5,4 oz.<br \/>\nVyrobeno v Japonsku<\/p>\n","protected":false},"excerpt":{"rendered":"<p><strong>Rockstead Knives jsou podle na\u0161eho n\u00e1zoru jedny z nejlep\u0161\u00edch no\u017e\u016f dostupn\u00fdch na trhu. D\u00edky pe\u010dliv\u00e9mu \u0159emesln\u00e9mu zpracov\u00e1n\u00ed a jedine\u010dn\u00fdm design\u016fm Rockstead stoj\u00ed tato polozak\u00e1zkov\u00fd n\u016f\u017e za pr\u00e9miovou cenu.<\/strong><br \/>\n<strong>Doprava zdarma.<\/strong><\/p>\n","protected":false},"featured_media":262059,"comment_status":"open","ping_status":"closed","template":"","meta":[],"pwb-brand":[3227],"product_brand":[],"product_cat":[22,17],"product_tag":[],"class_list":{"0":"post-262058","1":"product","2":"type-product","3":"status-publish","4":"has-post-thumbnail","6":"pwb-brand-rockstead","7":"product_cat-zaviraci-noze","8":"product_cat-noze","10":"first","11":"instock","12":"taxable","13":"shipping-taxable","14":"purchasable","15":"product-type-simple"},"brands":[{"id":3227,"name":"Rockstead","slug":"rockstead"}],"_links":{"self":[{"href":"https:\/\/www.moskito.cz\/it\/wp-json\/wp\/v2\/product\/262058","targetHints":{"allow":["GET"]}}],"collection":[{"href":"https:\/\/www.moskito.cz\/it\/wp-json\/wp\/v2\/product"}],"about":[{"href":"https:\/\/www.moskito.cz\/it\/wp-json\/wp\/v2\/types\/product"}],"replies":[{"embeddable":true,"href":"https:\/\/www.moskito.cz\/it\/wp-json\/wp\/v2\/comments?post=262058"}],"wp:featuredmedia":[{"embeddable":true,"href":"https:\/\/www.moskito.cz\/it\/wp-json\/wp\/v2\/media\/262059"}],"wp:attachment":[{"href":"https:\/\/www.moskito.cz\/it\/wp-json\/wp\/v2\/media?parent=262058"}],"wp:term":[{"taxonomy":"pwb-brand","embeddable":true,"href":"https:\/\/www.moskito.cz\/it\/wp-json\/wp\/v2\/pwb-brand?post=262058"},{"taxonomy":"product_brand","embeddable":true,"href":"https:\/\/www.moskito.cz\/it\/wp-json\/wp\/v2\/product_brand?post=262058"},{"taxonomy":"product_cat","embeddable":true,"href":"https:\/\/www.moskito.cz\/it\/wp-json\/wp\/v2\/product_cat?post=262058"},{"taxonomy":"product_tag","embeddable":true,"href":"https:\/\/www.moskito.cz\/it\/wp-json\/wp\/v2\/product_tag?post=262058"}],"curies":[{"name":"wp","href":"https:\/\/api.w.org\/{rel}","templated":true}]}}