{"id":262253,"date":"2024-01-04T00:15:14","date_gmt":"2024-01-03T23:15:14","guid":{"rendered":"https:\/\/www.moskito.cz\/?post_type=product&#038;p=262253"},"modified":"2025-05-07T10:55:03","modified_gmt":"2025-05-07T09:55:03","slug":"sada-vrhacich-nozu-spyderco-spyderthrowers-small-tk01sm","status":"publish","type":"product","link":"https:\/\/www.moskito.cz\/it\/produkt\/sada-vrhacich-nozu-spyderco-spyderthrowers-small-tk01sm\/","title":{"rendered":"Sada Vrhac\u00edch No\u017e\u016f Spyderco SpyderThrowers Small TK01SM"},"content":{"rendered":"<p>Sada Vrhac\u00edch No\u017e\u016f <strong>Spyderco<\/strong> SpyderThrowers Small TK01SM<\/p>\n<p>\u0158ada vrhac\u00edch no\u017e\u016f Spyderco SpyderThrower m\u00e1 dlouhou, fascinuj\u00edc\u00ed historii, kter\u00e1 za\u010dala u mu\u017ee jm\u00e9nem Harald Moeller. Moeller se narodil a vyr\u016fstal v N\u011bmecku, kde p\u0159ed emigrac\u00ed do Kanady v roce 1956 pracoval jako profesion\u00e1ln\u00ed v\u00fdrobce n\u00e1stroj\u016f a matric. P\u0159esto\u017ee pokra\u010doval v pr\u00e1ci v r\u016fzn\u00fdch stroj\u00edrensk\u00fdch d\u00edln\u00e1ch a dokonce u\u010dil sv\u00e9 \u0159emeslo u\u010dn\u011b na kanadsk\u00e9m ministerstvu n\u00e1rodn\u00ed obrany, Moeller\u016fv celo\u017eivotn\u00ed zamilovanost do no\u017e\u016f ho nakonec odl\u00e1kala, aby se mohl v\u011bnovat kari\u00e9\u0159e no\u017e\u00ed\u0159e.<\/p>\n<p>Moellerovy dob\u0159e zaveden\u00e9 zvyky pe\u010dliv\u00e9ho pl\u00e1nov\u00e1n\u00ed a pe\u010dliv\u00e9 pozornosti k detailu \u2013 stejn\u011b jako jeho hlubok\u00e9 znalosti pr\u016fmyslov\u00e9ho designu a metalurgie \u2013 mu v jeho nov\u00e9m povol\u00e1n\u00ed velmi dob\u0159e poslou\u017eily. Rychle se etabloval jako jeden z p\u0159edn\u00edch kanadsk\u00fdch v\u00fdrobc\u016f no\u017e\u016f na zak\u00e1zku a brzy p\u0159il\u00e1kal celosv\u011btov\u00e9 z\u00e1kazn\u00edky. Jak jeho kari\u00e9ra postupovala, z\u00edskal tak\u00e9 nespo\u010det ocen\u011bn\u00ed na zak\u00e1zkov\u00fdch v\u00fdstav\u00e1ch no\u017e\u016f za sv\u00e9 inovativn\u00ed n\u00e1vrhy a jedine\u010dn\u00e9 \u0159emesln\u00e9 zpracov\u00e1n\u00ed.<\/p>\n<p>P\u0159esto\u017ee se Moeller zam\u011b\u0159oval p\u0159edev\u0161\u00edm na loveck\u00e9, kempingov\u00e9 a sb\u011bratelsk\u00e9 no\u017ee investi\u010dn\u00ed kvality, jeho z\u00e1kazn\u00edci se ho \u010dasto ptali na vrhac\u00ed no\u017ee. Nikdy nevyr\u00e1b\u011bl n\u016f\u017e speci\u00e1ln\u011b navr\u017een\u00fd pro tento sport, ale jeho intenzivn\u00ed v\u00e1\u0161e\u0148 pro no\u017ee zahrnovala zdravou zv\u011bdavost na vrha\u010de, a tak se rozhodl to zkusit. Moeller si v ml\u00e1d\u00ed koupil \u0159adu komer\u010dn\u00edch vrhac\u00edch no\u017e\u016f, ale nikdy s nimi nem\u011bl velk\u00fd \u00fasp\u011bch. P\u0159e\u010detl tak\u00e9 n\u011bkolik knih na toto t\u00e9ma, ale tak\u00e9 m\u011bl pocit, \u017ee jim chyb\u00ed dostatek podrobnost\u00ed, aby skute\u010dn\u011b porozum\u011bly designu vrhac\u00edch no\u017e\u016f. Inspirov\u00e1n po\u017eadavky sv\u00fdch z\u00e1kazn\u00edk\u016f a vlastn\u00ed zv\u011bdavost\u00ed \u2013 a p\u0159esv\u011bd\u010den, \u017ee v t\u00e9to oblasti existuje spousta prostoru pro zlep\u0161en\u00ed \u2013 se Moeller rozhodl za\u010d\u00edt sv\u016fj v\u00fdzkum a v\u00fdvoj od nuly.<\/p>\n<p>Za\u010dal t\u00edm, \u017ee si koupil v\u00edce tov\u00e1rn\u011b vyroben\u00fdch vrhac\u00edch no\u017e\u016f a spojil svou sb\u00edrku se sb\u00edrkou p\u0159\u00edtele, kter\u00fd byl v\u00e1\u0161niv\u00fdm vrha\u010dem no\u017e\u016f. S mnoha r\u016fzn\u00fdmi styly no\u017e\u016f, kter\u00e9 m\u011bli k dispozici, str\u00e1vili mnoho hodin jejich h\u00e1zen\u00edm a anal\u00fdzou, p\u0159i\u010dem\u017e pe\u010dliv\u011b zaznamen\u00e1vali v\u00fdkon ka\u017ed\u00e9ho z nich. Zam\u011b\u0159en\u00edm se na nedostatky, kter\u00e9 mnoho no\u017e\u016f sd\u00edlelo, vytvo\u0159ili hmatateln\u00fd seznam probl\u00e9m\u016f, kter\u00e9 Moeller pot\u0159eboval p\u0159ekonat se sv\u00fdm designem. Obecn\u011b zjistili, \u017ee v\u011bt\u0161ina vrha\u010d\u016f byla p\u0159\u00edli\u0161 lehk\u00e1, jejich rukojeti neumo\u017e\u0148ovaly plynul\u00e9 uvoln\u011bn\u00ed, nebyly spr\u00e1vn\u011b vyv\u00e1\u017eeny, jejich \u0161upiny rukojeti se uvol\u0148ovaly nebo se zlomily a byly n\u00e1chyln\u00e9 na rez. Vyzbrojen t\u00edmto seznamem v\u00fdzev se Moeller rozhodl navrhnout vrhac\u00ed n\u016f\u017e, kter\u00fd je v\u0161echny p\u0159ekon\u00e1.<\/p>\n<p>Po\u010d\u00ednaje ru\u010dn\u011b kreslen\u00fdm n\u00e1\u010drtem a postupem p\u0159es \u010detn\u00e9 prototypy vytvo\u0159il Moeller a zdokonalil design vrhac\u00edho no\u017ee, kter\u00fd nazval \u201eViper\u201c. Precizn\u011b vyroben\u00fd z tlust\u00e9 nerezov\u00e9 oceli odoln\u00e9 proti korozi, Viper nab\u00edzel perfektn\u00ed v\u00e1hu a hmotnost k h\u00e1zen\u00ed s vynikaj\u00edc\u00ed kontrolou a d\u016fsledn\u00fdm &#8220;str\u010den\u00edm&#8221; do c\u00edle. Jeho jednod\u00edln\u00e1 konstrukce postr\u00e1dala \u0161upiny, kter\u00e9 by se mohly zlomit nebo uvolnit, a jeho rovn\u00e1 konstrukce rukojeti a symetrick\u00e9 \u00fakosy \u010depele ji optimalizovaly pro to, co Moeller naz\u00fdval svou koncepc\u00ed \u201esvisl\u00e9 \u010depele\u201c. P\u0159i hozen\u00ed za rukoje\u0165 s rovinou \u010depele svisle umo\u017e\u0148oval rovn\u00fd tvar rukojeti hladk\u00e9 uvoln\u011bn\u00ed a kl\u00ednovit\u00e9 z\u00fa\u017een\u00ed zkosen\u00ed \u010depele umo\u017e\u0148ovalo p\u0159ilnut\u00ed s v\u011bt\u0161\u00ed chybou \u2013 t\u00e9m\u011b\u0159 170 stup\u0148\u016f. Viper byl tak\u00e9 perfektn\u011b st\u0159edov\u011b vyv\u00e1\u017een, aby se mohl za letu to\u010dit hladce a konzistentn\u011b. Spole\u010dn\u011b tyto konstruk\u010dn\u00ed prvky u\u010dinily Viper extr\u00e9mn\u011b snadn\u00fdm a z\u00e1bavn\u00fdm.<\/p>\n<p>P\u016fvodn\u00ed Moeller\u016fv design Viper byl dlouh\u00fd 12,50 palce. Inspirov\u00e1n jeho p\u016fsobiv\u00fdm v\u00fdkonem se rozhodl zkusit jej zmen\u0161it na men\u0161\u00ed velikosti. P\u0159ekvapiv\u011b se mu poda\u0159ilo vyladit design tak, aby vytvo\u0159il 10,50 palcovou verzi a 8,50 palcovou verzi, kter\u00e9 ob\u011b h\u00e1zely a uv\u00edzly konzistentn\u011b na p\u0159esn\u011b stejnou vzd\u00e1lenost, tak\u017ee jednu 360stup\u0148ovou ot\u00e1\u010dku ud\u011blaly asi z 13,50 stop.<\/p>\n<p>Kdy\u017e Moeller za\u010dal vyr\u00e1b\u011bt a prod\u00e1vat sv\u00e9 vrhac\u00ed no\u017ee Viper, odezva jeho z\u00e1kazn\u00edk\u016f byla okam\u017eit\u00e1. Naprosto je milovali. Aby pomohl propagovat design a sport h\u00e1zen\u00ed no\u017e\u016f, Moeller napsal a vydal knihu,<\/p>\n<p>H\u00e1zen\u00ed no\u017eem: P\u0159\u00edb\u011bh zmije<br \/>\n, kter\u00fd vypr\u00e1v\u011bl p\u0159\u00edb\u011bh o evoluci Vipera a poskytoval krok za krokem instrukce v jeho preferovan\u00e9 metod\u011b h\u00e1zen\u00ed. Na kanadsk\u00fdch loveck\u00fdch v\u00fdstav\u00e1ch tak\u00e9 z\u0159izoval vrhac\u00ed st\u0159elnice a osobn\u011b sezn\u00e1mil stovky lid\u00ed s radost\u00ed z h\u00e1zen\u00ed no\u017eem.<\/p>\n<p>Jedn\u00edm z lid\u00ed, kte\u0159\u00ed byli nejv\u00edce ohromeni vrha\u010di Viper, byl zakladatel Spyderco Sal Glesser, kter\u00fd pravideln\u011b nav\u0161t\u011bvoval spole\u010dnost Moeller na ka\u017edoro\u010dn\u00ed v\u00fdstav\u011b sb\u011bratel\u016f no\u017e\u016f v Oregonu. Sal jako celo\u017eivotn\u00ed vrha\u010d no\u017e\u016f poznal v\u00fdjime\u010dn\u00fd vrhac\u00ed n\u016f\u017e, kdy\u017e jej vid\u011bl. Ve skute\u010dnosti, kdykoli se n\u00e1v\u0161t\u011bvn\u00edci show zeptali Sala na vrhac\u00ed no\u017ee, p\u011bl chv\u00e1lu na design Viper a jednodu\u0161e je nasm\u011broval na Moeller\u016fv st\u016fl.<\/p>\n<p>V roce 2015 si Moeller uv\u011bdomil, \u017ee jeho snaha vyrobit zmije na m\u00edru nikdy pln\u011b neuspokoj\u00ed popt\u00e1vku trhu. Sal, kter\u00fd od fanou\u0161k\u016f Spyderca dost\u00e1val st\u00e1le v\u00edce ot\u00e1zek ohledn\u011b vrhac\u00edch no\u017e\u016f, se zeptal, zda by byl Moeller ochoten licencovat n\u00e1vrhy Viper\u016f ke komer\u010dn\u00ed v\u00fdrob\u011b. Moeller nad\u0161en\u011b souhlasil a spolupr\u00e1ce byla na sv\u011bt\u011b. Proto\u017ee jin\u00fd v\u00fdrobce m\u011bl ochrannou zn\u00e1mku n\u00e1zev \u201eViper\u201c pro komer\u010dn\u00ed pou\u017eit\u00ed, n\u00e1zev designu musel b\u00fdt zm\u011bn\u011bn. &#8220;SpyderThrower&#8221; vypadal jako p\u0159irozen\u00e1 volba.<\/p>\n<p>Stejn\u011b jako &#8220;r\u016f\u017ee pod jak\u00fdmkoli jin\u00fdm jm\u00e9nem je st\u00e1le r\u016f\u017e\u00ed&#8221;, ka\u017ed\u00fd Spyderco SpyderThrower m\u00e1 srdce a du\u0161i Haralda Moellera Viper. Pe\u010dliv\u011b opracovan\u00e9 z nerezov\u00e9 oceli 8Cr13MoV odoln\u00e9 proti korozi a pru\u017einov\u011b temperovan\u00e9 pro tuhost, SpyderThrowers maj\u00ed kontrastn\u00ed dvoubarevn\u00fd \u010dern\u011bn\u00fd povlak a sat\u00e9novou povrchovou \u00fapravu. Dokonale vyv\u00e1\u017een\u00e9 a p\u0159esn\u011b st\u0159edov\u011b vyv\u00e1\u017een\u00e9, h\u00e1z\u00ed stejn\u011b dob\u0159e \u010depel\u00ed nebo rukojet\u00ed pro polovi\u010dn\u00ed nebo \u00fapln\u00e9 hody. Stejn\u011b jako p\u016fvodn\u00ed Vipery od Moeller jsou k dispozici ve t\u0159ech r\u016fzn\u00fdch velikostech, kter\u00e9 pozoruhodn\u011b sd\u00edlej\u00ed p\u0159esn\u011b stejn\u00e9 vrhac\u00ed vlastnosti a vzd\u00e1lenosti.<\/p>\n<p>Pro maximalizaci z\u00e1bavy z h\u00e1zen\u00ed a snadn\u00e9 umo\u017en\u011bn\u00ed drobn\u00fdch \u00faprav techniky mezi hody se SpyderThrowers prod\u00e1vaj\u00ed v sad\u00e1ch t\u0159\u00ed no\u017e\u016f stejn\u00e9 velikosti. Ka\u017ed\u00e1 sada je dod\u00e1v\u00e1na s n\u00e1dhern\u011b zpracovan\u00fdm t\u0159\u00edvrstv\u00fdm ko\u017een\u00fdm pouzdrem na opasek. Vyrobeno ve \u0160pan\u011blsku z pr\u00e9miov\u00e9 hov\u011bz\u00ed k\u016f\u017ee, umo\u017e\u0148uje p\u0159en\u00e1\u0161en\u00ed nebo skladov\u00e1n\u00ed v\u0161ech t\u0159\u00ed no\u017e\u016f spole\u010dn\u011b a m\u011bn\u00ed v\u00fd\u0161ku rukojet\u00ed, tak\u017ee je lze snadno tasit jeden po druh\u00e9m.<\/p>\n<p>A kone\u010dn\u011b, abychom zajistili, \u017ee majitel\u00e9 SpyderThrower dok\u00e1\u017eou ocenit hlubokou historii sv\u00fdch no\u017e\u016f, revidovali a aktualizovali jsme p\u016fvodn\u00ed instrukt\u00e1\u017en\u00ed knihu Haralda Moellera, abychom vytvo\u0159ili H\u00e1zen\u00ed no\u017e\u016f: Knives a technika h\u00e1zen\u00ed Haralda Moellera. Tato obs\u00e1hl\u00e1 kniha je sou\u010d\u00e1st\u00ed ka\u017ed\u00e9 sady SpyderThrower\u016f. Zahrnuje podrobnou instrukt\u00e1\u017e o p\u0159\u00edstupu spole\u010dnosti Moeller k h\u00e1zen\u00ed no\u017e\u016f a umo\u017en\u00ed i za\u010d\u00ednaj\u00edc\u00edm vrha\u010d\u016fm okam\u017eit\u011b za\u010d\u00edt h\u00e1zet a zapichovat sv\u00e9 no\u017ee.<\/p>\n<p>Spole\u010dnost Spyderco je nesm\u00edrn\u011b poct\u011bna a vd\u011b\u010dn\u00e1 za p\u0159\u00edle\u017eitost p\u0159ev\u00e9st \u00fa\u017easn\u00e9 zmije Haralda Moellera do rodiny vrhac\u00edch no\u017e\u016f SpyderThrower. P\u0159\u00edm\u00fdm odrazem jeho v\u00fdjime\u010dn\u00fdch no\u017e\u00ed\u0159sk\u00fdch dovednost\u00ed a jeho ne\u00fanavn\u00e9ho ducha inovac\u00ed jsou pr\u016fkopnick\u00e9 n\u00e1vrhy Moeller skute\u010dn\u011b samy o sob\u011b ve sv\u00e9 t\u0159\u00edd\u011b.<\/p>\n<p>Specifikace:<br \/>\nD\u00e9lka ost\u0159\u00ed hrany: 13.5 cm<br \/>\nCelkov\u00e1 d\u00e9lka: 22.9 cm<br \/>\nTlou\u0161\u0165ka \u010depele: 0,55 cm<br \/>\nMateri\u00e1l: Nerezov\u00e1 ocel 8Cr13MoV<br \/>\nPovrchov\u00e1 \u00faprava \u010depele: dvoubarevn\u00fd \u010dern\u00fd oxid a sat\u00e9n<br \/>\nStyl \u010depele: d\u00fdka<br \/>\nDesign\u00e9r: Harald Moeller<br \/>\n\u010c\u00edslo modelu: TK01SM<br \/>\nN\u00e1zev modelu: SpyderThrowers Small<br \/>\nMateri\u00e1l pouzdra: K\u016f\u017ee<br \/>\nHmotnost: 7,1 oz. (201 g)<\/p>\n","protected":false},"excerpt":{"rendered":"<p><strong>\u0158ada vrhac\u00edch no\u017e\u016f Spyderco SpyderThrower m\u00e1 dlouhou, fascinuj\u00edc\u00ed historii, kter\u00e1 za\u010dala u mu\u017ee jm\u00e9nem Harald Moeller.<\/strong><\/p>\n","protected":false},"featured_media":262254,"comment_status":"open","ping_status":"closed","template":"","meta":[],"pwb-brand":[567],"product_brand":[],"product_cat":[29,17],"product_tag":[3667],"class_list":{"0":"post-262253","1":"product","2":"type-product","3":"status-publish","4":"has-post-thumbnail","6":"pwb-brand-spyderco","7":"product_cat-vrhaci-noze","8":"product_cat-noze","9":"product_tag-b2b","11":"first","12":"outofstock","13":"taxable","14":"shipping-taxable","15":"purchasable","16":"product-type-simple"},"brands":[{"id":567,"name":"Spyderco","slug":"spyderco"}],"_links":{"self":[{"href":"https:\/\/www.moskito.cz\/it\/wp-json\/wp\/v2\/product\/262253","targetHints":{"allow":["GET"]}}],"collection":[{"href":"https:\/\/www.moskito.cz\/it\/wp-json\/wp\/v2\/product"}],"about":[{"href":"https:\/\/www.moskito.cz\/it\/wp-json\/wp\/v2\/types\/product"}],"replies":[{"embeddable":true,"href":"https:\/\/www.moskito.cz\/it\/wp-json\/wp\/v2\/comments?post=262253"}],"wp:featuredmedia":[{"embeddable":true,"href":"https:\/\/www.moskito.cz\/it\/wp-json\/wp\/v2\/media\/262254"}],"wp:attachment":[{"href":"https:\/\/www.moskito.cz\/it\/wp-json\/wp\/v2\/media?parent=262253"}],"wp:term":[{"taxonomy":"pwb-brand","embeddable":true,"href":"https:\/\/www.moskito.cz\/it\/wp-json\/wp\/v2\/pwb-brand?post=262253"},{"taxonomy":"product_brand","embeddable":true,"href":"https:\/\/www.moskito.cz\/it\/wp-json\/wp\/v2\/product_brand?post=262253"},{"taxonomy":"product_cat","embeddable":true,"href":"https:\/\/www.moskito.cz\/it\/wp-json\/wp\/v2\/product_cat?post=262253"},{"taxonomy":"product_tag","embeddable":true,"href":"https:\/\/www.moskito.cz\/it\/wp-json\/wp\/v2\/product_tag?post=262253"}],"curies":[{"name":"wp","href":"https:\/\/api.w.org\/{rel}","templated":true}]}}