{"id":313067,"date":"2024-07-31T01:06:13","date_gmt":"2024-07-31T00:06:13","guid":{"rendered":"https:\/\/www.moskito.cz\/produkt\/zaviraci-nuz-weknife-mini-malice\/"},"modified":"2025-05-07T11:02:43","modified_gmt":"2025-05-07T10:02:43","slug":"zaviraci-nuz-weknife-mini-malice","status":"publish","type":"product","link":"https:\/\/www.moskito.cz\/it\/produkt\/zaviraci-nuz-weknife-mini-malice\/","title":{"rendered":"zav\u00edrac\u00ed n\u016f\u017e WEKNIFE Mini Malice"},"content":{"rendered":"<p>Mini Malice   zav\u00edrac\u00ed n\u016f\u017e  &#038;  WEKNIFE Mini Malice  &#038;  EDC knife &#038;  CPM 20CV Steel<\/p>\n","protected":false},"excerpt":{"rendered":"<p>Mini Malice   zav\u00edrac\u00ed n\u016f\u017e  &#038;  WEKNIFE Mini Malice  &#038;  EDC knife &#038;  CPM 20CV Steel<\/p>\n","protected":false},"featured_media":236674,"comment_status":"closed","ping_status":"open","template":"","meta":[],"pwb-brand":[3076],"product_brand":[],"product_cat":[17,22],"product_tag":[],"class_list":{"0":"post-313067","1":"product","2":"type-product","3":"status-publish","4":"has-post-thumbnail","6":"pwb-brand-weknife","7":"product_cat-noze","8":"product_cat-zaviraci-noze","10":"first","11":"instock","12":"purchasable","13":"product-type-simple"},"brands":[{"id":3076,"name":"WEKNIFE","slug":"weknife"}],"_links":{"self":[{"href":"https:\/\/www.moskito.cz\/it\/wp-json\/wp\/v2\/product\/313067","targetHints":{"allow":["GET"]}}],"collection":[{"href":"https:\/\/www.moskito.cz\/it\/wp-json\/wp\/v2\/product"}],"about":[{"href":"https:\/\/www.moskito.cz\/it\/wp-json\/wp\/v2\/types\/product"}],"replies":[{"embeddable":true,"href":"https:\/\/www.moskito.cz\/it\/wp-json\/wp\/v2\/comments?post=313067"}],"wp:featuredmedia":[{"embeddable":true,"href":"https:\/\/www.moskito.cz\/it\/wp-json\/wp\/v2\/media\/236674"}],"wp:attachment":[{"href":"https:\/\/www.moskito.cz\/it\/wp-json\/wp\/v2\/media?parent=313067"}],"wp:term":[{"taxonomy":"pwb-brand","embeddable":true,"href":"https:\/\/www.moskito.cz\/it\/wp-json\/wp\/v2\/pwb-brand?post=313067"},{"taxonomy":"product_brand","embeddable":true,"href":"https:\/\/www.moskito.cz\/it\/wp-json\/wp\/v2\/product_brand?post=313067"},{"taxonomy":"product_cat","embeddable":true,"href":"https:\/\/www.moskito.cz\/it\/wp-json\/wp\/v2\/product_cat?post=313067"},{"taxonomy":"product_tag","embeddable":true,"href":"https:\/\/www.moskito.cz\/it\/wp-json\/wp\/v2\/product_tag?post=313067"}],"curies":[{"name":"wp","href":"https:\/\/api.w.org\/{rel}","templated":true}]}}