{"id":313163,"date":"2024-02-14T12:01:26","date_gmt":"2024-02-14T11:01:26","guid":{"rendered":"https:\/\/www.moskito.cz\/?post_type=product&#038;p=313163"},"modified":"2025-05-07T11:02:44","modified_gmt":"2025-05-07T10:02:44","slug":"mince-heretic-knives-pariah-challenge-coin-h997","status":"publish","type":"product","link":"https:\/\/www.moskito.cz\/it\/produkt\/mince-heretic-knives-pariah-challenge-coin-h997\/","title":{"rendered":"Mince Heretic Knives Pariah Challenge Coin H997"},"content":{"rendered":"<p>Mince <strong>Heretic Knives<\/strong> Pariah Challenge Coin H997.<\/p>\n<p>P\u016fvod Challenge Coinu je st\u00e1le p\u0159edm\u011btem diskuse, ale jeho \u00fa\u010del nikoliv. Znamen\u00e1 zvl\u00e1\u0161tn\u00ed \u00fasp\u011bch nebo \u010dlenstv\u00ed ve specializovan\u00e9 organizaci. P\u0159edpokl\u00e1d\u00e1 se, \u017ee poch\u00e1z\u00ed z 1. sv\u011btov\u00e9 v\u00e1lky s arm\u00e1dn\u00edm letectvem, nyn\u00ed letectvem, a ka\u017ed\u00fd \u010dlen perut\u011b dostal mince za jejich state\u010dnou slu\u017ebu. Stalo se b\u011b\u017enou prax\u00ed, \u017ee tyto mince m\u011bli v\u017edy u sebe. \u0158\u00edk\u00e1 se jim \u201eChallenge Coins\u201c, proto\u017ee \u010dlenov\u00e9 se mohou kdykoli navz\u00e1jem vyzvat k vystaven\u00ed sv\u00fdch minc\u00ed. Pokud se v\u00e1m nepoda\u0159\u00ed vyrobit minci, padne na v\u00e1s kolo n\u00e1poj\u016f, a pokud svou minci m\u00e1te, n\u00e1poje jsou na vyzyvateli. \u00da\u017easn\u00fd zp\u016fsob, jak uk\u00e1zat svou oddanost a tradici americk\u00e9 jako jable\u010dn\u00fd kol\u00e1\u010d.<\/p>\n<p>Oboustrann\u00e1 konstrukce z niklu a m\u011bdi. Obsahuje jednu minci. Vyrobeno v USA.<\/p>\n<p>&nbsp;<\/p>\n","protected":false},"excerpt":{"rendered":"<p><strong>V\u0161echny na\u0161e no\u017ee jsou vyrobeny v USA a tak to zachov\u00e1me. Kdy\u017e si koup\u00edte n\u011bkter\u00fd z na\u0161ich no\u017e\u016f, m\u016f\u017eete m\u00edt d\u016fv\u011bru ve sv\u016fj n\u00e1stroj s v\u011bdom\u00edm, \u017ee je podporov\u00e1n americkou spole\u010dnost\u00ed. Na\u0161e no\u017ee jsou vyr\u00e1b\u011bny v mal\u00fdch s\u00e9ri\u00edch, abychom zajistili, \u017ee dostanete kvalitn\u00ed n\u016f\u017e, kter\u00e9mu se dost\u00e1v\u00e1 pozornosti, jak\u00e9 se nedost\u00e1v\u00e1 jin\u00fdm s\u00e9riov\u011b vyr\u00e1b\u011bn\u00fdm no\u017e\u016fm!!<\/strong><\/p>\n","protected":false},"featured_media":313164,"comment_status":"open","ping_status":"closed","template":"","meta":[],"pwb-brand":[318],"product_brand":[],"product_cat":[2019,17],"product_tag":[],"class_list":{"0":"post-313163","1":"product","2":"type-product","3":"status-publish","4":"has-post-thumbnail","6":"pwb-brand-heretic-knives","7":"product_cat-vystrelovaci-noze","8":"product_cat-noze","10":"first","11":"outofstock","12":"taxable","13":"shipping-taxable","14":"purchasable","15":"product-type-simple"},"brands":[{"id":318,"name":"Heretic Knives","slug":"heretic-knives"}],"_links":{"self":[{"href":"https:\/\/www.moskito.cz\/it\/wp-json\/wp\/v2\/product\/313163","targetHints":{"allow":["GET"]}}],"collection":[{"href":"https:\/\/www.moskito.cz\/it\/wp-json\/wp\/v2\/product"}],"about":[{"href":"https:\/\/www.moskito.cz\/it\/wp-json\/wp\/v2\/types\/product"}],"replies":[{"embeddable":true,"href":"https:\/\/www.moskito.cz\/it\/wp-json\/wp\/v2\/comments?post=313163"}],"wp:featuredmedia":[{"embeddable":true,"href":"https:\/\/www.moskito.cz\/it\/wp-json\/wp\/v2\/media\/313164"}],"wp:attachment":[{"href":"https:\/\/www.moskito.cz\/it\/wp-json\/wp\/v2\/media?parent=313163"}],"wp:term":[{"taxonomy":"pwb-brand","embeddable":true,"href":"https:\/\/www.moskito.cz\/it\/wp-json\/wp\/v2\/pwb-brand?post=313163"},{"taxonomy":"product_brand","embeddable":true,"href":"https:\/\/www.moskito.cz\/it\/wp-json\/wp\/v2\/product_brand?post=313163"},{"taxonomy":"product_cat","embeddable":true,"href":"https:\/\/www.moskito.cz\/it\/wp-json\/wp\/v2\/product_cat?post=313163"},{"taxonomy":"product_tag","embeddable":true,"href":"https:\/\/www.moskito.cz\/it\/wp-json\/wp\/v2\/product_tag?post=313163"}],"curies":[{"name":"wp","href":"https:\/\/api.w.org\/{rel}","templated":true}]}}