{"id":314017,"date":"2024-02-15T15:46:14","date_gmt":"2024-02-15T14:46:14","guid":{"rendered":"https:\/\/www.moskito.cz\/produkt\/coltello-da-tiro-coltelli-heretic-cleric-ii-stonewashed-h019-2b\/"},"modified":"2025-05-07T11:02:52","modified_gmt":"2025-05-07T10:02:52","slug":"coltello-da-tiro-coltelli-heretic-cleric-ii-stonewashed-h019-2b","status":"publish","type":"product","link":"https:\/\/www.moskito.cz\/it\/produkt\/coltello-da-tiro-coltelli-heretic-cleric-ii-stonewashed-h019-2b\/","title":{"rendered":"Coltello da tiro Coltelli Heretic Cleric II Stonewashed H019-2B"},"content":{"rendered":"<p>Coltello da tiro <strong>Coltelli Heretic<\/strong> Cleric II Stonewashed H019-2B<\/p>\n<p>L&#8217;Heretic Knives Cleric II \u00e8 un&#8217;auto frontale a doppia azione con un taglio e una finitura di alta qualit\u00e0 e un&#8217;azione D\/A OTF super fluida! \u00c8 dotato di un coperchio scorrevole anteriore per un facile utilizzo. Uno dei coltelli a doppia azione OTF pi\u00f9 lunghi in produzione e un forte concorrente del vecchio Microtech Makora II, piacer\u00e0 sicuramente. Completo di clip da tasca a rullo in titanio fresato.<\/p>\n<p>Questo modello presenta una scala della maniglia in alluminio anodizzato nero con inserti in metallo strutturato argento su entrambi i lati. Lama tanto in acciaio inossidabile CPM-Magnacut con finitura Stonewash e bordo parzialmente seghettato. Hardware rifinito con pallinatura. Clip da tasca con rullo in titanio fresato con finitura stonewash. Il lato del telaio \u00e8 inciso con il logo Heretic, le informazioni sul modello e il numero di serie.<\/p>\n<p>Paese di origine: Stati Uniti<br \/>\nData di origine: 2023<br \/>\nMateriale manico: alluminio<br \/>\nMateriale lama: CPM-Magnacut<br \/>\nStile lama: Tanto<br \/>\nTrattamento superficiale della lama: Stonewash<br \/>\nTipo di bordo: seghettato<br \/>\nModello\/modello: Chierico II<br \/>\nTipo di coltello: OTF automatico a doppia azione<br \/>\nTipo di blocco: anteriore<br \/>\nLunghezza lama: 10,62 cm<br \/>\nLunghezza totale: 24,68 cm<\/p>\n<p>&nbsp;<\/p>\n","protected":false},"excerpt":{"rendered":"<div class=\"elementor-element elementor-element-bbb542b elementor-widget elementor-widget-woocommerce-product-short-description\" data-id=\"bbb542b\" data-element_type=\"widget\" data-widget_type=\"woocommerce-product-short-description.default\">\n<div class=\"elementor-widget-container\">\n<div class=\"woocommerce-product-details__short-description\">\n<div class=\"elementor-element elementor-element-bbb542b elementor-widget elementor-widget-woocommerce-product-short-description\" data-id=\"bbb542b\" data-element_type=\"widget\" data-widget_type=\"woocommerce-product-short-description.default\">\n<div class=\"elementor-widget-container\">\n<div class=\"woocommerce-product-details__short-description\">\n<p><strong>Tutti i nostri coltelli sono fabbricati negli Stati Uniti e lo manterremo tale. Quando acquisti uno dei nostri coltelli, puoi avere fiducia nel tuo strumento sapendo che \u00e8 supportato da un&#8217;azienda americana. I nostri coltelli sono realizzati in piccoli lotti per assicurarti di ottenere un coltello di qualit\u00e0 che attiri l&#8217;attenzione che altri coltelli prodotti in serie non ottengono!!<\/strong><\/p>\n<p><strong>Trasporto gratuito.<\/strong><\/p>\n<\/div>\n<\/div>\n<\/div>\n<\/div>\n<\/div>\n<\/div>\n","protected":false},"featured_media":314018,"comment_status":"open","ping_status":"closed","template":"","meta":[],"pwb-brand":[3759],"product_brand":[],"product_cat":[3748,3745],"product_tag":[3755],"class_list":{"0":"post-314017","1":"product","2":"type-product","3":"status-publish","4":"has-post-thumbnail","6":"pwb-brand-coltelli-eretici","7":"product_cat-coltelli-da-tiro","8":"product_cat-coltelli","9":"product_tag-b2b-it","11":"first","12":"outofstock","13":"taxable","14":"shipping-taxable","15":"purchasable","16":"product-type-simple"},"brands":[{"id":3759,"name":"Coltelli eretici","slug":"coltelli-eretici"}],"_links":{"self":[{"href":"https:\/\/www.moskito.cz\/it\/wp-json\/wp\/v2\/product\/314017","targetHints":{"allow":["GET"]}}],"collection":[{"href":"https:\/\/www.moskito.cz\/it\/wp-json\/wp\/v2\/product"}],"about":[{"href":"https:\/\/www.moskito.cz\/it\/wp-json\/wp\/v2\/types\/product"}],"replies":[{"embeddable":true,"href":"https:\/\/www.moskito.cz\/it\/wp-json\/wp\/v2\/comments?post=314017"}],"wp:featuredmedia":[{"embeddable":true,"href":"https:\/\/www.moskito.cz\/it\/wp-json\/wp\/v2\/media\/314018"}],"wp:attachment":[{"href":"https:\/\/www.moskito.cz\/it\/wp-json\/wp\/v2\/media?parent=314017"}],"wp:term":[{"taxonomy":"pwb-brand","embeddable":true,"href":"https:\/\/www.moskito.cz\/it\/wp-json\/wp\/v2\/pwb-brand?post=314017"},{"taxonomy":"product_brand","embeddable":true,"href":"https:\/\/www.moskito.cz\/it\/wp-json\/wp\/v2\/product_brand?post=314017"},{"taxonomy":"product_cat","embeddable":true,"href":"https:\/\/www.moskito.cz\/it\/wp-json\/wp\/v2\/product_cat?post=314017"},{"taxonomy":"product_tag","embeddable":true,"href":"https:\/\/www.moskito.cz\/it\/wp-json\/wp\/v2\/product_tag?post=314017"}],"curies":[{"name":"wp","href":"https:\/\/api.w.org\/{rel}","templated":true}]}}