{"id":314031,"date":"2024-02-15T16:32:53","date_gmt":"2024-02-29T12:25:05","guid":{"rendered":"https:\/\/www.moskito.cz\/produkt\/coltello-da-tiro-heretic-knives-cleric-ii-h020-6a-cf-blu\/"},"modified":"2025-05-07T11:02:52","modified_gmt":"2025-05-07T10:02:52","slug":"coltello-da-tiro-heretic-knives-cleric-ii-h020-6a-cf-blu","status":"publish","type":"product","link":"https:\/\/www.moskito.cz\/it\/produkt\/coltello-da-tiro-heretic-knives-cleric-ii-h020-6a-cf-blu\/","title":{"rendered":"Coltello da tiro Heretic Knives Cleric II H020-6A-CF\/BLU"},"content":{"rendered":"<p>Coltello da tiro <strong>Heretic Knives<\/strong> Cleric II H020-6A-CF\/BLU.<\/p>\n<p><strong>L&#8217;Heretic Knives Cleric II<\/strong> \u00e8 un&#8217;auto frontale a doppia azione con un taglio e una finitura di alta qualit\u00e0 e un&#8217;azione D\/A OTF super fluida! \u00c8 dotato di un coperchio scorrevole anteriore per un facile utilizzo. Uno dei coltelli a doppia azione OTF pi\u00f9 lunghi in produzione e un forte concorrente del vecchio Microtech Makora II, piacer\u00e0 sicuramente. Completo di clip da tasca a rullo in titanio fresato.<\/p>\n<p>Questo modello presenta una scala dell&#8217;impugnatura in alluminio anodizzato nero con copertura superiore in fibra di carbonio e inserto sul retro. Lama tanto in acciaio inossidabile rivestita in DLC CPM-Magnacut nero con bordo standard. Design nero e clip da tasca e pulsante in titanio anodizzato blu. Il lato del telaio \u00e8 inciso con il logo Heretic, le informazioni sul modello e il numero di serie.<\/p>\n<p>Specifiche:<\/p>\n<p>Lunghezza lama: 10,62 cm<br \/>\nLunghezza totale: 24,68 cm<br \/>\nMateriale lama: acciaio inossidabile CPM-MagnaCut<br \/>\nStile della lama: pugnale a doppio taglio<br \/>\nAffilatura della lama: piatta<br \/>\nFinitura lama: DLC nero<br \/>\nMateriale manico: Alluminio nero con inserto e parte superiore in fibra di carbonio<br \/>\nMeccanismo di chiusura: scorrevole<br \/>\nFibbia tascabile: titanio profondo (punta verso il basso, destra\/sinistra)<br \/>\nPeso: 5,00 once<br \/>\nProgettista: Tony Marfione Jr.<br \/>\nAccenti anodizzati blu<br \/>\nFabbricato negli Usa<\/p>\n<p>&nbsp;<\/p>\n","protected":false},"excerpt":{"rendered":"<div class=\"elementor-element elementor-element-bbb542b elementor-widget elementor-widget-woocommerce-product-short-description\" data-id=\"bbb542b\" data-element_type=\"widget\" data-widget_type=\"woocommerce-product-short-description.default\">\n<div class=\"elementor-widget-container\">\n<div class=\"woocommerce-product-details__short-description\">\n<div class=\"elementor-element elementor-element-bbb542b elementor-widget elementor-widget-woocommerce-product-short-description\" data-id=\"bbb542b\" data-element_type=\"widget\" data-widget_type=\"woocommerce-product-short-description.default\">\n<div class=\"elementor-widget-container\">\n<div class=\"woocommerce-product-details__short-description\">\n<p><strong>Tutti i nostri coltelli sono fabbricati negli Stati Uniti e lo manterremo tale. Quando acquisti uno dei nostri coltelli, puoi avere fiducia nel tuo strumento sapendo che \u00e8 supportato da un&#8217;azienda americana. I nostri coltelli sono realizzati in piccoli lotti per assicurarti di ottenere un coltello di qualit\u00e0 che attiri l&#8217;attenzione che altri coltelli prodotti in serie non ottengono!!<\/strong><\/p>\n<p><strong>Trasporto gratuito.<\/strong><\/p>\n<\/div>\n<\/div>\n<\/div>\n<\/div>\n<\/div>\n<\/div>\n","protected":false},"featured_media":314032,"comment_status":"open","ping_status":"closed","template":"","meta":[],"pwb-brand":[3759],"product_brand":[],"product_cat":[3745,3748],"product_tag":[3755],"class_list":{"0":"post-314031","1":"product","2":"type-product","3":"status-publish","4":"has-post-thumbnail","6":"pwb-brand-coltelli-eretici","7":"product_cat-coltelli","8":"product_cat-coltelli-da-tiro","9":"product_tag-b2b-it","11":"first","12":"instock","13":"taxable","14":"shipping-taxable","15":"purchasable","16":"product-type-simple"},"brands":[{"id":3759,"name":"Coltelli eretici","slug":"coltelli-eretici"}],"_links":{"self":[{"href":"https:\/\/www.moskito.cz\/it\/wp-json\/wp\/v2\/product\/314031","targetHints":{"allow":["GET"]}}],"collection":[{"href":"https:\/\/www.moskito.cz\/it\/wp-json\/wp\/v2\/product"}],"about":[{"href":"https:\/\/www.moskito.cz\/it\/wp-json\/wp\/v2\/types\/product"}],"replies":[{"embeddable":true,"href":"https:\/\/www.moskito.cz\/it\/wp-json\/wp\/v2\/comments?post=314031"}],"wp:featuredmedia":[{"embeddable":true,"href":"https:\/\/www.moskito.cz\/it\/wp-json\/wp\/v2\/media\/314032"}],"wp:attachment":[{"href":"https:\/\/www.moskito.cz\/it\/wp-json\/wp\/v2\/media?parent=314031"}],"wp:term":[{"taxonomy":"pwb-brand","embeddable":true,"href":"https:\/\/www.moskito.cz\/it\/wp-json\/wp\/v2\/pwb-brand?post=314031"},{"taxonomy":"product_brand","embeddable":true,"href":"https:\/\/www.moskito.cz\/it\/wp-json\/wp\/v2\/product_brand?post=314031"},{"taxonomy":"product_cat","embeddable":true,"href":"https:\/\/www.moskito.cz\/it\/wp-json\/wp\/v2\/product_cat?post=314031"},{"taxonomy":"product_tag","embeddable":true,"href":"https:\/\/www.moskito.cz\/it\/wp-json\/wp\/v2\/product_tag?post=314031"}],"curies":[{"name":"wp","href":"https:\/\/api.w.org\/{rel}","templated":true}]}}