{"id":314060,"date":"2023-12-11T20:19:45","date_gmt":"2024-02-29T12:34:40","guid":{"rendered":"https:\/\/www.moskito.cz\/produkt\/coltello-da-tiro-microtech-signature-series-makora-stonewashed-206-10bis\/"},"modified":"2025-05-07T11:02:54","modified_gmt":"2025-05-07T10:02:54","slug":"coltello-da-tiro-microtech-signature-series-makora-stonewashed-206-10bis","status":"publish","type":"product","link":"https:\/\/www.moskito.cz\/it\/produkt\/coltello-da-tiro-microtech-signature-series-makora-stonewashed-206-10bis\/","title":{"rendered":"Coltello da tiro Microtech Signature Series Makora Stonewashed 206-10BIS"},"content":{"rendered":"<p>Coltello da tiro <strong>Microtech<\/strong> Signature Series Makora Stonewashed 206-10BIS<\/p>\n<p><strong>Il concetto Makora<\/strong> si \u00e8 evoluto dal famoso design <strong>Microtech Ultratech<\/strong> . \u00c8 stato testato nella pratica e provato per diversi anni. Questo design include molte funzionalit\u00e0 richieste e specificate dagli utenti che preferiscono questo strumento altamente efficace rispetto a qualsiasi altro. La molla Makora rimane sempre nella posizione di &#8220;riposo&#8221;, tranne quando \u00e8 estesa. Nessuna fatica sulla molla compressa quando il coltello non \u00e8 in uso, questo d\u00e0 agli utenti la sicurezza e la certezza che quando viene premuto il rilascio, il coltello funzioner\u00e0. Altre caratteristiche includono apertura e chiusura rapide ed efficienti con una sola mano, lama in acciaio di alta qualit\u00e0, clip da tasca a doppia faccia e viti antimanomissione.<\/p>\n<p>Specifiche:<br \/>\nLunghezza lama: 8,25 cm<br \/>\nLunghezza totale: 21,12 centimetri<br \/>\nAcciaio: M390<br \/>\nStile della lama: pugnale a doppio taglio<br \/>\nAffilatura della lama: piatta<br \/>\nTrattamento superficiale della lama: Stonewash<br \/>\nMateriale manico: alluminio aeronautico nero con inserti in pietra Brute Bubble<br \/>\nSpessore manico: 0,552&#8243;<br \/>\nMeccanismo di chiusura: scorrevole<br \/>\nClip da tasca: Titanio (pieghevole, usura destra\/sinistra)<br \/>\nPeso: 3,32 once.<br \/>\nProgettista: Tony Marfione<br \/>\nBoro nichel interno<br \/>\nFabbricato negli Usa<\/p>\n<p><iframe title=\"Microtech Combat Troodon Torture Test\" width=\"800\" height=\"450\" src=\"https:\/\/www.youtube.com\/embed\/xE9TeOFYEjg?feature=oembed\" frameborder=\"0\" allow=\"accelerometer; autoplay; clipboard-write; encrypted-media; gyroscope; picture-in-picture; web-share\" allowfullscreen><\/iframe><\/p>\n<p>&nbsp;<\/p>\n","protected":false},"excerpt":{"rendered":"<p><strong>Nel corso degli anni, Microtech\u00ae Knives ha riempito i coltelli con passione e competenza per creare quasi opere d&#8217;arte che sono l&#8217;apice della funzionalit\u00e0. Tutte le parti sono prodotte negli Stati Uniti.<\/strong><br \/>\n<strong>Tutti i coltelli Microtech sono coperti da una garanzia a vita.<\/strong><\/p>\n<p><strong>Trasporto gratuito.<\/strong><\/p>\n","protected":false},"featured_media":314062,"comment_status":"open","ping_status":"closed","template":"","meta":[],"pwb-brand":[3753],"product_brand":[],"product_cat":[3745,3748],"product_tag":[3755],"class_list":{"0":"post-314060","1":"product","2":"type-product","3":"status-publish","4":"has-post-thumbnail","6":"pwb-brand-microtecnologia-it","7":"product_cat-coltelli","8":"product_cat-coltelli-da-tiro","9":"product_tag-b2b-it","11":"first","12":"instock","13":"taxable","14":"shipping-taxable","15":"purchasable","16":"product-type-simple"},"brands":[{"id":3753,"name":"Microtecnologia","slug":"microtecnologia-it"}],"_links":{"self":[{"href":"https:\/\/www.moskito.cz\/it\/wp-json\/wp\/v2\/product\/314060","targetHints":{"allow":["GET"]}}],"collection":[{"href":"https:\/\/www.moskito.cz\/it\/wp-json\/wp\/v2\/product"}],"about":[{"href":"https:\/\/www.moskito.cz\/it\/wp-json\/wp\/v2\/types\/product"}],"replies":[{"embeddable":true,"href":"https:\/\/www.moskito.cz\/it\/wp-json\/wp\/v2\/comments?post=314060"}],"wp:featuredmedia":[{"embeddable":true,"href":"https:\/\/www.moskito.cz\/it\/wp-json\/wp\/v2\/media\/314062"}],"wp:attachment":[{"href":"https:\/\/www.moskito.cz\/it\/wp-json\/wp\/v2\/media?parent=314060"}],"wp:term":[{"taxonomy":"pwb-brand","embeddable":true,"href":"https:\/\/www.moskito.cz\/it\/wp-json\/wp\/v2\/pwb-brand?post=314060"},{"taxonomy":"product_brand","embeddable":true,"href":"https:\/\/www.moskito.cz\/it\/wp-json\/wp\/v2\/product_brand?post=314060"},{"taxonomy":"product_cat","embeddable":true,"href":"https:\/\/www.moskito.cz\/it\/wp-json\/wp\/v2\/product_cat?post=314060"},{"taxonomy":"product_tag","embeddable":true,"href":"https:\/\/www.moskito.cz\/it\/wp-json\/wp\/v2\/product_tag?post=314060"}],"curies":[{"name":"wp","href":"https:\/\/api.w.org\/{rel}","templated":true}]}}