{"id":314161,"date":"2023-11-18T20:28:04","date_gmt":"2024-02-29T15:31:16","guid":{"rendered":"https:\/\/www.moskito.cz\/produkt\/coltello-da-tiro-microtech-ultratech-serie-signature-tattico-122-1frgtods\/"},"modified":"2025-05-07T11:02:59","modified_gmt":"2025-05-07T10:02:59","slug":"coltello-da-tiro-microtech-ultratech-serie-signature-tattico-122-1frgtods","status":"publish","type":"product","link":"https:\/\/www.moskito.cz\/it\/produkt\/coltello-da-tiro-microtech-ultratech-serie-signature-tattico-122-1frgtods\/","title":{"rendered":"Coltello da tiro Microtech Ultratech serie Signature tattico 122-1FRGTODS"},"content":{"rendered":"<p>Coltello da tiro <strong>Microtech<\/strong> Ultratech serie Signature tattico 122-1FRGTODS<\/p>\n<p><strong>Ultratech<\/strong> di Microtech \u00e8 uno dei modelli pi\u00f9 popolari e offre sicuramente il miglior rapporto qualit\u00e0-prezzo. Stabilir\u00e0 per sempre lo standard per tutti i coltelli anteriori. L&#8217;Ultratech \u00e8 l&#8217;originale coltello frontale a doppia azione di Microtech ed \u00e8 stato la base dell&#8217;intera linea OTF. Ha subito diverse modifiche nel corso degli anni, diventando ogni volta pi\u00f9 efficiente ed affidabile. La molla Ultratech rimane sempre in posizione di &#8220;riposo&#8221;, tranne quando \u00e8 allungata. Ci\u00f2 garantisce che la molla compressa non si affatichi, garantendo agli utenti che quando il coltello viene azionato, funzioner\u00e0 in modo efficace. Coltello leggero <strong>ultratech<\/strong> con apertura e chiusura con una sola mano, forma sottile e lama affilata da bisturi lo rendono un coltello unico!<\/p>\n<p>Questo modello della serie Signature \u00e8 dotato di parte superiore OD Green Frag G-10 e guancette posteriori in alluminio nero. Lama del pugnale in acciaio inossidabile M390 dal design nero con lame standard. Finitura nera, foro per cordino, rompivetro e clip da tasca. La clip presenta il logo dell&#8217;artiglio Microtech, il logo della serie Signature, il numero di serie e la data di produzione.<\/p>\n<p>SPECIFICHE:<br \/>\nPaese di origine: Stati Uniti<br \/>\nData di origine: 2023<br \/>\nCondizione: nuovo di zecca<br \/>\nMateriale impugnatura: G10\/alluminio<br \/>\nMateriale lama: M390<br \/>\nStile della lama: pugnale a doppio taglio<br \/>\nFinitura lama: Nera<br \/>\nTipo di bordo: standard<br \/>\nModello\/modello: Ultratech<br \/>\nTipo di coltello: OTF automatico a doppia azione<br \/>\nLunghezza da chiuso: 12,1 cm<br \/>\nLunghezza da aperto: 20,75 cm<\/p>\n<p><iframe title=\"Microtech Combat Troodon Torture Test\" width=\"800\" height=\"450\" src=\"https:\/\/www.youtube.com\/embed\/xE9TeOFYEjg?feature=oembed\" frameborder=\"0\" allow=\"accelerometer; autoplay; clipboard-write; encrypted-media; gyroscope; picture-in-picture; web-share\" allowfullscreen><\/iframe><\/p>\n<p>&nbsp;<\/p>\n","protected":false},"excerpt":{"rendered":"<p><strong>Nel corso degli anni Microtech\u00ae Knives ha riempito i coltelli di passione e maestria fino a creare quasi opere d&#8217;arte che sono l&#8217;apice della funzionalit\u00e0. Tutte le parti sono prodotte negli Stati Uniti.<\/strong><br \/>\n<strong>Tutti i coltelli Microtech sono coperti da una garanzia a vita.<\/strong><\/p>\n<p><strong>Trasporto gratuito.<\/strong><\/p>\n","protected":false},"featured_media":314172,"comment_status":"open","ping_status":"closed","template":"","meta":[],"pwb-brand":[3753],"product_brand":[],"product_cat":[3745,3748],"product_tag":[3755],"class_list":{"0":"post-314161","1":"product","2":"type-product","3":"status-publish","4":"has-post-thumbnail","6":"pwb-brand-microtecnologia-it","7":"product_cat-coltelli","8":"product_cat-coltelli-da-tiro","9":"product_tag-b2b-it","11":"first","12":"instock","13":"taxable","14":"shipping-taxable","15":"purchasable","16":"product-type-simple"},"brands":[{"id":3753,"name":"Microtecnologia","slug":"microtecnologia-it"}],"_links":{"self":[{"href":"https:\/\/www.moskito.cz\/it\/wp-json\/wp\/v2\/product\/314161","targetHints":{"allow":["GET"]}}],"collection":[{"href":"https:\/\/www.moskito.cz\/it\/wp-json\/wp\/v2\/product"}],"about":[{"href":"https:\/\/www.moskito.cz\/it\/wp-json\/wp\/v2\/types\/product"}],"replies":[{"embeddable":true,"href":"https:\/\/www.moskito.cz\/it\/wp-json\/wp\/v2\/comments?post=314161"}],"wp:featuredmedia":[{"embeddable":true,"href":"https:\/\/www.moskito.cz\/it\/wp-json\/wp\/v2\/media\/314172"}],"wp:attachment":[{"href":"https:\/\/www.moskito.cz\/it\/wp-json\/wp\/v2\/media?parent=314161"}],"wp:term":[{"taxonomy":"pwb-brand","embeddable":true,"href":"https:\/\/www.moskito.cz\/it\/wp-json\/wp\/v2\/pwb-brand?post=314161"},{"taxonomy":"product_brand","embeddable":true,"href":"https:\/\/www.moskito.cz\/it\/wp-json\/wp\/v2\/product_brand?post=314161"},{"taxonomy":"product_cat","embeddable":true,"href":"https:\/\/www.moskito.cz\/it\/wp-json\/wp\/v2\/product_cat?post=314161"},{"taxonomy":"product_tag","embeddable":true,"href":"https:\/\/www.moskito.cz\/it\/wp-json\/wp\/v2\/product_tag?post=314161"}],"curies":[{"name":"wp","href":"https:\/\/api.w.org\/{rel}","templated":true}]}}