{"id":314271,"date":"2023-11-18T19:26:12","date_gmt":"2024-02-29T15:31:22","guid":{"rendered":"https:\/\/www.moskito.cz\/produkt\/coltello-da-tiro-microtech-signature-series-combat-troodon-delta-shadow-144-1ct-dsh\/"},"modified":"2025-05-07T11:03:01","modified_gmt":"2025-05-07T10:03:01","slug":"coltello-da-tiro-microtech-signature-series-combat-troodon-delta-shadow-144-1ct-dsh","status":"publish","type":"product","link":"https:\/\/www.moskito.cz\/it\/produkt\/coltello-da-tiro-microtech-signature-series-combat-troodon-delta-shadow-144-1ct-dsh\/","title":{"rendered":"Coltello da tiro Microtech Signature Series Combat Troodon Delta Shadow 144-1CT-DSH"},"content":{"rendered":"<p>Coltello da tiro <strong>Microtech<\/strong> Signature Series Combat Troodon Delta Shadow 144-1CT-DSH<\/p>\n<p><strong>Il Combat Troodon<\/strong> \u00e8 un coltello frontale tattico di precisione. \u00c8 pi\u00f9 grande del 25% rispetto all&#8217;ammiraglia Troodon. Presenta una maniglia sottile, una forma sagomata, elementi di design radicali e un sofisticato meccanismo interno che migliora la funzionalit\u00e0 operativa e l&#8217;affidabilit\u00e0 su scala pi\u00f9 ampia. Il Combat Troodon \u00e8 progettato per un&#8217;ampia gamma di applicazioni di utilit\u00e0 e combattimento ravvicinato.<\/p>\n<p>Funzione:<br \/>\nManici testurizzati per una migliore presa<br \/>\nLama scanalata e telaio con porte per rimuovere sporco e detriti<br \/>\nLama e hardware DLC per una migliore resistenza all&#8217;usura e all&#8217;abrasione<br \/>\nInterno placcato in nichel e boro per una maggiore resistenza alla corrosione<\/p>\n<p>Specifiche:<br \/>\nAzione: fuoco e tiro automatici a doppia azione<br \/>\nAcciaio: M390<br \/>\nStile lama: Tanto<br \/>\nFinitura lama: DLC nero<br \/>\nFrantumazione del vetro: Frantumazione del vetro con punta in tungsteno<br \/>\nManico: alluminio 6061-T6 fresato UTD con rivestimento duro anodizzato nero Mil-Spec<br \/>\nSpessore manico: cono formato Min 0,304&#8243; Max 435&#8243;<br \/>\nLunghezza aperta: 23 cm<br \/>\nLunghezza da chiuso: 13 cm<br \/>\nClip da tasca: 301 Temperato a molla, ambidestro<br \/>\nPeso: 5,3 once.<\/p>\n<p><iframe title=\"Microtech Combat Troodon Torture Test\" width=\"800\" height=\"450\" src=\"https:\/\/www.youtube.com\/embed\/xE9TeOFYEjg?feature=oembed\" frameborder=\"0\" allow=\"accelerometer; autoplay; clipboard-write; encrypted-media; gyroscope; picture-in-picture; web-share\" allowfullscreen><\/iframe><\/p>\n<p>&nbsp;<\/p>\n","protected":false},"excerpt":{"rendered":"<p><strong>Nel corso degli anni, Microtech\u00ae Knives ha riempito i coltelli con passione e competenza per creare quasi opere d&#8217;arte che sono l&#8217;apice della funzionalit\u00e0. Tutte le parti sono prodotte negli Stati Uniti.<\/strong><br \/>\n<strong>Tutti i coltelli Microtech sono coperti da una garanzia a vita.<\/strong><\/p>\n<p><strong>Trasporto gratuito.<\/strong><\/p>\n","protected":false},"featured_media":314274,"comment_status":"open","ping_status":"closed","template":"","meta":[],"pwb-brand":[3753],"product_brand":[],"product_cat":[3745,3748],"product_tag":[3755],"class_list":{"0":"post-314271","1":"product","2":"type-product","3":"status-publish","4":"has-post-thumbnail","6":"pwb-brand-microtecnologia-it","7":"product_cat-coltelli","8":"product_cat-coltelli-da-tiro","9":"product_tag-b2b-it","11":"first","12":"instock","13":"taxable","14":"shipping-taxable","15":"purchasable","16":"product-type-simple"},"brands":[{"id":3753,"name":"Microtecnologia","slug":"microtecnologia-it"}],"_links":{"self":[{"href":"https:\/\/www.moskito.cz\/it\/wp-json\/wp\/v2\/product\/314271","targetHints":{"allow":["GET"]}}],"collection":[{"href":"https:\/\/www.moskito.cz\/it\/wp-json\/wp\/v2\/product"}],"about":[{"href":"https:\/\/www.moskito.cz\/it\/wp-json\/wp\/v2\/types\/product"}],"replies":[{"embeddable":true,"href":"https:\/\/www.moskito.cz\/it\/wp-json\/wp\/v2\/comments?post=314271"}],"wp:featuredmedia":[{"embeddable":true,"href":"https:\/\/www.moskito.cz\/it\/wp-json\/wp\/v2\/media\/314274"}],"wp:attachment":[{"href":"https:\/\/www.moskito.cz\/it\/wp-json\/wp\/v2\/media?parent=314271"}],"wp:term":[{"taxonomy":"pwb-brand","embeddable":true,"href":"https:\/\/www.moskito.cz\/it\/wp-json\/wp\/v2\/pwb-brand?post=314271"},{"taxonomy":"product_brand","embeddable":true,"href":"https:\/\/www.moskito.cz\/it\/wp-json\/wp\/v2\/product_brand?post=314271"},{"taxonomy":"product_cat","embeddable":true,"href":"https:\/\/www.moskito.cz\/it\/wp-json\/wp\/v2\/product_cat?post=314271"},{"taxonomy":"product_tag","embeddable":true,"href":"https:\/\/www.moskito.cz\/it\/wp-json\/wp\/v2\/product_tag?post=314271"}],"curies":[{"name":"wp","href":"https:\/\/api.w.org\/{rel}","templated":true}]}}