{"id":314423,"date":"2024-03-03T00:34:33","date_gmt":"2024-03-02T23:35:49","guid":{"rendered":"https:\/\/www.moskito.cz\/produkt\/coltello-per-elementi-di-fissaggio-ctkt-damasco-hirin-5042b\/"},"modified":"2025-05-07T11:03:04","modified_gmt":"2025-05-07T10:03:04","slug":"coltello-per-elementi-di-fissaggio-ctkt-damasco-hirin-5042b","status":"publish","type":"product","link":"https:\/\/www.moskito.cz\/it\/produkt\/coltello-per-elementi-di-fissaggio-ctkt-damasco-hirin-5042b\/","title":{"rendered":"Coltello per elementi di fissaggio CTKT Damasco Hirin 5042B"},"content":{"rendered":"<p>Coltello per elementi di fissaggio <strong>CTKT<\/strong> Damasco Hirin 5042B.<\/p>\n<p>Uno sguardo a Hirin\u2122 \u00e8 tutto ci\u00f2 che ti serve per sapere che \u00e8 qualcosa di speciale. Modello dettagliato della lama Super Dense Twist\u2122 Damasteel\u00ae acidata. Maniglia in titanio anodizzato e viti in acciaio inox. Straordinaria costruzione a scheletro, sia organica che ultraterrena. Anche la clip da tasca personalizzata, sempre Damasteel\u00ae, si integra perfettamente con la forma elegante e simmetrica del coltello.<br \/>\nBen costruito: Made in Italy<br \/>\nMateriali premium: l&#8217;acciaio della lama Damasteel\u00ae Super Dense Twist\u2122 offre eccellenti prestazioni di taglio<br \/>\nForte e leggero: la maniglia in titanio unisce resistenza e peso minimo<br \/>\nMateriali premium: clip da tasca Super Dense Twist\u2122 Damasteel\u00ae per robustezza e resistenza senza pari.<\/p>\n<p>Lunghezza lama: 9 cm<\/p>\n<p>Lunghezza totale: 22 cm<\/p>\n<p>Peso: 168 g<\/p>\n<p>Materiale manico: Titanio<\/p>\n<p>Lama: Damasco<\/p>\n<p><iframe title=\"CRKT Hirin\u2122 I Dew Hara Design\" width=\"800\" height=\"450\" src=\"https:\/\/www.youtube.com\/embed\/s9SQ3aUdCBs?feature=oembed\" frameborder=\"0\" allow=\"accelerometer; autoplay; clipboard-write; encrypted-media; gyroscope; picture-in-picture; web-share\" allowfullscreen><\/iframe><\/p>\n<p>&nbsp;<\/p>\n<p>&nbsp;<\/p>\n","protected":false},"excerpt":{"rendered":"<p><strong>Dew Hara \u00e8 un prodotto del suo ambiente&#8230; letteralmente. I produttori della sua citt\u00e0 natale di Seki, in Giappone, sono noti per la progettazione e la produzione di alcuni degli utensili da cucina della migliore qualit\u00e0 al mondo. Porta anche il nome di fama mondiale di Hara; suo padre, Koji Hara, \u00e8 uno dei designer pi\u00f9 rispettati al mondo. Tuttavia, il lavoro di Dew \u00e8 forte di per s\u00e9: la sua capacit\u00e0 di infondere elementi del mondo naturale non ha eguali e ha solo scalfito la superficie di quella che sar\u00e0 sicuramente una carriera lunga e produttiva.<\/strong><\/p>\n","protected":false},"featured_media":314365,"comment_status":"open","ping_status":"closed","template":"","meta":[],"pwb-brand":[3763],"product_brand":[],"product_cat":[3745,3761],"product_tag":[],"class_list":{"0":"post-314423","1":"product","2":"type-product","3":"status-publish","4":"has-post-thumbnail","6":"pwb-brand-crkt-it","7":"product_cat-coltelli","8":"product_cat-coltelli-damascenati","10":"first","11":"outofstock","12":"taxable","13":"shipping-taxable","14":"purchasable","15":"product-type-simple"},"brands":[{"id":3763,"name":"CRKT","slug":"crkt-it"}],"_links":{"self":[{"href":"https:\/\/www.moskito.cz\/it\/wp-json\/wp\/v2\/product\/314423","targetHints":{"allow":["GET"]}}],"collection":[{"href":"https:\/\/www.moskito.cz\/it\/wp-json\/wp\/v2\/product"}],"about":[{"href":"https:\/\/www.moskito.cz\/it\/wp-json\/wp\/v2\/types\/product"}],"replies":[{"embeddable":true,"href":"https:\/\/www.moskito.cz\/it\/wp-json\/wp\/v2\/comments?post=314423"}],"wp:featuredmedia":[{"embeddable":true,"href":"https:\/\/www.moskito.cz\/it\/wp-json\/wp\/v2\/media\/314365"}],"wp:attachment":[{"href":"https:\/\/www.moskito.cz\/it\/wp-json\/wp\/v2\/media?parent=314423"}],"wp:term":[{"taxonomy":"pwb-brand","embeddable":true,"href":"https:\/\/www.moskito.cz\/it\/wp-json\/wp\/v2\/pwb-brand?post=314423"},{"taxonomy":"product_brand","embeddable":true,"href":"https:\/\/www.moskito.cz\/it\/wp-json\/wp\/v2\/product_brand?post=314423"},{"taxonomy":"product_cat","embeddable":true,"href":"https:\/\/www.moskito.cz\/it\/wp-json\/wp\/v2\/product_cat?post=314423"},{"taxonomy":"product_tag","embeddable":true,"href":"https:\/\/www.moskito.cz\/it\/wp-json\/wp\/v2\/product_tag?post=314423"}],"curies":[{"name":"wp","href":"https:\/\/api.w.org\/{rel}","templated":true}]}}