{"id":314644,"date":"2024-03-05T17:06:08","date_gmt":"2024-03-05T20:07:13","guid":{"rendered":"https:\/\/www.moskito.cz\/produkt\/coltelli-heretic-coltello-da-tiro-hydra-magnacut-bronze-h008-7a\/"},"modified":"2025-05-07T11:03:07","modified_gmt":"2025-05-07T10:03:07","slug":"coltelli-heretic-coltello-da-tiro-hydra-magnacut-bronze-h008-7a","status":"publish","type":"product","link":"https:\/\/www.moskito.cz\/it\/produkt\/coltelli-heretic-coltello-da-tiro-hydra-magnacut-bronze-h008-7a\/","title":{"rendered":"Coltelli Heretic Coltello da tiro Hydra MagnaCut Bronze H008-7A"},"content":{"rendered":"<p>Coltelli <strong>Heretic Coltello<\/strong> da tiro Hydra MagnaCut Bronze H008-7A<\/p>\n<p>L&#8217;Hydra \u00e8 un coltello automatico OTF (anteriore) a singola azione ed \u00e8 stato il primo del suo genere a disporre di un pulsante di sicurezza e di una doppia clip da tasca. Da allora il design di questa clip \u00e8 stato aggiornato poich\u00e9 i poli gemelli hanno creato il doppio delle opportunit\u00e0 di intoppo. Quindi questo \u00e8 molto pi\u00f9 tascabile. Per azionare il coltello, basta far scorrere il pulsante di sicurezza con il pollice, quindi premere il pulsante sotto di esso per sparare. Per ritrarre la lama, premere il pulsante e contemporaneamente tirare la maniglia di ricarica dalla parte inferiore del coltello. Rilasciare il pulsante e riportare la maniglia di ricarica nella posizione di riposo originale. Questo carica la molla interna e ripristina il meccanismo, pronto per un&#8217;altra impressionante attivazione. Questo \u00e8 uno dei pochi coltelli OTF a singola azione ancora disponibili ed \u00e8 stato orgogliosamente prodotto negli Stati Uniti.<br \/>\nSpecifiche<\/p>\n<p>Lunghezza lama: 9 cm<br \/>\nLunghezza totale: 23 cm<br \/>\nMateriale lama: acciaio inossidabile CPM-MagnaCut<br \/>\nStile lama: ricurva<br \/>\nAffilatura della lama: cava<br \/>\nFinitura lama: Bronzo<br \/>\nMateriale manico: alluminio nero<br \/>\nMeccanismo di chiusura: pulsante<br \/>\nClip da tasca: Titanio (ripiegata, indossata a destra)<br \/>\nPeso: 5,22 once.<br \/>\nProgettista: Tony Marfione Jr.<br \/>\nFabbricato negli Usa<\/p>\n<p>&nbsp;<\/p>\n","protected":false},"excerpt":{"rendered":"<p><strong>Tutti i nostri coltelli sono fabbricati negli Stati Uniti e lo manterremo tale. Quando acquisti uno dei nostri coltelli, puoi avere fiducia nel tuo strumento sapendo che \u00e8 supportato da un&#8217;azienda americana. I nostri coltelli sono realizzati in piccoli lotti per assicurarti di ottenere un coltello di qualit\u00e0 che attiri l&#8217;attenzione che altri coltelli prodotti in serie non ottengono!!<\/strong><\/p>\n<p><strong>Trasporto gratuito.<\/strong><\/p>\n","protected":false},"featured_media":314562,"comment_status":"open","ping_status":"closed","template":"","meta":[],"pwb-brand":[3759],"product_brand":[],"product_cat":[3745,3748],"product_tag":[],"class_list":{"0":"post-314644","1":"product","2":"type-product","3":"status-publish","4":"has-post-thumbnail","6":"pwb-brand-coltelli-eretici","7":"product_cat-coltelli","8":"product_cat-coltelli-da-tiro","10":"first","11":"outofstock","12":"taxable","13":"shipping-taxable","14":"purchasable","15":"product-type-simple"},"brands":[{"id":3759,"name":"Coltelli eretici","slug":"coltelli-eretici"}],"_links":{"self":[{"href":"https:\/\/www.moskito.cz\/it\/wp-json\/wp\/v2\/product\/314644","targetHints":{"allow":["GET"]}}],"collection":[{"href":"https:\/\/www.moskito.cz\/it\/wp-json\/wp\/v2\/product"}],"about":[{"href":"https:\/\/www.moskito.cz\/it\/wp-json\/wp\/v2\/types\/product"}],"replies":[{"embeddable":true,"href":"https:\/\/www.moskito.cz\/it\/wp-json\/wp\/v2\/comments?post=314644"}],"wp:featuredmedia":[{"embeddable":true,"href":"https:\/\/www.moskito.cz\/it\/wp-json\/wp\/v2\/media\/314562"}],"wp:attachment":[{"href":"https:\/\/www.moskito.cz\/it\/wp-json\/wp\/v2\/media?parent=314644"}],"wp:term":[{"taxonomy":"pwb-brand","embeddable":true,"href":"https:\/\/www.moskito.cz\/it\/wp-json\/wp\/v2\/pwb-brand?post=314644"},{"taxonomy":"product_brand","embeddable":true,"href":"https:\/\/www.moskito.cz\/it\/wp-json\/wp\/v2\/product_brand?post=314644"},{"taxonomy":"product_cat","embeddable":true,"href":"https:\/\/www.moskito.cz\/it\/wp-json\/wp\/v2\/product_cat?post=314644"},{"taxonomy":"product_tag","embeddable":true,"href":"https:\/\/www.moskito.cz\/it\/wp-json\/wp\/v2\/product_tag?post=314644"}],"curies":[{"name":"wp","href":"https:\/\/api.w.org\/{rel}","templated":true}]}}