{"id":315011,"date":"2024-03-08T19:15:44","date_gmt":"2024-03-08T18:22:05","guid":{"rendered":"https:\/\/www.moskito.cz\/produkt\/coltello-da-tiro-kershaw-livewire-stonewashed-9000blu\/"},"modified":"2025-05-07T11:03:15","modified_gmt":"2025-05-07T10:03:15","slug":"coltello-da-tiro-kershaw-livewire-stonewashed-9000blu","status":"publish","type":"product","link":"https:\/\/www.moskito.cz\/it\/produkt\/coltello-da-tiro-kershaw-livewire-stonewashed-9000blu\/","title":{"rendered":"Coltello da tiro Kershaw Livewire Stonewashed 9000BLU"},"content":{"rendered":"<p>Coltello da tiro <strong>Kershaw<\/strong> Livewire Stonewashed 9000BLU<\/p>\n<p>Pochi coltelli suscitano tanta eccitazione quanto un automatico. Dopo una ricerca approfondita, un attento sviluppo e test rigorosi, i designer interni e il produttore di coltelli personalizzati Matt Diskin hanno consegnato la prima auto OTF di Kershaw: la Livewire. La lama premium CPM-MagnaCut si apre e si ritrae con autorit\u00e0. La maniglia in alluminio anodizzato blu \u00e8 strutturata per una presa sicura. E il suo pulsante curvo a forma di scala \u00e8 comodo sul pollice per un&#8217;implementazione affidabile. Inoltre, questo coltello \u00e8 un piacere da trasportare grazie alla sua leggerezza e alla clip a doppia faccia per un trasporto profondo. I fan lo hanno chiesto e Livewire vale l&#8217;attesa.<\/p>\n<p>Funzione<br \/>\nFrontale automatico prodotto negli USA; Design originale Kershaw e Matt Diskin<br \/>\nL&#8217;acciaio CPM-MagnaCut fornisce un&#8217;eccellente durezza della lama, resistenza alla corrosione, tenacit\u00e0, resistenza all&#8217;usura e ritenzione del filo superiore<br \/>\nLa finitura stonewashed aiuta a nascondere i graffi dovuti all&#8217;uso<br \/>\nManiglia in alluminio anodizzato blu, a bassa resistenza; la texture migliora la presa<br \/>\nLa clip da tasca profonda \u00e8 facilmente reversibile per indossarla a sinistra\/destra<\/p>\n<p>Specifiche:<br \/>\nLunghezza lama: 8,4 cm<br \/>\nLunghezza da chiuso: 12,2 cm<br \/>\nLunghezza totale: 20,6 cm<br \/>\nMateriale lama: acciaio inossidabile CPM-MagnaCut<br \/>\nSpessore lama: 0,32 cm<br \/>\nStile della lama: punta di lancia<br \/>\nTrattamento superficiale della lama: Stonewash<br \/>\nMateriale impugnatura: alluminio anodizzato blu 6061-T6<br \/>\nSpessore manico: 1,22 cm<br \/>\nMeccanismo di chiusura: scorrevole<br \/>\nClip da tasca: trasporto profondo (inclinazione, trasporto a destra\/sinistra)<br \/>\nPeso: 3,00 once (85g)<br \/>\nProgettista: Matt Diskin<br \/>\nFabbricato negli Usa<\/p>\n","protected":false},"excerpt":{"rendered":"<p><strong>Pochi coltelli generano tanta eccitazione quanto un coltello da tiro.<\/strong><\/p>\n<p><strong>Trasporto gratuito.<\/strong><\/p>\n","protected":false},"featured_media":314964,"comment_status":"open","ping_status":"closed","template":"","meta":[],"pwb-brand":[3776],"product_brand":[],"product_cat":[3745,3748],"product_tag":[],"class_list":{"0":"post-315011","1":"product","2":"type-product","3":"status-publish","4":"has-post-thumbnail","6":"pwb-brand-kershaw-it","7":"product_cat-coltelli","8":"product_cat-coltelli-da-tiro","10":"first","11":"outofstock","12":"taxable","13":"shipping-taxable","14":"purchasable","15":"product-type-simple"},"brands":[{"id":3776,"name":"Kershaw","slug":"kershaw-it"}],"_links":{"self":[{"href":"https:\/\/www.moskito.cz\/it\/wp-json\/wp\/v2\/product\/315011","targetHints":{"allow":["GET"]}}],"collection":[{"href":"https:\/\/www.moskito.cz\/it\/wp-json\/wp\/v2\/product"}],"about":[{"href":"https:\/\/www.moskito.cz\/it\/wp-json\/wp\/v2\/types\/product"}],"replies":[{"embeddable":true,"href":"https:\/\/www.moskito.cz\/it\/wp-json\/wp\/v2\/comments?post=315011"}],"wp:featuredmedia":[{"embeddable":true,"href":"https:\/\/www.moskito.cz\/it\/wp-json\/wp\/v2\/media\/314964"}],"wp:attachment":[{"href":"https:\/\/www.moskito.cz\/it\/wp-json\/wp\/v2\/media?parent=315011"}],"wp:term":[{"taxonomy":"pwb-brand","embeddable":true,"href":"https:\/\/www.moskito.cz\/it\/wp-json\/wp\/v2\/pwb-brand?post=315011"},{"taxonomy":"product_brand","embeddable":true,"href":"https:\/\/www.moskito.cz\/it\/wp-json\/wp\/v2\/product_brand?post=315011"},{"taxonomy":"product_cat","embeddable":true,"href":"https:\/\/www.moskito.cz\/it\/wp-json\/wp\/v2\/product_cat?post=315011"},{"taxonomy":"product_tag","embeddable":true,"href":"https:\/\/www.moskito.cz\/it\/wp-json\/wp\/v2\/product_tag?post=315011"}],"curies":[{"name":"wp","href":"https:\/\/api.w.org\/{rel}","templated":true}]}}