{"id":315156,"date":"2024-03-09T13:22:10","date_gmt":"2024-03-09T12:25:40","guid":{"rendered":"https:\/\/www.moskito.cz\/produkt\/coltello-chiudibile-kershaw-ken-onion-1660grdblk\/"},"modified":"2025-05-07T11:03:18","modified_gmt":"2025-05-07T10:03:18","slug":"coltello-chiudibile-kershaw-ken-onion-1660grdblk","status":"publish","type":"product","link":"https:\/\/www.moskito.cz\/it\/produkt\/coltello-chiudibile-kershaw-ken-onion-1660grdblk\/","title":{"rendered":"Coltello chiudibile Kershaw Ken Onion 1660GRDBLK"},"content":{"rendered":"<p>Coltello chiudibile <strong>Kershaw<\/strong> Ken Onion 1660GRDBLK<\/p>\n<p>Cerchi un coltello che non si perda nell&#8217;erba?<\/p>\n<p>Le brillanti maniglie in alluminio anodizzato resistono allo sbiadimento e ai graffi permanentemente associati all&#8217;alluminio, quindi hanno un bell&#8217;aspetto ora e avranno un bell&#8217;aspetto per molto tempo a venire. CPM-MagnaCut \u2013 Questo acciaio ad alte prestazioni consente al coltello di mantenere la lama molto affilata per un periodo di tempo pi\u00f9 lungo.<\/p>\n<p>Che tu sia mancino o destrimano, \u00e8 facile aprire il coltello sfumato con l&#8217;apertura assistita SpeedSafe. Basta tirare indietro la linguetta della lama della pinna a doppio lato o spingere fuori il picchetto per il pollice e la lama Leek \u00e8 pronta per l&#8217;uso. Per motivi di sicurezza, l&#8217;inserto di bloccaggio mantiene la lama bloccata aperta durante l&#8217;uso e il cursore Tip-Lock la blocca chiusa quando il coltello \u00e8 chiuso. La clip da tasca \u00e8 reversibile per essere indossata ripiegata o ripiegata e la maniglia \u00e8 forata per il fissaggio del cordino.<\/p>\n<p>Il Leek Blue Gradient \u00e8 un coltello sottile, facile da trasportare e di bell&#8217;aspetto.<\/p>\n<p>Funzione:<br \/>\nPinna \u2013 Pu\u00f2 essere utilizzata su coltelli ad apertura manuale o assistita. Il &#8220;Flipper&#8221; \u00e8 una sporgenza sul retro della lama che l&#8217;utente pu\u00f2 tirare indietro o capovolgere per far scorrere facilmente la lama fuori dall&#8217;impugnatura.<br \/>\nSpeedSafe\u00ae: ti aiuta ad aprire rapidamente e facilmente qualsiasi coltello SpeedSafe\u00ae spingendo manualmente il pollice o tirando la paletta; integrato in molti dei bestseller di Kershaw.<br \/>\nInsert Lock \u2013 Blocca la lama in posizione aperta durante l&#8217;uso; un lato dell &#8216;&#8221;inserto&#8221; in acciaio, la piastra in acciaio a cui sono fissati i pesi della maniglia, si sposta in posizione dietro la lama per garantire l&#8217;apertura.<br \/>\nReversibile: i fori preforati nel manico consentono all&#8217;utente di modificare la posizione della punta o il lato su cui viene trasportato il coltello.<br \/>\nProdotto negli Stati Uniti: quando lo vedi su uno dei coltelli, significa che \u00e8 stato realizzato nel loro stabilimento di produzione di Tualatin, Oregon, dagli esperti produttori di coltelli Kershaw.<\/p>\n<p>Specifiche<br \/>\nLunghezza lama: 7,5 cm<br \/>\nLunghezza totale: 17,5 cm<br \/>\nMateriale lama: CPM-MagnaCut<br \/>\nStile lama: Wharncliffe<br \/>\nAffilatura della lama: cava<br \/>\nFinitura lama: Nera<br \/>\nMateriale impugnatura: alluminio rosso\/nero con transizione<br \/>\nMeccanismo di bloccaggio: Liner Lock<br \/>\nClip da tasca: (ribaltamento verso l&#8217;alto\/verso il basso, trasporto a destra\/sinistra)<br \/>\nPeso: 3,00 once<br \/>\nProgettista: Ken Cipolla<br \/>\nFabbricato negli Usa<\/p>\n","protected":false},"excerpt":{"rendered":"<p><strong>Cerchi un coltello che non si perda nell&#8217;erba?<\/strong><\/p>\n<p>Trasporto gratuito.<\/p>\n","protected":false},"featured_media":315111,"comment_status":"open","ping_status":"closed","template":"","meta":[],"pwb-brand":[3776],"product_brand":[],"product_cat":[3745,3749],"product_tag":[],"class_list":{"0":"post-315156","1":"product","2":"type-product","3":"status-publish","4":"has-post-thumbnail","6":"pwb-brand-kershaw-it","7":"product_cat-coltelli","8":"product_cat-coltelli-di-chiusura","10":"first","11":"instock","12":"taxable","13":"shipping-taxable","14":"purchasable","15":"product-type-simple"},"brands":[{"id":3776,"name":"Kershaw","slug":"kershaw-it"}],"_links":{"self":[{"href":"https:\/\/www.moskito.cz\/it\/wp-json\/wp\/v2\/product\/315156","targetHints":{"allow":["GET"]}}],"collection":[{"href":"https:\/\/www.moskito.cz\/it\/wp-json\/wp\/v2\/product"}],"about":[{"href":"https:\/\/www.moskito.cz\/it\/wp-json\/wp\/v2\/types\/product"}],"replies":[{"embeddable":true,"href":"https:\/\/www.moskito.cz\/it\/wp-json\/wp\/v2\/comments?post=315156"}],"wp:featuredmedia":[{"embeddable":true,"href":"https:\/\/www.moskito.cz\/it\/wp-json\/wp\/v2\/media\/315111"}],"wp:attachment":[{"href":"https:\/\/www.moskito.cz\/it\/wp-json\/wp\/v2\/media?parent=315156"}],"wp:term":[{"taxonomy":"pwb-brand","embeddable":true,"href":"https:\/\/www.moskito.cz\/it\/wp-json\/wp\/v2\/pwb-brand?post=315156"},{"taxonomy":"product_brand","embeddable":true,"href":"https:\/\/www.moskito.cz\/it\/wp-json\/wp\/v2\/product_brand?post=315156"},{"taxonomy":"product_cat","embeddable":true,"href":"https:\/\/www.moskito.cz\/it\/wp-json\/wp\/v2\/product_cat?post=315156"},{"taxonomy":"product_tag","embeddable":true,"href":"https:\/\/www.moskito.cz\/it\/wp-json\/wp\/v2\/product_tag?post=315156"}],"curies":[{"name":"wp","href":"https:\/\/api.w.org\/{rel}","templated":true}]}}