{"id":315350,"date":"2024-03-09T16:05:47","date_gmt":"2024-03-09T15:07:57","guid":{"rendered":"https:\/\/www.moskito.cz\/produkt\/coltello-fisso-extrema-ratio-ermes-operativo-04-1000-0443-blk-op\/"},"modified":"2025-05-07T11:03:23","modified_gmt":"2025-05-07T10:03:23","slug":"coltello-fisso-extrema-ratio-ermes-operativo-04-1000-0443-blk-op","status":"publish","type":"product","link":"https:\/\/www.moskito.cz\/it\/produkt\/coltello-fisso-extrema-ratio-ermes-operativo-04-1000-0443-blk-op\/","title":{"rendered":"Coltello Fisso EXTREMA RATIO ERMES OPERATIVO 04.1000.0443\/BLK-OP"},"content":{"rendered":"<p>Coltello Fisso <strong>EXTREMA RATIO<\/strong> ERMES OPERATIVO 04.1000.0443\/BLK-OP<\/p>\n<p><strong>ERMES<\/strong> \u00e8 un coltello commemorativo sviluppato in collaborazione con il Reggimento Elicotteri per Operazioni Speciali (REOS), che fa parte del Comando Aereo dell&#8217;Esercito Italiano. REOS \u00e8 un&#8217;unit\u00e0 elicotteristica di supporto operativo delle forze speciali composta da personale appositamente addestrato ed equipaggiato per supportare le attivit\u00e0 militari in qualsiasi contesto operativo. Le custodie stilizzate delle lame rappresentano le ali presenti nello stemma araldico del reparto. \u00c8 disponibile in due versioni: &#8220;ERMES ORDINANZA&#8221; con lama satinata e &#8220;ERMES OPERATIVE&#8221; con custodia in ABS con lama lucida. L&#8217;acciaio utilizzato \u00e8 l&#8217;affidabile B\u00f6lher N690Co trattato termicamente a 58 HRC. Per la maniglia \u00e8 stato scelto il polimero poliammidico FRN rinforzato con fibra di vetro (Fiber Reinforced Nylon). La fondina ibrida in kydex e tessuto \u00e8 dotata di attacco in fettuccia o in fettuccia con sistema di interfaccia MOLLE.<\/p>\n<p>Materiale lama: N690<br \/>\nMateriale manico: FRN, Nylon<br \/>\nMateriale della custodia: nylon, Kydex<br \/>\nLunghezza lama: 14 cm<br \/>\nLunghezza totale: 25,6 cm<br \/>\nSpessore lama: 0,63 cm<br \/>\nPeso: 229 g<br \/>\nTipo di lama: pugnale<br \/>\nUtilizzo: tattico<\/p>\n<p>&nbsp;<\/p>\n","protected":false},"excerpt":{"rendered":"<p><strong>Con sede a Prato, in Italia, Extrema Ratio progetta e produce coltelli da combattimento, militari, da cucina, da caccia e tattici ad alte prestazioni dal 1997 e gode di una reputazione di qualit\u00e0 superiore che non \u00e8 seconda a nessuno nel settore dei coltelli militari e tattici. Trasporto gratuito.<\/strong><\/p>\n","protected":false},"featured_media":315270,"comment_status":"open","ping_status":"closed","template":"","meta":[],"pwb-brand":[3768],"product_brand":[],"product_cat":[3746,3745],"product_tag":[3755],"class_list":{"0":"post-315350","1":"product","2":"type-product","3":"status-publish","4":"has-post-thumbnail","6":"pwb-brand-rapporto-estremo","7":"product_cat-coltelli-solidi","8":"product_cat-coltelli","9":"product_tag-b2b-it","11":"first","12":"instock","13":"taxable","14":"shipping-taxable","15":"purchasable","16":"product-type-simple"},"brands":[{"id":3768,"name":"Rapporto estremo","slug":"rapporto-estremo"}],"_links":{"self":[{"href":"https:\/\/www.moskito.cz\/it\/wp-json\/wp\/v2\/product\/315350","targetHints":{"allow":["GET"]}}],"collection":[{"href":"https:\/\/www.moskito.cz\/it\/wp-json\/wp\/v2\/product"}],"about":[{"href":"https:\/\/www.moskito.cz\/it\/wp-json\/wp\/v2\/types\/product"}],"replies":[{"embeddable":true,"href":"https:\/\/www.moskito.cz\/it\/wp-json\/wp\/v2\/comments?post=315350"}],"wp:featuredmedia":[{"embeddable":true,"href":"https:\/\/www.moskito.cz\/it\/wp-json\/wp\/v2\/media\/315270"}],"wp:attachment":[{"href":"https:\/\/www.moskito.cz\/it\/wp-json\/wp\/v2\/media?parent=315350"}],"wp:term":[{"taxonomy":"pwb-brand","embeddable":true,"href":"https:\/\/www.moskito.cz\/it\/wp-json\/wp\/v2\/pwb-brand?post=315350"},{"taxonomy":"product_brand","embeddable":true,"href":"https:\/\/www.moskito.cz\/it\/wp-json\/wp\/v2\/product_brand?post=315350"},{"taxonomy":"product_cat","embeddable":true,"href":"https:\/\/www.moskito.cz\/it\/wp-json\/wp\/v2\/product_cat?post=315350"},{"taxonomy":"product_tag","embeddable":true,"href":"https:\/\/www.moskito.cz\/it\/wp-json\/wp\/v2\/product_tag?post=315350"}],"curies":[{"name":"wp","href":"https:\/\/api.w.org\/{rel}","templated":true}]}}